{"id":1123,"date":"2017-06-15T09:58:37","date_gmt":"2017-06-15T09:58:37","guid":{"rendered":"http:\/\/quanao.khowebseotop.vn\/?post_type=product&#038;p=1123"},"modified":"2017-06-15T09:58:37","modified_gmt":"2017-06-15T09:58:37","slug":"dam-cho-be-hoa-than-cong-chua-anna-xinh-dep","status":"publish","type":"product","link":"https:\/\/webmaibinh.com\/w\/thoitrang22011\/san-pham\/dam-cho-be-hoa-than-cong-chua-anna-xinh-dep\/","title":{"rendered":"\u0110\u1ea7m cho b\u00e9 h\u00f3a th\u00e2n c\u00f4ng ch\u00faa Anna xinh \u0111\u1eb9p"},"content":{"rendered":"<p>TH\u00d4NG TIN S\u1ea2N PH\u1ea8M<br \/>\nT\u00ean s\u1ea3n ph\u1ea9m<br \/>\n\u0110\u1ea7m cho b\u00e9 h\u00f3a th\u00e2n c\u00f4ng ch\u00faa Anna xinh \u0111\u1eb9p<br \/>\nM\u00e3 s\u1ea3n ph\u1ea9m\t311018<br \/>\nM\u00e0u s\u1eafc<br \/>\nM\u00e0u Xanh<br \/>\nH\u1ecda ti\u1ebft\tnhi\u1ec1u h\u1ecda ti\u1ebft, vi\u1ec1n eo<br \/>\nCh\u1ea5t li\u1ec7u\tnhung, phi, t\u00f9ng voan<br \/>\nSize Qu\u1ea7n \u00e1o\t100, 110, 120, 130, 140, 150<br \/>\nSize Babi\t02, 03, 04, 05, 06, 07<br \/>\nTu\u1ed5i\t t\u1eeb 2 tu\u1ed5i &#8211; 7 tu\u1ed5i<br \/>\nC\u00e2n n\u1eb7ng\tt\u1eeb 12kg &#8211; 26kg<br \/>\nXu\u1ea5t x\u1ee9\tVi\u1ec7t Nam<\/p>\n","protected":false},"excerpt":{"rendered":"<p>\u0110\u1ea7m cho b\u00e9 h\u00f3a trang c\u00f4ng ch\u00faa Anna nhi\u1ec1u h\u1ecda ti\u1ebft &#8211; H\u00e3y c\u00f9ng cho b\u00e9 y\u00eau tr\u1edf th\u00e0nh t\u00e2m \u0111i\u1ec3m trong ng\u00e0y l\u1ec5 h\u1ed9i cu\u1ed1i n\u0103m b\u1eb1ng c\u00e1c b\u1ed9 v\u00e1y h\u00f3a trang c\u00e1c m\u1eb9 nh\u00e9!<\/p>\n","protected":false},"featured_media":1124,"comment_status":"open","ping_status":"closed","template":"","meta":[],"_links":{"self":[{"href":"https:\/\/webmaibinh.com\/w\/thoitrang22011\/wp-json\/wp\/v2\/product\/1123"}],"collection":[{"href":"https:\/\/webmaibinh.com\/w\/thoitrang22011\/wp-json\/wp\/v2\/product"}],"about":[{"href":"https:\/\/webmaibinh.com\/w\/thoitrang22011\/wp-json\/wp\/v2\/types\/product"}],"replies":[{"embeddable":true,"href":"https:\/\/webmaibinh.com\/w\/thoitrang22011\/wp-json\/wp\/v2\/comments?post=1123"}],"wp:featuredmedia":[{"embeddable":true,"href":"https:\/\/webmaibinh.com\/w\/thoitrang22011\/wp-json\/wp\/v2\/media\/1124"}],"wp:attachment":[{"href":"https:\/\/webmaibinh.com\/w\/thoitrang22011\/wp-json\/wp\/v2\/media?parent=1123"}],"curies":[{"name":"wp","href":"https:\/\/api.w.org\/{rel}","templated":true}]}}