{"id":1121,"date":"2017-06-15T09:57:19","date_gmt":"2017-06-15T09:57:19","guid":{"rendered":"http:\/\/quanao.khowebseotop.vn\/?post_type=product&#038;p=1121"},"modified":"2017-06-15T09:57:19","modified_gmt":"2017-06-15T09:57:19","slug":"vay-dam-cong-chua-tutu-cho-be-gai-dinh-no-1-3-tuoi","status":"publish","type":"product","link":"https:\/\/webmaibinh.com\/w\/thoitrang22011\/san-pham\/vay-dam-cong-chua-tutu-cho-be-gai-dinh-no-1-3-tuoi\/","title":{"rendered":"V\u00e1y \u0111\u1ea7m c\u00f4ng ch\u00faa Tutu cho b\u00e9 g\u00e1i \u0111\u00ednh n\u01a1 (1-3 tu\u1ed5i)"},"content":{"rendered":"<p>TH\u00d4NG TIN S\u1ea2N PH\u1ea8M<br \/>\nT\u00ean s\u1ea3n ph\u1ea9m\tV\u00e1y \u0111\u1ea7m c\u00f4ng ch\u00faa Tutu cho b\u00e9 g\u00e1i \u0111\u00ednh n\u01a1<br \/>\nM\u00e3 s\u1ea3n ph\u1ea9m\t311012<br \/>\nM\u00e0u s\u1eafc\t1 &#8211; M\u00e0u t\u00edm<br \/>\n2 &#8211; M\u00e0u v\u00e0ng<br \/>\nH\u1ecda ti\u1ebft\t\u0111\u00ednh hoa<br \/>\nCh\u1ea5t li\u1ec7u\tvoan<br \/>\nSize Qu\u1ea7n \u00e1o\t2, 3, 4<br \/>\nSize Babi\t01, 02, 03<br \/>\nTu\u1ed5i\t t\u1eeb 1 tu\u1ed5i &#8211; 3 tu\u1ed5i<br \/>\nC\u00e2n n\u1eb7ng\tt\u1eeb 11kg &#8211;  15kg<br \/>\nXu\u1ea5t x\u1ee9\tVi\u1ec7t Nam<\/p>\n","protected":false},"excerpt":{"rendered":"<p>Nh\u1eefng \u0111i\u1ec3m \u0111\u00ednh k\u1ebft th\u1eaft n\u01a1 t\u1ec9 m\u1ec9 t\u1ea1o \u0111i\u1ec3m nh\u1ea5n ki\u00eau k\u1ef3 cho b\u1ed9 v\u00e1y \u0111\u1ea7m c\u00f4ng ch\u00faa Tutu cho b\u00e9 g\u00e1i gi\u00fap b\u00e9 y\u00eau nh\u00e0 b\u1ea1n h\u00f3a n\u00e0ng ti\u1ec3u th\u01b0 \u0111\u1ea7y m\u00ea ho\u1eb7c.<\/p>\n","protected":false},"featured_media":1122,"comment_status":"open","ping_status":"closed","template":"","meta":[],"_links":{"self":[{"href":"https:\/\/webmaibinh.com\/w\/thoitrang22011\/wp-json\/wp\/v2\/product\/1121"}],"collection":[{"href":"https:\/\/webmaibinh.com\/w\/thoitrang22011\/wp-json\/wp\/v2\/product"}],"about":[{"href":"https:\/\/webmaibinh.com\/w\/thoitrang22011\/wp-json\/wp\/v2\/types\/product"}],"replies":[{"embeddable":true,"href":"https:\/\/webmaibinh.com\/w\/thoitrang22011\/wp-json\/wp\/v2\/comments?post=1121"}],"wp:featuredmedia":[{"embeddable":true,"href":"https:\/\/webmaibinh.com\/w\/thoitrang22011\/wp-json\/wp\/v2\/media\/1122"}],"wp:attachment":[{"href":"https:\/\/webmaibinh.com\/w\/thoitrang22011\/wp-json\/wp\/v2\/media?parent=1121"}],"curies":[{"name":"wp","href":"https:\/\/api.w.org\/{rel}","templated":true}]}}