{"id":1118,"date":"2017-06-15T09:55:06","date_gmt":"2017-06-15T09:55:06","guid":{"rendered":"http:\/\/quanao.khowebseotop.vn\/?post_type=product&#038;p=1118"},"modified":"2017-06-15T09:55:06","modified_gmt":"2017-06-15T09:55:06","slug":"ao-khoac-ni-long-mong-cho-be-trai-co-non-6-thang-6-tuoi","status":"publish","type":"product","link":"https:\/\/webmaibinh.com\/w\/thoitrang22011\/san-pham\/ao-khoac-ni-long-mong-cho-be-trai-co-non-6-thang-6-tuoi\/","title":{"rendered":"\u00c1o kho\u00e1c n\u1ec9 l\u00f4ng m\u1ecfng cho b\u00e9 trai c\u00f3 n\u00f3n (6 th\u00e1ng &#8211; 6 tu\u1ed5i)"},"content":{"rendered":"<p>TH\u00d4NG TIN S\u1ea2N PH\u1ea8M<br \/>\nT\u00ean S\u1ea3n Ph\u1ea9m\t\u00c1o kho\u00e1c n\u1ec9 l\u00f4ng m\u1ecfng cho b\u00e9 trai c\u00f3 n\u00f3n (6 th\u00e1ng &#8211; 6 tu\u1ed5i)<br \/>\nM\u00e3 S\u1ea3n Ph\u1ea9m\t33170<br \/>\nM\u00e0u s\u1eafc<br \/>\n1 &#8211; M\u00e0u \u0111\u1ecf<br \/>\n2 &#8211; M\u00e0u xanh<br \/>\n3 &#8211; M\u00e0u x\u00e1m \u0111\u1eadm<br \/>\n4 &#8211; M\u00e0u x\u00e1m nh\u1ea1t<br \/>\nH\u1ecda ti\u1ebft\t\u00e1o kho\u00e1c l\u00f4ng m\u1ecfng \u1ea5m, ch\u1ed1ng n\u1eafng<br \/>\nCh\u1ea5t li\u1ec7u\tn\u1ec9 l\u00f4ng m\u1ecfng<br \/>\nSize qu\u1ea7n \u00e1o\t9M, 12M, 18M, 2, 3, 4, 5, 6<br \/>\nSize Babi\t6-9M, 9-12M, 01, 02, 03, 04, 05, 06<br \/>\nTu\u1ed5i\tt\u1eeb 6 th\u00e1ng &#8211; 6 tu\u1ed5i<br \/>\nC\u00e2n n\u1eb7ng\tt\u1eeb 7kg &#8211; 23kg<br \/>\nXu\u1ea5t x\u1ee9\tVi\u1ec7t Nam.<\/p>\n","protected":false},"excerpt":{"rendered":"<p>\u00c1o kho\u00e1c n\u1ec9 l\u00f4ng m\u1ecfng cho b\u00e9 trai (6 th\u00e1ng &#8211; 6 tu\u1ed5i) &#8211; Thi\u1ebft k\u1ebf th\u1eddi trang, phong c\u00e1ch nam t\u00ednh. S\u1ea3n ph\u1ea9m c\u00f3 4 m\u00e0u: \u0111\u1ecf, xanh, x\u00e1m \u0111\u1eadm, x\u00e1m nh\u1ea1t cho b\u1ea1n t\u00f9y ch\u1ecdn.<\/p>\n","protected":false},"featured_media":1120,"comment_status":"open","ping_status":"closed","template":"","meta":[],"_links":{"self":[{"href":"https:\/\/webmaibinh.com\/w\/thoitrang22011\/wp-json\/wp\/v2\/product\/1118"}],"collection":[{"href":"https:\/\/webmaibinh.com\/w\/thoitrang22011\/wp-json\/wp\/v2\/product"}],"about":[{"href":"https:\/\/webmaibinh.com\/w\/thoitrang22011\/wp-json\/wp\/v2\/types\/product"}],"replies":[{"embeddable":true,"href":"https:\/\/webmaibinh.com\/w\/thoitrang22011\/wp-json\/wp\/v2\/comments?post=1118"}],"wp:featuredmedia":[{"embeddable":true,"href":"https:\/\/webmaibinh.com\/w\/thoitrang22011\/wp-json\/wp\/v2\/media\/1120"}],"wp:attachment":[{"href":"https:\/\/webmaibinh.com\/w\/thoitrang22011\/wp-json\/wp\/v2\/media?parent=1118"}],"curies":[{"name":"wp","href":"https:\/\/api.w.org\/{rel}","templated":true}]}}