{"id":1112,"date":"2017-06-15T09:53:31","date_gmt":"2017-06-15T09:53:31","guid":{"rendered":"http:\/\/quanao.khowebseotop.vn\/?post_type=product&#038;p=1112"},"modified":"2017-06-15T09:53:31","modified_gmt":"2017-06-15T09:53:31","slug":"ao-thun-co-tru-in-hinh-chu-ngua-may-man","status":"publish","type":"product","link":"https:\/\/webmaibinh.com\/w\/thoitrang22011\/san-pham\/ao-thun-co-tru-in-hinh-chu-ngua-may-man\/","title":{"rendered":"\u00c1o thun c\u1ed5 tr\u1ee5 in h\u00ecnh ch\u00fa ng\u1ef1a may m\u1eafn"},"content":{"rendered":"<p>TH\u00d4NG TIN S\u1ea2N PH\u1ea8M<br \/>\nT\u00ean s\u1ea3n ph\u1ea9m\t\u00c1o thun c\u1ed5 tr\u1ee5 in h\u00ecnh ch\u00fa ng\u1ef1a may m\u1eafn<br \/>\nM\u00e3 s\u1ea3n ph\u1ea9m\t22391<br \/>\nM\u00e0u s\u1eafc\t1 &#8211; M\u00e0u \u0111\u1ecf<br \/>\n2 &#8211; M\u00e0u tr\u1eafng<br \/>\n3 &#8211; M\u00e0u xanh<br \/>\nH\u1ecda ti\u1ebft\tc\u1ed5 tim, in h\u00ecnh ng\u1ef1a<br \/>\nCh\u1ea5t li\u1ec7u\tthun<br \/>\nSize qu\u1ea7n \u00e1o\t1, 2, 3, 4, 5, 6, 7, 8, 9, 10<br \/>\nSize babi\t9-12M, 01, 02, 03, 04, 05, 06, 07, 08, 09<br \/>\nTu\u1ed5i\tt\u1eeb 9 th\u00e1ng &#8211; 9 tu\u1ed5i<br \/>\nC\u00e2n n\u1eb7ng\tt\u1eeb 9kg &#8211; 35kg<br \/>\nXu\u1ea5t x\u1ee9\tVi\u1ec7t Nam<\/p>\n","protected":false},"excerpt":{"rendered":"<p>\u00c1o thun c\u1ed5 tr\u1ee5 in h\u00ecnh ch\u00fa ng\u1ef1a may m\u1eafn \u0111\u01b0\u1ee3c thi\u1ebft k\u1ebf v\u1edbi c\u1ed5 tr\u1ee5 ph\u1ed1i n\u00fat g\u00e0i \u0111\u1eb9p m\u1eaft mang \u0111\u1ebfn phong c\u00e1ch n\u0103ng \u0111\u1ed9ng, hi\u1ec7n \u0111\u1ea1i.<\/p>\n","protected":false},"featured_media":1116,"comment_status":"open","ping_status":"closed","template":"","meta":[],"_links":{"self":[{"href":"https:\/\/webmaibinh.com\/w\/thoitrang22011\/wp-json\/wp\/v2\/product\/1112"}],"collection":[{"href":"https:\/\/webmaibinh.com\/w\/thoitrang22011\/wp-json\/wp\/v2\/product"}],"about":[{"href":"https:\/\/webmaibinh.com\/w\/thoitrang22011\/wp-json\/wp\/v2\/types\/product"}],"replies":[{"embeddable":true,"href":"https:\/\/webmaibinh.com\/w\/thoitrang22011\/wp-json\/wp\/v2\/comments?post=1112"}],"wp:featuredmedia":[{"embeddable":true,"href":"https:\/\/webmaibinh.com\/w\/thoitrang22011\/wp-json\/wp\/v2\/media\/1116"}],"wp:attachment":[{"href":"https:\/\/webmaibinh.com\/w\/thoitrang22011\/wp-json\/wp\/v2\/media?parent=1112"}],"curies":[{"name":"wp","href":"https:\/\/api.w.org\/{rel}","templated":true}]}}