{"id":1103,"date":"2017-06-15T09:50:52","date_gmt":"2017-06-15T09:50:52","guid":{"rendered":"http:\/\/quanao.khowebseotop.vn\/?post_type=product&#038;p=1103"},"modified":"2017-06-15T09:50:52","modified_gmt":"2017-06-15T09:50:52","slug":"ao-thun-sat-nach-be-trai-in-tai-nghe-size-dai","status":"publish","type":"product","link":"https:\/\/webmaibinh.com\/w\/thoitrang22011\/san-pham\/ao-thun-sat-nach-be-trai-in-tai-nghe-size-dai\/","title":{"rendered":"\u00c1o thun s\u00e1t n\u00e1ch b\u00e9 trai in tai nghe (size \u0111\u1ea1i)"},"content":{"rendered":"<p>TH\u00d4NG TIN S\u1ea2N PH\u1ea8M<br \/>\nT\u00ean s\u1ea3n ph\u1ea9m\t\u00c1o thun b\u00e9 trai in tai nghe size \u0111\u1ea1i<br \/>\nM\u00e3 s\u1ea3n ph\u1ea9m\t22404<br \/>\nM\u00e0u s\u1eafc<br \/>\n1 &#8211; \u0110\u1ecf<br \/>\n2 &#8211; Cam<br \/>\n3 &#8211; X\u00e1m<br \/>\n4 &#8211; Xanh \u0111en<br \/>\nH\u1ecda ti\u1ebft\tin tai nghe<br \/>\nCh\u1ea5t li\u1ec7u\tthun cotton<br \/>\nSize qu\u1ea7n \u00e1o\t8x, 9, 10, 11, 12, S, M, L, XL<br \/>\nSize babi\t06, 07 (9,10), 08 (11, 12), 09 (S,M), 10 (L,XL)<br \/>\nTu\u1ed5i\tt\u1eeb 6 tu\u1ed5i &#8211; 10 tu\u1ed5i<br \/>\nC\u00e2n n\u1eb7ng\tt\u1eeb 20kg &#8211; 40kg<\/p>\n","protected":false},"excerpt":{"rendered":"<p>K\u1ebft h\u1ee3p \u00e1o thun s\u00e1t n\u00e1ch in h\u00ecnh tai nghe v\u1edbi qu\u1ea7n baggy l\u00e0 g\u1ee3i \u00fd ho\u00e0n h\u1ea3o cho b\u00e9 nh\u1eefng bu\u1ed5i \u0111i ch\u01a1i gi\u1ea3i ngo\u1ea1i hay \u0111i c\u00f4ng vi\u00ean \u0111\u1ea5y nh\u00e9 M\u1eb9!<\/p>\n","protected":false},"featured_media":1105,"comment_status":"open","ping_status":"closed","template":"","meta":[],"_links":{"self":[{"href":"https:\/\/webmaibinh.com\/w\/thoitrang22011\/wp-json\/wp\/v2\/product\/1103"}],"collection":[{"href":"https:\/\/webmaibinh.com\/w\/thoitrang22011\/wp-json\/wp\/v2\/product"}],"about":[{"href":"https:\/\/webmaibinh.com\/w\/thoitrang22011\/wp-json\/wp\/v2\/types\/product"}],"replies":[{"embeddable":true,"href":"https:\/\/webmaibinh.com\/w\/thoitrang22011\/wp-json\/wp\/v2\/comments?post=1103"}],"wp:featuredmedia":[{"embeddable":true,"href":"https:\/\/webmaibinh.com\/w\/thoitrang22011\/wp-json\/wp\/v2\/media\/1105"}],"wp:attachment":[{"href":"https:\/\/webmaibinh.com\/w\/thoitrang22011\/wp-json\/wp\/v2\/media?parent=1103"}],"curies":[{"name":"wp","href":"https:\/\/api.w.org\/{rel}","templated":true}]}}