{"id":99,"date":"2018-04-09T04:17:55","date_gmt":"2018-04-09T04:17:55","guid":{"rendered":"http:\/\/thoitrang.khowebseotop.vn\/?post_type=product&#038;p=99"},"modified":"2018-04-09T04:17:55","modified_gmt":"2018-04-09T04:17:55","slug":"ao-somi-nu-denim-co-tui-op-nguc","status":"publish","type":"product","link":"https:\/\/webmaibinh.com\/w\/thoitrang2011\/san-pham\/ao-somi-nu-denim-co-tui-op-nguc\/","title":{"rendered":"\u00c1o s\u01a1mi n\u1eef denim c\u00f3 t\u00fai \u1ed1p ng\u1ef1c"},"content":{"rendered":"<p>&nbsp;<\/p>\n<ul>\n<li>S\u01a1 mi denim n\u1eef, t\u00fai \u1ed1p ng\u1ef1c, g\u1eafn ch\u1eef<\/li>\n<li>Ch\u1ea5t li\u1ec7u d\u00e0y d\u1eb7n, gi\u1eef \u1ea5m t\u1ed1t v\u1ec1 m\u00f9a \u0111\u00f4ng<\/li>\n<li>S\u1ea3n ph\u1ea9m n\u1eb1m trong b\u1ed9 s\u01b0u t\u1eadp Renovation<\/li>\n<\/ul>\n<p>&nbsp;<\/p>\n","protected":false},"excerpt":{"rendered":"<p>&nbsp;<\/p>\n<ul>\n<li>S\u01a1 mi denim n\u1eef, t\u00fai \u1ed1p ng\u1ef1c, g\u1eafn ch\u1eef<\/li>\n<li>Ch\u1ea5t li\u1ec7u d\u00e0y d\u1eb7n, gi\u1eef \u1ea5m t\u1ed1t v\u1ec1 m\u00f9a \u0111\u00f4ng<\/li>\n<li>S\u1ea3n ph\u1ea9m n\u1eb1m trong b\u1ed9 s\u01b0u t\u1eadp Renovation<\/li>\n<\/ul>\n<p>&nbsp;<\/p>\n","protected":false},"featured_media":100,"comment_status":"open","ping_status":"closed","template":"","meta":[],"_links":{"self":[{"href":"https:\/\/webmaibinh.com\/w\/thoitrang2011\/wp-json\/wp\/v2\/product\/99"}],"collection":[{"href":"https:\/\/webmaibinh.com\/w\/thoitrang2011\/wp-json\/wp\/v2\/product"}],"about":[{"href":"https:\/\/webmaibinh.com\/w\/thoitrang2011\/wp-json\/wp\/v2\/types\/product"}],"replies":[{"embeddable":true,"href":"https:\/\/webmaibinh.com\/w\/thoitrang2011\/wp-json\/wp\/v2\/comments?post=99"}],"wp:featuredmedia":[{"embeddable":true,"href":"https:\/\/webmaibinh.com\/w\/thoitrang2011\/wp-json\/wp\/v2\/media\/100"}],"wp:attachment":[{"href":"https:\/\/webmaibinh.com\/w\/thoitrang2011\/wp-json\/wp\/v2\/media?parent=99"}],"curies":[{"name":"wp","href":"https:\/\/api.w.org\/{rel}","templated":true}]}}