{"id":111,"date":"2018-04-09T07:30:04","date_gmt":"2018-04-09T07:30:04","guid":{"rendered":"http:\/\/thoitrang.khowebseotop.vn\/?post_type=product&#038;p=111"},"modified":"2018-04-09T07:30:04","modified_gmt":"2018-04-09T07:30:04","slug":"chan-vay-mai-rach","status":"publish","type":"product","link":"https:\/\/webmaibinh.com\/w\/thoitrang2011\/san-pham\/chan-vay-mai-rach\/","title":{"rendered":"Ch\u00e2n v\u00e1y m\u00e0i r\u00e1ch"},"content":{"rendered":"<p>&nbsp;<\/p>\n<ul>\n<li>Ch\u00e2n v\u00e1y denim l\u1ec7ch g\u1ea5u, x\u00e9 r\u00e1ch, m\u00e0i b\u1ea1c m\u1eb7t tr\u01b0\u1edbc<\/li>\n<li>Ch\u1ea5t li\u1ec7u d\u00e0y d\u1eb7n, c\u1ee9ng c\u00e1p, gi\u1eef \u1ea5m t\u1ed1t v\u1ec1 m\u00f9a \u0111\u00f4ng<\/li>\n<\/ul>\n<p>&nbsp;<\/p>\n","protected":false},"excerpt":{"rendered":"<p>&nbsp;<\/p>\n<ul>\n<li>Ch\u00e2n v\u00e1y denim l\u1ec7ch g\u1ea5u, x\u00e9 r\u00e1ch, m\u00e0i b\u1ea1c m\u1eb7t tr\u01b0\u1edbc<\/li>\n<li>Ch\u1ea5t li\u1ec7u d\u00e0y d\u1eb7n, c\u1ee9ng c\u00e1p, gi\u1eef \u1ea5m t\u1ed1t v\u1ec1 m\u00f9a \u0111\u00f4ng<\/li>\n<\/ul>\n<p>&nbsp;<\/p>\n","protected":false},"featured_media":112,"comment_status":"open","ping_status":"closed","template":"","meta":[],"_links":{"self":[{"href":"https:\/\/webmaibinh.com\/w\/thoitrang2011\/wp-json\/wp\/v2\/product\/111"}],"collection":[{"href":"https:\/\/webmaibinh.com\/w\/thoitrang2011\/wp-json\/wp\/v2\/product"}],"about":[{"href":"https:\/\/webmaibinh.com\/w\/thoitrang2011\/wp-json\/wp\/v2\/types\/product"}],"replies":[{"embeddable":true,"href":"https:\/\/webmaibinh.com\/w\/thoitrang2011\/wp-json\/wp\/v2\/comments?post=111"}],"wp:featuredmedia":[{"embeddable":true,"href":"https:\/\/webmaibinh.com\/w\/thoitrang2011\/wp-json\/wp\/v2\/media\/112"}],"wp:attachment":[{"href":"https:\/\/webmaibinh.com\/w\/thoitrang2011\/wp-json\/wp\/v2\/media?parent=111"}],"curies":[{"name":"wp","href":"https:\/\/api.w.org\/{rel}","templated":true}]}}