{"id":108,"date":"2018-04-09T07:28:11","date_gmt":"2018-04-09T07:28:11","guid":{"rendered":"http:\/\/thoitrang.khowebseotop.vn\/?post_type=product&#038;p=108"},"modified":"2018-04-09T07:28:11","modified_gmt":"2018-04-09T07:28:11","slug":"chan-vay-len-dai","status":"publish","type":"product","link":"https:\/\/webmaibinh.com\/w\/thoitrang2011\/san-pham\/chan-vay-len-dai\/","title":{"rendered":"Ch\u00e2n v\u00e1y len d\u00e0i"},"content":{"rendered":"<p>&nbsp;<\/p>\n<ul>\n<li>len g\u00e2n d\u00e1ng d\u00e0i, c\u1ea1p b\u1ea3n to, tr\u01a1n m\u00e0u<\/li>\n<li>Ch\u1ea5t len d\u00e0y d\u1eb7n, \u0111anh m\u1ecbn, gi\u1eef nhi\u1ec7t t\u1ed1t<\/li>\n<li>S\u1ea3n ph\u1ea9m n\u1eb1m trong b\u1ed9 s\u01b0u t\u1eadp Party Night<\/li>\n<\/ul>\n<p>&nbsp;<\/p>\n","protected":false},"excerpt":{"rendered":"<p>&nbsp; len g\u00e2n d\u00e1ng d\u00e0i, c\u1ea1p b\u1ea3n to, tr\u01a1n m\u00e0u Ch\u1ea5t len d\u00e0y d\u1eb7n, \u0111anh m\u1ecbn, gi\u1eef nhi\u1ec7t t\u1ed1t S\u1ea3n ph\u1ea9m n\u1eb1m trong b\u1ed9 s\u01b0u t\u1eadp Party Night &nbsp;<\/p>\n","protected":false},"featured_media":109,"comment_status":"open","ping_status":"closed","template":"","meta":[],"_links":{"self":[{"href":"https:\/\/webmaibinh.com\/w\/thoitrang2011\/wp-json\/wp\/v2\/product\/108"}],"collection":[{"href":"https:\/\/webmaibinh.com\/w\/thoitrang2011\/wp-json\/wp\/v2\/product"}],"about":[{"href":"https:\/\/webmaibinh.com\/w\/thoitrang2011\/wp-json\/wp\/v2\/types\/product"}],"replies":[{"embeddable":true,"href":"https:\/\/webmaibinh.com\/w\/thoitrang2011\/wp-json\/wp\/v2\/comments?post=108"}],"wp:featuredmedia":[{"embeddable":true,"href":"https:\/\/webmaibinh.com\/w\/thoitrang2011\/wp-json\/wp\/v2\/media\/109"}],"wp:attachment":[{"href":"https:\/\/webmaibinh.com\/w\/thoitrang2011\/wp-json\/wp\/v2\/media?parent=108"}],"curies":[{"name":"wp","href":"https:\/\/api.w.org\/{rel}","templated":true}]}}