{"id":89,"date":"2018-04-17T17:20:59","date_gmt":"2018-04-17T17:20:59","guid":{"rendered":"http:\/\/thiepcuoi.khowebseotop.vn\/?post_type=product&#038;p=89"},"modified":"2018-04-17T17:21:26","modified_gmt":"2018-04-17T17:21:26","slug":"thiep-cuoi-3","status":"publish","type":"product","link":"https:\/\/webmaibinh.com\/w\/thiepcuoi2011\/san-pham\/thiep-cuoi-3\/","title":{"rendered":"Thi\u1ec7p c\u01b0\u1edbi 3"},"content":{"rendered":"<p>M\u00f4 t\u1ea3<\/p>\n<p>Ch\u1ea5t li\u1ec7u: Gi\u1ea5y m\u1ef9 thu\u1eadt ti\u00eau chu\u1ea9n, tr\u1eafng m\u1ecbn.<br \/>\nKi\u1ec3u in: C\u00f4ng ngh\u1ec7 in k\u1ef9 thu\u1eadt s\u1ed1 cao c\u1ea5p c\u1ee7a Nh\u1eadt, \u0111\u1ed9 s\u1eafc n\u00e9t cao, m\u00e0u s\u1eafc sinh \u0111\u1ed9ng.<br \/>\nK\u00edch th\u01b0\u1edbc:<br \/>\n\u2013 Bao th\u01b0 13 cm x 18 cm<br \/>\n\u2013 Thi\u1ec7p b\u00e1o h\u1ef7 12 cm x 17 cm<br \/>\n\u2013 Thi\u1ec7p m\u1eddi ti\u1ec7c 10 cm x 15 cm<\/p>\n<p>Quy c\u00e1ch in Thi\u1ec7p:<br \/>\n\u2013 Thi\u1ec7p b\u00e1o h\u1ef7 in 1 m\u1eb7t + thi\u1ec7p m\u1eddi in 2 m\u1eb7t + bao th\u01b0 in 2 m\u1eb7t, \u00a0b\u1ea1n c\u00f3 th\u1ec3 \u0111i\u1ec1u ch\u1ec9nh lo\u1ea1i gi\u1ea5y, ki\u1ec3u in, ph\u1ee5 ki\u1ec7n (n\u1ebfu c\u00f3) theo t\u01b0 v\u1ea5n c\u1ee7a Peonies.<\/p>\n<p>T\u00ecm hi\u1ec3u th\u00eam:<\/p>\n<p>\u2013 C\u00f3 th\u1ec3 l\u00e0m thi\u1ec7p m\u1eddi ti\u1ec7c c\u01b0\u1edbi ho\u1eb7c thi\u1ec7p \u0111\u00ednh h\u00f4n<br \/>\n\u2013 C\u00f3 th\u1ec3 \u0111i\u1ec1u ch\u1ec9nh thi\u1ebft k\u1ebf theo y\u00eau c\u1ea7u ri\u00eang<br \/>\n\u2013 C\u00f3 th\u1ec3 k\u1ebft h\u1ee3p ki\u1ec3u in \u00e9p kim, ngh\u1ec7 thu\u1eadt vi\u1ebft tay theo y\u00eau c\u1ea7u<br \/>\n\u2013 M\u1eabu v\u1ebd v\u00e0 layout: #Peonies<\/p>\n<p>L\u01b0u \u00fd: Gi\u00e1 ni\u00eam y\u1ebft ch\u01b0a bao g\u1ed3m c\u1ed9t d\u00e2y v\u00e0 thi\u1ec7p Ph\u00fac \u0111\u00e1p. N\u1ebfu c\u1ed9t d\u00e2y c\u1ed9ng th\u00eam 3.000\u0111\/ b\u1ed9 in th\u00eam thi\u1ec7p Ph\u00fac \u0111\u00e1p c\u1ed9ng th\u00eam 8.000\u0111\/ b\u1ed9.<\/p>\n<p>Gi\u00e1 tr\u00ean \u00e1p d\u1ee5ng cho s\u1ed1 l\u01b0\u1ee3ng thi\u1ec7p t\u1eeb 150 b\u1ed9 tr\u1edf l\u00ean, n\u1ebfu \u00edt h\u01a1n 150 b\u1ed9 xin vui l\u00f2ng li\u00ean h\u1ec7 v\u1edbi ch\u00fang t\u00f4i \u0111\u1ec3 \u0111\u01b0\u1ee3c t\u01b0 v\u1ea5n c\u1ee5 th\u1ec3.<\/p>\n<p><strong><em>L\u01b0u \u00fd: M\u1eabu v\u1ebd ph\u1ea3n \u00e1nh c\u00e1 t\u00ednh c\u1ee7a h\u1ecda s\u0129 v\u00e0 Peonies.<\/em><\/strong><\/p>\n","protected":false},"excerpt":{"rendered":"<p>M\u00f4 t\u1ea3<\/p>\n<p>Ch\u1ea5t li\u1ec7u: Gi\u1ea5y m\u1ef9 thu\u1eadt ti\u00eau chu\u1ea9n, tr\u1eafng m\u1ecbn.<br \/>\nKi\u1ec3u in: C\u00f4ng ngh\u1ec7 in k\u1ef9 thu\u1eadt s\u1ed1 cao c\u1ea5p c\u1ee7a Nh\u1eadt, \u0111\u1ed9 s\u1eafc n\u00e9t cao, m\u00e0u s\u1eafc sinh \u0111\u1ed9ng.<br \/>\nK\u00edch th\u01b0\u1edbc:<br \/>\n\u2013 Bao th\u01b0 13 cm x 18 cm<br \/>\n\u2013 Thi\u1ec7p b\u00e1o h\u1ef7 12 cm x 17 cm<br \/>\n\u2013 Thi\u1ec7p m\u1eddi ti\u1ec7c 10 cm x 15 cm<\/p>\n<p>Quy c\u00e1ch in Thi\u1ec7p:<br \/>\n\u2013 Thi\u1ec7p b\u00e1o h\u1ef7 in 1 m\u1eb7t + thi\u1ec7p m\u1eddi in 2 m\u1eb7t + bao th\u01b0 in 2 m\u1eb7t, \u00a0b\u1ea1n c\u00f3 th\u1ec3 \u0111i\u1ec1u ch\u1ec9nh lo\u1ea1i gi\u1ea5y, ki\u1ec3u in, ph\u1ee5 ki\u1ec7n (n\u1ebfu c\u00f3) theo t\u01b0 v\u1ea5n c\u1ee7a Peonies.<\/p>\n<p>T\u00ecm hi\u1ec3u th\u00eam:<\/p>\n<p>\u2013 C\u00f3 th\u1ec3 l\u00e0m thi\u1ec7p m\u1eddi ti\u1ec7c c\u01b0\u1edbi ho\u1eb7c thi\u1ec7p \u0111\u00ednh h\u00f4n<br \/>\n\u2013 C\u00f3 th\u1ec3 \u0111i\u1ec1u ch\u1ec9nh thi\u1ebft k\u1ebf theo y\u00eau c\u1ea7u ri\u00eang<br \/>\n\u2013 C\u00f3 th\u1ec3 k\u1ebft h\u1ee3p ki\u1ec3u in \u00e9p kim, ngh\u1ec7 thu\u1eadt vi\u1ebft tay theo y\u00eau c\u1ea7u<br \/>\n\u2013 M\u1eabu v\u1ebd v\u00e0 layout: #Peonies<\/p>\n<p>L\u01b0u \u00fd: Gi\u00e1 ni\u00eam y\u1ebft ch\u01b0a bao g\u1ed3m c\u1ed9t d\u00e2y v\u00e0 thi\u1ec7p Ph\u00fac \u0111\u00e1p. N\u1ebfu c\u1ed9t d\u00e2y c\u1ed9ng th\u00eam 3.000\u0111\/ b\u1ed9 in th\u00eam thi\u1ec7p Ph\u00fac \u0111\u00e1p c\u1ed9ng th\u00eam 8.000\u0111\/ b\u1ed9.<\/p>\n<p>Gi\u00e1 tr\u00ean \u00e1p d\u1ee5ng cho s\u1ed1 l\u01b0\u1ee3ng thi\u1ec7p t\u1eeb 150 b\u1ed9 tr\u1edf l\u00ean, n\u1ebfu \u00edt h\u01a1n 150 b\u1ed9 xin vui l\u00f2ng li\u00ean h\u1ec7 v\u1edbi ch\u00fang t\u00f4i \u0111\u1ec3 \u0111\u01b0\u1ee3c t\u01b0 v\u1ea5n c\u1ee5 th\u1ec3.<\/p>\n<p><strong><em>L\u01b0u \u00fd: M\u1eabu v\u1ebd ph\u1ea3n \u00e1nh c\u00e1 t\u00ednh c\u1ee7a h\u1ecda s\u0129 v\u00e0 Peonies.<\/em><\/strong><\/p>\n","protected":false},"featured_media":90,"comment_status":"open","ping_status":"closed","template":"","meta":[],"_links":{"self":[{"href":"https:\/\/webmaibinh.com\/w\/thiepcuoi2011\/wp-json\/wp\/v2\/product\/89"}],"collection":[{"href":"https:\/\/webmaibinh.com\/w\/thiepcuoi2011\/wp-json\/wp\/v2\/product"}],"about":[{"href":"https:\/\/webmaibinh.com\/w\/thiepcuoi2011\/wp-json\/wp\/v2\/types\/product"}],"replies":[{"embeddable":true,"href":"https:\/\/webmaibinh.com\/w\/thiepcuoi2011\/wp-json\/wp\/v2\/comments?post=89"}],"wp:featuredmedia":[{"embeddable":true,"href":"https:\/\/webmaibinh.com\/w\/thiepcuoi2011\/wp-json\/wp\/v2\/media\/90"}],"wp:attachment":[{"href":"https:\/\/webmaibinh.com\/w\/thiepcuoi2011\/wp-json\/wp\/v2\/media?parent=89"}],"curies":[{"name":"wp","href":"https:\/\/api.w.org\/{rel}","templated":true}]}}