{"id":40,"date":"2019-08-03T22:10:12","date_gmt":"2019-08-03T15:10:12","guid":{"rendered":"http:\/\/kientruc2.w2steam.com\/?page_id=40"},"modified":"2020-05-10T21:47:23","modified_gmt":"2020-05-10T14:47:23","slug":"lien-he","status":"publish","type":"page","link":"https:\/\/webmaibinh.com\/w\/thamtu2011\/lien-he\/","title":{"rendered":"Li\u00ean h\u1ec7"},"content":{"rendered":"\t<section class=\"section\" id=\"section_769073907\">\n\t\t<div class=\"bg section-bg fill bg-fill  \" >\n\n\t\t\t\n\t\t\t<div class=\"section-bg-overlay absolute fill\"><\/div>\n\t\t\t\n\n\t\t<\/div>\n\n\t\t<div class=\"section-content relative\">\n\t\t\t\n<div class=\"row row-collapse\"  id=\"row-1732781517\">\n\n\t<div id=\"col-1608598280\" class=\"col medium-6 small-12 large-6\"  >\n\t\t<div class=\"col-inner\"  >\n\t\t\t\n\t\t\t\n\t<div class=\"img has-hover x md-x lg-x y md-y lg-y\" id=\"image_1540968917\">\n\t\t\t\t\t\t\t\t<div class=\"img-inner dark\" >\n\t\t\t<img width=\"600\" height=\"600\" src=\"https:\/\/webmaibinh.com\/w\/thamtu2011\/wp-content\/uploads\/2020\/04\/thue-tham-tu-tu-tai-hau-giang.jpg\" class=\"attachment-large size-large\" alt=\"\" loading=\"lazy\" srcset=\"https:\/\/webmaibinh.com\/w\/thamtu2011\/wp-content\/uploads\/2020\/04\/thue-tham-tu-tu-tai-hau-giang.jpg 600w, https:\/\/webmaibinh.com\/w\/thamtu2011\/wp-content\/uploads\/2020\/04\/thue-tham-tu-tu-tai-hau-giang-300x300.jpg 300w, https:\/\/webmaibinh.com\/w\/thamtu2011\/wp-content\/uploads\/2020\/04\/thue-tham-tu-tu-tai-hau-giang-150x150.jpg 150w\" sizes=\"(max-width: 600px) 100vw, 600px\" \/>\t\t\t\t\t\t\n\t\t\t\t\t<\/div>\n\t\t\t\t\t\t\t\t\n<style>\n#image_1540968917 {\n  width: 100%;\n}\n<\/style>\n\t<\/div>\n\t\n\t\t<\/div>\n\t\t\t<\/div>\n\n\t\n\n\t<div id=\"col-724838115\" class=\"col col_cf7 medium-6 small-12 large-6\"  >\n\t\t<div class=\"col-inner\"  >\n\t\t\t\n\t\t\t\n<h3>LI\u00caN H\u1ec6 TR\u1ef0C TI\u1ebeP<\/h3>\n<p><strong>HOTLINE T\u01af V\u1ea4N 24\/7: 0999.999.999 <\/strong>ho\u1eb7c cung c\u1ea5p n\u1ed9i dung theo m\u1eabu b\u00ean d\u01b0\u1edbi, ch\u00fang t\u00f4i s\u1ebd ph\u1ea3n h\u1ed3i trong th\u1eddi gian s\u1edbm nh\u1ea5t.&nbsp;<\/p>\n<div role=\"form\" class=\"wpcf7\" id=\"wpcf7-f454-o1\" lang=\"vi\" dir=\"ltr\">\n<div class=\"screen-reader-response\"><p role=\"status\" aria-live=\"polite\" aria-atomic=\"true\"><\/p> <ul><\/ul><\/div>\n<form action=\"\/w\/thamtu2011\/wp-json\/wp\/v2\/pages\/40#wpcf7-f454-o1\" method=\"post\" class=\"wpcf7-form init\" novalidate=\"novalidate\" data-status=\"init\">\n<div style=\"display: none;\">\n<input type=\"hidden\" name=\"_wpcf7\" value=\"454\" \/>\n<input type=\"hidden\" name=\"_wpcf7_version\" value=\"5.3\" \/>\n<input type=\"hidden\" name=\"_wpcf7_locale\" value=\"vi\" \/>\n<input type=\"hidden\" name=\"_wpcf7_unit_tag\" value=\"wpcf7-f454-o1\" \/>\n<input type=\"hidden\" name=\"_wpcf7_container_post\" value=\"0\" \/>\n<input type=\"hidden\" name=\"_wpcf7_posted_data_hash\" value=\"\" \/>\n<\/div>\n<p><label><br \/>\n    <span class=\"wpcf7-form-control-wrap your-name\"><input type=\"text\" name=\"your-name\" value=\"\" size=\"40\" class=\"wpcf7-form-control wpcf7-text wpcf7-validates-as-required\" aria-required=\"true\" aria-invalid=\"false\" placeholder=\"H\u1ecd v\u00e0 t\u00ean c\u1ee7a b\u1ea1n...\" \/><\/span> <\/label><\/p>\n<p><label><br \/>\n    <span class=\"wpcf7-form-control-wrap tel-903\"><input type=\"tel\" name=\"tel-903\" value=\"\" size=\"40\" class=\"wpcf7-form-control wpcf7-text wpcf7-tel wpcf7-validates-as-required wpcf7-validates-as-tel\" aria-required=\"true\" aria-invalid=\"false\" placeholder=\"S\u1ed1 \u0111i\u1ec7n tho\u1ea1i c\u1ee7a b\u1ea1n...\" \/><\/span> <\/label><\/p>\n<p><label><br \/>\n    <span class=\"wpcf7-form-control-wrap your-subject\"><input type=\"text\" name=\"your-subject\" value=\"\" size=\"40\" class=\"wpcf7-form-control wpcf7-text\" aria-invalid=\"false\" placeholder=\"D\u1ecbch v\u1ee5 th\u00e1m t\u1eed b\u1ea1n c\u1ea7n thu\u00ea ?\" \/><\/span> <\/label><\/p>\n<p><label><br \/>\n    <span class=\"wpcf7-form-control-wrap your-message\"><textarea name=\"your-message\" cols=\"40\" rows=\"10\" class=\"wpcf7-form-control wpcf7-textarea\" aria-invalid=\"false\" placeholder=\"Nh\u1eafn tin cho ch\u00fang t\u00f4i y\u00eau c\u1ea7u c\u1ee7a b\u1ea1n\"><\/textarea><\/span> <\/label><\/p>\n<p><input type=\"submit\" value=\"G\u1eedi y\u00eau c\u1ea7u\" class=\"wpcf7-form-control wpcf7-submit\" \/><\/p>\n<div class=\"wpcf7-response-output\" aria-hidden=\"true\"><\/div><\/form><\/div>\n\t\t<\/div>\n\t\t\t<\/div>\n\n\t\n<\/div>\n\t\t<\/div>\n\n\t\t\n<style>\n#section_769073907 {\n  padding-top: 70px;\n  padding-bottom: 70px;\n}\n#section_769073907 .section-bg-overlay {\n  background-color: rgba(255, 255, 255, 0.15);\n}\n#section_769073907 .section-bg.bg-loaded {\n  background-image: url(https:\/\/webmaibinh.com\/w\/thamtu2011\/wp-content\/uploads\/2020\/04\/thamtututantam-1024x482-1.jpg);\n}\n<\/style>\n\t<\/section>\n\t\n<p><span><iframe src=\"https:\/\/www.google.com\/maps\/embed?pb=!1m18!1m12!1m3!1d3919.635181617044!2d106.67244031517455!3d10.762573992330976!2m3!1f0!2f0!3f0!3m2!1i1024!2i768!4f13.1!3m3!1m2!1s0x31752ee23cdf7391%3A0x53b2ffac5ce5b2eb!2zMTQzIFRy4bqnbiBOaMOibiBUw7RuLCBQaMaw4budbmcgMiwgUXXhuq1uIDEwLCBI4buTIENow60gTWluaCwgVmnhu4d0IE5hbQ!5e0!3m2!1svi!2s!4v1586415960926!5m2!1svi!2s\" width=\"100%\" height=\"450\" frameborder=\"0\" style=\"border:0;\" allowfullscreen=\"\" aria-hidden=\"false\" tabindex=\"0\"><\/iframe><\/span><\/p>\n","protected":false},"excerpt":{"rendered":"","protected":false},"author":1,"featured_media":0,"parent":0,"menu_order":0,"comment_status":"closed","ping_status":"closed","template":"page-blank.php","meta":[],"_links":{"self":[{"href":"https:\/\/webmaibinh.com\/w\/thamtu2011\/wp-json\/wp\/v2\/pages\/40"}],"collection":[{"href":"https:\/\/webmaibinh.com\/w\/thamtu2011\/wp-json\/wp\/v2\/pages"}],"about":[{"href":"https:\/\/webmaibinh.com\/w\/thamtu2011\/wp-json\/wp\/v2\/types\/page"}],"author":[{"embeddable":true,"href":"https:\/\/webmaibinh.com\/w\/thamtu2011\/wp-json\/wp\/v2\/users\/1"}],"replies":[{"embeddable":true,"href":"https:\/\/webmaibinh.com\/w\/thamtu2011\/wp-json\/wp\/v2\/comments?post=40"}],"version-history":[{"count":8,"href":"https:\/\/webmaibinh.com\/w\/thamtu2011\/wp-json\/wp\/v2\/pages\/40\/revisions"}],"predecessor-version":[{"id":985,"href":"https:\/\/webmaibinh.com\/w\/thamtu2011\/wp-json\/wp\/v2\/pages\/40\/revisions\/985"}],"wp:attachment":[{"href":"https:\/\/webmaibinh.com\/w\/thamtu2011\/wp-json\/wp\/v2\/media?parent=40"}],"curies":[{"name":"wp","href":"https:\/\/api.w.org\/{rel}","templated":true}]}}