{"id":63,"date":"2019-09-17T13:52:17","date_gmt":"2019-09-17T06:52:17","guid":{"rendered":"http:\/\/sukien6.w2steam.com\/?page_id=63"},"modified":"2020-05-09T22:18:06","modified_gmt":"2020-05-09T15:18:06","slug":"lien-he","status":"publish","type":"page","link":"https:\/\/webmaibinh.com\/w\/sukien32011\/lien-he\/","title":{"rendered":"Li\u00ean h\u1ec7"},"content":{"rendered":"\t<div class=\"box has-hover  hide-for-small has-hover box-overlay dark box-text-middle\" >\n\n\t\t<div class=\"box-image\" >\n\t\t\t\t\t\t<div class=\"\" >\n\t\t\t\t<img width=\"1366\" height=\"374\" src=\"https:\/\/webmaibinh.com\/w\/sukien32011\/wp-content\/uploads\/2019\/09\/banner-dt.jpg\" class=\"attachment-original size-original\" alt=\"\" loading=\"lazy\" srcset=\"https:\/\/webmaibinh.com\/w\/sukien32011\/wp-content\/uploads\/2019\/09\/banner-dt.jpg 1366w, https:\/\/webmaibinh.com\/w\/sukien32011\/wp-content\/uploads\/2019\/09\/banner-dt-300x82.jpg 300w, https:\/\/webmaibinh.com\/w\/sukien32011\/wp-content\/uploads\/2019\/09\/banner-dt-768x210.jpg 768w, https:\/\/webmaibinh.com\/w\/sukien32011\/wp-content\/uploads\/2019\/09\/banner-dt-1024x280.jpg 1024w\" sizes=\"(max-width: 1366px) 100vw, 1366px\" \/>\t\t\t\t<div class=\"overlay\" style=\"background-color:1\"><\/div>\t\t\t\t\t\t\t<\/div>\n\t\t\t\t\t<\/div>\n\n\t\t<div class=\"box-text text-center\" >\n\t\t\t<div class=\"box-text-inner\">\n\t\t\t\t\n<div class=\"row\"  id=\"row-540643242\">\n\n\t<div class=\"col small-12 large-12\"  >\n\t\t<div class=\"col-inner\"  >\n\t\t\t\n\t\t\t\n<div class=\"container section-title-container\" ><h2 class=\"section-title section-title-center\"><b><\/b><span class=\"section-title-main\" style=\"color:rgb(255, 255, 255);\">Li\u00ean h\u1ec7<\/span><b><\/b><\/h2><\/div>\n\t\t<\/div>\n\t<\/div>\n\n\t\n<\/div>\n\t\t\t<\/div>\n\t\t<\/div>\n\t<\/div>\n\t\n\t<div class=\"box has-hover  show-for-small has-hover box-overlay dark box-text-middle\" >\n\n\t\t<div class=\"box-image\" >\n\t\t\t\t\t\t<div class=\"image-cover\" style=\"padding-top:145%;\">\n\t\t\t\t<img width=\"1366\" height=\"374\" src=\"https:\/\/webmaibinh.com\/w\/sukien32011\/wp-content\/uploads\/2019\/09\/banner-dt.jpg\" class=\"attachment-original size-original\" alt=\"\" loading=\"lazy\" srcset=\"https:\/\/webmaibinh.com\/w\/sukien32011\/wp-content\/uploads\/2019\/09\/banner-dt.jpg 1366w, https:\/\/webmaibinh.com\/w\/sukien32011\/wp-content\/uploads\/2019\/09\/banner-dt-300x82.jpg 300w, https:\/\/webmaibinh.com\/w\/sukien32011\/wp-content\/uploads\/2019\/09\/banner-dt-768x210.jpg 768w, https:\/\/webmaibinh.com\/w\/sukien32011\/wp-content\/uploads\/2019\/09\/banner-dt-1024x280.jpg 1024w\" sizes=\"(max-width: 1366px) 100vw, 1366px\" \/>\t\t\t\t<div class=\"overlay\" style=\"background-color:1\"><\/div>\t\t\t\t\t\t\t<\/div>\n\t\t\t\t\t<\/div>\n\n\t\t<div class=\"box-text text-center\" >\n\t\t\t<div class=\"box-text-inner\">\n\t\t\t\t\n<div class=\"row\"  id=\"row-945076438\">\n\n\t<div class=\"col small-12 large-12\"  >\n\t\t<div class=\"col-inner\"  >\n\t\t\t\n\t\t\t\n<div class=\"container section-title-container\" ><h2 class=\"section-title section-title-center\"><b><\/b><span class=\"section-title-main\" style=\"color:rgb(255, 255, 255);\">Li\u00ean h\u1ec7<\/span><b><\/b><\/h2><\/div>\n\t\t<\/div>\n\t<\/div>\n\n\t\n<\/div>\n\t\t\t<\/div>\n\t\t<\/div>\n\t<\/div>\n\t\n\t<section class=\"section lien-he-section dark\" id=\"section_1966649330\">\n\t\t<div class=\"bg section-bg fill bg-fill  bg-loaded\" >\n\n\t\t\t\n\t\t\t\n\t\t\t\n\n\t\t<\/div>\n\n\t\t<div class=\"section-content relative\">\n\t\t\t\n<div class=\"row\"  id=\"row-1074662679\">\n\n\t<div class=\"col cot1 medium-6 small-12 large-6\"  >\n\t\t<div class=\"col-inner\"  >\n\t\t\t\n\t\t\t\n<div role=\"form\" class=\"wpcf7\" id=\"wpcf7-f804-o1\" lang=\"vi\" dir=\"ltr\">\n<div class=\"screen-reader-response\"><p role=\"status\" aria-live=\"polite\" aria-atomic=\"true\"><\/p> <ul><\/ul><\/div>\n<form action=\"\/w\/sukien32011\/wp-json\/wp\/v2\/pages\/63#wpcf7-f804-o1\" method=\"post\" class=\"wpcf7-form init\" novalidate=\"novalidate\" data-status=\"init\">\n<div style=\"display: none;\">\n<input type=\"hidden\" name=\"_wpcf7\" value=\"804\" \/>\n<input type=\"hidden\" name=\"_wpcf7_version\" value=\"5.3\" \/>\n<input type=\"hidden\" name=\"_wpcf7_locale\" value=\"vi\" \/>\n<input type=\"hidden\" name=\"_wpcf7_unit_tag\" value=\"wpcf7-f804-o1\" \/>\n<input type=\"hidden\" name=\"_wpcf7_container_post\" value=\"0\" \/>\n<input type=\"hidden\" name=\"_wpcf7_posted_data_hash\" value=\"\" \/>\n<\/div>\n<div class=\"form-lien-he-2\">\n<h3>G\u1eedi th\u00f4ng tin li\u00ean h\u1ec7<\/h3>\n<p><span class=\"wpcf7-form-control-wrap text-947\"><input type=\"text\" name=\"text-947\" value=\"\" size=\"40\" class=\"wpcf7-form-control wpcf7-text wpcf7-validates-as-required\" aria-required=\"true\" aria-invalid=\"false\" placeholder=\"H\u1ecd v\u00e0 t\u00ean...\" \/><\/span><br \/>\n<span class=\"wpcf7-form-control-wrap email-281\"><input type=\"email\" name=\"email-281\" value=\"\" size=\"40\" class=\"wpcf7-form-control wpcf7-text wpcf7-email wpcf7-validates-as-email\" aria-invalid=\"false\" placeholder=\"\u0110\u1ecba ch\u1ec9 email...\" \/><\/span><br \/>\n<span class=\"wpcf7-form-control-wrap tel-206\"><input type=\"tel\" name=\"tel-206\" value=\"\" size=\"40\" class=\"wpcf7-form-control wpcf7-text wpcf7-tel wpcf7-validates-as-tel\" aria-invalid=\"false\" placeholder=\"S\u1ed1 \u0111i\u1ec7n tho\u1ea1i...\" \/><\/span><br \/>\n<span class=\"wpcf7-form-control-wrap textarea-481\"><textarea name=\"textarea-481\" cols=\"40\" rows=\"10\" class=\"wpcf7-form-control wpcf7-textarea\" aria-invalid=\"false\" placeholder=\"N\u1ed9i dung...\"><\/textarea><\/span><br \/>\n<input type=\"submit\" value=\"G\u1eedi li\u00ean h\u1ec7\" class=\"wpcf7-form-control wpcf7-submit\" \/>\n<\/p><\/div>\n<div class=\"wpcf7-response-output\" aria-hidden=\"true\"><\/div><\/form><\/div>\n\t\t<\/div>\n\t<\/div>\n\n\t\n\n\t<div class=\"col medium-6 small-12 large-6\"  >\n\t\t<div class=\"col-inner\"  >\n\t\t\t\n\t\t\t\n<h3>TH\u00d4NG TIN LI\u00caN H\u1ec6<\/h3>\n<p><span style=\"font-size: 95%;\">AAA 2019 r\u1ea5t hoan ngh\u00eanh v\u00e0 t\u00ecm ki\u1ebfm s\u1ef1 h\u1ee3p t\u00e1c t\u1eeb c\u1ed9ng \u0111\u1ed3ng ng\u01b0\u1eddi h\u00e2m m\u1ed9 trong vi\u1ec7c qu\u1ea3ng b\u00e1 cho ch\u01b0\u01a1ng tr\u00ecnh. V\u00ec v\u1ea5n \u0111\u1ec1 b\u1ea3n quy\u1ec1n v\u00e0 \u0111\u1ec3 \u0111\u1ea3m b\u1ea3o quy\u1ec1n l\u1ee3i cho m\u1ecdi ng\u01b0\u1eddi, m\u1ecdi \u0111\u00f3ng g\u00f3p v\u1ec1 \u00fd t\u01b0\u1edfng v\u00e0 li\u00ean h\u1ec7 c\u00f4\u0323ng t\u00e1c vui l\u00f2ng li\u00ean l\u1ea1c v\u1edbi email ch\u01b0\u01a1ng tr\u00ecnh \u0111\u1ec3 th\u1ea3o lu\u1eadn.<\/span><\/p>\n<ul>\n<li><span style=\"font-size: 95%;\">\u0110\u1ecba ch\u1ec9: C\u00d4NG TY TNHH \u0110\u00d4NG NAM MEDIA<\/span><br \/>\nPh\u1ea1m V\u0103n B\u1ea1ch, P. 15, Q. T\u00e2n B\u00ecnh, Tp. HCM<\/li>\n<li><span style=\"font-size: 95%;\">\u0110i\u1ec7n tho\u1ea1i: 0999.999.999 \u2013 0999.999.999<\/span><\/li>\n<li><span style=\"font-size: 95%;\">Email: email@gmail.com<\/span><\/li>\n<\/ul>\n\t\t<\/div>\n\t<\/div>\n\n\t\n<\/div>\n\t\t<\/div>\n\n\t\t\n<style scope=\"scope\">\n\n#section_1966649330 {\n  padding-top: 41px;\n  padding-bottom: 41px;\n  background-color: rgb(124, 17, 206);\n}\n<\/style>\n\t<\/section>\n\t\n","protected":false},"excerpt":{"rendered":"","protected":false},"author":1,"featured_media":0,"parent":0,"menu_order":0,"comment_status":"closed","ping_status":"closed","template":"page-transparent-header.php","meta":[],"_links":{"self":[{"href":"https:\/\/webmaibinh.com\/w\/sukien32011\/wp-json\/wp\/v2\/pages\/63"}],"collection":[{"href":"https:\/\/webmaibinh.com\/w\/sukien32011\/wp-json\/wp\/v2\/pages"}],"about":[{"href":"https:\/\/webmaibinh.com\/w\/sukien32011\/wp-json\/wp\/v2\/types\/page"}],"author":[{"embeddable":true,"href":"https:\/\/webmaibinh.com\/w\/sukien32011\/wp-json\/wp\/v2\/users\/1"}],"replies":[{"embeddable":true,"href":"https:\/\/webmaibinh.com\/w\/sukien32011\/wp-json\/wp\/v2\/comments?post=63"}],"version-history":[{"count":2,"href":"https:\/\/webmaibinh.com\/w\/sukien32011\/wp-json\/wp\/v2\/pages\/63\/revisions"}],"predecessor-version":[{"id":894,"href":"https:\/\/webmaibinh.com\/w\/sukien32011\/wp-json\/wp\/v2\/pages\/63\/revisions\/894"}],"wp:attachment":[{"href":"https:\/\/webmaibinh.com\/w\/sukien32011\/wp-json\/wp\/v2\/media?parent=63"}],"curies":[{"name":"wp","href":"https:\/\/api.w.org\/{rel}","templated":true}]}}