{"id":61,"date":"2019-09-17T13:51:51","date_gmt":"2019-09-17T06:51:51","guid":{"rendered":"http:\/\/sukien6.w2steam.com\/?page_id=61"},"modified":"2019-09-18T14:19:07","modified_gmt":"2019-09-18T07:19:07","slug":"thong-bao","status":"publish","type":"page","link":"https:\/\/webmaibinh.com\/w\/sukien32011\/thong-bao\/","title":{"rendered":"Th\u00f4ng b\u00e1o"},"content":{"rendered":"\t<div class=\"box has-hover  hide-for-small has-hover box-overlay dark box-text-middle\" >\n\n\t\t<div class=\"box-image\" >\n\t\t\t\t\t\t<div class=\"\" >\n\t\t\t\t<img width=\"1366\" height=\"374\" src=\"https:\/\/webmaibinh.com\/w\/sukien32011\/wp-content\/uploads\/2019\/09\/banner-dt.jpg\" class=\"attachment-original size-original\" alt=\"\" loading=\"lazy\" srcset=\"https:\/\/webmaibinh.com\/w\/sukien32011\/wp-content\/uploads\/2019\/09\/banner-dt.jpg 1366w, https:\/\/webmaibinh.com\/w\/sukien32011\/wp-content\/uploads\/2019\/09\/banner-dt-300x82.jpg 300w, https:\/\/webmaibinh.com\/w\/sukien32011\/wp-content\/uploads\/2019\/09\/banner-dt-768x210.jpg 768w, https:\/\/webmaibinh.com\/w\/sukien32011\/wp-content\/uploads\/2019\/09\/banner-dt-1024x280.jpg 1024w\" sizes=\"(max-width: 1366px) 100vw, 1366px\" \/>\t\t\t\t<div class=\"overlay\" style=\"background-color:1\"><\/div>\t\t\t\t\t\t\t<\/div>\n\t\t\t\t\t<\/div>\n\n\t\t<div class=\"box-text text-center\" >\n\t\t\t<div class=\"box-text-inner\">\n\t\t\t\t\n<div class=\"row\"  id=\"row-172342820\">\n\n\t<div class=\"col small-12 large-12\"  >\n\t\t<div class=\"col-inner\"  >\n\t\t\t\n\t\t\t\n<div class=\"container section-title-container\" ><h2 class=\"section-title section-title-center\"><b><\/b><span class=\"section-title-main\" style=\"color:rgb(255, 255, 255);\">Th\u00f4ng b\u00e1o<\/span><b><\/b><\/h2><\/div>\n\t\t<\/div>\n\t<\/div>\n\n\t\n<\/div>\n\t\t\t<\/div>\n\t\t<\/div>\n\t<\/div>\n\t\n\t<div class=\"box has-hover  show-for-small has-hover box-overlay dark box-text-middle\" >\n\n\t\t<div class=\"box-image\" >\n\t\t\t\t\t\t<div class=\"image-cover\" style=\"padding-top:145%;\">\n\t\t\t\t<img width=\"1366\" height=\"374\" src=\"https:\/\/webmaibinh.com\/w\/sukien32011\/wp-content\/uploads\/2019\/09\/banner-dt.jpg\" class=\"attachment-original size-original\" alt=\"\" loading=\"lazy\" srcset=\"https:\/\/webmaibinh.com\/w\/sukien32011\/wp-content\/uploads\/2019\/09\/banner-dt.jpg 1366w, https:\/\/webmaibinh.com\/w\/sukien32011\/wp-content\/uploads\/2019\/09\/banner-dt-300x82.jpg 300w, https:\/\/webmaibinh.com\/w\/sukien32011\/wp-content\/uploads\/2019\/09\/banner-dt-768x210.jpg 768w, https:\/\/webmaibinh.com\/w\/sukien32011\/wp-content\/uploads\/2019\/09\/banner-dt-1024x280.jpg 1024w\" sizes=\"(max-width: 1366px) 100vw, 1366px\" \/>\t\t\t\t<div class=\"overlay\" style=\"background-color:1\"><\/div>\t\t\t\t\t\t\t<\/div>\n\t\t\t\t\t<\/div>\n\n\t\t<div class=\"box-text text-center\" >\n\t\t\t<div class=\"box-text-inner\">\n\t\t\t\t\n<div class=\"row\"  id=\"row-1781536262\">\n\n\t<div class=\"col small-12 large-12\"  >\n\t\t<div class=\"col-inner\"  >\n\t\t\t\n\t\t\t\n<div class=\"container section-title-container\" ><h2 class=\"section-title section-title-center\"><b><\/b><span class=\"section-title-main\" style=\"color:rgb(255, 255, 255);\">Th\u00f4ng b\u00e1o<\/span><b><\/b><\/h2><\/div>\n\t\t<\/div>\n\t<\/div>\n\n\t\n<\/div>\n\t\t\t<\/div>\n\t\t<\/div>\n\t<\/div>\n\t\n\t<section class=\"section\" id=\"section_812780126\">\n\t\t<div class=\"bg section-bg fill bg-fill  bg-loaded\" >\n\n\t\t\t\n\t\t\t\n\t\t\t\n\n\t\t<\/div>\n\n\t\t<div class=\"section-content relative\">\n\t\t\t\n<div class=\"row\"  id=\"row-1158374081\">\n\n\t<div class=\"col small-12 large-12\"  >\n\t\t<div class=\"col-inner\"  >\n\t\t\t\n\t\t\t\n<div class=\"accordion\" rel=\"1\">\n<div class=\"accordion-item\"><a href=\"#\" class=\"accordion-title plain\"><button class=\"toggle\"><i class=\"icon-angle-down\"><\/i><\/button><span>2. TH\u1ec2 L\u1ec6 B\u00ccNH CH\u1eccN NGH\u1ec6 S\u0128 \u0110\u01af\u01a0C Y\u00caU TH\u00cdCH NH\u1ea4T<\/span><\/a><div class=\"accordion-inner\">\n\t<div class=\"img has-hover x md-x lg-x y md-y lg-y\" id=\"image_1382422656\">\n\t\t\t\t\t\t\t\t<div class=\"img-inner dark\" >\n\t\t\t<img width=\"1239\" height=\"1754\" src=\"https:\/\/webmaibinh.com\/w\/sukien32011\/wp-content\/uploads\/2019\/09\/th\u1ec3-l\u1ec7-ti\u1ebfng-vi\u1ec7t-\u1ea3nh-1.jpg\" class=\"attachment-original size-original\" alt=\"\" loading=\"lazy\" srcset=\"https:\/\/webmaibinh.com\/w\/sukien32011\/wp-content\/uploads\/2019\/09\/th\u1ec3-l\u1ec7-ti\u1ebfng-vi\u1ec7t-\u1ea3nh-1.jpg 1239w, https:\/\/webmaibinh.com\/w\/sukien32011\/wp-content\/uploads\/2019\/09\/th\u1ec3-l\u1ec7-ti\u1ebfng-vi\u1ec7t-\u1ea3nh-1-212x300.jpg 212w, https:\/\/webmaibinh.com\/w\/sukien32011\/wp-content\/uploads\/2019\/09\/th\u1ec3-l\u1ec7-ti\u1ebfng-vi\u1ec7t-\u1ea3nh-1-768x1087.jpg 768w, https:\/\/webmaibinh.com\/w\/sukien32011\/wp-content\/uploads\/2019\/09\/th\u1ec3-l\u1ec7-ti\u1ebfng-vi\u1ec7t-\u1ea3nh-1-723x1024.jpg 723w\" sizes=\"(max-width: 1239px) 100vw, 1239px\" \/>\t\t\t\t\t\t\n\t\t\t\t\t<\/div>\n\t\t\t\t\t\t\t\t\n<style scope=\"scope\">\n\n#image_1382422656 {\n  width: 100%;\n}\n<\/style>\n\t<\/div>\n\t\n\t<div id=\"gap-876040980\" class=\"gap-element clearfix\" style=\"display:block; height:auto;\">\n\t\t\n<style scope=\"scope\">\n\n#gap-876040980 {\n  padding-top: 30px;\n}\n<\/style>\n\t<\/div>\n\t\n\t<div class=\"img has-hover x md-x lg-x y md-y lg-y\" id=\"image_2115960749\">\n\t\t\t\t\t\t\t\t<div class=\"img-inner dark\" >\n\t\t\t<img width=\"1239\" height=\"1754\" src=\"https:\/\/webmaibinh.com\/w\/sukien32011\/wp-content\/uploads\/2019\/09\/The-le-binh-chon-VN.jpg\" class=\"attachment-original size-original\" alt=\"\" loading=\"lazy\" srcset=\"https:\/\/webmaibinh.com\/w\/sukien32011\/wp-content\/uploads\/2019\/09\/The-le-binh-chon-VN.jpg 1239w, https:\/\/webmaibinh.com\/w\/sukien32011\/wp-content\/uploads\/2019\/09\/The-le-binh-chon-VN-212x300.jpg 212w, https:\/\/webmaibinh.com\/w\/sukien32011\/wp-content\/uploads\/2019\/09\/The-le-binh-chon-VN-768x1087.jpg 768w, https:\/\/webmaibinh.com\/w\/sukien32011\/wp-content\/uploads\/2019\/09\/The-le-binh-chon-VN-723x1024.jpg 723w\" sizes=\"(max-width: 1239px) 100vw, 1239px\" \/>\t\t\t\t\t\t\n\t\t\t\t\t<\/div>\n\t\t\t\t\t\t\t\t\n<style scope=\"scope\">\n\n#image_2115960749 {\n  width: 100%;\n}\n<\/style>\n\t<\/div>\n\t\n<\/div><\/div>\n<div class=\"accordion-item\"><a href=\"#\" class=\"accordion-title plain\"><button class=\"toggle\"><i class=\"icon-angle-down\"><\/i><\/button><span>1. WEBSITE L\u1ec4 TRAO GI\u1ea2I NGH\u1ec6 S\u0128 CH\u00c2U \u00c1 2019 T\u1ea0I VI\u1ec6T NAM CH\u00cdNH TH\u1ee8C RA M\u1eaeT<\/span><\/a><div class=\"accordion-inner\">\n\t<div class=\"img has-hover x md-x lg-x y md-y lg-y\" id=\"image_1278233998\">\n\t\t\t\t\t\t\t\t<div class=\"img-inner dark\" >\n\t\t\t<img width=\"1240\" height=\"1754\" src=\"https:\/\/webmaibinh.com\/w\/sukien32011\/wp-content\/uploads\/2019\/09\/AAA-b\u00e0i-vi\u1ebft-ra-m\u1eaft-web-ti\u1ebfng-vi\u1ec7t-01-17.jpg\" class=\"attachment-original size-original\" alt=\"\" loading=\"lazy\" srcset=\"https:\/\/webmaibinh.com\/w\/sukien32011\/wp-content\/uploads\/2019\/09\/AAA-b\u00e0i-vi\u1ebft-ra-m\u1eaft-web-ti\u1ebfng-vi\u1ec7t-01-17.jpg 1240w, https:\/\/webmaibinh.com\/w\/sukien32011\/wp-content\/uploads\/2019\/09\/AAA-b\u00e0i-vi\u1ebft-ra-m\u1eaft-web-ti\u1ebfng-vi\u1ec7t-01-17-212x300.jpg 212w, https:\/\/webmaibinh.com\/w\/sukien32011\/wp-content\/uploads\/2019\/09\/AAA-b\u00e0i-vi\u1ebft-ra-m\u1eaft-web-ti\u1ebfng-vi\u1ec7t-01-17-768x1086.jpg 768w, https:\/\/webmaibinh.com\/w\/sukien32011\/wp-content\/uploads\/2019\/09\/AAA-b\u00e0i-vi\u1ebft-ra-m\u1eaft-web-ti\u1ebfng-vi\u1ec7t-01-17-724x1024.jpg 724w\" sizes=\"(max-width: 1240px) 100vw, 1240px\" \/>\t\t\t\t\t\t\n\t\t\t\t\t<\/div>\n\t\t\t\t\t\t\t\t\n<style scope=\"scope\">\n\n#image_1278233998 {\n  width: 100%;\n}\n<\/style>\n\t<\/div>\n\t\n<\/div><\/div>\n<\/div>\n\t\t<\/div>\n\t<\/div>\n\n\t\n<\/div>\n\t\t<\/div>\n\n\t\t\n<style scope=\"scope\">\n\n#section_812780126 {\n  padding-top: 30px;\n  padding-bottom: 30px;\n  background-color: rgb(237, 235, 251);\n}\n<\/style>\n\t<\/section>\n\t\n","protected":false},"excerpt":{"rendered":"","protected":false},"author":1,"featured_media":0,"parent":0,"menu_order":0,"comment_status":"closed","ping_status":"closed","template":"page-transparent-header.php","meta":[],"_links":{"self":[{"href":"https:\/\/webmaibinh.com\/w\/sukien32011\/wp-json\/wp\/v2\/pages\/61"}],"collection":[{"href":"https:\/\/webmaibinh.com\/w\/sukien32011\/wp-json\/wp\/v2\/pages"}],"about":[{"href":"https:\/\/webmaibinh.com\/w\/sukien32011\/wp-json\/wp\/v2\/types\/page"}],"author":[{"embeddable":true,"href":"https:\/\/webmaibinh.com\/w\/sukien32011\/wp-json\/wp\/v2\/users\/1"}],"replies":[{"embeddable":true,"href":"https:\/\/webmaibinh.com\/w\/sukien32011\/wp-json\/wp\/v2\/comments?post=61"}],"version-history":[{"count":0,"href":"https:\/\/webmaibinh.com\/w\/sukien32011\/wp-json\/wp\/v2\/pages\/61\/revisions"}],"wp:attachment":[{"href":"https:\/\/webmaibinh.com\/w\/sukien32011\/wp-json\/wp\/v2\/media?parent=61"}],"curies":[{"name":"wp","href":"https:\/\/api.w.org\/{rel}","templated":true}]}}