{"id":51,"date":"2019-09-17T13:51:12","date_gmt":"2019-09-17T06:51:12","guid":{"rendered":"http:\/\/sukien6.w2steam.com\/?page_id=51"},"modified":"2019-09-18T14:14:46","modified_gmt":"2019-09-18T07:14:46","slug":"gioi-thieu","status":"publish","type":"page","link":"https:\/\/webmaibinh.com\/w\/sukien32011\/gioi-thieu\/","title":{"rendered":"Gi\u1edbi thi\u1ec7u"},"content":{"rendered":"\t<div class=\"box has-hover  hide-for-small has-hover box-overlay dark box-text-middle\" >\n\n\t\t<div class=\"box-image\" >\n\t\t\t\t\t\t<div class=\"\" >\n\t\t\t\t<img width=\"1366\" height=\"374\" src=\"https:\/\/webmaibinh.com\/w\/sukien32011\/wp-content\/uploads\/2019\/09\/banner-dt.jpg\" class=\"attachment-original size-original\" alt=\"\" loading=\"lazy\" srcset=\"https:\/\/webmaibinh.com\/w\/sukien32011\/wp-content\/uploads\/2019\/09\/banner-dt.jpg 1366w, https:\/\/webmaibinh.com\/w\/sukien32011\/wp-content\/uploads\/2019\/09\/banner-dt-300x82.jpg 300w, https:\/\/webmaibinh.com\/w\/sukien32011\/wp-content\/uploads\/2019\/09\/banner-dt-768x210.jpg 768w, https:\/\/webmaibinh.com\/w\/sukien32011\/wp-content\/uploads\/2019\/09\/banner-dt-1024x280.jpg 1024w\" sizes=\"(max-width: 1366px) 100vw, 1366px\" \/>\t\t\t\t<div class=\"overlay\" style=\"background-color:1\"><\/div>\t\t\t\t\t\t\t<\/div>\n\t\t\t\t\t<\/div>\n\n\t\t<div class=\"box-text text-center\" >\n\t\t\t<div class=\"box-text-inner\">\n\t\t\t\t\n<div class=\"row\"  id=\"row-2082752057\">\n\n\t<div class=\"col small-12 large-12\"  >\n\t\t<div class=\"col-inner\"  >\n\t\t\t\n\t\t\t\n<div class=\"container section-title-container\" ><h2 class=\"section-title section-title-center\"><b><\/b><span class=\"section-title-main\" style=\"color:rgb(255, 255, 255);\">Gi\u1edbi thi\u1ec7u<\/span><b><\/b><\/h2><\/div>\n\t<div id=\"gap-1131777180\" class=\"gap-element clearfix\" style=\"display:block; height:auto;\">\n\t\t\n<style scope=\"scope\">\n\n#gap-1131777180 {\n  padding-top: 15px;\n}\n<\/style>\n\t<\/div>\n\t\n<div class=\"row row-small\"  id=\"row-178040589\">\n\n\t<div class=\"col hide-for-small medium-3 small-6 large-3\"  >\n\t\t<div class=\"col-inner\"  >\n\t\t\t\n\t\t\t\n\t\t<\/div>\n\t<\/div>\n\n\t\n\n\t<div class=\"col medium-3 small-6 large-3\"  >\n\t\t<div class=\"col-inner\"  >\n\t\t\t\n\t\t\t\n<a href=\"\/gioi-thieu\/ve-aaa\/\" target=\"_self\" class=\"button primary is-larger expand nut-xem-them\"  style=\"border-radius:99px;\">\n    <span>V\u1ec1 AAA<\/span>\n  <\/a>\n\n\t\t<\/div>\n\t<\/div>\n\n\t\n\n\t<div class=\"col medium-3 small-6 large-3\"  >\n\t\t<div class=\"col-inner\"  >\n\t\t\t\n\t\t\t\n<a href=\"\/gioi-thieu\/tieu-chi-danh-gia\/\" target=\"_self\" class=\"button secondary is-outline is-larger expand nut-xem-them\"  style=\"border-radius:99px;\">\n    <span>Ti\u00eau ch\u00ed \u0111\u00e1nh gi\u00e1<\/span>\n  <\/a>\n\n\t\t<\/div>\n\t<\/div>\n\n\t\n\n\t<div class=\"col hide-for-small medium-3 small-6 large-3\"  >\n\t\t<div class=\"col-inner\"  >\n\t\t\t\n\t\t\t\n\t\t<\/div>\n\t<\/div>\n\n\t\n\n<style scope=\"scope\">\n\n<\/style>\n<\/div>\n\t\t<\/div>\n\t<\/div>\n\n\t\n<\/div>\n\t\t\t<\/div>\n\t\t<\/div>\n\t<\/div>\n\t\n\t<div class=\"box has-hover  show-for-small has-hover box-overlay dark box-text-middle\" >\n\n\t\t<div class=\"box-image\" >\n\t\t\t\t\t\t<div class=\"image-cover\" style=\"padding-top:145%;\">\n\t\t\t\t<img width=\"1366\" height=\"374\" src=\"https:\/\/webmaibinh.com\/w\/sukien32011\/wp-content\/uploads\/2019\/09\/banner-dt.jpg\" class=\"attachment-original size-original\" alt=\"\" loading=\"lazy\" srcset=\"https:\/\/webmaibinh.com\/w\/sukien32011\/wp-content\/uploads\/2019\/09\/banner-dt.jpg 1366w, https:\/\/webmaibinh.com\/w\/sukien32011\/wp-content\/uploads\/2019\/09\/banner-dt-300x82.jpg 300w, https:\/\/webmaibinh.com\/w\/sukien32011\/wp-content\/uploads\/2019\/09\/banner-dt-768x210.jpg 768w, https:\/\/webmaibinh.com\/w\/sukien32011\/wp-content\/uploads\/2019\/09\/banner-dt-1024x280.jpg 1024w\" sizes=\"(max-width: 1366px) 100vw, 1366px\" \/>\t\t\t\t<div class=\"overlay\" style=\"background-color:1\"><\/div>\t\t\t\t\t\t\t<\/div>\n\t\t\t\t\t<\/div>\n\n\t\t<div class=\"box-text text-center\" >\n\t\t\t<div class=\"box-text-inner\">\n\t\t\t\t\n<div class=\"row\"  id=\"row-1509129725\">\n\n\t<div class=\"col small-12 large-12\"  >\n\t\t<div class=\"col-inner\"  >\n\t\t\t\n\t\t\t\n<div class=\"container section-title-container\" ><h2 class=\"section-title section-title-center\"><b><\/b><span class=\"section-title-main\" style=\"color:rgb(255, 255, 255);\">Gi\u1edbi thi\u1ec7u<\/span><b><\/b><\/h2><\/div>\n\t<div id=\"gap-183282976\" class=\"gap-element clearfix\" style=\"display:block; height:auto;\">\n\t\t\n<style scope=\"scope\">\n\n#gap-183282976 {\n  padding-top: 15px;\n}\n<\/style>\n\t<\/div>\n\t\n<a href=\"\/gioi-thieu\/ve-aaa\/\" target=\"_self\" class=\"button primary is-larger expand nut-xem-them\"  style=\"border-radius:99px;\">\n    <span>V\u1ec1 AAA<\/span>\n  <\/a>\n\n\t<div id=\"gap-828738011\" class=\"gap-element clearfix\" style=\"display:block; height:auto;\">\n\t\t\n<style scope=\"scope\">\n\n#gap-828738011 {\n  padding-top: 15px;\n}\n<\/style>\n\t<\/div>\n\t\n<a href=\"\/gioi-thieu\/tieu-chi-danh-gia\/\" target=\"_self\" class=\"button secondary is-outline is-larger expand nut-xem-them\"  style=\"border-radius:99px;\">\n    <span>Ti\u00eau ch\u00ed \u0111\u00e1nh gi\u00e1<\/span>\n  <\/a>\n\n\t\t<\/div>\n\t<\/div>\n\n\t\n<\/div>\n\t\t\t<\/div>\n\t\t<\/div>\n\t<\/div>\n\t\n\t<section class=\"section\" id=\"section_1411262856\">\n\t\t<div class=\"bg section-bg fill bg-fill  bg-loaded\" >\n\n\t\t\t\n\t\t\t\n\t\t\t\n\n\t\t<\/div>\n\n\t\t<div class=\"section-content relative\">\n\t\t\t\n<div class=\"row\"  id=\"row-167696693\">\n\n\t<div class=\"col small-12 large-12\"  >\n\t\t<div class=\"col-inner\"  >\n\t\t\t\n\t\t\t\n\t<div class=\"img has-hover x md-x lg-x y md-y lg-y\" id=\"image_1969463806\">\n\t\t\t\t\t\t\t\t<div class=\"img-inner dark\" >\n\t\t\t<img width=\"1754\" height=\"1240\" src=\"https:\/\/webmaibinh.com\/w\/sukien32011\/wp-content\/uploads\/2019\/09\/AAA-gi\u1edbi-thi\u1ec7u-web-28_08-ti\u1ebfng-vi\u1ec7t1-1.jpg\" class=\"attachment-original size-original\" alt=\"\" loading=\"lazy\" srcset=\"https:\/\/webmaibinh.com\/w\/sukien32011\/wp-content\/uploads\/2019\/09\/AAA-gi\u1edbi-thi\u1ec7u-web-28_08-ti\u1ebfng-vi\u1ec7t1-1.jpg 1754w, https:\/\/webmaibinh.com\/w\/sukien32011\/wp-content\/uploads\/2019\/09\/AAA-gi\u1edbi-thi\u1ec7u-web-28_08-ti\u1ebfng-vi\u1ec7t1-1-300x212.jpg 300w, https:\/\/webmaibinh.com\/w\/sukien32011\/wp-content\/uploads\/2019\/09\/AAA-gi\u1edbi-thi\u1ec7u-web-28_08-ti\u1ebfng-vi\u1ec7t1-1-768x543.jpg 768w, https:\/\/webmaibinh.com\/w\/sukien32011\/wp-content\/uploads\/2019\/09\/AAA-gi\u1edbi-thi\u1ec7u-web-28_08-ti\u1ebfng-vi\u1ec7t1-1-1024x724.jpg 1024w\" sizes=\"(max-width: 1754px) 100vw, 1754px\" \/>\t\t\t\t\t\t\n\t\t\t\t\t<\/div>\n\t\t\t\t\t\t\t\t\n<style scope=\"scope\">\n\n#image_1969463806 {\n  width: 100%;\n}\n<\/style>\n\t<\/div>\n\t\n\t<div class=\"img has-hover x md-x lg-x y md-y lg-y\" id=\"image_1157331017\">\n\t\t\t\t\t\t\t\t<div class=\"img-inner dark\" >\n\t\t\t<img width=\"1754\" height=\"1240\" src=\"https:\/\/webmaibinh.com\/w\/sukien32011\/wp-content\/uploads\/2019\/09\/1309_gi\u1edbi_thi\u1ec7u_aaa_\u1ea3nh_2_ti\u1ebfng_vi\u1ec7t_gmdww0.jpg\" class=\"attachment-original size-original\" alt=\"\" loading=\"lazy\" srcset=\"https:\/\/webmaibinh.com\/w\/sukien32011\/wp-content\/uploads\/2019\/09\/1309_gi\u1edbi_thi\u1ec7u_aaa_\u1ea3nh_2_ti\u1ebfng_vi\u1ec7t_gmdww0.jpg 1754w, https:\/\/webmaibinh.com\/w\/sukien32011\/wp-content\/uploads\/2019\/09\/1309_gi\u1edbi_thi\u1ec7u_aaa_\u1ea3nh_2_ti\u1ebfng_vi\u1ec7t_gmdww0-300x212.jpg 300w, https:\/\/webmaibinh.com\/w\/sukien32011\/wp-content\/uploads\/2019\/09\/1309_gi\u1edbi_thi\u1ec7u_aaa_\u1ea3nh_2_ti\u1ebfng_vi\u1ec7t_gmdww0-768x543.jpg 768w, https:\/\/webmaibinh.com\/w\/sukien32011\/wp-content\/uploads\/2019\/09\/1309_gi\u1edbi_thi\u1ec7u_aaa_\u1ea3nh_2_ti\u1ebfng_vi\u1ec7t_gmdww0-1024x724.jpg 1024w\" sizes=\"(max-width: 1754px) 100vw, 1754px\" \/>\t\t\t\t\t\t\n\t\t\t\t\t<\/div>\n\t\t\t\t\t\t\t\t\n<style scope=\"scope\">\n\n#image_1157331017 {\n  width: 100%;\n}\n<\/style>\n\t<\/div>\n\t\n\t\t<\/div>\n\t<\/div>\n\n\t\n<\/div>\n\t\t<\/div>\n\n\t\t\n<style scope=\"scope\">\n\n#section_1411262856 {\n  padding-top: 30px;\n  padding-bottom: 30px;\n  background-color: rgb(237, 235, 251);\n}\n<\/style>\n\t<\/section>\n\t\n","protected":false},"excerpt":{"rendered":"","protected":false},"author":1,"featured_media":0,"parent":0,"menu_order":0,"comment_status":"closed","ping_status":"closed","template":"page-transparent-header.php","meta":[],"_links":{"self":[{"href":"https:\/\/webmaibinh.com\/w\/sukien32011\/wp-json\/wp\/v2\/pages\/51"}],"collection":[{"href":"https:\/\/webmaibinh.com\/w\/sukien32011\/wp-json\/wp\/v2\/pages"}],"about":[{"href":"https:\/\/webmaibinh.com\/w\/sukien32011\/wp-json\/wp\/v2\/types\/page"}],"author":[{"embeddable":true,"href":"https:\/\/webmaibinh.com\/w\/sukien32011\/wp-json\/wp\/v2\/users\/1"}],"replies":[{"embeddable":true,"href":"https:\/\/webmaibinh.com\/w\/sukien32011\/wp-json\/wp\/v2\/comments?post=51"}],"version-history":[{"count":0,"href":"https:\/\/webmaibinh.com\/w\/sukien32011\/wp-json\/wp\/v2\/pages\/51\/revisions"}],"wp:attachment":[{"href":"https:\/\/webmaibinh.com\/w\/sukien32011\/wp-json\/wp\/v2\/media?parent=51"}],"curies":[{"name":"wp","href":"https:\/\/api.w.org\/{rel}","templated":true}]}}