{"id":54,"date":"2019-01-12T16:30:34","date_gmt":"2019-01-12T09:30:34","guid":{"rendered":"http:\/\/crystalspa.muathemewordpress.net\/?page_id=54"},"modified":"2019-11-04T18:03:30","modified_gmt":"2019-11-04T11:03:30","slug":"gioi-thieu","status":"publish","type":"page","link":"https:\/\/webmaibinh.com\/w\/spa52011\/gioi-thieu\/","title":{"rendered":"Gi\u1edbi thi\u1ec7u"},"content":{"rendered":"\t<section class=\"section\" id=\"section_1990467265\">\n\t\t<div class=\"bg section-bg fill bg-fill  \" >\n\n\t\t\t\n\t\t\t\n\t\t\t\n\n\t\t<\/div>\n\n\t\t<div class=\"section-content relative\">\n\t\t\t\n<div class=\"row row-small\"  id=\"row-2045741235\">\n\n\t<div class=\"col medium-6 small-12 large-6\"  >\n\t\t<div class=\"col-inner\"  >\n\t\t\t\n\t\t\t\n\t<div id=\"gap-750245914\" class=\"gap-element clearfix\" style=\"display:block; height:auto;\">\n\t\t\n<style scope=\"scope\">\n\n#gap-750245914 {\n  padding-top: 39px;\n}\n<\/style>\n\t<\/div>\n\t\n<div role=\"form\" class=\"wpcf7\" id=\"wpcf7-f100-o1\" lang=\"vi\" dir=\"ltr\">\n<div class=\"screen-reader-response\"><p role=\"status\" aria-live=\"polite\" aria-atomic=\"true\"><\/p> <ul><\/ul><\/div>\n<form action=\"\/w\/spa52011\/wp-json\/wp\/v2\/pages\/54#wpcf7-f100-o1\" method=\"post\" class=\"wpcf7-form init\" novalidate=\"novalidate\" data-status=\"init\">\n<div style=\"display: none;\">\n<input type=\"hidden\" name=\"_wpcf7\" value=\"100\" \/>\n<input type=\"hidden\" name=\"_wpcf7_version\" value=\"5.3\" \/>\n<input type=\"hidden\" name=\"_wpcf7_locale\" value=\"vi\" \/>\n<input type=\"hidden\" name=\"_wpcf7_unit_tag\" value=\"wpcf7-f100-o1\" \/>\n<input type=\"hidden\" name=\"_wpcf7_container_post\" value=\"0\" \/>\n<input type=\"hidden\" name=\"_wpcf7_posted_data_hash\" value=\"\" \/>\n<\/div>\n<div class=\"form-tu-van\">\n<div class=\"title\">\u0110\u0103ng k\u00fd nh\u1eadn t\u01b0 v\u1ea5n ngay h\u00f4m nay<\/div>\n<p><span class=\"wpcf7-form-control-wrap text-313\"><input type=\"text\" name=\"text-313\" value=\"\" size=\"40\" class=\"wpcf7-form-control wpcf7-text wpcf7-validates-as-required\" aria-required=\"true\" aria-invalid=\"false\" placeholder=\"H\u1ecd v\u00e0 t\u00ean...\" \/><\/span><br \/>\n<span class=\"wpcf7-form-control-wrap tel-308\"><input type=\"tel\" name=\"tel-308\" value=\"\" size=\"40\" class=\"wpcf7-form-control wpcf7-text wpcf7-tel wpcf7-validates-as-required wpcf7-validates-as-tel\" aria-required=\"true\" aria-invalid=\"false\" placeholder=\"S\u1ed1 \u0111i\u1ec7n tho\u1ea1i...\" \/><\/span><br \/>\n<span class=\"wpcf7-form-control-wrap email-834\"><input type=\"email\" name=\"email-834\" value=\"\" size=\"40\" class=\"wpcf7-form-control wpcf7-text wpcf7-email wpcf7-validates-as-email\" aria-invalid=\"false\" placeholder=\"Email c\u1ee7a b\u1ea1n...\" \/><\/span><br \/>\n<input type=\"submit\" value=\"\u0110\u0103ng k\u00fd ngay\" class=\"wpcf7-form-control wpcf7-submit\" \/>\n<\/p><\/div>\n<div class=\"wpcf7-response-output\" aria-hidden=\"true\"><\/div><\/form><\/div>\n\t\t<\/div>\n\t<\/div>\n\n\t\n\n\t<div class=\"col medium-6 small-12 large-6\"  >\n\t\t<div class=\"col-inner\"  >\n\t\t\t\n\t\t\t\n\t\t<\/div>\n\t<\/div>\n\n\t\n\n<style scope=\"scope\">\n\n<\/style>\n<\/div>\n\t\t<\/div>\n\n\t\t\n<style scope=\"scope\">\n\n#section_1990467265 {\n  padding-top: 90px;\n  padding-bottom: 90px;\n}\n#section_1990467265 .section-bg.bg-loaded {\n  background-image: url(https:\/\/webmaibinh.com\/w\/spa52011\/wp-content\/uploads\/2019\/10\/banner01-1024x341-dnag-ky-tu-van.png);\n}\n<\/style>\n\t<\/section>\n\t\n<div class=\"row row-small\"  id=\"row-1654098824\">\n\n\t<div class=\"col small-12 large-12\"  >\n\t\t<div class=\"col-inner\"  >\n\t\t\t\n\t\t\t\n<h2 class=\"title\">Gi\u00e1m \u0111\u1ed1c Vi\u1ec7n th\u1ea9m m\u1ef9 Crystal Spa: Ngh\u1ec1 n\u00e0o c\u0169ng l\u00e0 ch\u1eef Duy\u00ean<\/h2>\n<div>Vi\u1ec7n th\u1ea9m m\u1ef9 C\u00f4ng ngh\u1ec7 cao Crystal Spa &amp; Academy l\u00e0 m\u1ed9t c\u00e1i t\u00ean m\u1edbi trong ng\u00e0nh th\u1ea9m m\u1ef9, l\u00e0m \u0111\u1eb9p t\u1ea1i TPHCM. Vi\u1ec7n th\u1ea9m m\u1ef9 c\u00f4ng ngh\u1ec7 cao n\u00e0y do ch\u1ecb Ph\u1ea1m Th\u1ecb Hoa s\u00e1ng l\u1eadp. D\u00f9 m\u1edbi nh\u01b0ng Crystal Spa ho\u1ea1t \u0111\u1ed9ng chuy\u00ean nghi\u1ec7p, uy t\u00edn v\u00e0 ch\u1ea5t l\u01b0\u1ee3ng kh\u00f4ng thua k\u00e9m b\u1ea5t k\u00ec Spa n\u00e0o b\u1edfi ng\u01b0\u1eddi s\u00e1ng l\u1eadp \u0111\u00e3 c\u00f3 h\u01a1n 30 n\u0103m trong ngh\u1ec1. H\u01a1n th\u1ebf n\u1eefa, ch\u1ecb Hoa c\u00f2n l\u00e0 m\u1ed9t ng\u01b0\u1eddi r\u1ea5t y\u00eau v\u00e0 \u0111am m\u00ea ngh\u1ec1 l\u00e0m \u0111\u1eb9p.<\/div>\n<div><\/div>\n<div>\n<h2><strong>Ch\u1ecdn ngh\u1ec1 Spa \u0111\u1ec3 l\u00e0m \u0111\u1eb9p cho \u0111\u1eddi<\/strong><\/h2>\n<p>Ng\u00e0y \u1ea5y, r\u1eddi qu\u00ea h\u01b0\u01a1ng \u0110\u00e0 N\u1eb5ng \u1edf \u0111\u1ed9 tu\u1ed5i 20, ch\u1ecb Ph\u1ea1m Th\u1ecb Hoa ch\u1ecdn S\u00e0i G\u00f2n l\u00e0m n\u01a1i l\u1eadp nghi\u1ec7p. Khi \u1ea5y ngh\u1ec1 l\u00e0m \u0111\u1eb9p n\u00f3i chung, Spa n\u00f3i ri\u00eang ch\u01b0a ph\u1ed5 bi\u1ebfn nh\u01b0 b\u00e2y gi\u1edd. Nh\u01b0ng c\u00e1i Duy\u00ean \u0111\u00e3 \u0111\u01b0a ch\u1ecb v\u00e0o ngh\u1ec1 n\u00e0y v\u00e0 b\u1eaft \u0111\u1ea7u nh\u1eadn ra m\u00ecnh c\u00f3 ni\u1ec1m \u0111am m\u00ea kh\u00f4ng h\u1ec1 nh\u1ecf.<\/p>\n<\/div>\n<div class=\"content\"><\/div>\n\t<div class=\"img has-hover x md-x lg-x y md-y lg-y\" id=\"image_1542817583\">\n\t\t\t\t\t\t\t\t<div class=\"img-inner dark\" >\n\t\t\t<img width=\"1200\" height=\"802\" src=\"https:\/\/webmaibinh.com\/w\/spa52011\/wp-content\/uploads\/2019\/10\/chon-nghe-spa-de-lam-dep-cho-doi.jpg\" class=\"attachment-original size-original\" alt=\"\" loading=\"lazy\" srcset=\"https:\/\/webmaibinh.com\/w\/spa52011\/wp-content\/uploads\/2019\/10\/chon-nghe-spa-de-lam-dep-cho-doi.jpg 1200w, https:\/\/webmaibinh.com\/w\/spa52011\/wp-content\/uploads\/2019\/10\/chon-nghe-spa-de-lam-dep-cho-doi-300x201.jpg 300w, https:\/\/webmaibinh.com\/w\/spa52011\/wp-content\/uploads\/2019\/10\/chon-nghe-spa-de-lam-dep-cho-doi-768x513.jpg 768w, https:\/\/webmaibinh.com\/w\/spa52011\/wp-content\/uploads\/2019\/10\/chon-nghe-spa-de-lam-dep-cho-doi-1024x684.jpg 1024w\" sizes=\"(max-width: 1200px) 100vw, 1200px\" \/>\t\t\t\t\t\t\n\t\t\t\t\t<\/div>\n\t\t\t\t\t\t\t\t\n<style scope=\"scope\">\n\n#image_1542817583 {\n  width: 100%;\n}\n<\/style>\n\t<\/div>\n\t\n<p>L\u00e0 m\u1ed9t ng\u01b0\u1eddi theo \u0111\u1ea1o Ph\u1eadt, ch\u1ecb tin v\u00e0o ch\u1eef Duy\u00ean. Duy\u00ean \u0111\u01b0a ch\u1ecb v\u00e0o ngh\u1ec1 Spa trong v\u00f4 s\u1ed1 ngh\u1ec1. C\u00f3 Duy\u00ean th\u00ec m\u1edbi g\u1eafn b\u00f3 l\u00e2u d\u00e0i v\u00e0 y\u00eau ngh\u1ec1. C\u00f3 Duy\u00ean th\u00ec s\u1ebd ph\u00e1t tri\u1ec3n v\u1eefng v\u00e0ng h\u01a1n trong ngh\u1ec1. V\u00e0 ch\u1ecb quy\u1ebft \u0111\u1ecbnh ch\u1ecdn ngh\u1ec1 Spa g\u1eafn li\u1ec1n v\u1edbi thanh xu\u00e2n, v\u1edbi cu\u1ed9c s\u1ed1ng c\u1ee7a m\u00ecnh.<\/p>\n<p><img loading=\"lazy\" class=\"aligncenter wp-image-897 size-large\" src=\"http:\/\/crystalspa.muathemewordpress.net\/wp-content\/uploads\/2019\/10\/chon-nghe-spa-de-lam-dep-cho-doi-crystal-spa-1024x684.jpg\" alt=\"\" width=\"1020\" height=\"681\" srcset=\"https:\/\/webmaibinh.com\/w\/spa52011\/wp-content\/uploads\/2019\/10\/chon-nghe-spa-de-lam-dep-cho-doi-crystal-spa-1024x684.jpg 1024w, https:\/\/webmaibinh.com\/w\/spa52011\/wp-content\/uploads\/2019\/10\/chon-nghe-spa-de-lam-dep-cho-doi-crystal-spa-300x201.jpg 300w, https:\/\/webmaibinh.com\/w\/spa52011\/wp-content\/uploads\/2019\/10\/chon-nghe-spa-de-lam-dep-cho-doi-crystal-spa-768x513.jpg 768w, https:\/\/webmaibinh.com\/w\/spa52011\/wp-content\/uploads\/2019\/10\/chon-nghe-spa-de-lam-dep-cho-doi-crystal-spa.jpg 1200w\" sizes=\"(max-width: 1020px) 100vw, 1020px\" \/><\/p>\n<p>B\u1eaft \u0111\u1ea7u t\u1eeb m\u1ed9t K\u1ef9 thu\u1eadt vi\u00ean Spa, ch\u1ecb Hoa kh\u00f4ng ng\u1eebng h\u1ecdc h\u1ecfi, trau d\u1ed3i ki\u1ebfn th\u1ee9c chuy\u00ean m\u00f4n t\u1eeb \u0111\u1ed3ng nghi\u1ec7p, t\u1eeb c\u1ea5p tr\u00ean. Ch\u1ecb th\u01b0\u1eddng xuy\u00ean tham gia nh\u1eefng kh\u00f3a h\u1ecdc b\u1ed3i d\u01b0\u1ee1ng ki\u1ebfn th\u1ee9c, n\u00e2ng cao tay ngh\u1ec1. T\u1eeb \u0111\u00f3, kh\u00e1ch h\u00e0ng \u0111\u01b0\u1ee3c ch\u1ecb ph\u1ee5c v\u1ee5 lu\u00f4n h\u00e0i l\u00f2ng.<\/p>\n<p><img loading=\"lazy\" class=\"aligncenter wp-image-898 size-large\" src=\"http:\/\/crystalspa.muathemewordpress.net\/wp-content\/uploads\/2019\/10\/chon-nghe-spa-de-lam-dep-cho-doi-2-1024x684.jpg\" alt=\"\" width=\"1020\" height=\"681\" srcset=\"https:\/\/webmaibinh.com\/w\/spa52011\/wp-content\/uploads\/2019\/10\/chon-nghe-spa-de-lam-dep-cho-doi-2-1024x684.jpg 1024w, https:\/\/webmaibinh.com\/w\/spa52011\/wp-content\/uploads\/2019\/10\/chon-nghe-spa-de-lam-dep-cho-doi-2-300x201.jpg 300w, https:\/\/webmaibinh.com\/w\/spa52011\/wp-content\/uploads\/2019\/10\/chon-nghe-spa-de-lam-dep-cho-doi-2-768x513.jpg 768w, https:\/\/webmaibinh.com\/w\/spa52011\/wp-content\/uploads\/2019\/10\/chon-nghe-spa-de-lam-dep-cho-doi-2.jpg 1200w\" sizes=\"(max-width: 1020px) 100vw, 1020px\" \/><\/p>\n<p>B\u1eb1ng \u00fd ch\u00ed, ngh\u1ecb l\u1ef1c c\u1ed9ng v\u1edbi kinh nghi\u1ec7m sau \u0111\u00f3 ch\u1ecb Hoa lu\u00f4n \u0111\u01b0\u1ee3c tin t\u01b0\u1edfng giao cho nh\u1eefng v\u1ecb tr\u00ed quan tr\u1ecdng t\u1ea1i c\u00e1c Spa l\u1edbn \u1edf TPHCM. D\u00f9 \u1edf v\u1ecb tr\u00ed n\u00e0o, ch\u1ecb Hoa lu\u00f4n l\u00e0m vi\u1ec7c t\u1eadn t\u00e2m, h\u1ebft m\u00ecnh, \u0111\u1eb7t tr\u00e1ch nhi\u1ec7m l\u00ean h\u00e0ng \u0111\u1ea7u.<\/p>\n<h2><span style=\"font-size: 95%; color: #ff9900;\"><b>CRYSTAL SPA S\u1ede H\u1eeeU M\u1ed8T TI\u1ec0N \u0110\u1ec0 B\u1ec0N V\u1eeeNG<\/b><\/span><\/h2>\n<p>Sau h\u01a1n 30 n\u0103m trong ngh\u1ec1, nay, ch\u1ecb Ph\u1ea1m Th\u1ecb Hoa quy\u1ebft \u0111\u1ecbnh \u201ckh\u1edfi nghi\u1ec7p\u201d. Kh\u1edfi nghi\u1ec7p \u1edf \u0111\u1ed9 tu\u1ed5i ngo\u00e0i 50 b\u1ecb nhi\u1ec1u ng\u01b0\u1eddi cho l\u00e0 kh\u00f4ng l\u00fd t\u01b0\u1edfng. \u0110\u00e1ng l\u1ebd, b\u00e2y gi\u1edd l\u00e0 l\u00fac ch\u1ecb Hoa d\u00e0nh th\u1eddi gian cho ri\u00eang m\u00ecnh, \u0111\u1ec3 ngh\u1ec9 ng\u01a1i, \u0111\u1ec3 \u0111i \u0111\u00e2y \u0111i \u0111\u00f3, \u0111\u1ec3 t\u1ef1 ch\u0103m s\u00f3c b\u1ea3n th\u00e2n v\u00e0 gia \u0111\u00ecnh sau ng\u1ea7n \u1ea5y n\u0103m lu\u00f4n lu\u00f4n ch\u0103m s\u00f3c s\u1eafc \u0111\u1eb9p cho ng\u01b0\u1eddi kh\u00e1c.<\/p>\n<p><img loading=\"lazy\" class=\"aligncenter wp-image-899 size-large\" src=\"http:\/\/crystalspa.muathemewordpress.net\/wp-content\/uploads\/2019\/10\/crystal-spa-so-huu-mot-tien-de-vung-chac-2-684x1024.jpg\" alt=\"\" width=\"684\" height=\"1024\" srcset=\"https:\/\/webmaibinh.com\/w\/spa52011\/wp-content\/uploads\/2019\/10\/crystal-spa-so-huu-mot-tien-de-vung-chac-2-684x1024.jpg 684w, https:\/\/webmaibinh.com\/w\/spa52011\/wp-content\/uploads\/2019\/10\/crystal-spa-so-huu-mot-tien-de-vung-chac-2-201x300.jpg 201w, https:\/\/webmaibinh.com\/w\/spa52011\/wp-content\/uploads\/2019\/10\/crystal-spa-so-huu-mot-tien-de-vung-chac-2-768x1149.jpg 768w, https:\/\/webmaibinh.com\/w\/spa52011\/wp-content\/uploads\/2019\/10\/crystal-spa-so-huu-mot-tien-de-vung-chac-2.jpg 802w\" sizes=\"(max-width: 684px) 100vw, 684px\" \/><\/p>\n<p>Nh\u01b0ng v\u1edbi ch\u1ecb Hoa, kh\u1edfi nghi\u1ec7p kh\u00f4ng bao gi\u1edd l\u00e0 mu\u1ed9n. V\u00e0 h\u01a1n h\u1ebft ng\u1ecdn l\u1eeda \u0111am m\u00ea trong l\u00f2ng ch\u1ecb v\u1edbi ngh\u1ec1 Spa, l\u00e0m \u0111\u1eb9p v\u1eabn c\u00f2n m\u1ea1nh m\u1ebd l\u1eafm. Ch\u1ecb chia s\u1ebb: \u201cch\u1ecb \u0111\u00e3 tr\u1ea3i nghi\u1ec7m nhi\u1ec1u, nh\u1eefng kinh nghi\u1ec7m \u0111\u00f3 kh\u00f4ng th\u1ec3 mua \u0111\u01b0\u1ee3c b\u1eb1ng ti\u1ec1n. Nay ch\u1ecb mu\u1ed1n nh\u01b0\u1eddng c\u01a1 h\u1ed9i cho c\u00e1c b\u1ea1n tr\u1ebb, t\u1ea1i Crystal Spa ch\u1ecb s\u1eb5n s\u00e0ng chia s\u1ebb nh\u1eefng g\u00ec ch\u1ecb g\u00f3p nh\u1eb7t \u0111\u01b0\u1ee3c cho c\u00e1c em. Ch\u1ecb v\u1eabn mong c\u00f3 nh\u1eefng th\u1ebf h\u1ec7 sau l\u00e0m ngh\u1ec1 Spa b\u1eb1ng t\u00ecnh y\u00eau ngh\u1ec1 ch\u00e2n ch\u00ednh.\u201d<\/p>\n<p>Vi\u1ec7n th\u1ea9m m\u1ef9 c\u00f4ng ngh\u1ec7 cao Crystal Spa &amp; Academy ra \u0111\u1eddi trong th\u1ef1c tr\u1ea1ng c\u00f3 qu\u00e1 nhi\u1ec1u spa t\u01b0\u01a1ng t\u1ef1 m\u1ecdc l\u00ean kh\u1eafp th\u00e0nh ph\u1ed1, c\u1ea1nh tranh l\u00e0 \u0111i\u1ec1u kh\u00f4ng tr\u00e1nh kh\u1ecfi. Nh\u01b0ng b\u1eb1ng c\u00e1i t\u00e2m c\u1ee7a ch\u1ecb ch\u1ee7, lu\u00f4n \u0111\u1eb7t s\u1ef1 An to\u00e0n c\u1ee7a kh\u00e1ch l\u00ean h\u00e0ng \u0111\u1ea7u, kh\u00f4ng ch\u1ea1y theo l\u1ee3i nhu\u1eadn m\u00e0 s\u1eed d\u1ee5ng b\u1ea5t ch\u1ea5p m\u1ef9 ph\u1ea9m k\u00e9m ch\u1ea5t l\u01b0\u1ee3ng. Nh\u1edd v\u1eady, kh\u00e1ch h\u00e0ng lu\u00f4n tin t\u01b0\u1edfng v\u00e0 s\u1eed d\u1ee5ng d\u1ecbch v\u1ee5 t\u1ea1i Crystal Spa.<\/p>\n<p><img loading=\"lazy\" class=\"aligncenter wp-image-900 size-large\" src=\"http:\/\/crystalspa.muathemewordpress.net\/wp-content\/uploads\/2019\/10\/crystal-spa-so-huu-mot-tien-de-vung-chac-684x1024.jpg\" alt=\"\" width=\"684\" height=\"1024\" srcset=\"https:\/\/webmaibinh.com\/w\/spa52011\/wp-content\/uploads\/2019\/10\/crystal-spa-so-huu-mot-tien-de-vung-chac-684x1024.jpg 684w, https:\/\/webmaibinh.com\/w\/spa52011\/wp-content\/uploads\/2019\/10\/crystal-spa-so-huu-mot-tien-de-vung-chac-201x300.jpg 201w, https:\/\/webmaibinh.com\/w\/spa52011\/wp-content\/uploads\/2019\/10\/crystal-spa-so-huu-mot-tien-de-vung-chac-768x1149.jpg 768w, https:\/\/webmaibinh.com\/w\/spa52011\/wp-content\/uploads\/2019\/10\/crystal-spa-so-huu-mot-tien-de-vung-chac.jpg 802w\" sizes=\"(max-width: 684px) 100vw, 684px\" \/><\/p>\n<p>Ri\u00eang trong \u0111\u00e0o t\u1ea1o. B\u00e0i h\u1ecdc m\u00e0 ch\u1ecb Hoa lu\u00f4n \u0111\u1eb7t \u1edf trang gi\u00e1o \u00e1n \u0111\u1ea7u ti\u00ean l\u00e0 b\u00e0i h\u1ecdc v\u1ec1 \u0110\u1ea1o \u0111\u1ee9c ngh\u1ec1 nghi\u1ec7p. \u0110\u1ea1o \u0111\u1ee9c ngh\u1ec1 nghi\u1ec7p l\u00e0 kim ch\u1ec9 nam c\u1ee7a s\u1ef1 th\u00e0nh c\u00f4ng. Ch\u1ecb quan t\u00e2m t\u1eebng h\u1ecdc vi\u00ean, t\u1eeb vi\u1ec7c h\u1ecdc ngh\u1ec1 \u0111\u1ebfn cu\u1ed9c s\u1ed1ng h\u00e0ng ng\u00e0y. T\u1ea5t c\u1ea3 kh\u00f3a h\u1ecdc t\u1ea1i Crystal Spa, ch\u1ecb Hoa \u0111\u1ec1u ch\u1ec9 c\u1ea5p b\u1eb1ng t\u1ed1t nghi\u1ec7p cho h\u1ecdc vi\u00ean khi \u0111\u00e3 th\u00e0nh th\u1ea1o ngh\u1ec1, c\u00f3 th\u1ec3 \u0111i l\u00e0m sau khi ra tr\u01b0\u1eddng. Kh\u00f4ng ch\u1ea1y theo th\u00e0nh t\u00edch, kh\u00f4ng v\u00ec l\u1ee3i nhu\u1eadn m\u00e0 d\u1ea1y ngh\u1ec1 qua loa.<\/p>\n<p>\u0110\u1ebfn Crystal Spa, d\u1ec5 d\u00e0ng b\u1eaft g\u1eb7p h\u00ecnh \u1ea3nh ng\u01b0\u1eddi ph\u1ee5 n\u1eef nh\u1eb9 nh\u00e0ng, \u0111\u01a1n gi\u1ea3n v\u00e0 th\u00e2n thi\u1ec7n d\u00f9 \u0111ang l\u00e0 ch\u1ee7. S\u1ef1 th\u00e2n t\u00ecnh \u1ea5y x\u00f3a tan m\u1ecdi kho\u1ea3ng c\u00e1ch v\u00e0 gi\u00fap cho mong mu\u1ed1n \u0111\u01b0\u1ee3c truy\u1ec1n ngh\u1ec1 c\u1ee7a ch\u1ecb Hoa cho nh\u00e2n vi\u00ean, cho h\u1ecdc tr\u00f2 \u0111\u01b0\u1ee3c d\u1ec5 d\u00e0ng h\u01a1n.<\/p>\n<h3 style=\"text-align: center;\"><span style=\"font-size: 95%; color: #ff9900;\"><b>\u0110\u01af\u1ee2C C\u1ea4P B\u1eb0NG SONG NG\u1eee SAU KH\u00d3A H\u1eccC<\/b><\/span><\/h3>\n<p><img loading=\"lazy\" class=\"aligncenter wp-image-902 size-large\" src=\"http:\/\/crystalspa.muathemewordpress.net\/wp-content\/uploads\/2019\/10\/vien-tham-my-spa-01-1024x600.jpg\" alt=\"\" width=\"1020\" height=\"598\" srcset=\"https:\/\/webmaibinh.com\/w\/spa52011\/wp-content\/uploads\/2019\/10\/vien-tham-my-spa-01.jpg 1024w, https:\/\/webmaibinh.com\/w\/spa52011\/wp-content\/uploads\/2019\/10\/vien-tham-my-spa-01-300x176.jpg 300w, https:\/\/webmaibinh.com\/w\/spa52011\/wp-content\/uploads\/2019\/10\/vien-tham-my-spa-01-768x450.jpg 768w\" sizes=\"(max-width: 1020px) 100vw, 1020px\" \/><\/p>\n<p><img loading=\"lazy\" class=\"aligncenter wp-image-901 size-full\" src=\"http:\/\/crystalspa.muathemewordpress.net\/wp-content\/uploads\/2019\/10\/khoa-hoc-trang-diem-4.jpg\" alt=\"\" width=\"960\" height=\"641\" srcset=\"https:\/\/webmaibinh.com\/w\/spa52011\/wp-content\/uploads\/2019\/10\/khoa-hoc-trang-diem-4.jpg 960w, https:\/\/webmaibinh.com\/w\/spa52011\/wp-content\/uploads\/2019\/10\/khoa-hoc-trang-diem-4-300x200.jpg 300w, https:\/\/webmaibinh.com\/w\/spa52011\/wp-content\/uploads\/2019\/10\/khoa-hoc-trang-diem-4-768x513.jpg 768w\" sizes=\"(max-width: 960px) 100vw, 960px\" \/> \u00a0<img loading=\"lazy\" class=\"aligncenter wp-image-903 size-large\" src=\"http:\/\/crystalspa.muathemewordpress.net\/wp-content\/uploads\/2019\/10\/vien-tham-my-spa-02-681x1024.jpg\" alt=\"\" width=\"681\" height=\"1024\" srcset=\"https:\/\/webmaibinh.com\/w\/spa52011\/wp-content\/uploads\/2019\/10\/vien-tham-my-spa-02-681x1024.jpg 681w, https:\/\/webmaibinh.com\/w\/spa52011\/wp-content\/uploads\/2019\/10\/vien-tham-my-spa-02-200x300.jpg 200w, https:\/\/webmaibinh.com\/w\/spa52011\/wp-content\/uploads\/2019\/10\/vien-tham-my-spa-02-768x1154.jpg 768w, https:\/\/webmaibinh.com\/w\/spa52011\/wp-content\/uploads\/2019\/10\/vien-tham-my-spa-02.jpg 1024w\" sizes=\"(max-width: 681px) 100vw, 681px\" \/><\/p>\n<p>B\u1eb1ng t\u00ecnh y\u00eau v\u00e0 \u0111am m\u00ea c\u1ee7a m\u00ecnh, ch\u1ecb Hoa s\u1ebd \u0111\u01b0a\u00a0<a href=\"http:\/\/crystalspa.muathemewordpress.net\/gioi-thieu\/\"><strong>Vi\u1ec7n th\u1ea9m m\u1ef9 C\u00f4ng ngh\u1ec7 cao Crystal Spa &amp; Academy<\/strong><\/a>\u00a0ph\u00e1t tri\u1ec3n h\u01a1n n\u1eefa, c\u00f3 ch\u1ed7 \u0111\u1ee9ng v\u1eefng ch\u1eafc trong l\u00f2ng kh\u00e1ch h\u00e0ng trong t\u01b0\u01a1ng lai.<\/p>\n\t\t<\/div>\n\t<\/div>\n\n\t\n\n<style scope=\"scope\">\n\n<\/style>\n<\/div>\n","protected":false},"excerpt":{"rendered":"","protected":false},"author":1,"featured_media":0,"parent":0,"menu_order":0,"comment_status":"closed","ping_status":"closed","template":"page-blank.php","meta":[],"_links":{"self":[{"href":"https:\/\/webmaibinh.com\/w\/spa52011\/wp-json\/wp\/v2\/pages\/54"}],"collection":[{"href":"https:\/\/webmaibinh.com\/w\/spa52011\/wp-json\/wp\/v2\/pages"}],"about":[{"href":"https:\/\/webmaibinh.com\/w\/spa52011\/wp-json\/wp\/v2\/types\/page"}],"author":[{"embeddable":true,"href":"https:\/\/webmaibinh.com\/w\/spa52011\/wp-json\/wp\/v2\/users\/1"}],"replies":[{"embeddable":true,"href":"https:\/\/webmaibinh.com\/w\/spa52011\/wp-json\/wp\/v2\/comments?post=54"}],"version-history":[{"count":8,"href":"https:\/\/webmaibinh.com\/w\/spa52011\/wp-json\/wp\/v2\/pages\/54\/revisions"}],"predecessor-version":[{"id":1177,"href":"https:\/\/webmaibinh.com\/w\/spa52011\/wp-json\/wp\/v2\/pages\/54\/revisions\/1177"}],"wp:attachment":[{"href":"https:\/\/webmaibinh.com\/w\/spa52011\/wp-json\/wp\/v2\/media?parent=54"}],"curies":[{"name":"wp","href":"https:\/\/api.w.org\/{rel}","templated":true}]}}