{"id":57,"date":"2019-07-06T16:45:23","date_gmt":"2019-07-06T09:45:23","guid":{"rendered":"https:\/\/spa3.khowebseotop.vn\/?page_id=57"},"modified":"2019-07-07T15:41:47","modified_gmt":"2019-07-07T08:41:47","slug":"bang-gia-tri-viem-nang-long","status":"publish","type":"page","link":"https:\/\/webmaibinh.com\/w\/spa32011\/bang-gia\/bang-gia-tri-viem-nang-long\/","title":{"rendered":"B\u1ea3ng gi\u00e1 tr\u1ecb vi\u00eam nang l\u00f4ng"},"content":{"rendered":"<table style=\"font-size: 14.4px;\">\n<tbody>\n<tr>\n<th><span style=\"color: #ffd700; font-family: tahoma, geneva, sans-serif;\">T\u00caN D\u1ecaCH V\u1ee4<\/span><\/th>\n<th>GI\u00c1 G\u1ed0C<\/th>\n<\/tr>\n<tr>\n<td><span style=\"font-family: tahoma, geneva, sans-serif;\">Tr\u1ecb vi\u00eam nang l\u00f4ng nguy\u00ean 2 ch\u00e2n<\/span><\/td>\n<td>14.500.000 vn\u0111<\/td>\n<\/tr>\n<tr>\n<td>Tr\u1ecb vi\u00eam nang l\u00f4ng n\u1eeda 2 ch\u00e2n<\/td>\n<td>9.000.000 vn\u0111<\/td>\n<\/tr>\n<tr>\n<td>Tr\u1ecb vi\u00eam nang l\u00f4ng nguy\u00ean 2 tay<\/td>\n<td>10.000.000 vn\u0111<\/td>\n<\/tr>\n<tr>\n<td>Tr\u1ecb vi\u00eam nang l\u00f4ng n\u1eeda 2 tay<\/td>\n<td>7.000.000 vn\u0111<\/td>\n<\/tr>\n<tr>\n<td>Tr\u1ecb vi\u00eam nang l\u00f4ng nguy\u00ean l\u01b0ng<\/td>\n<td>12.000.000 vn\u0111<\/td>\n<\/tr>\n<tr>\n<td>Tr\u1ecb vi\u00eam nang l\u00f4ng n\u1eeda l\u01b0ng<\/td>\n<td>9.000.000 vn\u0111<\/td>\n<\/tr>\n<tr>\n<td>Tr\u1ecb vi\u00eam nang l\u00f4ng v\u00f9ng ng\u1ef1c<\/td>\n<td>7.000.000 vn\u0111<\/td>\n<\/tr>\n<tr>\n<td>Tr\u1ecb vi\u00eam nang l\u00f4ng v\u00f9ng m\u1eb7t<\/td>\n<td>9.000.000 vn\u0111<\/td>\n<\/tr>\n<\/tbody>\n<\/table>\n<p><u>B\u1ea3ng gi\u00e1 d\u00e0nh cho kh\u00e1ch h\u00e0ng mu\u1ed1n tr\u1ecb vi\u00eam v\u00e0 th\u00e2m cho vi\u00eam \u0111\u1ec3 l\u1ea1i:<\/u><\/p>\n<table>\n<tbody>\n<tr>\n<th><span style=\"color: #ffd700; font-family: tahoma, geneva, sans-serif;\">T\u00caN D\u1ecaCH V\u1ee4<\/span><\/th>\n<th>GI\u00c1 G\u1ed0C<\/th>\n<\/tr>\n<tr>\n<td><span style=\"font-family: tahoma, geneva, sans-serif;\">Tr\u1ecb vi\u00eam nang l\u00f4ng nguy\u00ean 2 ch\u00e2n<\/span><\/td>\n<td>22.500.000 vn\u0111<\/td>\n<\/tr>\n<tr>\n<td>Tr\u1ecb vi\u00eam nang l\u00f4ng n\u1eeda 2 ch\u00e2n<\/td>\n<td>14.000.000 vn\u0111<\/td>\n<\/tr>\n<tr>\n<td>Tr\u1ecb vi\u00eam nang l\u00f4ng nguy\u00ean 2 tay<\/td>\n<td>15.000.000 vn\u0111<\/td>\n<\/tr>\n<tr>\n<td>Tr\u1ecb vi\u00eam nang l\u00f4ng n\u1eeda 2 tay<\/td>\n<td>9.000.000 vn\u0111<\/td>\n<\/tr>\n<tr>\n<td>Tr\u1ecb vi\u00eam nang l\u00f4ng nguy\u00ean l\u01b0ng<\/td>\n<td>20.000.000 vn\u0111<\/td>\n<\/tr>\n<tr>\n<td>Tr\u1ecb vi\u00eam nang l\u00f4ng n\u1eeda l\u01b0ng<\/td>\n<td>14.000.000 vn\u0111<\/td>\n<\/tr>\n<tr>\n<td>Tr\u1ecb vi\u00eam nang l\u00f4ng v\u00f9ng ng\u1ef1c<\/td>\n<td>12.000.000 vn\u0111<\/td>\n<\/tr>\n<\/tbody>\n<\/table>\n<p><img title=\"B\u1ea3ng gi\u00e1 tr\u1ecb vi\u00eam nang l\u00f4ng t\u1eebng v\u00f9ng b\u1eb1ng c\u00f4ng ngh\u1ec7 cao t\u1ea1i Beryl Beauty &amp; Spa\" src=\"http:\/\/berylbeauty.com.vn\/kcfinder\/upload\/images\/quy-trinh-dieu-tri-viem-nang-long.png\" alt=\"B\u1ea3ng gi\u00e1 tr\u1ecb vi\u00eam nang l\u00f4ng t\u1eebng v\u00f9ng b\u1eb1ng c\u00f4ng ngh\u1ec7 cao t\u1ea1i Beryl Beauty &amp; Spa\" \/><\/p>\n<p style=\"text-align: center;\">B\u1ea3ng gi\u00e1 tr\u1ecb vi\u00eam nang l\u00f4ng t\u1eebng v\u00f9ng b\u1eb1ng c\u00f4ng ngh\u1ec7 cao t\u1ea1i Beryl Beauty &amp; Spa<\/p>\n","protected":false},"excerpt":{"rendered":"<p>T\u00caN D\u1ecaCH V\u1ee4 GI\u00c1 G\u1ed0C Tr\u1ecb vi\u00eam nang l\u00f4ng nguy\u00ean 2 ch\u00e2n 14.500.000 vn\u0111 Tr\u1ecb vi\u00eam nang l\u00f4ng n\u1eeda 2 ch\u00e2n 9.000.000 vn\u0111 Tr\u1ecb vi\u00eam nang l\u00f4ng nguy\u00ean 2 tay 10.000.000 vn\u0111 Tr\u1ecb vi\u00eam nang l\u00f4ng n\u1eeda 2 tay 7.000.000 vn\u0111 Tr\u1ecb vi\u00eam nang l\u00f4ng nguy\u00ean l\u01b0ng 12.000.000 vn\u0111 Tr\u1ecb vi\u00eam nang l\u00f4ng n\u1eeda l\u01b0ng &#8230;<\/p>\n","protected":false},"author":2,"featured_media":596,"parent":41,"menu_order":0,"comment_status":"closed","ping_status":"closed","template":"page-right-sidebar.php","meta":[],"_links":{"self":[{"href":"https:\/\/webmaibinh.com\/w\/spa32011\/wp-json\/wp\/v2\/pages\/57"}],"collection":[{"href":"https:\/\/webmaibinh.com\/w\/spa32011\/wp-json\/wp\/v2\/pages"}],"about":[{"href":"https:\/\/webmaibinh.com\/w\/spa32011\/wp-json\/wp\/v2\/types\/page"}],"author":[{"embeddable":true,"href":"https:\/\/webmaibinh.com\/w\/spa32011\/wp-json\/wp\/v2\/users\/2"}],"replies":[{"embeddable":true,"href":"https:\/\/webmaibinh.com\/w\/spa32011\/wp-json\/wp\/v2\/comments?post=57"}],"version-history":[{"count":0,"href":"https:\/\/webmaibinh.com\/w\/spa32011\/wp-json\/wp\/v2\/pages\/57\/revisions"}],"up":[{"embeddable":true,"href":"https:\/\/webmaibinh.com\/w\/spa32011\/wp-json\/wp\/v2\/pages\/41"}],"wp:featuredmedia":[{"embeddable":true,"href":"https:\/\/webmaibinh.com\/w\/spa32011\/wp-json\/wp\/v2\/media\/596"}],"wp:attachment":[{"href":"https:\/\/webmaibinh.com\/w\/spa32011\/wp-json\/wp\/v2\/media?parent=57"}],"curies":[{"name":"wp","href":"https:\/\/api.w.org\/{rel}","templated":true}]}}