{"id":53,"date":"2019-07-06T16:45:00","date_gmt":"2019-07-06T09:45:00","guid":{"rendered":"https:\/\/spa3.khowebseotop.vn\/?page_id=53"},"modified":"2019-07-07T15:38:18","modified_gmt":"2019-07-07T08:38:18","slug":"bang-gia-lam-trang-da-mat","status":"publish","type":"page","link":"https:\/\/webmaibinh.com\/w\/spa32011\/bang-gia\/bang-gia-lam-trang-da-mat\/","title":{"rendered":"B\u1ea3ng gi\u00e1 l\u00e0m tr\u1eafng da m\u1eb7t"},"content":{"rendered":"<table style=\"font-size: 14.4px;\">\n<tbody>\n<tr>\n<th>T\u00caN D\u1ecaCH V\u1ee4<\/th>\n<th>GI\u00c1 G\u1ed0C<\/th>\n<\/tr>\n<tr>\n<td>L\u00e0m tr\u1eafng da m\u1eb7t b\u1eb1ng c\u00f4ng ngh\u1ec7\u00a0\u0111\u1ed9c quy\u1ec1n Baby Skin<\/td>\n<td>2.500.000 vn\u0111<\/td>\n<\/tr>\n<\/tbody>\n<\/table>\n<div class=\"registeradv\">\n<p><img loading=\"lazy\" class=\"aligncenter\" title=\"B\u1ea3ng gi\u00e1 l\u00e0m tr\u1eafng da m\u1eb7t b\u1eb1ng c\u00f4ng ngh\u00ea BaBy Skin \u0111\u1ed9c quy\u1ec1n t\u1ea1i Beryl Beauty\" src=\"https:\/\/berylbeauty.com.vn\/kcfinder\/upload\/\/images\/lam-trang-da-mat-hoan-hao-bang-cong-nghe-Baby-Skin-doc-quyen-tai-beryl-beauty%281%29.jpg\" alt=\"B\u1ea3ng gi\u00e1 l\u00e0m tr\u1eafng da m\u1eb7t b\u1eb1ng c\u00f4ng ngh\u00ea BaBy Skin \u0111\u1ed9c quy\u1ec1n t\u1ea1i Beryl Beauty\" width=\"800\" height=\"500\" \/><\/p>\n<p style=\"text-align: center;\"><em>B\u1ea3ng gi\u00e1 l\u00e0m tr\u1eafng da m\u1eb7t b\u1eb1ng c\u00f4ng ngh\u00ea BaBy Skin\u00a0\u0111\u1ed9c quy\u1ec1n t\u1ea1i Beryl Beauty<\/em><\/p>\n<\/div>\n","protected":false},"excerpt":{"rendered":"<p>T\u00caN D\u1ecaCH V\u1ee4 GI\u00c1 G\u1ed0C L\u00e0m tr\u1eafng da m\u1eb7t b\u1eb1ng c\u00f4ng ngh\u1ec7\u00a0\u0111\u1ed9c quy\u1ec1n Baby Skin 2.500.000 vn\u0111 B\u1ea3ng gi\u00e1 l\u00e0m tr\u1eafng da m\u1eb7t b\u1eb1ng c\u00f4ng ngh\u00ea BaBy Skin\u00a0\u0111\u1ed9c quy\u1ec1n t\u1ea1i Beryl Beauty<\/p>\n","protected":false},"author":2,"featured_media":546,"parent":41,"menu_order":0,"comment_status":"closed","ping_status":"closed","template":"page-right-sidebar.php","meta":[],"_links":{"self":[{"href":"https:\/\/webmaibinh.com\/w\/spa32011\/wp-json\/wp\/v2\/pages\/53"}],"collection":[{"href":"https:\/\/webmaibinh.com\/w\/spa32011\/wp-json\/wp\/v2\/pages"}],"about":[{"href":"https:\/\/webmaibinh.com\/w\/spa32011\/wp-json\/wp\/v2\/types\/page"}],"author":[{"embeddable":true,"href":"https:\/\/webmaibinh.com\/w\/spa32011\/wp-json\/wp\/v2\/users\/2"}],"replies":[{"embeddable":true,"href":"https:\/\/webmaibinh.com\/w\/spa32011\/wp-json\/wp\/v2\/comments?post=53"}],"version-history":[{"count":0,"href":"https:\/\/webmaibinh.com\/w\/spa32011\/wp-json\/wp\/v2\/pages\/53\/revisions"}],"up":[{"embeddable":true,"href":"https:\/\/webmaibinh.com\/w\/spa32011\/wp-json\/wp\/v2\/pages\/41"}],"wp:featuredmedia":[{"embeddable":true,"href":"https:\/\/webmaibinh.com\/w\/spa32011\/wp-json\/wp\/v2\/media\/546"}],"wp:attachment":[{"href":"https:\/\/webmaibinh.com\/w\/spa32011\/wp-json\/wp\/v2\/media?parent=53"}],"curies":[{"name":"wp","href":"https:\/\/api.w.org\/{rel}","templated":true}]}}