{"id":51,"date":"2019-07-06T16:44:48","date_gmt":"2019-07-06T09:44:48","guid":{"rendered":"https:\/\/spa3.khowebseotop.vn\/?page_id=51"},"modified":"2019-07-07T15:40:48","modified_gmt":"2019-07-07T08:40:48","slug":"bang-gia-tri-tan-nhang","status":"publish","type":"page","link":"https:\/\/webmaibinh.com\/w\/spa32011\/bang-gia\/bang-gia-tri-tan-nhang\/","title":{"rendered":"B\u1ea3ng gi\u00e1 tr\u1ecb t\u00e0n nhang"},"content":{"rendered":"<table style=\"font-size: 14.4px;\">\n<tbody>\n<tr>\n<th><span style=\"color: #ffd700; font-family: tahoma, geneva, sans-serif;\">T\u00caN D\u1ecaCH V\u1ee4<\/span><\/th>\n<th>GI\u00c1 G\u1ed0C<\/th>\n<\/tr>\n<tr>\n<td>Tr\u1ecb n\u00e1m t\u00e0n nhang b\u1eb1ng c\u00f4ng ngh\u1ec7 Laser Toning<\/td>\n<td>5.000.000 vn\u0111 \/ 1 l\u1ea7n<\/td>\n<\/tr>\n<tr>\n<td>Tr\u1ecb n\u00e1m t\u00e0n nhang b\u1eb1ng c\u00f4ng ngh\u1ec7 Laser Yag<\/td>\n<td>4.000.000 vn\u0111 \/ 1 l\u1ea7n<\/td>\n<\/tr>\n<tr>\n<td>Tr\u1ecb n\u00e1m t\u00e0n nhang b\u1eb1ng c\u00f4ng ngh\u1ec7 E-Light<\/td>\n<td>4.000.000 vn\u0111 \/ 1 l\u1ea7n<\/td>\n<\/tr>\n<tr>\n<td>Tr\u1ecb n\u00e1m t\u00e0n nhang b\u1eb1ng c\u00f4ng ngh\u1ec7 Laser New Tech<\/td>\n<td>3.000.000 vn\u0111 \/ 1 l\u1ea7n<\/td>\n<\/tr>\n<tr>\n<td>Li\u1ec7u tr\u00ecnh tr\u1ecb n\u00e1m t\u00e0n nhang b\u1eb1ng c\u00f4ng ngh\u1ec7 \u0111\u1ed9c quy\u1ec1n Magic Skin<\/td>\n<td>8.000.000 vn\u0111 \/ tr\u1ecdn g\u00f3i<\/td>\n<\/tr>\n<tr>\n<td>Li\u1ec7u tr\u00ecnh tr\u1ecb n\u00e1m t\u00e0n nhang b\u1eb1ng c\u00f4ng ngh\u1ec7 Peel Da k\u1ebft h\u1ee3p Magic Skin<\/td>\n<td>12.000.000 vn\u0111 \/ tr\u1ecdn g\u00f3i<\/td>\n<\/tr>\n<tr>\n<td><span style=\"font-family: tahoma, geneva, sans-serif;\">Li\u1ec7u tr\u00ecnh tr\u1ecb n\u00e1m t\u00e0n nhang b\u1eb1ng c\u00f4ng ngh\u1ec7 Laser Yag k\u1ebft h\u1ee3p Magic Skin<\/span><\/td>\n<td>12.000.000 vn\u0111 \/ tr\u1ecdn g\u00f3i<\/td>\n<\/tr>\n<tr>\n<td>Li\u1ec7u tr\u00ecnh tr\u1ecb n\u00e1m t\u00e0n nhang b\u1eb1ng c\u00f4ng ngh\u1ec7 E-Light k\u1ebft h\u1ee3p Magic Skin<\/td>\n<td>12.000.000 vn\u0111 \/ tr\u1ecdn g\u00f3i<\/td>\n<\/tr>\n<tr>\n<td>Li\u1ec7u tr\u00ecnh tr\u1ecb s\u1ea1ch t\u00e0n nhang da m\u1ecbn m\u00e0ng c\u0103ng b\u00f3ng<\/td>\n<td>8.000.000 vn\u0111 \/ tr\u1ecdn g\u00f3i<\/td>\n<\/tr>\n<tr>\n<td>Li\u1ec7u tr\u00ecnh tr\u1ecb \u0111\u1ed3i m\u1ed3i b\u1eb1ng c\u00f4ng ngh\u1ec7 Laser Yag k\u1ebft h\u1ee3p Magic Skin<\/td>\n<td>12.000.000 vn\u0111 \/ tr\u1ecdn g\u00f3i<\/td>\n<\/tr>\n<tr>\n<td>Li\u1ec7u tr\u00ecnh t\u00e1i t\u1ea1o da White Skin 5in1 (n\u00e1m &#8211; tr\u1eafng da &#8211; m\u1ee5n &#8211; c\u0103ng da &#8211; gi\u1ea3m s\u1ea7n)<\/td>\n<td>8.000.000 vn\u0111 \/ tr\u1ecdn g\u00f3i<\/td>\n<\/tr>\n<\/tbody>\n<\/table>\n<p><img title=\"B\u1ea3ng gi\u00e1 tr\u1ecb n\u00e1m t\u00e0n nhang b\u1eb1ng c\u00f4ng ngh\u1ec7 cao t\u1ea1i Beryl Beauty\" src=\"https:\/\/berylbeauty.com.vn\/kcfinder\/upload\/images\/gia-tri-nam-tan-nhang-tai-beryl-beauty.jpg\" alt=\"B\u1ea3ng gi\u00e1 tr\u1ecb n\u00e1m t\u00e0n nhang b\u1eb1ng c\u00f4ng ngh\u1ec7 cao t\u1ea1i Beryl Beauty\" \/><\/p>\n<p style=\"text-align: center;\">B\u1ea3ng gi\u00e1 tr\u1ecb n\u00e1m t\u00e0n nhang b\u1eb1ng c\u00f4ng ngh\u1ec7 cao t\u1ea1i Beryl Beauty<\/p>\n","protected":false},"excerpt":{"rendered":"<p>T\u00caN D\u1ecaCH V\u1ee4 GI\u00c1 G\u1ed0C Tr\u1ecb n\u00e1m t\u00e0n nhang b\u1eb1ng c\u00f4ng ngh\u1ec7 Laser Toning 5.000.000 vn\u0111 \/ 1 l\u1ea7n Tr\u1ecb n\u00e1m t\u00e0n nhang b\u1eb1ng c\u00f4ng ngh\u1ec7 Laser Yag 4.000.000 vn\u0111 \/ 1 l\u1ea7n Tr\u1ecb n\u00e1m t\u00e0n nhang b\u1eb1ng c\u00f4ng ngh\u1ec7 E-Light 4.000.000 vn\u0111 \/ 1 l\u1ea7n Tr\u1ecb n\u00e1m t\u00e0n nhang b\u1eb1ng c\u00f4ng ngh\u1ec7 Laser New &#8230;<\/p>\n","protected":false},"author":2,"featured_media":594,"parent":41,"menu_order":0,"comment_status":"closed","ping_status":"closed","template":"page-right-sidebar.php","meta":[],"_links":{"self":[{"href":"https:\/\/webmaibinh.com\/w\/spa32011\/wp-json\/wp\/v2\/pages\/51"}],"collection":[{"href":"https:\/\/webmaibinh.com\/w\/spa32011\/wp-json\/wp\/v2\/pages"}],"about":[{"href":"https:\/\/webmaibinh.com\/w\/spa32011\/wp-json\/wp\/v2\/types\/page"}],"author":[{"embeddable":true,"href":"https:\/\/webmaibinh.com\/w\/spa32011\/wp-json\/wp\/v2\/users\/2"}],"replies":[{"embeddable":true,"href":"https:\/\/webmaibinh.com\/w\/spa32011\/wp-json\/wp\/v2\/comments?post=51"}],"version-history":[{"count":0,"href":"https:\/\/webmaibinh.com\/w\/spa32011\/wp-json\/wp\/v2\/pages\/51\/revisions"}],"up":[{"embeddable":true,"href":"https:\/\/webmaibinh.com\/w\/spa32011\/wp-json\/wp\/v2\/pages\/41"}],"wp:featuredmedia":[{"embeddable":true,"href":"https:\/\/webmaibinh.com\/w\/spa32011\/wp-json\/wp\/v2\/media\/594"}],"wp:attachment":[{"href":"https:\/\/webmaibinh.com\/w\/spa32011\/wp-json\/wp\/v2\/media?parent=51"}],"curies":[{"name":"wp","href":"https:\/\/api.w.org\/{rel}","templated":true}]}}