{"id":47,"date":"2019-07-06T16:44:25","date_gmt":"2019-07-06T09:44:25","guid":{"rendered":"https:\/\/spa3.khowebseotop.vn\/?page_id=47"},"modified":"2019-07-07T16:11:22","modified_gmt":"2019-07-07T09:11:22","slug":"bang-gia-giam-beo","status":"publish","type":"page","link":"https:\/\/webmaibinh.com\/w\/spa32011\/bang-gia\/bang-gia-giam-beo\/","title":{"rendered":"B\u1ea3ng gi\u00e1 gi\u1ea3m b\u00e9o"},"content":{"rendered":"<table style=\"font-size: 14.4px;\">\n<tbody>\n<tr>\n<th><span style=\"color: #ffd700;\">T\u00caN D\u1ecaCH V\u1ee4<\/span><\/th>\n<th>GI\u00c1 G\u1ed0C<\/th>\n<\/tr>\n<tr>\n<td>Gi\u1ea3m m\u1ee1 b\u1ee5ng<\/td>\n<td>14.000.000 vn\u0111<\/td>\n<\/tr>\n<tr>\n<td>Gi\u1ea3m m\u1ee1 2 ch\u00e2n (v\u00f9ng \u0111\u00f9i)<\/td>\n<td>18.000.000 vn\u0111<\/td>\n<\/tr>\n<tr>\n<td>Gi\u1ea3m m\u1ee1 2 l\u01b0\u1eddn vai<\/td>\n<td>16.000.000 vn\u0111<\/td>\n<\/tr>\n<tr>\n<td>Gi\u1ea3m m\u1ee1 2 tay (v\u00f9ng b\u1eafp tay)<\/td>\n<td>16.000.000 vn\u0111<\/td>\n<\/tr>\n<\/tbody>\n<\/table>\n<p>&nbsp;<\/p>\n<p><img title=\"B\u1ea3ng gi\u00e1 l\u00e0m gi\u1ea3m m\u1ee1 b\u1ee5ng b\u1eb1ng c\u00f4ng ngh\u1ec7 Lipo Zero th\u1ebf h\u1ec7 m\u1edbi t\u1ea1i Beryl Beauty &amp; Spa\" src=\"https:\/\/berylbeauty.com.vn\/kcfinder\/upload\/\/images\/bang-gia-giam-mo.jpg\" alt=\"B\u1ea3ng gi\u00e1 l\u00e0m gi\u1ea3m m\u1ee1 b\u1ee5ng b\u1eb1ng c\u00f4ng ngh\u1ec7 Lipo Zero th\u1ebf h\u1ec7 m\u1edbi t\u1ea1i Beryl Beauty &amp; Spa\" \/><\/p>\n<p style=\"text-align: center;\">B\u1ea3ng gi\u00e1 l\u00e0m gi\u1ea3m m\u1ee1 b\u1ee5ng b\u1eb1ng c\u00f4ng ngh\u1ec7 Lipo Zero th\u1ebf h\u1ec7 m\u1edbi t\u1ea1i Beryl Beauty &amp; Spa<\/p>\n","protected":false},"excerpt":{"rendered":"<p>T\u00caN D\u1ecaCH V\u1ee4 GI\u00c1 G\u1ed0C Gi\u1ea3m m\u1ee1 b\u1ee5ng 14.000.000 vn\u0111 Gi\u1ea3m m\u1ee1 2 ch\u00e2n (v\u00f9ng \u0111\u00f9i) 18.000.000 vn\u0111 Gi\u1ea3m m\u1ee1 2 l\u01b0\u1eddn vai 16.000.000 vn\u0111 Gi\u1ea3m m\u1ee1 2 tay (v\u00f9ng b\u1eafp tay) 16.000.000 vn\u0111 &nbsp; B\u1ea3ng gi\u00e1 l\u00e0m gi\u1ea3m m\u1ee1 b\u1ee5ng b\u1eb1ng c\u00f4ng ngh\u1ec7 Lipo Zero th\u1ebf h\u1ec7 m\u1edbi t\u1ea1i Beryl Beauty &amp; Spa<\/p>\n","protected":false},"author":2,"featured_media":654,"parent":41,"menu_order":0,"comment_status":"closed","ping_status":"closed","template":"page-right-sidebar.php","meta":[],"_links":{"self":[{"href":"https:\/\/webmaibinh.com\/w\/spa32011\/wp-json\/wp\/v2\/pages\/47"}],"collection":[{"href":"https:\/\/webmaibinh.com\/w\/spa32011\/wp-json\/wp\/v2\/pages"}],"about":[{"href":"https:\/\/webmaibinh.com\/w\/spa32011\/wp-json\/wp\/v2\/types\/page"}],"author":[{"embeddable":true,"href":"https:\/\/webmaibinh.com\/w\/spa32011\/wp-json\/wp\/v2\/users\/2"}],"replies":[{"embeddable":true,"href":"https:\/\/webmaibinh.com\/w\/spa32011\/wp-json\/wp\/v2\/comments?post=47"}],"version-history":[{"count":1,"href":"https:\/\/webmaibinh.com\/w\/spa32011\/wp-json\/wp\/v2\/pages\/47\/revisions"}],"predecessor-version":[{"id":655,"href":"https:\/\/webmaibinh.com\/w\/spa32011\/wp-json\/wp\/v2\/pages\/47\/revisions\/655"}],"up":[{"embeddable":true,"href":"https:\/\/webmaibinh.com\/w\/spa32011\/wp-json\/wp\/v2\/pages\/41"}],"wp:featuredmedia":[{"embeddable":true,"href":"https:\/\/webmaibinh.com\/w\/spa32011\/wp-json\/wp\/v2\/media\/654"}],"wp:attachment":[{"href":"https:\/\/webmaibinh.com\/w\/spa32011\/wp-json\/wp\/v2\/media?parent=47"}],"curies":[{"name":"wp","href":"https:\/\/api.w.org\/{rel}","templated":true}]}}