{"id":45,"date":"2019-07-06T16:44:18","date_gmt":"2019-07-06T09:44:18","guid":{"rendered":"https:\/\/spa3.khowebseotop.vn\/?page_id=45"},"modified":"2019-07-07T15:39:13","modified_gmt":"2019-07-07T08:39:13","slug":"bang-gia-tri-tham","status":"publish","type":"page","link":"https:\/\/webmaibinh.com\/w\/spa32011\/bang-gia\/bang-gia-tri-tham\/","title":{"rendered":"B\u1ea3ng gi\u00e1 tr\u1ecb th\u00e2m"},"content":{"rendered":"<table style=\"font-size: 14.4px;\">\n<tbody>\n<tr>\n<th>T\u00caN D\u1ecaCH V\u1ee4<\/th>\n<th>GI\u00c1 G\u1ed0C<\/th>\n<\/tr>\n<tr>\n<td>Li\u1ec7u tr\u00ecnh tr\u1ecb th\u00e2m m\u1ee5n b\u1eb1ng CN Magic Skin +\u00a0\u00c1nh s\u00e1ng sinh h\u1ecdc<\/td>\n<td>8.000.000 vn\u0111<\/td>\n<\/tr>\n<tr>\n<td>Li\u1ec7u tr\u00ecnh tr\u1ecb th\u00e2m m\u1ee5n sinh vi\u00ean ( ph\u1ea3i c\u00f3 th\u1ebb sinh vi\u00ean )<\/td>\n<td>8.000.000 vn\u0111<\/td>\n<\/tr>\n<\/tbody>\n<\/table>\n<h3>B\u1ea3ng gi\u00e1 tr\u1ecb th\u00e2m m\u1ee5n b\u1eb1ng c\u00f4ng ngh\u1ec7 Magic Skin\u00a0t\u1ea1i Beryl Beauty &amp; Spa<\/h3>\n<p><strong>B\u1ea2NG GI\u00c1 TR\u1eca TH\u00c2M T\u1ea0I BERYL BEAUTY\u00a0<\/strong><\/p>\n<table>\n<tbody>\n<tr>\n<th>T\u00caN D\u1ecaCH V\u1ee4<\/th>\n<th>GI\u00c1 G\u1ed0C<\/th>\n<\/tr>\n<tr>\n<td>Tr\u1ecb th\u00e2m n\u00e1ch<\/td>\n<td>8.000.000 vn\u0111<\/td>\n<\/tr>\n<tr>\n<td>Tr\u1ecb th\u00e2m m\u00f4ng<\/td>\n<td>10.000.000 vn\u0111<\/td>\n<\/tr>\n<tr>\n<td>Tr\u1ecb th\u00e2m b\u1eb9n<\/td>\n<td>9.000.000 vn\u0111<\/td>\n<\/tr>\n<tr>\n<td>Tr\u1ecb th\u00e2m nguy\u00ean ch\u00e2n<\/td>\n<td>16.000.000 vn\u0111<\/td>\n<\/tr>\n<tr>\n<td>Tr\u1ecb th\u00e2m n\u1eefa ch\u00e2n<\/td>\n<td>11.000.000 vn\u0111<\/td>\n<\/tr>\n<tr>\n<td><span style=\"font-family: tahoma, geneva, sans-serif;\">Tr<\/span>\u1ecb th\u00e2m nguy\u00ean tay<\/td>\n<td>12.000.000 vn\u0111<\/td>\n<\/tr>\n<tr>\n<td><span style=\"font-family: tahoma, geneva, sans-serif;\">Tr<\/span>\u1ecb th\u00e2m n\u1eefa tay<\/td>\n<td>8.000.000 vn\u0111<\/td>\n<\/tr>\n<tr>\n<td><span style=\"font-family: tahoma, geneva, sans-serif;\">Tr<\/span>\u1ecb th\u00e2m nguy\u00ean l\u01b0ng<\/td>\n<td>16.000.000 vn\u0111<\/td>\n<\/tr>\n<tr>\n<td><span style=\"font-family: tahoma, geneva, sans-serif;\">Tr<\/span>\u1ecb\u00a0th\u00e2m n\u1eefa l\u01b0ng<\/td>\n<td>11.000.000 vn\u0111<\/td>\n<\/tr>\n<\/tbody>\n<\/table>\n<div class=\"registeradv\">\n<p><img loading=\"lazy\" class=\"aligncenter\" title=\"B\u1ea3ng gi\u00e1 tr\u1ecb th\u00e2m b\u1eb1ng c\u00f4ng ngh\u1ec7 Peeling t\u1ea1i Beryl Beauty\" src=\"https:\/\/berylbeauty.com.vn\/kcfinder\/upload\/\/images\/tri-tham-nach-mong-ben-bang-cong-nghe-peeling%281%29%283%29.jpg\" alt=\"B\u1ea3ng gi\u00e1 tr\u1ecb th\u00e2m b\u1eb1ng c\u00f4ng ngh\u1ec7 Peeling t\u1ea1i Beryl Beauty\" width=\"800\" height=\"467\" \/><\/p>\n<p style=\"text-align: center;\">B\u1ea3ng gi\u00e1 tr\u1ecb th\u00e2m b\u1eb1ng c\u00f4ng ngh\u1ec7 Peeling t\u1ea1i Beryl Beauty<\/p>\n<\/div>\n","protected":false},"excerpt":{"rendered":"<p>T\u00caN D\u1ecaCH V\u1ee4 GI\u00c1 G\u1ed0C Li\u1ec7u tr\u00ecnh tr\u1ecb th\u00e2m m\u1ee5n b\u1eb1ng CN Magic Skin +\u00a0\u00c1nh s\u00e1ng sinh h\u1ecdc 8.000.000 vn\u0111 Li\u1ec7u tr\u00ecnh tr\u1ecb th\u00e2m m\u1ee5n sinh vi\u00ean ( ph\u1ea3i c\u00f3 th\u1ebb sinh vi\u00ean ) 8.000.000 vn\u0111 B\u1ea3ng gi\u00e1 tr\u1ecb th\u00e2m m\u1ee5n b\u1eb1ng c\u00f4ng ngh\u1ec7 Magic Skin\u00a0t\u1ea1i Beryl Beauty &amp; Spa B\u1ea2NG GI\u00c1 TR\u1eca TH\u00c2M T\u1ea0I &#8230;<\/p>\n","protected":false},"author":2,"featured_media":553,"parent":41,"menu_order":0,"comment_status":"closed","ping_status":"closed","template":"page-right-sidebar.php","meta":[],"_links":{"self":[{"href":"https:\/\/webmaibinh.com\/w\/spa32011\/wp-json\/wp\/v2\/pages\/45"}],"collection":[{"href":"https:\/\/webmaibinh.com\/w\/spa32011\/wp-json\/wp\/v2\/pages"}],"about":[{"href":"https:\/\/webmaibinh.com\/w\/spa32011\/wp-json\/wp\/v2\/types\/page"}],"author":[{"embeddable":true,"href":"https:\/\/webmaibinh.com\/w\/spa32011\/wp-json\/wp\/v2\/users\/2"}],"replies":[{"embeddable":true,"href":"https:\/\/webmaibinh.com\/w\/spa32011\/wp-json\/wp\/v2\/comments?post=45"}],"version-history":[{"count":0,"href":"https:\/\/webmaibinh.com\/w\/spa32011\/wp-json\/wp\/v2\/pages\/45\/revisions"}],"up":[{"embeddable":true,"href":"https:\/\/webmaibinh.com\/w\/spa32011\/wp-json\/wp\/v2\/pages\/41"}],"wp:featuredmedia":[{"embeddable":true,"href":"https:\/\/webmaibinh.com\/w\/spa32011\/wp-json\/wp\/v2\/media\/553"}],"wp:attachment":[{"href":"https:\/\/webmaibinh.com\/w\/spa32011\/wp-json\/wp\/v2\/media?parent=45"}],"curies":[{"name":"wp","href":"https:\/\/api.w.org\/{rel}","templated":true}]}}