{"id":37,"date":"2019-07-06T16:43:42","date_gmt":"2019-07-06T09:43:42","guid":{"rendered":"https:\/\/spa3.khowebseotop.vn\/?page_id=37"},"modified":"2019-07-07T15:06:16","modified_gmt":"2019-07-07T08:06:16","slug":"gioi-thieu","status":"publish","type":"page","link":"https:\/\/webmaibinh.com\/w\/spa32011\/gioi-thieu\/","title":{"rendered":"Gi\u1edbi thi\u1ec7u"},"content":{"rendered":"<h2><strong>BERYL BEAUTY &amp; SPA &#8211; \u0110\u1ec8NH CAO C\u00d4NG NGH\u1ec6 L\u00c0M \u0110\u1eb8P<\/strong><\/h2>\n<p>\u0110\u01b0\u1ee3c th\u00e0nh l\u1eadp b\u1edfi Ms.Hu\u1ec7 Anh v\u00e0o ng\u00e0y 01\/06\/2013, gi\u1ea5y ph\u00e9p h\u00e0nh ngh\u1ec1 s\u1ed1: 06 \u2013 17 \/LTD-SRL v\u1edbi m\u1ee5c ti\u00eau t\u1ea1o n\u00ean m\u1ed9t \u0111\u1ecba ch\u1ec9 uy t\u00edn, l\u00e0 \u0110\u1ec8NH CAO C\u00d4NG NGH\u1ec6 L\u00c0M \u0110\u1eb8P cho ch\u1ecb em ph\u1ee5 n\u1eef t\u1ef1 tin l\u1ef1a ch\u1ecdn tr\u00ean to\u00e0n qu\u1ed1c.<\/p>\n<p>V\u1edbi th\u00e0nh c\u00f4ng v\u01b0\u1ee3t b\u1eadc t\u1ea1i c\u00e1c c\u01a1 s\u1edf \u1edf H\u00e0 N\u1ed9i, nay \u0111\u00e3 xu\u1ea5t hi\u1ec7n t\u1ea1i TPHCM v\u1edbi s\u1ee9 m\u1ec7nh Ch\u0103m s\u00f3c v\u00e0 Ph\u1ee5c h\u1ed3i l\u00e0n da t\u1ed5n th\u01b0\u01a1ng cho c\u00e1c kh\u00e1ch h\u00e0ng t\u1ea1i \u0111\u1ecba ch\u1ec9 44A NGUY\u1ec4N V\u0102N \u0110\u1eacU \u2013 PH\u01af\u1edcNG 6 \u2013 QU\u1eacN B\u00ccNH TH\u1ea0NH.<\/p>\n<p>\u0110i\u1ec1u m\u00e0 Beryl Beauty &amp; Spa c\u00f3 th\u1ec3 mang \u0111\u1ebfn cho b\u1ea1n l\u00e0 sau tr\u1ecb li\u1ec7u \u0111\u1ea3m b\u1ea3o da s\u1ebd kh\u1ecfe m\u1ea1nh, thanh khi\u1ebft, h\u1ebft t\u1ea5t c\u1ea3 c\u00e1c b\u1ec7nh l\u00fd tr\u00ean da v\u00e0 tr\u00e1nh \u0111\u01b0\u1ee3c c\u00e1c r\u1ee7i ro trong tr\u1ecb li\u1ec7u nh\u01b0 t\u0103ng ho\u1eb7c m\u1ea5t s\u1eafc t\u1ed1, b\u1ec7nh l\u00fd b\u1ecb t\u00e1i l\u1ea1i li\u00ean t\u1ee5c.<\/p>\n<p>Ch\u00fang t\u00f4i cam k\u1ebft \u0111\u1ed3ng h\u00e0nh v\u00e0 x\u00f3a \u0111i t\u1ea5t c\u1ea3 nh\u1eefng n\u1ed7i bu\u1ed3n, th\u1ea5t v\u1ecdng, t\u1ef1 ti m\u00e0 m\u1ed7i ch\u00fang ta \u0111\u00e3 t\u1eebng g\u1eb7p ph\u1ea3i v\u1edbi l\u00e0n da v\u00e0 c\u01a1 th\u1ec3 c\u1ee7a m\u00ecnh. Thay \u0111\u1ed5i l\u00e0n da c\u1ee7a b\u1ea1n c\u0169ng l\u00e0 thay \u0111\u1ed5i ch\u00ednh cu\u1ed9c \u0111\u1eddi b\u1ea1n. Nghe th\u00ec r\u1ea5t xa x\u00f4i, nh\u01b0ng \u0111\u00f3 l\u1ea1i l\u00e0 nh\u1eefng c\u1ea3m nh\u1eadn m\u00e0 m\u1ed7i kh\u00e1ch h\u00e0ng khi \u0111\u1ebfn v\u1edbi t\u1ea5t c\u1ea3 Beryl Beauty \u0111\u00e3 chia s\u1ebb.<\/p>\n<h3><strong>\u0110\u1ed8I NG\u0168 CHUY\u00caN GIA, K\u1ef8 THU\u1eacT VI\u00caN<\/strong><\/h3>\n<p><img title=\"\u0110\u1ed9i ng\u0169 chuy\u00ean gia v\u00e0 k\u1ef9 thu\u1eadt vi\u00ean c\u00f3 tay ngh\u1ec1 cao trong l\u0129nh v\u1ef1c\" src=\"https:\/\/berylbeauty.com.vn\/kcfinder\/upload\/\/images\/doi-ngu-ky-thuat-vien.jpg\" alt=\"\u0110\u1ed9i ng\u0169 chuy\u00ean gia v\u00e0 k\u1ef9 thu\u1eadt vi\u00ean c\u00f3 tay ngh\u1ec1 cao trong l\u0129nh v\u1ef1c\" \/><\/p>\n<h3><strong>\u0110\u1ed9i ng\u0169 chuy\u00ean gia v\u00e0 k\u1ef9 thu\u1eadt vi\u00ean c\u00f3 tay ngh\u1ec1 cao trong l\u0129nh v\u1ef1c<\/strong><\/h3>\n<p>Tr\u00ean con \u0111\u01b0\u1eddng kh\u1eb3ng \u0111\u1ecbnh th\u01b0\u01a1ng hi\u1ec7u \u0111\u1eb3ng c\u1ea5p, ngo\u00e0i th\u1ebf m\u1ea1nh v\u00e0 s\u1ef1 v\u01b0\u1ee3t tr\u1ed9i v\u1ec1 c\u00f4ng ngh\u1ec7, m\u1ed9t y\u1ebfu t\u1ed1 t\u1ea1o d\u1ef1ng n\u00ean ni\u1ec1m tin v\u00e0 th\u01b0\u01a1ng hi\u1ec7u c\u1ee7a Beryl Beauty &amp; Spa ch\u00ednh l\u00e0 \u0111\u1ed9i ng\u0169 chuy\u00ean gia v\u00e0 k\u1ef9 thu\u1eadt vi\u00ean:<\/p>\n<p>\u2666\u00a0\u0110\u01b0\u1ee3c \u0111\u00e0o t\u1ea1o nghi\u00eam ng\u1eb7t t\u1ea1i c\u00e1c trung t\u00e2m th\u1ea9m m\u1ef9 uy t\u00edn.<\/p>\n<p>\u2666\u00a0C\u00f3 tr\u00ecnh \u0111\u1ed9 tay ngh\u1ec1 cao.<\/p>\n<p>\u2666\u00a0Nhi\u1ec1u n\u0103m kinh nghi\u1ec7m trong ng\u00e0nh th\u1ea9m m\u1ef9.<\/p>\n<p>\u2666\u00a0Th\u00e2n thi\u1ec7n, t\u01b0 v\u1ea5n nhi\u1ec7t t\u00ecnh nh\u1eefng v\u1ea5n \u0111\u1ec1 kh\u00e1ch h\u00e0ng \u0111ang th\u1eafc m\u1eafc.<\/p>\n<p>\u2666\u00a0Mang l\u1ea1i s\u1ef1 h\u00e0i l\u00f2ng v\u00e0 chi\u1ebfm tr\u1ecdn ni\u1ec1m tin c\u1ee7a m\u1ecdi kh\u00e1ch h\u00e0ng.<\/p>\n<p>Th\u00e1i \u0111\u1ed9 ph\u1ee5c v\u1ee5 v\u00e0 tinh th\u1ea7n c\u1ea7u th\u1ecb:<\/p>\n<p>\u2666\u00a0V\u1edbi ph\u01b0\u01a1ng ch\u00e2m \u201cKh\u00e1ch h\u00e0ng l\u00e0 Th\u01b0\u1ee3ng \u0111\u1ebf, s\u1ef1 h\u00e0i l\u00f2ng c\u1ee7a kh\u00e1ch h\u00e0ng l\u00e0 m\u1ee5c ti\u00eau ph\u1ea5n \u0111\u1ea5u c\u1ee7a ch\u00fang t\u00f4i\u201d. To\u00e0n th\u1ec3 nh\u00e2n vi\u00ean Beryl Beauty &amp; Spa lu\u00f4n n\u1ed5 l\u1ef1c kh\u00f4ng ng\u1eebng \u0111\u1ec3 mang \u0111\u1ebfn qu\u00fd kh\u00e1ch h\u00e0ng nh\u1eefng d\u1ecbch v\u1ee5 tuy\u1ec7t v\u1eddi nh\u1ea5t.<\/p>\n<p>\u2666\u00a0V\u1edbi mong mu\u1ed1n ng\u00e0y c\u00e0ng ho\u00e0n thi\u1ec7n h\u01a1n qu\u00e1 tr\u00ecnh ph\u1ee5c v\u1ee5, Beryl Beauty mong nh\u1eadn \u0111\u01b0\u1ee3c nh\u1eefng \u00fd ki\u1ebfn \u0111\u00f3ng g\u00f3p t\u1eeb qu\u00fd kh\u00e1ch h\u00e0ng. M\u1ecdi ph\u1ea3n h\u1ed3i t\u1eeb kh\u00e1ch h\u00e0ng s\u1ebd \u0111\u01b0\u1ee3c chuy\u1ec3n \u0111\u1ebfn c\u1ea5p qu\u1ea3n l\u00fd cao nh\u1ea5t c\u1ee7a Beryl Beauty &amp; Spa \u0111\u1ec3 xem x\u00e9t v\u00e0 \u0111\u01b0a ra c\u00e1c \u0111i\u1ec1u ch\u1ec9nh k\u1ecbp th\u1eddi.<\/p>\n<h3><strong>KH\u00d4NG GIAN SANG TR\u1eccNG, TH\u01af GI\u00c3N<\/strong><\/h3>\n<p>Beryl Beauty &amp; Spa \u0111\u01b0\u1ee3c thi\u1ebft k\u1ebf theo ch\u1ee7 \u0111\u1ea1o phong c\u00e1ch ph\u01b0\u01a1ng t\u00e2y. Khi b\u01b0\u1edbc v\u00e0o kh\u00f4ng gian b\u1ea1n s\u1ebd c\u1ea3m nh\u1eadn \u0111\u01b0\u1ee3c m\u1ed9t s\u1ef1 \u1ea5m \u00e1p, sang tr\u1ecdng, th\u00e2n thi\u1ec7n v\u00e0 tr\u00e0n \u0111\u1ea7y n\u0103ng l\u01b0\u1ee3ng s\u1ed1ng.<\/p>\n<p><img title=\"Gi\u1edbi thi\u1ec7u kh\u00f4ng gian sang tr\u1ecdng c\u1ee7a Beryl Beauty &amp; Spa\" src=\"https:\/\/berylbeauty.com.vn\/kcfinder\/upload\/images\/gioi-thieu-khong-gian-beryl-beauty-spa.jpg\" alt=\"Gi\u1edbi thi\u1ec7u kh\u00f4ng gian sang tr\u1ecdng c\u1ee7a Beryl Beauty &amp; Spa\" \/><\/p>\n<h3><strong>Gi\u1edbi thi\u1ec7u kh\u00f4ng gian sang tr\u1ecdng c\u1ee7a Beryl Beauty &amp; Spa<\/strong><\/h3>\n<p>\u2666\u00a0M\u00c0U V\u00c0NG t\u01b0\u1ee3ng tr\u01b0ng cho \u00e1nh b\u00ecnh minh r\u1ef1c r\u1ee1, kh\u1edfi t\u1ea1o cho m\u1ecdi \u0111i\u1ec1u t\u1ed1t l\u00e0nh, l\u00e0 m\u00e0u c\u1ee7a s\u1ef1 qu\u00fd ph\u00e1i v\u00e0 sang tr\u1ecdng. N\u00f3 lu\u00f4n mang \u0111\u1ebfn cho con ng\u01b0\u1eddi c\u1ea3m gi\u00e1c \u0111\u01b0\u1ee3c kh\u00e1m ph\u00e1 v\u00e0 tr\u00e0n \u0111\u1ea7y hy v\u1ecdng.<\/p>\n<p>\u2666\u00a0M\u00c0U TR\u1eaeNG l\u00e0 th\u1ec3 hi\u1ec7n s\u1ef1 thu\u1ea7n khi\u1ebft, ch\u00e2n th\u00e0nh. M\u00e0u tr\u1eafng c\u00f2n bi\u1ec3u t\u01b0\u1ee3ng cho n\u00e9t tinh kh\u00f4i, c\u1edfi m\u1edf, th\u00e2n thi\u1ec7n v\u1edbi m\u00f4i tr\u01b0\u1eddng.<\/p>\n<h3><strong>THI\u1ebeT B\u1eca, M\u00c1Y M\u00d3C HI\u1ec6N \u0110\u1ea0I TI\u00caN TI\u1ebeN<\/strong><\/h3>\n<p>Chu\u1ed7i c\u00f4ng ngh\u1ec7 hi\u1ec7n \u0111\u1ea1i \u0111\u01b0\u1ee3c nh\u1eadp kh\u1ea9u t\u1eeb c\u00e1c n\u01b0\u1edbc c\u00f3 ng\u00e0nh th\u1ea9m m\u1ef9 ph\u00e1t tri\u1ec3n tr\u00ean th\u1ebf gi\u1edbi s\u1ebd t\u1ea1o n\u00ean nh\u1eefng \u0111\u1ed9t ph\u00e1 m\u1ea1nh m\u1ebd trong vi\u1ec7c \u0111\u1eb7c tr\u1ecb v\u00e0 x\u1eed l\u00fd c\u00e1c b\u1ec7nh l\u00fd tr\u00ean da. C\u00e1c thi\u1ebft b\u1ecb v\u00e0 quy tr\u00ecnh \u0111i\u1ec1u tr\u1ecb, ch\u0103m s\u00f3c s\u1eafc \u0111\u1eb9p \u0111\u1ec1u ph\u1ea3i qua c\u00e1c cu\u1ed9c th\u1eed nghi\u1ec7m v\u00e0 quy tr\u00ecnh ki\u1ec3m duy\u1ec7t g\u1eaft gao nh\u1ea5t.<\/p>\n<p>\u0110\u1ed3ng th\u1eddi, c\u00f4ng ngh\u1ec7 c\u1ee7a Beryl Beauty &amp; Spa s\u1ebd gi\u00fap ti\u1ebft ki\u1ec7m th\u1eddi gian v\u00e0 chi ph\u00ed, th\u00fac \u0111\u1ea9y qu\u00e1 tr\u00ecnh ph\u1ee5c h\u1ed3i v\u00e0 nhanh \u0111em l\u1ea1i k\u1ebft qu\u1ea3 nh\u01b0 \u00fd mu\u1ed1n cho qu\u00fd kh\u00e1ch h\u00e0ng.<\/p>\n<p><img title=\"Gi\u1edbi thi\u1ec7u h\u1ec7 th\u1ed1ng m\u00e1y m\u00f3c ti\u00ean ti\u1ebfn c\u1ee7a Beryl Beauty &amp; Spa\" src=\"https:\/\/berylbeauty.com.vn\/kcfinder\/upload\/images\/gioi-thieu-may-moc-beryl-beauty-spa.jpg\" alt=\"Gi\u1edbi thi\u1ec7u h\u1ec7 th\u1ed1ng m\u00e1y m\u00f3c ti\u00ean ti\u1ebfn c\u1ee7a Beryl Beauty &amp; Spa\" \/><\/p>\n<h3><strong>Gi\u1edbi thi\u1ec7u h\u1ec7 th\u1ed1ng m\u00e1y m\u00f3c ti\u00ean ti\u1ebfn c\u1ee7a Beryl Beauty &amp; Spa<\/strong><\/h3>\n<h4><strong>S\u1ea2N PH\u1ea8M UY T\u00cdN CH\u1ea4T L\u01af\u1ee2NG<\/strong><\/h4>\n<p>Khi b\u1ea1n \u0111\u00e3 c\u00f3 1 l\u00e0n da \u0111\u1eb9p v\u00e0 kh\u1ecfe, ch\u00fang ta s\u1ebd kh\u00f4ng c\u00f2n n\u1ee1 b\u00f4i l\u00ean da c\u1ee7a m\u00ecnh nh\u1eefng s\u1ea3n ph\u1ea9m g\u00e2y h\u1ea1i, \u0111\u1eb9p nhanh ch\u00f3ng nh\u01b0ng s\u1ebd \u0111\u1ec3 l\u1ea1i nh\u1eefng h\u1eadu qu\u1ea3 kh\u00f4ng l\u01b0\u1eddng do nh\u1eefng s\u1ea3n ph\u1ea9m \u0111\u00f3 l\u00e0m t\u1ed5n th\u01b0\u01a1ng v\u00e0 ph\u00e1 h\u1ecfng to\u00e0n b\u1ed9 l\u00e0n da c\u1ee7a b\u1ea1n.<\/p>\n<p>Beryl Beauty &amp; Spa cam k\u1ebft s\u1eed d\u1ee5ng c\u00e1c s\u1ea3n ph\u1ea9m c\u00f3 tinh ch\u1ea5t t\u1eeb th\u1ea3o d\u01b0\u1ee3c qu\u00fd hi\u1ebfm v\u00e0 nh\u1eefng th\u00e0nh ph\u1ea7n t\u1ef1 nhi\u00ean kh\u00f4ng h\u00f3a ch\u1ea5t \u0111\u01b0\u1ee3c nh\u1eadp kh\u1ea9u t\u1eeb M\u1ef9, Ph\u00e1p, Nh\u1eadt, H\u00e0n Qu\u1ed1c. Qu\u00fd kh\u00e1ch s\u1ebd \u0111\u01b0\u1ee3c tham gia c\u00e1c ch\u01b0\u01a1ng tr\u00ecnh ch\u0103m s\u00f3c \u0111i\u1ec1u tr\u1ecb da, s\u1ef1 t\u00e1i t\u1ea1o c\u00e2n b\u1eb1ng c\u01a1 th\u1ec3 s\u1ebd gi\u00fap b\u1ea1n c\u1ea3m nh\u1eadn v\u00e0 th\u01b0\u1edfng th\u1ee9c nh\u1eefng gi\u00e1 tr\u1ecb c\u1ee7a cu\u1ed9c s\u1ed1ng.<\/p>\n<h4><strong>D\u1ecaCH V\u1ee4 T\u00c2N TI\u1ebeN, AN TO\u00c0N HI\u1ec6U QU\u1ea2<\/strong><\/h4>\n<p>Beryl Beauty &amp; Spa l\u00e0 \u0111\u1ecba ch\u1ec9 d\u1eabn \u0111\u1ea7u v\u1ec1 \u0111\u1eb7c tr\u1ecb, t\u00e1i t\u1ea1o v\u00e0 ch\u0103m s\u00f3c da b\u1eb1ng c\u00f4ng ngh\u1ec7 cao, \u0111\u1ed3ng th\u1eddi s\u1eed d\u1ee5ng s\u1ea3n ph\u1ea9m chuy\u00ean s\u00e2u c\u00f9ng c\u00e1c d\u00f2ng s\u1ea3n ph\u1ea9m sinh h\u1ecdc kh\u00f4ng c\u00f3 ch\u1ea5t b\u1ea3o qu\u1ea3n.<\/p>\n<p>Hi\u1ec7n t\u1ea1i \u0111ang c\u00f3 c\u00e1c d\u1ecbch v\u1ee5 v\u00e0 li\u1ec7u ph\u00e1p \u0111i\u1ec1u tr\u1ecb sau \u0111\u00e2y:<\/p>\n<p>\u2666\u00a0Tr\u1ecb th\u00e2m m\u1eaft kinh ni\u00ean.<\/p>\n<p>\u2666\u00a0Li\u1ec7u tr\u00ecnh tr\u1ecb n\u00e1m t\u00e0n nhang b\u1eb1ng c\u00f4ng ngh\u1ec7 \u0111\u1ed9c quy\u1ec1n Magic Skin.<\/p>\n<p>\u2666\u00a0Tri\u1ec7t l\u00f4ng b\u1eb1ng c\u00f4ng ngh\u1ec7 ti\u00ean ti\u1ebfn SHR AFT IPL.<\/p>\n<p>\u2666\u00a0Ch\u0103m s\u00f3c da, c\u0103ng b\u00f3ng tr\u1eafng s\u00e1ng da m\u1eb7t b\u1eb1ng tinh th\u1ec3 24k Golden Line, Vi T\u1ea3o Th\u1ee5y \u0110i\u1ec3n, Collagen, Hyaluronic,\u2026<\/p>\n<p>\u2666\u00a0\u0110i\u1ec1u tr\u1ecb m\u1ee5n b\u1eb1ng c\u00f4ng ngh\u1ec7 Hoa K\u1ef3 Blue Light.<\/p>\n<p>\u2666\u00a0T\u1eafm tr\u1eafng b\u1eb1ng c\u00f4ng ngh\u1ec7 Vi T\u1ea3o Bi\u1ec1n Nh\u1eadt, Nano Ng\u1ecdc Trai, Lavender,\u2026<\/p>\n<p>\u2666\u00a0T\u1ea9y da ch\u1ebft v\u00e0 \u1ee7 d\u01b0\u1ee1ng to\u00e0n th\u00e2n.<\/p>\n","protected":false},"excerpt":{"rendered":"<p>BERYL BEAUTY &amp; SPA &#8211; \u0110\u1ec8NH CAO C\u00d4NG NGH\u1ec6 L\u00c0M \u0110\u1eb8P \u0110\u01b0\u1ee3c th\u00e0nh l\u1eadp b\u1edfi Ms.Hu\u1ec7 Anh v\u00e0o ng\u00e0y 01\/06\/2013, gi\u1ea5y ph\u00e9p h\u00e0nh ngh\u1ec1 s\u1ed1: 06 \u2013 17 \/LTD-SRL v\u1edbi m\u1ee5c ti\u00eau t\u1ea1o n\u00ean m\u1ed9t \u0111\u1ecba ch\u1ec9 uy t\u00edn, l\u00e0 \u0110\u1ec8NH CAO C\u00d4NG NGH\u1ec6 L\u00c0M \u0110\u1eb8P cho ch\u1ecb em ph\u1ee5 n\u1eef t\u1ef1 tin l\u1ef1a ch\u1ecdn &#8230;<\/p>\n","protected":false},"author":2,"featured_media":0,"parent":0,"menu_order":0,"comment_status":"closed","ping_status":"closed","template":"page-right-sidebar.php","meta":[],"_links":{"self":[{"href":"https:\/\/webmaibinh.com\/w\/spa32011\/wp-json\/wp\/v2\/pages\/37"}],"collection":[{"href":"https:\/\/webmaibinh.com\/w\/spa32011\/wp-json\/wp\/v2\/pages"}],"about":[{"href":"https:\/\/webmaibinh.com\/w\/spa32011\/wp-json\/wp\/v2\/types\/page"}],"author":[{"embeddable":true,"href":"https:\/\/webmaibinh.com\/w\/spa32011\/wp-json\/wp\/v2\/users\/2"}],"replies":[{"embeddable":true,"href":"https:\/\/webmaibinh.com\/w\/spa32011\/wp-json\/wp\/v2\/comments?post=37"}],"version-history":[{"count":0,"href":"https:\/\/webmaibinh.com\/w\/spa32011\/wp-json\/wp\/v2\/pages\/37\/revisions"}],"wp:attachment":[{"href":"https:\/\/webmaibinh.com\/w\/spa32011\/wp-json\/wp\/v2\/media?parent=37"}],"curies":[{"name":"wp","href":"https:\/\/api.w.org\/{rel}","templated":true}]}}