{"id":7,"date":"2018-03-26T12:07:22","date_gmt":"2018-03-26T05:07:22","guid":{"rendered":"http:\/\/spa1.khowebseotop.vn\/?page_id=7"},"modified":"2018-11-24T14:43:09","modified_gmt":"2018-11-24T07:43:09","slug":"gioi-thieu-giuseart","status":"publish","type":"page","link":"https:\/\/webmaibinh.com\/w\/spa12011\/gioi-thieu-giuseart\/","title":{"rendered":"Gi\u1edbi thi\u1ec7u"},"content":{"rendered":"<h1>Spa l\u00e0 g\u00ec, d\u1ecbch v\u1ee5 spa g\u1ed3m nh\u1eefng g\u00ec<\/h1>\n<p>Nh\u1eafc \u0111\u1ebfn spa, tr\u01b0\u1edbc \u0111\u00e2y, ng\u01b0\u1eddi ta th\u01b0\u1eddng ngh\u0129 \u0111\u00f3 l\u00e0 nh\u1eefng g\u00ec xa x\u1ec9 cao c\u1ea5p. Nh\u01b0ng hi\u1ec7n nay, khi ch\u1ea5t l\u01b0\u1ee3ng cu\u1ed9c s\u1ed1ng ng\u00e0y c\u00e0ng \u0111\u01b0\u1ee3c c\u1ea3i thi\u1ec7n v\u00e0 n\u00e2ng cao, spa l\u00e0 n\u01a1i mang \u0111\u1ebfn s\u1ef1 tho\u1ea3i m\u00e1i tuy\u1ec7t \u0111\u1ed1i v\u1ec1 th\u1ec3 ch\u1ea5t l\u1eabn tinh th\u1ea7n. \u0110\u1ec3 c\u00f3 \u0111\u01b0\u1ee3c \u0111i\u1ec1u n\u00e0y \u0111\u00f2i h\u1ecfi s\u1ef1 k\u1ebft h\u1ee3p ho\u00e0n h\u1ea3o gi\u1eefa thi\u1ebft k\u1ebf kh\u00f4ng gian sang tr\u1ecdng, \u1ea5m c\u00fang, y\u00ean t\u0129nh v\u1edbi nh\u1eefng chuy\u00ean vi\u00ean tr\u1ecb li\u1ec7u c\u00f3 tay ngh\u1ec1 cao, t\u1ea1o ra m\u1ed9t tr\u1ea3i nghi\u1ec7m tuy\u1ec7t v\u1eddi cho kh\u00e1ch h\u00e0ng. V\u1eady ch\u00ednh x\u00e1c\u00a0<strong>spa l\u00e0 g\u00ec<\/strong>\u00a0v\u00e0 d\u1ecbch v\u1ee5 spa g\u1ed3m nh\u1eefng g\u00ec? H\u00e3y c\u00f9ng Minh Ki\u1ec7t Spa th\u1eed t\u00ecm hi\u1ec3u b\u1ea1n nh\u00e9!<\/p>\n<h2>Spa l\u00e0 g\u00ec?<\/h2>\n<p>T\u1eeb \u201cspa\u201d ra \u0111\u1eddi t\u1eeb trong th\u1ebf k\u1ef7 19 v\u00e0 \u0111\u1ea7u th\u1ebf k\u1ef7 20 c\u00f3 ngh\u0129a l\u00e0 m\u1ed9t khu ngh\u1ec9 d\u01b0\u1ee1ng t\u1eadp trung xung quanh su\u1ed1i kho\u1ea3ng \u2013 d\u00f9ng n\u01b0\u1edbc \u0111\u1ec3 ch\u1eefa tr\u1ecb b\u1ec7nh, gi\u00fap tinh th\u1ea7n s\u1ea3ng kho\u00e1i h\u01a1n. Qua n\u0103m th\u00e1ng v\u00e0 nhu c\u1ea7u t\u0103ng cao,\u00a0<strong>spa hi\u1ec7n nay<\/strong>\u00a0l\u00e0 n\u01a1i ch\u0103m s\u00f3c tr\u1ecb li\u1ec7u khuy\u1ebfn kh\u00edch s\u1ef1 thay \u0111\u1ed5i, mang l\u1ea1i s\u1ef1 tho\u1ea3i m\u00e1i tuy\u1ec7t \u0111\u1ed1i v\u1ec1 t\u00e2m tr\u00ed, c\u01a1 th\u1ec3 v\u00e0 tinh th\u1ea7n.<\/p>\n<p>Kh\u00e1i ni\u1ec7m spa hi\u1ec7n nay hay b\u1ecb nh\u1ea7m l\u1eabn. Nhi\u1ec1u c\u01a1 s\u1edf kinh doanh t\u01b0\u1edfng m\u00ecnh l\u00e0 m\u1ed9t spa nh\u01b0ng th\u1ef1c ch\u1ea5t v\u1eabn ch\u01b0a \u0111\u1ea1t \u0111\u01b0\u1ee3c. B\u1edfi m\u1ed9t\u00a0<strong>spa ti\u00eau chu\u1ea9n<\/strong>\u00a0c\u1ea7n \u0111\u00e1nh th\u1ee9c 5 gi\u00e1c quan c\u1ee7a kh\u00e1ch h\u00e0ng: th\u1ecb gi\u00e1c v\u1edbi kh\u00f4ng gian \u0111\u1eb9p, an l\u00e0nh; th\u00ednh gi\u00e1c v\u1edbi ti\u1ebfng nh\u1ea1c du d\u01b0\u01a1ng; kh\u1ee9u gi\u00e1c v\u1edbi m\u00f9i h\u01b0\u01a1ng thoang tho\u1ea3ng t\u1eeb tinh d\u1ea7u; x\u00fac gi\u00e1c v\u1edbi s\u1ef1 tho\u1ea3i m\u00e1i b\u1edfi b\u00e0n tay \u0111i\u00eau luy\u1ec7n c\u1ee7a k\u1ef9 thu\u1eadt vi\u00ean; v\u1ecb gi\u00e1c v\u1edbi nh\u1eefng t\u00e1ch tr\u00e0 \u1ea5m n\u00f3ng khi ngh\u1ec9 ng\u01a1i ch\u1edd \u0111\u1ee3i.<\/p>\n<p><img loading=\"lazy\" class=\"aligncenter wp-image-966\" src=\"https:\/\/minhkietspa.vn\/wp-content\/uploads\/2018\/06\/spa-li%E1%BB%87u-ph%C3%A1p-tr%E1%BB%8B-n%C6%B0%E1%BB%9Bc.jpg\" sizes=\"(max-width: 670px) 100vw, 670px\" srcset=\"https:\/\/minhkietspa.vn\/wp-content\/uploads\/2018\/06\/spa-li\u1ec7u-ph\u00e1p-tr\u1ecb-n\u01b0\u1edbc.jpg 800w, https:\/\/minhkietspa.vn\/wp-content\/uploads\/2018\/06\/spa-li\u1ec7u-ph\u00e1p-tr\u1ecb-n\u01b0\u1edbc-300x214.jpg 300w, https:\/\/minhkietspa.vn\/wp-content\/uploads\/2018\/06\/spa-li\u1ec7u-ph\u00e1p-tr\u1ecb-n\u01b0\u1edbc-768x548.jpg 768w\" alt=\"spa- li\u1ec7u ph\u00e1p tr\u1ecb n\u01b0\u1edbc\" width=\"670\" height=\"478\" \/><\/p>\n<p>M\u1ecdi ng\u01b0\u1eddi r\u1ea5t hay nh\u1ea7m gi\u1eefa spa v\u00e0 ng\u00e0nh ch\u0103m s\u00f3c s\u1ee9c kh\u1ecfe wellness. B\u1edfi hai ng\u00e0nh n\u00e0y \u0111\u1ec1u c\u00f3 m\u1ee5c \u0111\u00edch n\u00e2ng cao ch\u1ea5t l\u01b0\u1ee3ng s\u1ee9c kh\u1ecfe c\u1ee7a con ng\u01b0\u1eddi. V\u1eady n\u00f3 kh\u00e1c nhau nh\u01b0 th\u1ebf n\u00e0o?<\/p>\n<ul>\n<li>Trung t\u00e2m ch\u0103m s\u00f3c s\u1ee9c kh\u1ecfe bao g\u1ed3m m\u1ed9t lo\u1ea1t c\u00e1c d\u1ecbch v\u1ee5 \u0111\u01b0\u1ee3c d\u1ef1a tr\u00ean c\u00e1c li\u1ec7u ph\u00e1p y t\u1ebf trong khi spa l\u00e0 n\u01a1i l\u00fd t\u01b0\u1edfng \u0111\u1ec3 th\u01b0 gi\u00e3n;<\/li>\n<li>D\u1ecbch v\u1ee5 ch\u0103m s\u00f3c s\u1ee9c kh\u1ecfe cung c\u1ea5p ch\u1ee7 y\u1ebfu h\u01b0\u1edbng t\u1edbi c\u00e1c h\u00ecnh th\u1ee9c massage kh\u00e1c nhau, trong khi spa cung c\u1ea5p c\u00e1c d\u1ecbch v\u1ee5 ch\u1ee7 y\u1ebfu h\u01b0\u1edbng t\u1edbi c\u00e1c li\u1ec7u ph\u00e1p th\u1ea9m m\u1ef9 v\u00e0 ch\u0103m s\u00f3c to\u00e0n th\u00e2n;<\/li>\n<li>Trong m\u1ed9t v\u00e0i tr\u01b0\u1eddng h\u1ee3p, ch\u0103m s\u00f3c s\u1ee9c kh\u1ecfe \u0111\u01b0\u1ee3c \u0111\u1ecbnh ngh\u0129a l\u00e0 c\u1ea7n thi\u1ebft trong khi spa \u0111\u01b0\u1ee3c \u0111\u1ecbnh ngh\u0129a l\u00e0 sang tr\u1ecdng. Do \u0111\u00f3, gi\u00e1 d\u1ecbch v\u1ee5 ch\u0103m s\u00f3c s\u1ee9c kh\u1ecfe th\u01b0\u1eddng th\u1ea5p h\u01a1n gi\u00e1\u00a0<strong>d\u1ecbch v\u1ee5 spa<\/strong>.<\/li>\n<li>T\u00ecm hi\u1ec3u m\u1ee9c\u00a0chi ph\u00ed m\u1edf spa nh\u1ecf bao nhi\u00eau ti\u1ec1n\u00a0\u0111\u1ec3 t\u1eeb \u0111\u00f3 c\u00f3 s\u1ef1 chu\u1ea9n b\u1ecb k\u1ef9 c\u00e0ng tr\u01b0\u1edbc khi kinh doanh nh\u00e9.<\/li>\n<\/ul>\n<p><img loading=\"lazy\" class=\"aligncenter wp-image-970\" src=\"https:\/\/minhkietspa.vn\/wp-content\/uploads\/2018\/06\/tr%E1%BB%8B-li%E1%BB%87u.jpg\" sizes=\"(max-width: 670px) 100vw, 670px\" srcset=\"https:\/\/minhkietspa.vn\/wp-content\/uploads\/2018\/06\/tr\u1ecb-li\u1ec7u.jpg 800w, https:\/\/minhkietspa.vn\/wp-content\/uploads\/2018\/06\/tr\u1ecb-li\u1ec7u-300x192.jpg 300w, https:\/\/minhkietspa.vn\/wp-content\/uploads\/2018\/06\/tr\u1ecb-li\u1ec7u-768x492.jpg 768w\" alt=\"tr\u1ecb li\u1ec7u\" width=\"670\" height=\"429\" \/><\/p>\n<h2>D\u1ecbch v\u1ee5 spa g\u1ed3m nh\u1eefng g\u00ec<\/h2>\n<p>\u1ede Vi\u1ec7t Nam ch\u00fang ta th\u01b0\u1eddng ch\u1ec9 bi\u1ebft kh\u00e1i ni\u1ec7m chung chung l\u00e0 \u0111i spa nh\u01b0ng kh\u00f4ng m\u1ea5y ai bi\u1ebft nh\u1eefng lo\u1ea1i h\u00ecnh spa c\u1ee5 th\u1ec3 v\u00e0 d\u1ecbch v\u1ee5 c\u1ee7a n\u00f3 nh\u01b0 th\u1ebf n\u00e0o.<\/p>\n<p><img loading=\"lazy\" class=\"aligncenter wp-image-969\" src=\"https:\/\/minhkietspa.vn\/wp-content\/uploads\/2018\/06\/d%E1%BB%8Bch-v%E1%BB%A5-spa.jpg\" sizes=\"(max-width: 670px) 100vw, 670px\" srcset=\"https:\/\/minhkietspa.vn\/wp-content\/uploads\/2018\/06\/d\u1ecbch-v\u1ee5-spa.jpg 800w, https:\/\/minhkietspa.vn\/wp-content\/uploads\/2018\/06\/d\u1ecbch-v\u1ee5-spa-300x189.jpg 300w, https:\/\/minhkietspa.vn\/wp-content\/uploads\/2018\/06\/d\u1ecbch-v\u1ee5-spa-768x485.jpg 768w\" alt=\"d\u1ecbch v\u1ee5 spa\" width=\"670\" height=\"423\" \/><\/p>\n<ul>\n<li><strong>Day spa<\/strong>: \u0111\u00e2y l\u00e0 lo\u1ea1i h\u00ecnh spa ph\u1ed5 bi\u1ebfn nh\u1ea5t \u1edf Vi\u1ec7t Nam. V\u1edbi lo\u1ea1i h\u00ecnh spa n\u00e0y, kh\u00e1ch h\u00e0ng c\u00f3 th\u1ec3 \u0111\u1ec1u \u0111\u1eb7n gh\u00e9 th\u01b0\u1eddng xuy\u00ean theo tu\u1ea7n, th\u00e1ng. M\u1ed7i d\u1ecbch v\u1ee5 k\u00e9o d\u00e0i t\u1eeb v\u00e0i gi\u1edd cho \u0111\u1ebfn n\u1eeda ng\u00e0y ho\u1eb7c c\u00f3 khi l\u00e0 c\u1ea3 ng\u00e0y \u0111\u1ed1i v\u1edbi g\u00f3i d\u1ecbch v\u1ee5 k\u1ebft h\u1ee3p. Day spa cung c\u1ea5p d\u1ecbch v\u1ee5 bao g\u1ed3m tr\u1ecb li\u1ec7u to\u00e0n th\u00e2n, m\u00f3ng tay, ch\u0103m s\u00f3c da m\u1eb7t\u2026 M\u1ed9t day spa s\u1ebd c\u00f3 nh\u1eefng ph\u00f2ng nh\u01b0:ph\u00f2ng thay \u0111\u1ed3, ph\u00f2ng x\u00f4ng h\u01a1i, ph\u00f2ng t\u1eafm h\u01a1i, ph\u00f2ng ch\u0103m s\u00f3c tr\u1ecb li\u1ec7u v\u00e0 m\u1ed9t khu v\u1ef1c salon \u0111\u1ec3 kh\u00e1ch h\u00e0ng th\u01b0\u1edfng th\u1ee9c n\u01b0\u1edbc u\u1ed1ng tr\u00e0 b\u1ed5 d\u01b0\u1ee1ng. Day spa th\u01b0\u1eddng \u0111\u01b0\u1ee3c k\u1ebft h\u1ee3p v\u1edbi salon t\u00f3c nh\u01b0ng n\u00ean c\u00f3 kh\u00f4ng gian ri\u00eang bi\u1ec7t ho\u1eb7c tr\u00ean m\u1ed9t t\u1ea7ng kh\u00e1c nhau \u0111\u1ec3 gi\u1eef b\u1ea7u kh\u00f4ng kh\u00ed spa trong l\u00e0nh, y\u00ean t\u0129nh.<\/li>\n<\/ul>\n<p><img loading=\"lazy\" class=\"aligncenter wp-image-971\" src=\"https:\/\/minhkietspa.vn\/wp-content\/uploads\/2018\/06\/spa-1.jpg\" sizes=\"(max-width: 670px) 100vw, 670px\" srcset=\"https:\/\/minhkietspa.vn\/wp-content\/uploads\/2018\/06\/spa-1.jpg 800w, https:\/\/minhkietspa.vn\/wp-content\/uploads\/2018\/06\/spa-1-300x194.jpg 300w, https:\/\/minhkietspa.vn\/wp-content\/uploads\/2018\/06\/spa-1-768x496.jpg 768w\" alt=\"spa 1\" width=\"670\" height=\"433\" \/><\/p>\n<ul>\n<li><strong>Destination Spa<\/strong>: Kh\u00e1c v\u1edbi spa th\u00f4ng th\u01b0\u1eddng, \u0111\u1ebfn v\u1edbi destination spa, ngo\u00e0i vi\u1ec7c \u0111\u01b0\u1ee3c ch\u0103m s\u00f3c th\u01b0 gi\u00e3n, kh\u00e1ch h\u00e0ng s\u1ebd tham gia v\u00e0o nh\u1eefng l\u1edbp h\u1ecdc v\u1ec1 ch\u0103m s\u00f3c s\u1ee9c kh\u1ecfe bao g\u1ed3m t\u1eadp th\u1ec3 d\u1ee5c nh\u01b0 yoga hay n\u1ea5u nh\u1eefng m\u00f3n \u0103n b\u1ed5 d\u01b0\u1ee1ng. Destination spa y\u00eau c\u1ea7u l\u01b0u tr\u00fa t\u1ed1i thi\u1ec3u t\u1eeb hai \u0111\u1ebfn ba \u0111\u00eam v\u00e0 khuy\u1ebfn kh\u00edch l\u00e2u h\u01a1n n\u1eefa.<\/li>\n<li><strong>Resort &amp; Hotel spa<\/strong>: V\u00e0o nh\u1eefng n\u0103m 1990, nhi\u1ec1u khu ngh\u1ec9 d\u01b0\u1ee1ng v\u00e0 kh\u00e1ch s\u1ea1n b\u1eaft \u0111\u1ea7u \u0111\u01b0a spa v\u00e0o \u0111\u1ec3 kh\u00e1ch h\u00e0ng c\u00f3 th\u1ec3 t\u1eadn h\u01b0\u1edfng d\u1ecbch\u00a0<strong>v\u1ee5 massage<\/strong>\u00a0b\u00ean c\u1ea1nh nh\u1eefng th\u00fa vui kh\u00e1c nh\u01b0 ch\u01a1i golf, tennis, b\u01a1i l\u1ed9i. Kh\u00f4ng gian c\u1ea3nh quan \u0111\u1eb9p l\u00e0 \u01b0u \u0111i\u1ec3m l\u1edbn nh\u1ea5t c\u1ee7a lo\u1ea1i h\u00ecnh spa n\u00e0y.<\/li>\n<\/ul>\n","protected":false},"excerpt":{"rendered":"<p>Spa l\u00e0 g\u00ec, d\u1ecbch v\u1ee5 spa g\u1ed3m nh\u1eefng g\u00ec Nh\u1eafc \u0111\u1ebfn spa, tr\u01b0\u1edbc \u0111\u00e2y, ng\u01b0\u1eddi ta th\u01b0\u1eddng ngh\u0129 \u0111\u00f3 l\u00e0 nh\u1eefng g\u00ec xa x\u1ec9 cao c\u1ea5p. Nh\u01b0ng hi\u1ec7n nay, khi ch\u1ea5t l\u01b0\u1ee3ng cu\u1ed9c s\u1ed1ng ng\u00e0y c\u00e0ng \u0111\u01b0\u1ee3c c\u1ea3i thi\u1ec7n v\u00e0 n\u00e2ng cao, spa l\u00e0 n\u01a1i mang \u0111\u1ebfn s\u1ef1 tho\u1ea3i m\u00e1i tuy\u1ec7t \u0111\u1ed1i v\u1ec1 th\u1ec3 ch\u1ea5t [&#8230;]\n","protected":false},"author":2,"featured_media":0,"parent":0,"menu_order":0,"comment_status":"closed","ping_status":"closed","template":"page-right-sidebar.php","meta":[],"_links":{"self":[{"href":"https:\/\/webmaibinh.com\/w\/spa12011\/wp-json\/wp\/v2\/pages\/7"}],"collection":[{"href":"https:\/\/webmaibinh.com\/w\/spa12011\/wp-json\/wp\/v2\/pages"}],"about":[{"href":"https:\/\/webmaibinh.com\/w\/spa12011\/wp-json\/wp\/v2\/types\/page"}],"author":[{"embeddable":true,"href":"https:\/\/webmaibinh.com\/w\/spa12011\/wp-json\/wp\/v2\/users\/2"}],"replies":[{"embeddable":true,"href":"https:\/\/webmaibinh.com\/w\/spa12011\/wp-json\/wp\/v2\/comments?post=7"}],"version-history":[{"count":1,"href":"https:\/\/webmaibinh.com\/w\/spa12011\/wp-json\/wp\/v2\/pages\/7\/revisions"}],"predecessor-version":[{"id":1063,"href":"https:\/\/webmaibinh.com\/w\/spa12011\/wp-json\/wp\/v2\/pages\/7\/revisions\/1063"}],"wp:attachment":[{"href":"https:\/\/webmaibinh.com\/w\/spa12011\/wp-json\/wp\/v2\/media?parent=7"}],"curies":[{"name":"wp","href":"https:\/\/api.w.org\/{rel}","templated":true}]}}