{"id":5,"date":"2018-03-26T12:07:16","date_gmt":"2018-03-26T05:07:16","guid":{"rendered":"http:\/\/spa1.khowebseotop.vn\/?page_id=5"},"modified":"2020-05-07T22:54:43","modified_gmt":"2020-05-07T15:54:43","slug":"lien-he","status":"publish","type":"page","link":"https:\/\/webmaibinh.com\/w\/spa12011\/lien-he\/","title":{"rendered":"Li\u00ean h\u1ec7"},"content":{"rendered":"\n<h3>V\u1ec0 CH\u00daNG T\u00d4I<\/h3>\n<p><strong>Minh Ki\u1ec7t<\/strong>\u00a0t\u1ef1 h\u00e0o l\u00e0 m\u1ed9t c\u00f4ng ty h\u00e0ng \u0111\u1ea7u trong l\u0129nh v\u1ef1c\u00a0<strong>thi\u1ebft k\u1ebf v\u00e0 thi c\u00f4ng n\u1ed9i th\u1ea5t SPA<\/strong>. V\u1edbi kinh nghi\u1ec7m tri\u1ec3n khai th\u1ef1c t\u1ebf t\u1eeb nh\u1eefng c\u00f4ng tr\u00ecnh h\u00e0ng \u0111\u1ea7u Vi\u1ec7t Nam, ch\u00fang t\u00f4i c\u00f3 th\u1ec3 t\u01b0 v\u1ea5n s\u00e2u h\u01a1n v\u1ec1 c\u00e1c d\u1ef1 \u00e1n SPA c\u1ee7a qu\u00fd kh\u00e1ch.<\/p>\n<p>Ch\u00fang t\u00f4i lu\u00f4n mong mu\u1ed1n \u0111em \u0111\u1ebfn qu\u00fd kh\u00e1ch h\u00e0ng nh\u1eefng \u00fd t\u01b0\u1edfng thi\u1ebft k\u1ebf \u0111\u1ed9c \u0111\u00e1o trong m\u1ed7i d\u1ef1 \u00e1n. N\u1ebfu qu\u00fd kh\u00e1ch c\u00f3 \u00fd \u0111\u1ecbnh m\u1edf SPA, Massage hay Th\u1ea9m m\u1ef9 vi\u1ec7n,\u2026 H\u00e3y \u0111\u1ec3 MK Design t\u01b0 v\u1ea5n v\u00e0 gi\u00fap qu\u00fd kh\u00e1ch c\u00f3 \u0111\u01b0\u1ee3c m\u1ed9t kh\u00f4ng gian ho\u00e0n h\u1ea3o nh\u1ea5t !<\/p>\n<p><strong>C\u00d4NG TY C\u1ed4 PH\u1ea6N N\u1ed8I TH\u1ea4T MINH KI\u1ec6T LTT<\/strong><\/p>\n<p>Add: Ph\u1ea1m V\u0103n B\u1ea1ch, P. 15, Q. T\u00e2n B\u00ecnh, Tp. HCM<\/p>\n<p>Hotline : 0999.999.999<\/p>\n<p>T\u01b0 v\u1ea5n &amp; CSKH : 0999.999.999<\/p>\n<p>Website : www.tenweb.vn<\/p>\n\n","protected":false},"excerpt":{"rendered":"<p>V\u1ec0 CH\u00daNG T\u00d4I Minh Ki\u1ec7t\u00a0t\u1ef1 h\u00e0o l\u00e0 m\u1ed9t c\u00f4ng ty h\u00e0ng \u0111\u1ea7u trong l\u0129nh v\u1ef1c\u00a0thi\u1ebft k\u1ebf v\u00e0 thi c\u00f4ng n\u1ed9i th\u1ea5t SPA. V\u1edbi kinh nghi\u1ec7m tri\u1ec3n khai th\u1ef1c t\u1ebf t\u1eeb nh\u1eefng c\u00f4ng tr\u00ecnh h\u00e0ng \u0111\u1ea7u Vi\u1ec7t Nam, ch\u00fang t\u00f4i c\u00f3 th\u1ec3 t\u01b0 v\u1ea5n s\u00e2u h\u01a1n v\u1ec1 c\u00e1c d\u1ef1 \u00e1n SPA c\u1ee7a qu\u00fd kh\u00e1ch. Ch\u00fang t\u00f4i [&#8230;]\n","protected":false},"author":2,"featured_media":0,"parent":0,"menu_order":0,"comment_status":"closed","ping_status":"closed","template":"page-right-sidebar.php","meta":[],"_links":{"self":[{"href":"https:\/\/webmaibinh.com\/w\/spa12011\/wp-json\/wp\/v2\/pages\/5"}],"collection":[{"href":"https:\/\/webmaibinh.com\/w\/spa12011\/wp-json\/wp\/v2\/pages"}],"about":[{"href":"https:\/\/webmaibinh.com\/w\/spa12011\/wp-json\/wp\/v2\/types\/page"}],"author":[{"embeddable":true,"href":"https:\/\/webmaibinh.com\/w\/spa12011\/wp-json\/wp\/v2\/users\/2"}],"replies":[{"embeddable":true,"href":"https:\/\/webmaibinh.com\/w\/spa12011\/wp-json\/wp\/v2\/comments?post=5"}],"version-history":[{"count":2,"href":"https:\/\/webmaibinh.com\/w\/spa12011\/wp-json\/wp\/v2\/pages\/5\/revisions"}],"predecessor-version":[{"id":1076,"href":"https:\/\/webmaibinh.com\/w\/spa12011\/wp-json\/wp\/v2\/pages\/5\/revisions\/1076"}],"wp:attachment":[{"href":"https:\/\/webmaibinh.com\/w\/spa12011\/wp-json\/wp\/v2\/media?parent=5"}],"curies":[{"name":"wp","href":"https:\/\/api.w.org\/{rel}","templated":true}]}}