{"id":189,"date":"2019-09-05T16:49:30","date_gmt":"2019-09-05T09:49:30","guid":{"rendered":"http:\/\/shopvai.w2steam.com\/?post_type=product&#038;p=189"},"modified":"2019-09-05T16:49:30","modified_gmt":"2019-09-05T09:49:30","slug":"vai-thun-cat-han","status":"publish","type":"product","link":"https:\/\/webmaibinh.com\/w\/shopvai2011\/s\u1ea3n ph\u1ea9m\/vai-thun-cat-han\/","title":{"rendered":"V\u1ea3i thun c\u00e1t h\u00e0n"},"content":{"rendered":"<p>V\u1ea3i Thun c\u00e1t h\u00e0n l\u00e0 m\u1ed9t lo\u1ea1i v\u1ea3i thun poly \u0111\u01b0\u1ee3c x\u1eed l\u00fd t\u01a1i x\u1ed1p b\u1ec1 m\u1eb7t. N\u00ean n\u00f3 c\u00f3 \u0111\u1ed9 \u0111\u00e1nh nhuy\u1ec5n m\u1eb7t v\u1ea3i x\u00f9 t\u1ea1o c\u1ea3m gi\u00e1c d\u00e0y d\u1eb7n cho m\u00ecnh v\u1ea3i. \u0110\u01b0\u1ee3c ra \u0111\u1eddi nh\u1eb1m thay \u0111\u1ed5i m\u1eabu m\u00e3 b\u00ean c\u1ea1nh c\u00e1c lo\u1ea1i v\u1ea3i kh\u00e1c may \u0111\u1ed3 b\u1ed9, v\u00e1y ph\u1ee5 n\u1eef.<\/p>\n<p>Hi\u1ec7n nay c\u00f3 lo\u1ea1i v\u1ea3i misa kim tuy\u1ebfn c\u0169ng r\u1ea5t chu\u1ed9ng \u0111\u1ec3 thay th\u1ebf may \u0111\u1ed3 b\u1ed9, \u0111\u1ea7m v\u00e1y d\u1ea1 h\u1ed9i.<\/p>\n<p>Chu k\u1ef3 m\u1ed7i lo\u1ea1i v\u1ea3i thun may \u0111\u1ed3 b\u1ed9 lu\u00f4n thay \u0111\u1ed5i theo m\u00f9a, theo t\u1eebng n\u0103m. Nh\u1eb1m tr\u00e1nh s\u1ef1 nh\u00e0m ch\u00e1n v\u00e0 thay \u0111\u1ed5i \u0111\u1ec3 cho ra \u0111\u1eddi nhi\u1ec1u m\u1eabu m\u00e3 \u0111a d\u1ea1ng h\u01a1n. C\u1eeda h\u00e0ng v\u1ea3i D\u0169ng \u00c1nh lu\u00f4n c\u00f3 c\u00e1c m\u1eabu v\u1ea3i thun m\u1edbi \u0111\u1ec3 gi\u00fap kh\u00e1ch h\u00e0ng c\u00f3 nhi\u1ec1u s\u1ef1 l\u1ef1a ch\u1ecdn h\u01a1n.<\/p>\n","protected":false},"excerpt":{"rendered":"<p>V\u1ea3i Thun c\u00e1t h\u00e0n l\u00e0 m\u1ed9t lo\u1ea1i v\u1ea3i thun poly \u0111\u01b0\u1ee3c x\u1eed l\u00fd t\u01a1i x\u1ed1p b\u1ec1 m\u1eb7t. N\u00ean n\u00f3 c\u00f3 \u0111\u1ed9 \u0111\u00e1nh nhuy\u1ec5n m\u1eb7t v\u1ea3i x\u00f9 t\u1ea1o c\u1ea3m gi\u00e1c d\u00e0y d\u1eb7n cho m\u00ecnh v\u1ea3i. \u0110\u01b0\u1ee3c ra \u0111\u1eddi nh\u1eb1m thay \u0111\u1ed5i m\u1eabu m\u00e3 b\u00ean c\u1ea1nh c\u00e1c lo\u1ea1i v\u1ea3i kh\u00e1c may \u0111\u1ed3 b\u1ed9, v\u00e1y ph\u1ee5 n\u1eef. Hi\u1ec7n &#8230;<\/p>\n","protected":false},"featured_media":190,"comment_status":"open","ping_status":"closed","template":"","meta":[],"_links":{"self":[{"href":"https:\/\/webmaibinh.com\/w\/shopvai2011\/wp-json\/wp\/v2\/product\/189"}],"collection":[{"href":"https:\/\/webmaibinh.com\/w\/shopvai2011\/wp-json\/wp\/v2\/product"}],"about":[{"href":"https:\/\/webmaibinh.com\/w\/shopvai2011\/wp-json\/wp\/v2\/types\/product"}],"replies":[{"embeddable":true,"href":"https:\/\/webmaibinh.com\/w\/shopvai2011\/wp-json\/wp\/v2\/comments?post=189"}],"wp:featuredmedia":[{"embeddable":true,"href":"https:\/\/webmaibinh.com\/w\/shopvai2011\/wp-json\/wp\/v2\/media\/190"}],"wp:attachment":[{"href":"https:\/\/webmaibinh.com\/w\/shopvai2011\/wp-json\/wp\/v2\/media?parent=189"}],"curies":[{"name":"wp","href":"https:\/\/api.w.org\/{rel}","templated":true}]}}