{"id":187,"date":"2019-09-05T16:48:26","date_gmt":"2019-09-05T09:48:26","guid":{"rendered":"http:\/\/shopvai.w2steam.com\/?post_type=product&#038;p=187"},"modified":"2019-09-05T16:48:27","modified_gmt":"2019-09-05T09:48:27","slug":"vai-misa-kim-tuyen","status":"publish","type":"product","link":"https:\/\/webmaibinh.com\/w\/shopvai2011\/s\u1ea3n ph\u1ea9m\/vai-misa-kim-tuyen\/","title":{"rendered":"V\u1ea3i misa kim tuy\u1ebfn"},"content":{"rendered":"<p>V\u1ea3i misa kim tuy\u1ebfn l\u00e0 m\u1ed9t lo\u1ea1i v\u1ea3i poly nh\u01b0ng \u0111\u01b0\u1ee3c x\u1eed l\u00fd b\u1ec1 m\u1eb7t kh\u00e1c \u0111i. Lo\u1ea1i v\u1ea3i n\u00e0y c\u00f3 s\u1ef1 \u00f3ng \u00e1nh ph\u1ea3n chi\u1ebfu \u00e1nh s\u00e1ng n\u00ean th\u00edch h\u1ee3p may \u0111\u1ed3 d\u1ea1 h\u1ed9i, \u0111\u1ed3 handmade.<\/p>\n<h2>\u01afu \u0111i\u1ec3m n\u1ed5i b\u1eadc c\u1ee7a v\u1ea3i misa kim tuy\u1ebfn<\/h2>\n<p>B\u1ec1 m\u1eb7t \u0111\u01b0\u1ee3c x\u1eed l\u00fd trong qu\u00e1 tr\u00ecnh c\u0103ng ch\u1ec9nh \u0111\u1ecbnh h\u00ecnh k\u1ebft c\u1ea5u v\u1ea3i. Sau \u0111\u00f3 \u0111\u01b0\u1ee3c c\u00e1n qua l\u00f2 h\u01a1i v\u00e0 cu\u1ed1i c\u00f9ng nhu\u1ed9m \u00e1nh m\u00e0u. Tuy \u0111\u01b0\u1ee3c x\u1eed l\u00fd qua nhi\u1ec1u qu\u00e1 tr\u00ecnh nh\u01b0ng v\u1eabn gi\u1eef \u0111\u01b0\u1ee3c t\u00ednh ch\u1ea5t \u01b0u \u0111i\u1ec3m c\u1ee7a v\u1ea3i thun poly nh\u01b0:<\/p>\n<ul>\n<li>Co d\u00e3n 4 chi\u1ec1u t\u1ed1t. \u0110\u1ed9 co d\u00e3n thu\u1ed9c lo\u1ea1i t\u1ed1t nh\u1ea5t trong c\u00e1c lo\u1ea1i v\u1ea3i thun.<\/li>\n<li>M\u00e0u s\u1eafc \u0111\u1eb9p v\u00e0 t\u01b0\u01a1i s\u00e1ng. Nhi\u1ec1u tone m\u00e0u s\u00e1ng, t\u01b0\u01a1i v\u00e0 \u0111\u1ea7m.<\/li>\n<li>B\u1ec1n m\u00e0u v\u00e0 \u0111\u1eb7c bi\u1ec7t kh\u00f4ng b\u1ecb x\u00f9 l\u00f4ng.<\/li>\n<li>Nhanh kh\u00f4, ch\u1ed1ng b\u00e1m b\u1ea9n r\u1ea5t t\u1ed1t.<\/li>\n<\/ul>\n<h3>M\u00e0u s\u1eafc \u0111a d\u1ea1ng c\u1ee7a v\u1ea3i misa<\/h3>\n<p>B\u1ea3ng m\u00e0u v\u1ea3i thun misa<\/p>\n","protected":false},"excerpt":{"rendered":"<p>V\u1ea3i misa kim tuy\u1ebfn l\u00e0 m\u1ed9t lo\u1ea1i v\u1ea3i poly nh\u01b0ng \u0111\u01b0\u1ee3c x\u1eed l\u00fd b\u1ec1 m\u1eb7t kh\u00e1c \u0111i. Lo\u1ea1i v\u1ea3i n\u00e0y c\u00f3 s\u1ef1 \u00f3ng \u00e1nh ph\u1ea3n chi\u1ebfu \u00e1nh s\u00e1ng n\u00ean th\u00edch h\u1ee3p may \u0111\u1ed3 d\u1ea1 h\u1ed9i, \u0111\u1ed3 handmade. \u01afu \u0111i\u1ec3m n\u1ed5i b\u1eadc c\u1ee7a v\u1ea3i misa kim tuy\u1ebfn B\u1ec1 m\u1eb7t \u0111\u01b0\u1ee3c x\u1eed l\u00fd trong qu\u00e1 tr\u00ecnh c\u0103ng &#8230;<\/p>\n","protected":false},"featured_media":188,"comment_status":"open","ping_status":"closed","template":"","meta":[],"_links":{"self":[{"href":"https:\/\/webmaibinh.com\/w\/shopvai2011\/wp-json\/wp\/v2\/product\/187"}],"collection":[{"href":"https:\/\/webmaibinh.com\/w\/shopvai2011\/wp-json\/wp\/v2\/product"}],"about":[{"href":"https:\/\/webmaibinh.com\/w\/shopvai2011\/wp-json\/wp\/v2\/types\/product"}],"replies":[{"embeddable":true,"href":"https:\/\/webmaibinh.com\/w\/shopvai2011\/wp-json\/wp\/v2\/comments?post=187"}],"wp:featuredmedia":[{"embeddable":true,"href":"https:\/\/webmaibinh.com\/w\/shopvai2011\/wp-json\/wp\/v2\/media\/188"}],"wp:attachment":[{"href":"https:\/\/webmaibinh.com\/w\/shopvai2011\/wp-json\/wp\/v2\/media?parent=187"}],"curies":[{"name":"wp","href":"https:\/\/api.w.org\/{rel}","templated":true}]}}