{"id":185,"date":"2019-09-05T16:45:33","date_gmt":"2019-09-05T09:45:33","guid":{"rendered":"http:\/\/shopvai.w2steam.com\/?post_type=product&#038;p=185"},"modified":"2019-09-05T16:46:00","modified_gmt":"2019-09-05T09:46:00","slug":"vai-luoi","status":"publish","type":"product","link":"https:\/\/webmaibinh.com\/w\/shopvai2011\/s\u1ea3n ph\u1ea9m\/vai-luoi\/","title":{"rendered":"V\u1ea3i l\u01b0\u1edbi"},"content":{"rendered":"<p>V\u1ea3i l\u01b0\u1edbi l\u00e0 lo\u1ea1i v\u1ea3i d\u00f9ng \u0111\u1ec3 l\u00f3t trong \u00e1o kho\u00e1c ho\u1eb7c l\u00f3t v\u1ea3i qu\u1ea7n th\u1ec3 thao. C\u00f3 nhi\u1ec1u lo\u1ea1i t\u00f9y theo \u0111\u1ed9 co gi\u00e3n v\u00e0 \u1ee9ng d\u1ee5ng v\u00e0o s\u1ea3n ph\u1ea9m may m\u00e0 c\u00f3 nhi\u1ec1u lo\u1ea1i kh\u00e1c nhau.<\/p>\n<h3>C\u00e1c lo\u1ea1i v\u1ea3i l\u00f3t l\u01b0\u1edbi:<\/h3>\n<h4>1. V\u1ea3i l\u00f3t l\u01b0\u1edbi \u00e1o kho\u00e1c, \u00e1o gi\u00f3.<\/h4>\n<ul>\n<li>Ch\u1ea5t li\u1ec7u 100% polyester, 2 kh\u00f4 c\u1ee9ng ho\u1eb7c m\u1ec1m. M\u00e0u s\u1eafc \u0111a d\u1ea1ng nh\u01b0 \u0111en, tr\u1eafng, b\u00edch, \u0111\u1ecf, \u0111\u00f4\u2026<\/li>\n<\/ul>\n<ul>\n<li>\u1ee8ng d\u1ee5ng may l\u00f3t trong \u00e1o kho\u00e1c, \u00e1o gi\u00f3, \u00e1o kho\u00e1c v\u1ea3i su\u00fdt.<\/li>\n<\/ul>\n<ul>\n<li>\u0110\u1eb7c \u0111i\u1ec3m: \u00edt co gi\u00e3n h\u01a1n so v\u1edbi v\u1ea3i l\u00f3t qu\u1ea7n \u00e1o th\u1ec3 thao.<\/li>\n<\/ul>\n<div class=\"wp-block-kadence-spacer aligncenter kt-block-spacer-_8fd1cd-00\">\n<h4>2. V\u1ea3i l\u01b0\u1edbi l\u00f3t th\u1ec3 thao.<\/h4>\n<ul>\n<li>Ch\u1ea5t li\u1ec7u 95- 100% polyester, 2 ho\u1eb7c 4 chi\u1ec1u co d\u00e3n. M\u00e0u s\u1eafc \u0111en tr\u1eafng\u2026<\/li>\n<\/ul>\n<ul>\n<li>D\u00f9ng \u0111\u1ec3 may \u00e1o, qu\u1ea7n, ho\u1eb7c l\u00e0m l\u00f3t trong c\u00e1c lo\u1ea1i qu\u1ea7n \u00e1o th\u1ec3 thao.<\/li>\n<\/ul>\n<ul>\n<li>\u1ee8ng d\u1ee5ng may l\u00f3t ph\u1ee5 v\u00e0o \u00e1o, qu\u1ea7n th\u1ec3 thao, qu\u1ea7n \u0111\u00e1 banh, qu\u1ea7n \u00e1o \u0111\u1ea5u\u2026<\/li>\n<\/ul>\n<h4>\u1ee8ng d\u1ee5ng chung c\u1ee7a v\u1ea3i thun l\u01b0\u1edbi v\u00e0o \u00e1o th\u1ec3 thao v\u00e0 \u00e1o kho\u00e1c.<\/h4>\n<p>T\u00f9y theo \u0111\u1ed9 m\u1ecfng d\u00e0y v\u00e0 \u0111\u1ecbnh l\u01b0\u1ee3ng h\u1ed3 kh\u00f4 v\u00e0 m\u1ec1m m\u00e0 \u1ee9ng d\u1ee5ng c\u1ee7a lo\u1ea1i v\u1ea3i n\u00e0y r\u1ea5t r\u1ed9ng. C\u00f3 th\u1ec3 d\u00f9ng \u0111\u1ec3 may l\u00f3t \u00e1o kho\u00e1c, l\u00f3t \u00e1o gi\u00f3, l\u00f3t balo. C\u0169ng c\u00f3 th\u1ec3 may l\u00f3t \u00e1o qu\u1ea7n th\u1ec3 thao\u2026<\/p>\n<p>Hi\u1ec7n t\u1ea1i c\u1eeda hang v\u1ea3i ch\u00fang t\u00f4i cung c\u1ea5p c\u00e1c lo\u1ea1i v\u1ea3i l\u00f3t th\u1ec3 thao, v\u1ea3i l\u00f3t \u00e1o gi\u00f3, l\u00f3t \u00e1o kho\u00e1c c\u00e1c lo\u1ea1i. Nh\u1eadn \u0111\u1eb7t d\u1ec7t nhu\u1ed9m theo y\u00eau c\u1ea7u qu\u00fd kh\u00e1ch. Giao h\u00e0ng to\u00e0n qu\u1ed1c.<\/p>\n<\/div>\n","protected":false},"excerpt":{"rendered":"<p>V\u1ea3i l\u01b0\u1edbi l\u00e0 lo\u1ea1i v\u1ea3i d\u00f9ng \u0111\u1ec3 l\u00f3t trong \u00e1o kho\u00e1c ho\u1eb7c l\u00f3t v\u1ea3i qu\u1ea7n th\u1ec3 thao. C\u00f3 nhi\u1ec1u lo\u1ea1i t\u00f9y theo \u0111\u1ed9 co gi\u00e3n v\u00e0 \u1ee9ng d\u1ee5ng v\u00e0o s\u1ea3n ph\u1ea9m may m\u00e0 c\u00f3 nhi\u1ec1u lo\u1ea1i kh\u00e1c nhau. C\u00e1c lo\u1ea1i v\u1ea3i l\u00f3t l\u01b0\u1edbi: 1. V\u1ea3i l\u00f3t l\u01b0\u1edbi \u00e1o kho\u00e1c, \u00e1o gi\u00f3. Ch\u1ea5t li\u1ec7u 100% polyester, &#8230;<\/p>\n","protected":false},"featured_media":186,"comment_status":"open","ping_status":"closed","template":"","meta":[],"_links":{"self":[{"href":"https:\/\/webmaibinh.com\/w\/shopvai2011\/wp-json\/wp\/v2\/product\/185"}],"collection":[{"href":"https:\/\/webmaibinh.com\/w\/shopvai2011\/wp-json\/wp\/v2\/product"}],"about":[{"href":"https:\/\/webmaibinh.com\/w\/shopvai2011\/wp-json\/wp\/v2\/types\/product"}],"replies":[{"embeddable":true,"href":"https:\/\/webmaibinh.com\/w\/shopvai2011\/wp-json\/wp\/v2\/comments?post=185"}],"wp:featuredmedia":[{"embeddable":true,"href":"https:\/\/webmaibinh.com\/w\/shopvai2011\/wp-json\/wp\/v2\/media\/186"}],"wp:attachment":[{"href":"https:\/\/webmaibinh.com\/w\/shopvai2011\/wp-json\/wp\/v2\/media?parent=185"}],"curies":[{"name":"wp","href":"https:\/\/api.w.org\/{rel}","templated":true}]}}