{"id":181,"date":"2019-09-05T16:43:04","date_gmt":"2019-09-05T09:43:04","guid":{"rendered":"http:\/\/shopvai.w2steam.com\/?post_type=product&#038;p=181"},"modified":"2019-09-05T16:43:04","modified_gmt":"2019-09-05T09:43:04","slug":"vai-kim-cuong","status":"publish","type":"product","link":"https:\/\/webmaibinh.com\/w\/shopvai2011\/s\u1ea3n ph\u1ea9m\/vai-kim-cuong\/","title":{"rendered":"V\u1ea3i kim c\u01b0\u01a1ng"},"content":{"rendered":"<p>V\u1ea3i kim c\u01b0\u01a1ng chuy\u00ean d\u00f9ng \u0111\u1ec3 may \u00e1o kho\u00e1c, \u00e1o ch\u1ed1ng n\u1eafng. L\u00e0 lo\u1ea1i v\u1ea3i ra \u0111\u1eddi d\u1ef1a theo nhu c\u1ea7u ch\u1ed1ng n\u1eafng nh\u01b0ng v\u1eabn m\u00e1t m\u1ebd khi m\u1eb7c m\u00f9a h\u00e8. T\u01b0\u01a1ng t\u1ef1 nh\u01b0\u00a0v\u1ea3i thun m\u00e8\u00a0nh\u01b0ng \u0111\u01b0\u1ee3c d\u1ec7t d\u1eadp n\u1ed5i t\u1ea1o c\u1ea3m gi\u00e1c b\u1ec1n b\u1ec9 v\u00e0 kh\u1ecfe kho\u1eafn h\u01a1n.<\/p>\n<p>L\u00e0 lo\u1ea1i v\u1ea3i m\u1edbi ra m\u1eaft nh\u01b0ng r\u1ea5t \u0111\u01b0\u1ee3c \u01b0a chu\u1ed9ng trong mi\u1ec1n nam, mi\u1ec1n trung. M\u00ecnh v\u1ea3i m\u1ec1m, m\u1ecfng nh\u01b0ng l\u1ea1i ch\u1ed1ng n\u1eafng, ch\u1ed1ng gi\u00f3 r\u1ea5t t\u1ed1t. \u0110\u1eb7c bi\u1ec7t gi\u00e1 l\u1ea1i r\u1ebb h\u01a1n so v\u1edbi c\u00e1c lo\u1ea1i v\u1ea3i kh\u00e1c.<\/p>\n<h3>\u0110\u1eb7c \u0111i\u1ec3m v\u1ea3i kim c\u01b0\u01a1ng may \u00e1o kho\u00e1c.<\/h3>\n<ul>\n<li>M\u00ecnh v\u1ea3i d\u1ec7t n\u1ed5i kh\u1ed1i, c\u00f3 c\u00e1c khe r\u1ea5t nh\u1ecf gi\u00fap tho\u00e1ng kh\u00ed.<\/li>\n<li>V\u1ea3i m\u1ecfng nh\u01b0ng d\u1ec7t n\u1ed5i kh\u1ed1i n\u00ean v\u1eabn tr\u00f4ng r\u1ea5t d\u00e0y d\u1eb7n. T\u1ea1o c\u1ea3m gi\u00e1c nh\u1eb9 nh\u00e0ng m\u1ec1m m\u1ea1i.<\/li>\n<li>Ch\u1ed1ng tia UV t\u1ed1t, kh\u00e1ng khu\u1ea9n, kh\u00e1ng b\u1ee5i cao.<\/li>\n<li>B\u1ec1n m\u00e0u, gi\u1eb7t nhanh kh\u00f4, \u00edt b\u1ecb nh\u1ea7u.<\/li>\n<li>Gi\u00e1 tr\u1ebb v\u00e0 hi\u1ec7u qu\u1ea3 mang l\u1ea1i cao.<\/li>\n<\/ul>\n","protected":false},"excerpt":{"rendered":"<p>V\u1ea3i kim c\u01b0\u01a1ng chuy\u00ean d\u00f9ng \u0111\u1ec3 may \u00e1o kho\u00e1c, \u00e1o ch\u1ed1ng n\u1eafng. L\u00e0 lo\u1ea1i v\u1ea3i ra \u0111\u1eddi d\u1ef1a theo nhu c\u1ea7u ch\u1ed1ng n\u1eafng nh\u01b0ng v\u1eabn m\u00e1t m\u1ebd khi m\u1eb7c m\u00f9a h\u00e8. T\u01b0\u01a1ng t\u1ef1 nh\u01b0\u00a0v\u1ea3i thun m\u00e8\u00a0nh\u01b0ng \u0111\u01b0\u1ee3c d\u1ec7t d\u1eadp n\u1ed5i t\u1ea1o c\u1ea3m gi\u00e1c b\u1ec1n b\u1ec9 v\u00e0 kh\u1ecfe kho\u1eafn h\u01a1n. L\u00e0 lo\u1ea1i v\u1ea3i m\u1edbi ra m\u1eaft &#8230;<\/p>\n","protected":false},"featured_media":182,"comment_status":"open","ping_status":"closed","template":"","meta":[],"_links":{"self":[{"href":"https:\/\/webmaibinh.com\/w\/shopvai2011\/wp-json\/wp\/v2\/product\/181"}],"collection":[{"href":"https:\/\/webmaibinh.com\/w\/shopvai2011\/wp-json\/wp\/v2\/product"}],"about":[{"href":"https:\/\/webmaibinh.com\/w\/shopvai2011\/wp-json\/wp\/v2\/types\/product"}],"replies":[{"embeddable":true,"href":"https:\/\/webmaibinh.com\/w\/shopvai2011\/wp-json\/wp\/v2\/comments?post=181"}],"wp:featuredmedia":[{"embeddable":true,"href":"https:\/\/webmaibinh.com\/w\/shopvai2011\/wp-json\/wp\/v2\/media\/182"}],"wp:attachment":[{"href":"https:\/\/webmaibinh.com\/w\/shopvai2011\/wp-json\/wp\/v2\/media?parent=181"}],"curies":[{"name":"wp","href":"https:\/\/api.w.org\/{rel}","templated":true}]}}