{"id":179,"date":"2019-09-05T16:42:11","date_gmt":"2019-09-05T09:42:11","guid":{"rendered":"http:\/\/shopvai.w2steam.com\/?post_type=product&#038;p=179"},"modified":"2019-09-05T16:42:11","modified_gmt":"2019-09-05T09:42:11","slug":"vai-bot","status":"publish","type":"product","link":"https:\/\/webmaibinh.com\/w\/shopvai2011\/s\u1ea3n ph\u1ea9m\/vai-bot\/","title":{"rendered":"V\u1ea3i b\u1ed9t"},"content":{"rendered":"<h3>\u0110\u1eb7c \u0111i\u1ec3m nh\u1eadn d\u1ea1ng v\u1ea3i thun b\u1ed9t 4 chi\u1ec1u.<\/h3>\n<ul>\n<li>Lo\u1ea1i v\u1ea3i n\u00e0y c\u00f3 \u0111\u1ed9 m\u1ecbn cao, kh\u00f4ng nh\u00e1m. M\u1eb7c d\u00f9 khi s\u1edd b\u1eb1ng tay v\u00e0 nh\u00ecn b\u1eb1ng m\u1eaft th\u01b0\u1eddng s\u1ebd th\u1ea5y gi\u1ed1ng nh\u01b0 m\u1ed9t l\u1edbp b\u1ed9t m\u1ecbn nh\u1ecf. Kh\u00f4ng tr\u01a1n l\u00e1ng tuy\u1ec7t \u0111\u1ed1i nh\u01b0 v\u1ea3i l\u1ea1nh.<\/li>\n<li>Th\u00e0nh ph\u1ea7n 95- 97 % l\u00e0 s\u1ee3i polyester \u0111\u00e3 qua x\u1eed l\u00fd. S\u1ee3i v\u1ea3i thanh m\u1ea3nh, \u00e1nh b\u00f3ng v\u00e0 m\u1ecbn m\u00e1t.<\/li>\n<li>C\u00f3 \u0111\u1ed9 co d\u00e3n 4 chi\u1ec1u.<\/li>\n<\/ul>\n<h3>V\u1ea3i b\u1ed9t l\u1ea1nh d\u00f9ng \u0111\u1ec3 may g\u00ec?<\/h3>\n<ul>\n<li>Nh\u01b0 c\u00e1c b\u1ea1n th\u1ea5y, do \u0111\u1eb7c t\u00ednh m\u1ecbn, m\u00e1t v\u00e0 \u00edt b\u1ecb nh\u00e0u n\u00ean lo\u1ea1i v\u1ea3i n\u00e0y hay \u0111\u01b0\u01a1c d\u00f9ng \u0111\u1ec3 may \u00e1o thun th\u1ec3 thao. \u00c1o thun adidas, \u00e1o thun puma.<\/li>\n<li>Ngo\u00e0i ra v\u1ea3i b\u1ed9t c\u00f2n \u0111\u01b0\u1ee3c s\u1eed d\u1ee5ng \u0111\u1ec3 may \u00e1o l\u00e1. V\u00ec \u0111\u1ed9 m\u1ecfng v\u00e0 m\u1ec1m m\u1ea1i c\u00f2n r\u1ea5t th\u00edch h\u1ee3p may qu\u1ea7n \u00e1o l\u00f3t nam, n\u1eef.<\/li>\n<\/ul>\n<p><strong>Kh\u1ed5 v\u1ea3i: 1m6. Tr\u1ecdng l\u01b0\u1ee3ng 3m- 3m2 \/ 1kg.<\/strong><\/p>\n<div class=\"wp-block-kadence-spacer aligncenter kt-block-spacer-_089b11-ca\"><\/div>\n","protected":false},"excerpt":{"rendered":"<p>\u0110\u1eb7c \u0111i\u1ec3m nh\u1eadn d\u1ea1ng v\u1ea3i thun b\u1ed9t 4 chi\u1ec1u. Lo\u1ea1i v\u1ea3i n\u00e0y c\u00f3 \u0111\u1ed9 m\u1ecbn cao, kh\u00f4ng nh\u00e1m. M\u1eb7c d\u00f9 khi s\u1edd b\u1eb1ng tay v\u00e0 nh\u00ecn b\u1eb1ng m\u1eaft th\u01b0\u1eddng s\u1ebd th\u1ea5y gi\u1ed1ng nh\u01b0 m\u1ed9t l\u1edbp b\u1ed9t m\u1ecbn nh\u1ecf. Kh\u00f4ng tr\u01a1n l\u00e1ng tuy\u1ec7t \u0111\u1ed1i nh\u01b0 v\u1ea3i l\u1ea1nh. Th\u00e0nh ph\u1ea7n 95- 97 % l\u00e0 s\u1ee3i polyester \u0111\u00e3 &#8230;<\/p>\n","protected":false},"featured_media":180,"comment_status":"open","ping_status":"closed","template":"","meta":[],"_links":{"self":[{"href":"https:\/\/webmaibinh.com\/w\/shopvai2011\/wp-json\/wp\/v2\/product\/179"}],"collection":[{"href":"https:\/\/webmaibinh.com\/w\/shopvai2011\/wp-json\/wp\/v2\/product"}],"about":[{"href":"https:\/\/webmaibinh.com\/w\/shopvai2011\/wp-json\/wp\/v2\/types\/product"}],"replies":[{"embeddable":true,"href":"https:\/\/webmaibinh.com\/w\/shopvai2011\/wp-json\/wp\/v2\/comments?post=179"}],"wp:featuredmedia":[{"embeddable":true,"href":"https:\/\/webmaibinh.com\/w\/shopvai2011\/wp-json\/wp\/v2\/media\/180"}],"wp:attachment":[{"href":"https:\/\/webmaibinh.com\/w\/shopvai2011\/wp-json\/wp\/v2\/media?parent=179"}],"curies":[{"name":"wp","href":"https:\/\/api.w.org\/{rel}","templated":true}]}}