{"id":177,"date":"2019-09-05T16:41:01","date_gmt":"2019-09-05T09:41:01","guid":{"rendered":"http:\/\/shopvai.w2steam.com\/?post_type=product&#038;p=177"},"modified":"2019-09-05T16:41:01","modified_gmt":"2019-09-05T09:41:01","slug":"vai-kate-dong-phuc","status":"publish","type":"product","link":"https:\/\/webmaibinh.com\/w\/shopvai2011\/s\u1ea3n ph\u1ea9m\/vai-kate-dong-phuc\/","title":{"rendered":"V\u1ea3i kate \u0111\u1ed3ng ph\u1ee5c"},"content":{"rendered":"<p>Va\u1ec9 kate \u0111\u1ed3ng ph\u1ee5c h\u1ecdc sinh l\u00e0 lo\u1ea1i v\u1ea3i lai gi\u1eefa kate v\u00e0 v\u1ea3i thun. Nh\u1edd \u0111\u1eb7c \u0111i\u1ec3m n\u00e0y m\u00e0 lo\u1ea1i v\u1ea3i n\u00e0y nh\u00ecn b\u1ec1 ngo\u00e0i gi\u1ed1ng kate nh\u01b0ng c\u00f3 \u0111\u1ed9 co d\u00e3n cao. D\u00f9ng may ph\u1ed1i ho\u1eb7c nguy\u00ean ph\u1ea9m \u0111\u1ed3ng ph\u1ee5c r\u1ea5t \u0111\u1eb9p v\u00e0 tho\u1ea3i m\u00e1i.<\/p>\n<h3>\u0110\u1eb7c \u0111i\u1ec3m v\u1ea3i kate thun.<\/h3>\n<ul>\n<li>\u0110\u1ed9 co d\u00e3n t\u1ed1t h\u01a1n so v\u1edbi kate th\u00f4ng th\u01b0\u1eddng. Kh\u00f4ng b\u1ecb nh\u0103n nh\u01b0 kate, m\u00ecnh v\u1ea3i m\u1ec1m m\u1ea1i nh\u01b0ng v\u1eabn gi\u1eef \u0111\u01b0\u1ee3c s\u1ef1 ch\u1eafc ch\u1eafn c\u1ee7a kate.<\/li>\n<li>Th\u1ea5m h\u00fat m\u1ed3 h\u00f4i t\u1ed1t, tho\u00e1ng kh\u00ed v\u00e0 d\u1ec5 gi\u1eb7t n\u00ean r\u1ea5t th\u00edch h\u1ee3p may v\u00e1y, ph\u1ed1i qu\u1ea7n \u00e1o \u0111\u1ed3ng ph\u1ee5c h\u1ecdc sinh, c\u00f4ng s\u1edf.<\/li>\n<li>M\u1eabu m\u00e3 \u0111a d\u1ea1ng, nhi\u1ec1u ch\u1ee7ng lo\u1ea1i, s\u1ecdc nhi\u1ec1u m\u00e0u s\u1eafc.<\/li>\n<li>Gi\u00e1 c\u1ea3 r\u1ebb, v\u1ea3i b\u1ec1n m\u00e0u, ch\u1ed1ng ch\u1ecbu kh\u00e1ng khu\u1ea9n t\u1ed1t.<\/li>\n<\/ul>\n<h3>\u1ee8ng d\u1ee5ng v\u1ea3i kate \u0111\u1ed3ng ph\u1ee5c.<\/h3>\n<ul>\n<li>Ch\u1ee7 y\u1ebfu \u0111\u01b0\u1ee3c s\u1eed d\u1ee5ng \u0111\u1ec3 ph\u1ed1i ho\u1eb7c may th\u00e0nh ph\u1ea9m \u0111\u1ed3ng ph\u1ee5c h\u1ecdc sinh. Nh\u01b0 v\u00e1y, qu\u1ea7n \u00e1o h\u1ecdc sinh tr\u01b0\u1eddng vi\u1ec7t m\u1ef9, vi\u1ec7t \u00fac. May ph\u1ed1i \u00e1o, n\u00f3n, v\u00e1y ch\u1ed1ng n\u1eafng, \u0111\u1ed3 hand make\u2026<\/li>\n<li>May \u0111\u1ed3ng ph\u1ee5c qu\u1ea7n, v\u00e1y, ph\u1ed1i m\u00e0u tr\u01b0\u1eddng qu\u1ed1c t\u1ebf.<\/li>\n<li>May kh\u0103n tr\u1ea3i b\u00e0n, salon, m\u00e0n c\u1eeda.<\/li>\n<li>D\u00f9ng may l\u00f3t c\u00e1c s\u1ea3n ph\u1ea9m may m\u1eb7c kh\u00e1c\u2026<\/li>\n<\/ul>\n","protected":false},"excerpt":{"rendered":"<p>Va\u1ec9 kate \u0111\u1ed3ng ph\u1ee5c h\u1ecdc sinh l\u00e0 lo\u1ea1i v\u1ea3i lai gi\u1eefa kate v\u00e0 v\u1ea3i thun. Nh\u1edd \u0111\u1eb7c \u0111i\u1ec3m n\u00e0y m\u00e0 lo\u1ea1i v\u1ea3i n\u00e0y nh\u00ecn b\u1ec1 ngo\u00e0i gi\u1ed1ng kate nh\u01b0ng c\u00f3 \u0111\u1ed9 co d\u00e3n cao. D\u00f9ng may ph\u1ed1i ho\u1eb7c nguy\u00ean ph\u1ea9m \u0111\u1ed3ng ph\u1ee5c r\u1ea5t \u0111\u1eb9p v\u00e0 tho\u1ea3i m\u00e1i. \u0110\u1eb7c \u0111i\u1ec3m v\u1ea3i kate thun. \u0110\u1ed9 co d\u00e3n &#8230;<\/p>\n","protected":false},"featured_media":178,"comment_status":"open","ping_status":"closed","template":"","meta":[],"_links":{"self":[{"href":"https:\/\/webmaibinh.com\/w\/shopvai2011\/wp-json\/wp\/v2\/product\/177"}],"collection":[{"href":"https:\/\/webmaibinh.com\/w\/shopvai2011\/wp-json\/wp\/v2\/product"}],"about":[{"href":"https:\/\/webmaibinh.com\/w\/shopvai2011\/wp-json\/wp\/v2\/types\/product"}],"replies":[{"embeddable":true,"href":"https:\/\/webmaibinh.com\/w\/shopvai2011\/wp-json\/wp\/v2\/comments?post=177"}],"wp:featuredmedia":[{"embeddable":true,"href":"https:\/\/webmaibinh.com\/w\/shopvai2011\/wp-json\/wp\/v2\/media\/178"}],"wp:attachment":[{"href":"https:\/\/webmaibinh.com\/w\/shopvai2011\/wp-json\/wp\/v2\/media?parent=177"}],"curies":[{"name":"wp","href":"https:\/\/api.w.org\/{rel}","templated":true}]}}