{"id":173,"date":"2019-09-05T16:38:56","date_gmt":"2019-09-05T09:38:56","guid":{"rendered":"http:\/\/shopvai.w2steam.com\/?post_type=product&#038;p=173"},"modified":"2019-09-05T16:38:56","modified_gmt":"2019-09-05T09:38:56","slug":"vai-poly-lanh","status":"publish","type":"product","link":"https:\/\/webmaibinh.com\/w\/shopvai2011\/s\u1ea3n ph\u1ea9m\/vai-poly-lanh\/","title":{"rendered":"V\u1ea3i poly l\u1ea1nh"},"content":{"rendered":"<p>V\u1ea3i poly l\u1ea1nh l\u00e0 lo\u1ea1i v\u1ea3i 4 chi\u1ec1u \u0111\u01b0\u1ee3c d\u1ec7t theo ki\u1ec3u k\u1ebft h\u1ee3p gi\u1eefa s\u1ee3i poly v\u00e0 l\u1ea1nh. N\u1ebfu v\u1ea3i l\u1ea1nh th\u00f4ng th\u01b0\u1eddng c\u00f3 \u0111\u1ed9 m\u1ec1m nh\u01b0 l\u1ee5a th\u00ec lo\u1ea1i v\u1ea3i n\u00e0y c\u1ee9ng c\u00e1p h\u01a1n. M\u00ecnh v\u1ea3i m\u1ecbn nh\u01b0ng kh\u00f4ng nh\u00e3o nh\u01b0 v\u1ea3i siu 4 chi\u1ec1u.<\/p>\n<p>T\u01b0 v\u1ea5n v\u1ea3i s\u1ec9 v\u00e0 l\u1ebb zalo, phone:<\/p>\n<h3>\u0110\u1eb7c \u0111i\u1ec3m v\u1ea3i poly l\u1ea1nh 4 chi\u1ec1u<\/h3>\n<ul>\n<li>M\u00ecnh v\u1ea3i kh\u00f4ng m\u1ec1m h\u01a1n v\u1ea3i thun l\u1ea1nh 4 chi\u1ec1u.<\/li>\n<li>C\u00f3 \u0111\u1ed9 nh\u00e1m v\u00e0 k\u00e9m b\u00f3ng h\u01a1n si\u00eau.<\/li>\n<li>C\u00f3 t\u00ednh kh\u00e1ng khu\u1ea9n t\u1ed1t n\u00ean th\u01b0\u1eddng d\u00f9ng may \u0111\u1ed3 b\u01a1i, \u0111\u1ed3 t\u1eadp gym, \u00e1o thun th\u1ec3 thao, qu\u1ea7n l\u00f3t.<\/li>\n<li>Co gi\u00e3n 4 chi\u1ec1u t\u1ed1t, b\u1ec1n m\u00e0u v\u00e0 nhanh kh\u00f4.<\/li>\n<\/ul>\n<h3>\u1ee8ng d\u1ee5ng v\u1ea3i poly l\u1ea1nh<\/h3>\n<ul>\n<li>D\u00f9ng may \u00e1o thun nam n\u1eef adidas, puma, nike.<\/li>\n<li>May qu\u1ea7n l\u00f3t, \u00e1o l\u00f3t, \u00e1o l\u00e1, qu\u1ea7n \u00e1o bikini. \u0110\u1ed3 \u0111i bi\u1ec3n, \u0111\u1ed3 b\u00f3ng \u0111\u00e1.<\/li>\n<li>L\u00e0m v\u1ea3i may \u0111\u1ed3 handmade.<\/li>\n<li>Ph\u1ed1i v\u00e0o qu\u1ea7n \u00e1o th\u1eddi trang, ph\u1ee5 ki\u1ec7n c\u00e1c lo\u1ea1i.<\/li>\n<\/ul>\n<p><strong>\u01afu \u0111i\u1ec3m:<\/strong><\/p>\n<p>Kh\u00e1ng khu\u1ea9n, tho\u00e1ng kh\u00ed t\u1ed1t, gi\u1eb7t mau kh\u00f4, b\u1ec1n m\u00e0u.<\/p>\n<p>Gi\u00e1 t\u01b0\u01a1ng \u0111\u1ed1i r\u1ebb h\u01a1n so v\u1edbi c\u00e1c lo\u1ea1i v\u1ea3i thun nh\u01b0 siu, l\u1ee5a.<\/p>\n<p><strong>Khuy\u1ebft \u0111i\u1ec3m:<\/strong><\/p>\n<p>Tr\u00e1nh m\u1eb7c tr\u1ef1c ti\u1ebfp d\u01b0\u1edbi tr\u1eddi n\u1eafng tr\u1ef1c ti\u1ebfp do v\u1ea3i m\u1ecfng, b\u00f3 s\u00e1t ng\u01b0\u1eddi.<\/p>\n<p>Kh\u00f4ng \u1ee7i v\u00e0 ch\u1ecbu nhi\u1ec7t \u0111\u1ed9 kh\u00f4ng \u0111\u01b0\u1ee3c cao.<\/p>\n<div class=\"wp-block-kadence-spacer aligncenter kt-block-spacer-_5bddd0-21\"><\/div>\n","protected":false},"excerpt":{"rendered":"<p>V\u1ea3i poly l\u1ea1nh l\u00e0 lo\u1ea1i v\u1ea3i 4 chi\u1ec1u \u0111\u01b0\u1ee3c d\u1ec7t theo ki\u1ec3u k\u1ebft h\u1ee3p gi\u1eefa s\u1ee3i poly v\u00e0 l\u1ea1nh. N\u1ebfu v\u1ea3i l\u1ea1nh th\u00f4ng th\u01b0\u1eddng c\u00f3 \u0111\u1ed9 m\u1ec1m nh\u01b0 l\u1ee5a th\u00ec lo\u1ea1i v\u1ea3i n\u00e0y c\u1ee9ng c\u00e1p h\u01a1n. M\u00ecnh v\u1ea3i m\u1ecbn nh\u01b0ng kh\u00f4ng nh\u00e3o nh\u01b0 v\u1ea3i siu 4 chi\u1ec1u. T\u01b0 v\u1ea5n v\u1ea3i s\u1ec9 v\u00e0 l\u1ebb zalo, phone: &#8230;<\/p>\n","protected":false},"featured_media":174,"comment_status":"open","ping_status":"closed","template":"","meta":[],"_links":{"self":[{"href":"https:\/\/webmaibinh.com\/w\/shopvai2011\/wp-json\/wp\/v2\/product\/173"}],"collection":[{"href":"https:\/\/webmaibinh.com\/w\/shopvai2011\/wp-json\/wp\/v2\/product"}],"about":[{"href":"https:\/\/webmaibinh.com\/w\/shopvai2011\/wp-json\/wp\/v2\/types\/product"}],"replies":[{"embeddable":true,"href":"https:\/\/webmaibinh.com\/w\/shopvai2011\/wp-json\/wp\/v2\/comments?post=173"}],"wp:featuredmedia":[{"embeddable":true,"href":"https:\/\/webmaibinh.com\/w\/shopvai2011\/wp-json\/wp\/v2\/media\/174"}],"wp:attachment":[{"href":"https:\/\/webmaibinh.com\/w\/shopvai2011\/wp-json\/wp\/v2\/media?parent=173"}],"curies":[{"name":"wp","href":"https:\/\/api.w.org\/{rel}","templated":true}]}}