{"id":170,"date":"2019-09-05T16:37:37","date_gmt":"2019-09-05T09:37:37","guid":{"rendered":"http:\/\/shopvai.w2steam.com\/?post_type=product&#038;p=170"},"modified":"2019-09-05T16:37:37","modified_gmt":"2019-09-05T09:37:37","slug":"vai-may-quan-the-duc-vai-cheo","status":"publish","type":"product","link":"https:\/\/webmaibinh.com\/w\/shopvai2011\/s\u1ea3n ph\u1ea9m\/vai-may-quan-the-duc-vai-cheo\/","title":{"rendered":"V\u1ea3i may qu\u1ea7n th\u1ec3 d\u1ee5c &#8211; v\u1ea3i ch\u00e9o"},"content":{"rendered":"<p>V\u1ea3i ch\u00e9o l\u00e0 lo\u1ea1i v\u1ea3i chuy\u00ean d\u00f9ng \u0111\u1ec3 may qu\u1ea7n th\u1ec3 d\u1ee5c. B\u00ean c\u1ea1nh v\u1ea3i thun\u00a0b\u00f3ng c\u00e0o\u00a0th\u00ec lo\u1ea1i v\u1ea3i n\u00e0y cao c\u1ea5p h\u01a1n, nh\u00ecn ch\u1eafc ch\u1eafn v\u00e0 ch\u1ea5t v\u1ea3i t\u1ed1t h\u01a1n r\u1ea5t nhi\u1ec1u.<\/p>\n<p><img loading=\"lazy\" class=\"aligncenter wp-image-171 size-full\" src=\"http:\/\/shopvai.w2steam.com\/wp-content\/uploads\/2019\/09\/vai-thun-quan-the-duc-hoc-sinh-2-1.jpg\" alt=\"\" width=\"660\" height=\"372\" srcset=\"https:\/\/webmaibinh.com\/w\/shopvai2011\/wp-content\/uploads\/2019\/09\/vai-thun-quan-the-duc-hoc-sinh-2-1.jpg 660w, https:\/\/webmaibinh.com\/w\/shopvai2011\/wp-content\/uploads\/2019\/09\/vai-thun-quan-the-duc-hoc-sinh-2-1-510x287.jpg 510w, https:\/\/webmaibinh.com\/w\/shopvai2011\/wp-content\/uploads\/2019\/09\/vai-thun-quan-the-duc-hoc-sinh-2-1-300x169.jpg 300w\" sizes=\"(max-width: 660px) 100vw, 660px\" \/><\/p>\n<h3>\u0110\u1eb7c \u0111i\u1ec3m v\u1ea3i may qu\u1ea7n th\u1ec3 d\u1ee5c \u2013 ch\u00e9o<\/h3>\n<p class=\"has-normal-font-size\">B\u00ean c\u1ea1nh nh\u1eefng lo\u1ea1i v\u1ea3i thun may qu\u1ea7n th\u1ec3 d\u1ee5c nh\u01b0 b\u00f3ng c\u00e0o, s\u1eb9c s\u00e2y m\u00e0 \u00c1nh \u0111\u00e3 gi\u1edbi thi\u1ec7u v\u1edbi m\u1ecdi ng\u01b0\u1eddi. H\u00f4m nay \u00c1nh xin gi\u1edbi thi\u1ec7u th\u00eam m\u1ed9t lo\u1ea1i v\u1ea3i c\u0169ng \u0111\u01b0\u1ee3c s\u1eed d\u1ee5ng r\u1ea5t nhi\u1ec1u l\u00e0 v\u1ea3i thun ch\u00e9o.<\/p>\n<p class=\"has-normal-font-size\">Nh\u01b0 t\u00ean g\u1ecdi v\u1ea3i thun ch\u00e9o \u0111\u01b0\u1ee3c d\u1ec7t t\u1eeb s\u1ee3i 75 ho\u1eb7c s\u1ee3i 150. Nh\u01b0ng c\u00e1ch d\u1ec7t th\u00ec \u0111\u1ed1i x\u1ee9ng ch\u00e9o, t\u1ea1o s\u1ef1 ch\u1eafc ch\u1eafn v\u00e0 m\u1ea1nh m\u1ebd cho lo\u1ea1i v\u1ea3i n\u00e0y. Do \u0111\u01b0\u1ee3c d\u1ec7t t\u1eeb hai lo\u1ea1i s\u1ee3i 75 v\u00e0 s\u1ee3i 150 n\u00ean v\u1ea3i thun ch\u00e9o c\u00f3 t\u00ednh ch\u1ea5t kh\u00e1ng khu\u1ea9n r\u1ea5t cao, ch\u1ed1ng n\u1ea5m m\u1ed1c. Gi\u1eb7t nhanh kh\u00f4 v\u00e0 kh\u00f4ng b\u1ecb nh\u00e0u. Ki\u1ec3u d\u1ec7t ch\u00e9o c\u0169ng mang l\u1ea1i s\u1ef1 tho\u00e1ng kh\u00ed cao, tho\u00e1t m\u1ed3 h\u00f4i r\u1ea5t t\u1ed1t. \u0110\u1ea3m b\u1ea3o m\u1ed9t ng\u00e0y ho\u1ea1t \u0111\u1ed9ng th\u1ec3 d\u1ee5c th\u1ec3 thao c\u1ee7a c\u00e1c em c\u00f3 th\u1ec3 tho\u1ea3i m\u00e1i.<\/p>\n","protected":false},"excerpt":{"rendered":"<p>V\u1ea3i ch\u00e9o l\u00e0 lo\u1ea1i v\u1ea3i chuy\u00ean d\u00f9ng \u0111\u1ec3 may qu\u1ea7n th\u1ec3 d\u1ee5c. B\u00ean c\u1ea1nh v\u1ea3i thun\u00a0b\u00f3ng c\u00e0o\u00a0th\u00ec lo\u1ea1i v\u1ea3i n\u00e0y cao c\u1ea5p h\u01a1n, nh\u00ecn ch\u1eafc ch\u1eafn v\u00e0 ch\u1ea5t v\u1ea3i t\u1ed1t h\u01a1n r\u1ea5t nhi\u1ec1u. \u0110\u1eb7c \u0111i\u1ec3m v\u1ea3i may qu\u1ea7n th\u1ec3 d\u1ee5c \u2013 ch\u00e9o B\u00ean c\u1ea1nh nh\u1eefng lo\u1ea1i v\u1ea3i thun may qu\u1ea7n th\u1ec3 d\u1ee5c nh\u01b0 b\u00f3ng c\u00e0o, &#8230;<\/p>\n","protected":false},"featured_media":172,"comment_status":"open","ping_status":"closed","template":"","meta":[],"_links":{"self":[{"href":"https:\/\/webmaibinh.com\/w\/shopvai2011\/wp-json\/wp\/v2\/product\/170"}],"collection":[{"href":"https:\/\/webmaibinh.com\/w\/shopvai2011\/wp-json\/wp\/v2\/product"}],"about":[{"href":"https:\/\/webmaibinh.com\/w\/shopvai2011\/wp-json\/wp\/v2\/types\/product"}],"replies":[{"embeddable":true,"href":"https:\/\/webmaibinh.com\/w\/shopvai2011\/wp-json\/wp\/v2\/comments?post=170"}],"wp:featuredmedia":[{"embeddable":true,"href":"https:\/\/webmaibinh.com\/w\/shopvai2011\/wp-json\/wp\/v2\/media\/172"}],"wp:attachment":[{"href":"https:\/\/webmaibinh.com\/w\/shopvai2011\/wp-json\/wp\/v2\/media?parent=170"}],"curies":[{"name":"wp","href":"https:\/\/api.w.org\/{rel}","templated":true}]}}