{"id":168,"date":"2019-09-05T16:35:31","date_gmt":"2019-09-05T09:35:31","guid":{"rendered":"http:\/\/shopvai.w2steam.com\/?post_type=product&#038;p=168"},"modified":"2019-09-05T16:35:31","modified_gmt":"2019-09-05T09:35:31","slug":"vai-da-ca-vay-ca","status":"publish","type":"product","link":"https:\/\/webmaibinh.com\/w\/shopvai2011\/s\u1ea3n ph\u1ea9m\/vai-da-ca-vay-ca\/","title":{"rendered":"V\u1ea3i da c\u00e1 \u2013 v\u1ea3y c\u00e1"},"content":{"rendered":"<p>V\u1ea3i thun da c\u00e1 hay c\u00f2n g\u1ecdi l\u00e0 v\u1ea9y c\u00e1 l\u00e0 lo\u1ea1i v\u1ea3i thun c\u00f3 m\u1ed9t m\u1eb7t \u0111\u01b0\u01a1c d\u1ec7t gi\u1ed1ng ki\u1ec3u d\u1ec7t cotton truy\u1ec1n th\u1ed1ng. M\u1eb7t c\u00f2n l\u1ea1i th\u00ec \u0111\u01b0\u1ee3c d\u1ec7t x\u1ebfp l\u1edbp t\u1ea1o th\u00e0nh nh\u01b0 m\u1ed9t l\u1edbp v\u1ea3y c\u00e1. \u0110i\u1ec1u \u0111\u00f3 l\u00e0m lo\u1ea1i v\u1ea3i n\u00e0y d\u00e0y h\u01a1n so v\u1edbi c\u00e1c lo\u1ea1i v\u1ea3i cotton kh\u00e1c. Lo\u1ea1i v\u1ea3i n\u00e0y th\u01b0\u1eddng \u0111\u01b0\u1ee3c l\u1ef1a ch\u1ecdn \u0111\u1ec3 may \u00e1o kho\u00e1t, may \u0111\u1ed3 b\u1ed9 th\u1ec3 thao. \u0110\u1ed3 adidas, qu\u1ea7n l\u1eedng, \u00e1o cho\u00e0ng. V\u00ec s\u1ef1 gi\u1eef \u1ea5m t\u1ed1t n\u00ean c\u00f2n \u0111\u01b0\u1ee3c s\u1eed d\u1ee5ng may l\u00e0m m\u1ec1n, qu\u1ea7n \u00e1o nh\u1eefng n\u01a1i c\u00f3 kh\u00ed h\u1eadu l\u1ea1nh.<\/p>\n<p>\u01afu \u0111i\u1ec3m: Gi\u1eef \u1ea5m t\u1ed1t, v\u1ea3i d\u00e0y ch\u1ed1ng n\u1eafng t\u1ed1t, gi\u00e1 th\u00e0nh t\u01b0\u01a1ng \u0111\u1ed1i r\u1ebb. Tone m\u00e0u s\u1eafc tr\u1ebb trung, phong ph\u00fa. B\u1ec1 ngo\u00e0i d\u1ec7t theo ki\u1ec3u cotton r\u1ea5t \u0111\u1eb9p. C\u00f3 th\u1ec3 t\u1ea7n d\u1ee5ng 2 m\u1eb7t \u0111\u1ec3 ph\u1ed1i \u0111\u1ed3 theo \u00fd m\u00ecnh.<\/p>\n<h3>C\u00e1c lo\u1ea1i v\u1ea3i thun da c\u00e1, v\u1ea3y c\u00e1.<\/h3>\n<ul>\n<li>Da c\u00e1 Tixi (65\/ 35) 4 chi\u1ec1u. Kh\u1ed5: 1m7 (tr\u1ecdng l\u01b0\u1ee3ng 2 m\/ 1kg)<\/li>\n<li>Da c\u00e1 Pe 4 chi\u1ec1u. Kh\u1ed5: 1m7 (tr\u1ecdng l\u01b0\u1ee3ng 2m2\/ 1kg)<\/li>\n<li>Da c\u00e1 Cotton 4 chi\u1ec1u hay c\u00f2n g\u1ecdi l\u00e0 v\u1ea3y c\u00e1 cotton x\u00e9o. Kh\u1ed5: 1m75 (tr\u1ecdng l\u01b0\u1ee3ng 2m7\/ 1kg)<\/li>\n<li>Da c\u00e1 PE 4 chi\u1ec1u. M\u1ecfng kh\u1ed5: 1m9 (tr\u1ecdng l\u01b0\u1ee3ng 2m9\/ 1kg) D\u00e0y kh\u1ed5: 1m7 (tr\u1ecdng l\u01b0\u1ee3ng 2m2\/ 1kg)<\/li>\n<li>Ngo\u00e0i ra shop c\u00f2n c\u00f3 v\u1ea3i bo \u00e1o kho\u00e1c c\u00f9ng m\u00e0u v\u1edbi v\u1ea3i.<\/li>\n<\/ul>\n","protected":false},"excerpt":{"rendered":"<p>V\u1ea3i thun da c\u00e1 hay c\u00f2n g\u1ecdi l\u00e0 v\u1ea9y c\u00e1 l\u00e0 lo\u1ea1i v\u1ea3i thun c\u00f3 m\u1ed9t m\u1eb7t \u0111\u01b0\u01a1c d\u1ec7t gi\u1ed1ng ki\u1ec3u d\u1ec7t cotton truy\u1ec1n th\u1ed1ng. M\u1eb7t c\u00f2n l\u1ea1i th\u00ec \u0111\u01b0\u1ee3c d\u1ec7t x\u1ebfp l\u1edbp t\u1ea1o th\u00e0nh nh\u01b0 m\u1ed9t l\u1edbp v\u1ea3y c\u00e1. \u0110i\u1ec1u \u0111\u00f3 l\u00e0m lo\u1ea1i v\u1ea3i n\u00e0y d\u00e0y h\u01a1n so v\u1edbi c\u00e1c lo\u1ea1i v\u1ea3i cotton kh\u00e1c. &#8230;<\/p>\n","protected":false},"featured_media":169,"comment_status":"open","ping_status":"closed","template":"","meta":[],"_links":{"self":[{"href":"https:\/\/webmaibinh.com\/w\/shopvai2011\/wp-json\/wp\/v2\/product\/168"}],"collection":[{"href":"https:\/\/webmaibinh.com\/w\/shopvai2011\/wp-json\/wp\/v2\/product"}],"about":[{"href":"https:\/\/webmaibinh.com\/w\/shopvai2011\/wp-json\/wp\/v2\/types\/product"}],"replies":[{"embeddable":true,"href":"https:\/\/webmaibinh.com\/w\/shopvai2011\/wp-json\/wp\/v2\/comments?post=168"}],"wp:featuredmedia":[{"embeddable":true,"href":"https:\/\/webmaibinh.com\/w\/shopvai2011\/wp-json\/wp\/v2\/media\/169"}],"wp:attachment":[{"href":"https:\/\/webmaibinh.com\/w\/shopvai2011\/wp-json\/wp\/v2\/media?parent=168"}],"curies":[{"name":"wp","href":"https:\/\/api.w.org\/{rel}","templated":true}]}}