{"id":164,"date":"2019-09-05T16:33:02","date_gmt":"2019-09-05T09:33:02","guid":{"rendered":"http:\/\/shopvai.w2steam.com\/?post_type=product&#038;p=164"},"modified":"2019-09-05T16:33:02","modified_gmt":"2019-09-05T09:33:02","slug":"vai-thun-ni","status":"publish","type":"product","link":"https:\/\/webmaibinh.com\/w\/shopvai2011\/s\u1ea3n ph\u1ea9m\/vai-thun-ni\/","title":{"rendered":"V\u1ea3i thun n\u1ec9"},"content":{"rendered":"<p>V\u1ea3i thun n\u1ec9 l\u00e0 lo\u1ea1i v\u1ea3i d\u00e0y chuy\u00ean d\u00f9ng \u0111\u1ec3 may \u00e1o kho\u00e1c, m\u1ec1n, b\u1ecdc gh\u1ebf. N\u1ec9 c\u00e0o bao g\u1ed3m n\u1ec9 hai da v\u00e0 n\u1ec9 c\u00e0o m\u1ed9t m\u1eb7t. T\u00f9y v\u00e0o nhu c\u1ea7u s\u1eed d\u1ee5ng m\u00e0 khi s\u1ea3n xu\u1ea5t lo\u1ea1i v\u1ea3i n\u00e0y s\u1ebd \u0111\u01b0\u1ee3c x\u1eed l\u00fd \u0111\u1ec3 c\u00e0o m\u1ed9t m\u1eb7t hay c\u1ea3 hai m\u1eb7t.<\/p>\n<h4>Ch\u1ea5t li\u1ec7u v\u00e0 th\u00e0nh ph\u1ea7n v\u1ea3i n\u1ec9<\/h4>\n<p>Th\u01b0\u1eddng c\u00f3 4 lo\u1ea1i n\u1ec9: N\u1ec9 pe, n\u1ec9 poly, n\u1ec9 65\/ 35, v\u00e0 n\u1ec9 cotton.<\/p>\n<ul>\n<li>N\u1ec9 PE l\u00e0 lo\u1ea1i n\u1ec9 \u0111\u00e3 \u0111\u01b0\u1ee3c x\u1eed l\u00fd s\u1ee3i, n\u00ean s\u1ee3i v\u1ea3i \u0111\u1eb9p h\u01a1n, khi ho\u00e0n thi\u1ec7n ta c\u00f3 \u0111\u01b0\u1ee3c ch\u1ea5t v\u1ea3i m\u1ecbn v\u00e0 \u0111\u1eb9p h\u01a1n so v\u1edbi n\u1ec9 poly. Th\u00e0nh ph\u1ea7n ch\u1ee7 y\u1ebfu l\u00e0 s\u1ee3i pe. Kh\u1ed5: 1m6 (tr\u1ecdng l\u01b0\u1ee3ng 2m7\/ 1kg)<\/li>\n<\/ul>\n<ul>\n<li>N\u1ec9 Poly l\u00e0 lo\u1ea1i n\u1ec9 c\u00f3 gi\u00e1 th\u00e0nh th\u1ea5p nh\u1ea5t. S\u1ee3i v\u1ea3i h\u01a1i th\u00f4 v\u00e0 kh\u00f4ng \u0111\u1eb9p nh\u01b0 s\u1ee3i pe. Th\u00e0nh ph\u1ea7n ch\u1ee7 y\u1ebfu l\u00e0 s\u1ee3i poly. Kh\u1ed5: 1m6 (tr\u1ecdng l\u01b0\u1ee3ng 3m2\/ 1kg)<\/li>\n<\/ul>\n<ul>\n<li>Ri\u00eang v\u1ec1 n\u1ec9 65\/ 35 v\u00e0 n\u1ec9 cotton ch\u1ec9 c\u00f3 th\u1ec3 \u0111\u1eb7t ri\u00eang, do nhu c\u1ea7u kh\u00f4ng cao nh\u01b0 hai lo\u1ea1i n\u1ec9 pe v\u00e0 poly.<\/li>\n<\/ul>\n<h4>\u0110\u1eb7c \u0111i\u1ec3m v\u1ea3i thun n\u1ec9<\/h4>\n<ul>\n<li>L\u00e0 lo\u1ea1i v\u1ea3i d\u00e0y d\u1eb7n, c\u00e1ch nhi\u1ec7t t\u1ed1t, b\u1ec1n m\u00e0u. Ch\u1ecbu nhi\u1ec7t t\u1ed1t n\u00ean th\u01b0\u1eddng \u0111\u01b0\u1ee3c s\u1eed d\u1ee5ng b\u1ecdc l\u00ean c\u00e1c s\u1ea3n ph\u1ea9m \u0111\u1ec3 ngo\u00e0i tr\u1eddi.<\/li>\n<\/ul>\n<ul>\n<li>B\u1ec1 m\u1eb7t \u0111\u01b0\u1ee3c x\u1eed l\u00fd m\u1ed9t ho\u1eb7c c\u1ea3 hai m\u1eb7t b\u1eb1ng ph\u01b0\u01a1ng ph\u00e1p c\u00e0o x\u00f9 x\u1eed l\u00fd s\u1ee3i.<\/li>\n<\/ul>\n","protected":false},"excerpt":{"rendered":"<p>V\u1ea3i thun n\u1ec9 l\u00e0 lo\u1ea1i v\u1ea3i d\u00e0y chuy\u00ean d\u00f9ng \u0111\u1ec3 may \u00e1o kho\u00e1c, m\u1ec1n, b\u1ecdc gh\u1ebf. N\u1ec9 c\u00e0o bao g\u1ed3m n\u1ec9 hai da v\u00e0 n\u1ec9 c\u00e0o m\u1ed9t m\u1eb7t. T\u00f9y v\u00e0o nhu c\u1ea7u s\u1eed d\u1ee5ng m\u00e0 khi s\u1ea3n xu\u1ea5t lo\u1ea1i v\u1ea3i n\u00e0y s\u1ebd \u0111\u01b0\u1ee3c x\u1eed l\u00fd \u0111\u1ec3 c\u00e0o m\u1ed9t m\u1eb7t hay c\u1ea3 hai m\u1eb7t. Ch\u1ea5t li\u1ec7u &#8230;<\/p>\n","protected":false},"featured_media":165,"comment_status":"open","ping_status":"closed","template":"","meta":[],"_links":{"self":[{"href":"https:\/\/webmaibinh.com\/w\/shopvai2011\/wp-json\/wp\/v2\/product\/164"}],"collection":[{"href":"https:\/\/webmaibinh.com\/w\/shopvai2011\/wp-json\/wp\/v2\/product"}],"about":[{"href":"https:\/\/webmaibinh.com\/w\/shopvai2011\/wp-json\/wp\/v2\/types\/product"}],"replies":[{"embeddable":true,"href":"https:\/\/webmaibinh.com\/w\/shopvai2011\/wp-json\/wp\/v2\/comments?post=164"}],"wp:featuredmedia":[{"embeddable":true,"href":"https:\/\/webmaibinh.com\/w\/shopvai2011\/wp-json\/wp\/v2\/media\/165"}],"wp:attachment":[{"href":"https:\/\/webmaibinh.com\/w\/shopvai2011\/wp-json\/wp\/v2\/media?parent=164"}],"curies":[{"name":"wp","href":"https:\/\/api.w.org\/{rel}","templated":true}]}}