{"id":162,"date":"2019-09-05T16:31:51","date_gmt":"2019-09-05T09:31:51","guid":{"rendered":"http:\/\/shopvai.w2steam.com\/?post_type=product&#038;p=162"},"modified":"2019-09-05T16:31:51","modified_gmt":"2019-09-05T09:31:51","slug":"vai-thun-bong-cao","status":"publish","type":"product","link":"https:\/\/webmaibinh.com\/w\/shopvai2011\/s\u1ea3n ph\u1ea9m\/vai-thun-bong-cao\/","title":{"rendered":"V\u1ea3i thun b\u00f3ng c\u00e0o"},"content":{"rendered":"<p class=\"has-normal-font-size\">B\u00ean c\u1ea1nh v\u1ea3i thun ch\u00e9o d\u00f9ng \u0111\u1ec3 may qu\u1ea7n th\u1ec3 d\u1ee5c. C\u00f2n c\u00f3 s\u1ef1 l\u1ef1a ch\u1ecdn thay th\u1ebf kh\u00e1c l\u00e0 v\u1ea3i thun b\u00f3ng c\u00e0o. Chuy\u00ean d\u00f9ng \u0111\u1ec3 may\u00a0qu\u1ea7n \u00e1o th\u1ec3 thao, \u0111\u1eb7c bi\u1ec7c l\u00e0 c\u00e1c lo\u1ea1i qu\u1ea7n th\u1ec3 d\u1ee5c h\u1ecdc sinh. V\u1edbi \u0110\u1eb7c \u0111i\u1ec3m b\u00f3ng nh\u00e1m kh\u00e1ng khu\u1ea9n c\u1ef1c t\u1ed1t n\u00ean lo\u1ea1i v\u1ea3i n\u00e0y lu\u00f4n l\u00e0 s\u1ef1 l\u1ef1a ch\u1ecdn h\u00e0ng \u0111\u1ea7u so v\u1edbi c\u00e1c lo\u1ea1i v\u1ea3i thun kh\u00e1c.<\/p>\n<p class=\"has-normal-font-size\">V\u1ea3i thun D\u0169ng \u00c1nh hi\u1ec7n t\u1ea1i cung c\u1ea5p v\u1ea3i thun b\u00f3ng c\u00e0o v\u1edbi nhi\u1ec1u kh\u1ed5 v\u00e0 tr\u1ecdng l\u01b0\u1ee3ng: 1m6\/ 3m, 1m6\/ 4m..<\/p>\n<p class=\"has-normal-font-size\">Nh\u1eadn \u0111\u1eb7t h\u00e0ng theo tr\u1ecdng l\u01b0\u1ee3ng\/ 1kg theo y\u00eau c\u1ea7u kh\u00e1ch h\u00e0ng. Th\u1eddi gian \u0111\u1eb7t h\u00e0ng v\u00e0 nh\u1eadn v\u1ea3i 1 tu\u1ea7n.<\/p>\n<p class=\"has-normal-font-size\">M\u00e0u c\u00f3 s\u1eb5n: \u0110en, Xanh \u0110en, K\u00e9t, \u0110\u00f4, Ya\u2026<\/p>\n","protected":false},"excerpt":{"rendered":"<p>B\u00ean c\u1ea1nh v\u1ea3i thun ch\u00e9o d\u00f9ng \u0111\u1ec3 may qu\u1ea7n th\u1ec3 d\u1ee5c. C\u00f2n c\u00f3 s\u1ef1 l\u1ef1a ch\u1ecdn thay th\u1ebf kh\u00e1c l\u00e0 v\u1ea3i thun b\u00f3ng c\u00e0o. Chuy\u00ean d\u00f9ng \u0111\u1ec3 may\u00a0qu\u1ea7n \u00e1o th\u1ec3 thao, \u0111\u1eb7c bi\u1ec7c l\u00e0 c\u00e1c lo\u1ea1i qu\u1ea7n th\u1ec3 d\u1ee5c h\u1ecdc sinh. V\u1edbi \u0110\u1eb7c \u0111i\u1ec3m b\u00f3ng nh\u00e1m kh\u00e1ng khu\u1ea9n c\u1ef1c t\u1ed1t n\u00ean lo\u1ea1i v\u1ea3i n\u00e0y lu\u00f4n &#8230;<\/p>\n","protected":false},"featured_media":163,"comment_status":"open","ping_status":"closed","template":"","meta":[],"_links":{"self":[{"href":"https:\/\/webmaibinh.com\/w\/shopvai2011\/wp-json\/wp\/v2\/product\/162"}],"collection":[{"href":"https:\/\/webmaibinh.com\/w\/shopvai2011\/wp-json\/wp\/v2\/product"}],"about":[{"href":"https:\/\/webmaibinh.com\/w\/shopvai2011\/wp-json\/wp\/v2\/types\/product"}],"replies":[{"embeddable":true,"href":"https:\/\/webmaibinh.com\/w\/shopvai2011\/wp-json\/wp\/v2\/comments?post=162"}],"wp:featuredmedia":[{"embeddable":true,"href":"https:\/\/webmaibinh.com\/w\/shopvai2011\/wp-json\/wp\/v2\/media\/163"}],"wp:attachment":[{"href":"https:\/\/webmaibinh.com\/w\/shopvai2011\/wp-json\/wp\/v2\/media?parent=162"}],"curies":[{"name":"wp","href":"https:\/\/api.w.org\/{rel}","templated":true}]}}