{"id":158,"date":"2019-09-05T16:29:53","date_gmt":"2019-09-05T09:29:53","guid":{"rendered":"http:\/\/shopvai.w2steam.com\/?post_type=product&#038;p=158"},"modified":"2019-09-05T16:29:53","modified_gmt":"2019-09-05T09:29:53","slug":"vai-thun-lanh-silk","status":"publish","type":"product","link":"https:\/\/webmaibinh.com\/w\/shopvai2011\/s\u1ea3n ph\u1ea9m\/vai-thun-lanh-silk\/","title":{"rendered":"V\u1ea3i thun l\u1ea1nh \u2013 Silk"},"content":{"rendered":"<p>V\u1ea3i thun l\u1ea1nh hay c\u00f2n g\u1ecdi l\u00e0 thun silk, siu l\u00e0 lo\u1ea1i v\u1ea3i c\u00f3 95% l\u00e0 s\u1ee3i t\u1ed5ng h\u1ee3p h\u00f3a h\u1ecdc 5% c\u00f2n l\u1ea1i l\u00e0 s\u1ee3i spandex. V\u1ea3i thun l\u1ea1nh lu\u00f4n c\u00f3 v\u1ebb ngo\u00e0i m\u1ec1m m\u1ea1i, c\u1ea3m gi\u00e1c s\u1edd v\u00e0o m\u00e1t l\u1ea1nh v\u00e0 tr\u01a1n. M\u00e0u s\u1eafc b\u1eaft m\u1eaft, khi may \u00e1o, qu\u1ea7n th\u1ec3 th\u00e1o, \u0111\u00e1 banh th\u00ec th\u01b0\u1eddng \u0111\u01b0\u1ee3c ch\u1ecdn tone m\u00e0u r\u1ef1c v\u00e0 ch\u00f3i. B\u00ean c\u1ea1nh \u0111\u00f3 lo\u1ea1i v\u1ea3i n\u00e0y c\u00f2n \u0111\u01b0\u1ee3c d\u00f9ng \u0111\u1ec3 may \u0111\u1ed3 b\u01a1i, bikini, qu\u1ea7n l\u00f3t, qu\u1ea7n chip. \u0110\u1eb7c bi\u1ec7t v\u00ec ch\u1ea5t li\u1ec7u m\u1ecbn v\u00e0 m\u00e1t l\u1ea1nh n\u00ean lo\u1ea1i v\u1ea3i n\u00e0y r\u1ea5t th\u00edch h\u1ee3p may v\u00e1y ng\u1ee7.<\/p>\n<h4>\u0110\u1eb7c \u0111i\u1ec3m v\u1ea3i thun l\u1ea1nh \u2013 v\u1ea3i thun silk<\/h4>\n<ul>\n<li>\u01afu \u0111i\u1ec3m: gi\u00e1 th\u00e0nh kh\u00f4ng cao, m\u00e0u s\u1eafc r\u1ef1c r\u1ee1, t\u00ednh kh\u00e1ng khu\u1ea9n, th\u1ea5m m\u1ed3 h\u00f4i t\u1ed1t, kh\u00f4ng nh\u0103n v\u00e0 mau kh\u00f4. B\u1ec1n m\u00e0u theo th\u1eddi gian, co gi\u00e3n t\u1ed1t, in chuy\u1ec3n nhi\u1ec7t xu\u1ea5t s\u0103c. N\u00ean th\u01b0\u1eddng \u0111\u01b0\u1ee3c d\u00f9ng l\u00e0m \u0111\u1ed3 \u0111\u1ea5u, \u0111\u1ed3 th\u1ec3 thao \u0111\u00e1 banh, \u0111\u1ed3 b\u01a1i.<\/li>\n<li>Khuy\u1ebft \u0111i\u1ec3m: Kh\u00f4ng \u0111\u01b0\u1ee3c s\u1eed d\u1ee5ng g\u1ea7n ngu\u1ed3n nhi\u1ec7t c\u00f3 nhi\u1ec7t \u0111\u1ed9 cao.<\/li>\n<\/ul>\n<p><strong>C\u00f3 2 lo\u1ea1i v\u1ea3i l\u1ea1nh ( hay c\u00f2n g\u1ecdi l\u00e0 v\u1ea3i thun silk): 2 chi\u1ec1u v\u00e0 4 chi\u1ec1u.<\/strong><\/p>\n<ul>\n<li>L\u1ea1nh 2 chi\u1ec1u. Kh\u1ed5: 1m6 (tr\u1ecdng l\u01b0\u1ee3ng 4m\/ 1kg)<\/li>\n<li>L\u1ea1nh 4 chi\u1ec1u (silk) Kh\u1ed5: 1m4 (tr\u1ecdng l\u01b0\u1ee3ng 3m,4m\/ 1kg)<\/li>\n<\/ul>\n","protected":false},"excerpt":{"rendered":"<p>V\u1ea3i thun l\u1ea1nh hay c\u00f2n g\u1ecdi l\u00e0 thun silk, siu l\u00e0 lo\u1ea1i v\u1ea3i c\u00f3 95% l\u00e0 s\u1ee3i t\u1ed5ng h\u1ee3p h\u00f3a h\u1ecdc 5% c\u00f2n l\u1ea1i l\u00e0 s\u1ee3i spandex. V\u1ea3i thun l\u1ea1nh lu\u00f4n c\u00f3 v\u1ebb ngo\u00e0i m\u1ec1m m\u1ea1i, c\u1ea3m gi\u00e1c s\u1edd v\u00e0o m\u00e1t l\u1ea1nh v\u00e0 tr\u01a1n. M\u00e0u s\u1eafc b\u1eaft m\u1eaft, khi may \u00e1o, qu\u1ea7n th\u1ec3 th\u00e1o, \u0111\u00e1 &#8230;<\/p>\n","protected":false},"featured_media":159,"comment_status":"open","ping_status":"closed","template":"","meta":[],"_links":{"self":[{"href":"https:\/\/webmaibinh.com\/w\/shopvai2011\/wp-json\/wp\/v2\/product\/158"}],"collection":[{"href":"https:\/\/webmaibinh.com\/w\/shopvai2011\/wp-json\/wp\/v2\/product"}],"about":[{"href":"https:\/\/webmaibinh.com\/w\/shopvai2011\/wp-json\/wp\/v2\/types\/product"}],"replies":[{"embeddable":true,"href":"https:\/\/webmaibinh.com\/w\/shopvai2011\/wp-json\/wp\/v2\/comments?post=158"}],"wp:featuredmedia":[{"embeddable":true,"href":"https:\/\/webmaibinh.com\/w\/shopvai2011\/wp-json\/wp\/v2\/media\/159"}],"wp:attachment":[{"href":"https:\/\/webmaibinh.com\/w\/shopvai2011\/wp-json\/wp\/v2\/media?parent=158"}],"curies":[{"name":"wp","href":"https:\/\/api.w.org\/{rel}","templated":true}]}}