{"id":156,"date":"2019-09-05T16:28:56","date_gmt":"2019-09-05T09:28:56","guid":{"rendered":"http:\/\/shopvai.w2steam.com\/?post_type=product&#038;p=156"},"modified":"2019-09-05T16:28:56","modified_gmt":"2019-09-05T09:28:56","slug":"vai-thun-poly","status":"publish","type":"product","link":"https:\/\/webmaibinh.com\/w\/shopvai2011\/s\u1ea3n ph\u1ea9m\/vai-thun-poly\/","title":{"rendered":"V\u1ea3i thun Poly"},"content":{"rendered":"<p>V\u1ea3i thun poly l\u00e0 lo\u1ea1i v\u1ea3i thun c\u00f3 th\u00e0nh ph\u1ea7n 92% \u2013 96% l\u00e0 s\u1ee3i t\u1ed5ng h\u1ee3p polyester. Th\u00e0nh ph\u1ea7n c\u00f2n l\u1ea1i l\u00e0 s\u1ee3i spandex. V\u00ec v\u1eady t\u00f9y theo \u0111\u1ed9 co gi\u00e3n nhi\u1ec1u hay \u00edt m\u00e0 t\u1ef7 l\u1ec7 s\u1ee3i pha spandex kh\u00e1c nhau.<\/p>\n<h3>V\u1ea3i thun poly c\u00f3 \u0111\u1eb7c \u0111i\u1ec3m g\u00ec n\u1ed5i b\u1eadc h\u01a1n so v\u1edbi c\u00e1c lo\u1ea1i v\u1ea3i thun kh\u00e1c.<\/h3>\n<ul>\n<li>Thun poly c\u00f3 \u0111\u1ed9 co d\u00e3n t\u1ed1t. C\u00f3 \u0111\u1ed9 m\u1ecbn v\u00e0 d\u00e0y h\u01a1n c\u00e1c lo\u1ea1i v\u1ea3i kh\u00e1c.<\/li>\n<li>M\u00e0u s\u1eafc \u0111a d\u1ea1ng, c\u00f3 t\u01b0\u01a1i s\u00e1ng, c\u0169ng c\u00f3 tone m\u00e0u tr\u1ea7m.<\/li>\n<li>Kh\u00f4ng b\u1ecb nh\u0103n, ho\u1eb7c b\u1ecb r\u1ea5t \u00edt ( tr\u01b0\u1eddng h\u1ee3p \u0111\u1ecbnh l\u01b0\u1ee3ng m\u1ecfng).<\/li>\n<li>Tr\u01a1n l\u00e1ng v\u00e0 c\u00f3 t\u00ednh kh\u00e1ng khu\u1ea9n, kh\u00e1ng b\u1ee5i cao.<\/li>\n<li>Gi\u00e1 c\u1ea3 r\u1ebb h\u01a1n so v\u1edbi c\u00e1c lo\u1ea1i v\u1ea3i kh\u00e1c.<\/li>\n<\/ul>\n<h3>\u1ee8ng d\u1ee5ng c\u1ee7a v\u1ea3i poly v\u00e0o may m\u1eb7c.<\/h3>\n<ul>\n<li>Poly l\u00e0 lo\u1ea1i v\u1ea3i ph\u1ed5 bi\u1ebfn nh\u1ea5t trong th\u1eddi trang \u0111\u1ed3 b\u1ed9, v\u00e1y n\u1eef.<\/li>\n<li>\u00c1o kho\u00e1c c\u0169ng l\u00e0 m\u1ed9t m\u1eb7t h\u00e0ng \u0111\u01b0\u1ee3c \u1ee9ng d\u1ee5ng r\u1ea5t t\u1ed1t t\u1eeb ch\u1ea5t li\u1ec7u n\u00e0y. \u0110\u01a1n c\u1eed l\u00e0 lo\u1ea1i \u00e1o kho\u00e1t adidas n\u1ed5i ti\u1ebfng.<\/li>\n<li>Chuy\u00ean d\u00f9ng may ph\u00f4ng m\u00e0n, kh\u0103n tr\u1ea3i b\u00e0n \u0103n.<\/li>\n<li>May qu\u1ea7n th\u1ec3 d\u1ee5c, qu\u1ea7n th\u1ec3 thao h\u1ecdc sinh.<\/li>\n<li>May \u0111\u1ed3 b\u1ed9 qu\u1ea7n \u00e1o tr\u1ebb em 6 \u0111\u1ebfn 12 tu\u1ed5i in chuy\u1ec3n nhi\u1ec7t.<\/li>\n<\/ul>\n<h3>C\u00e1c kh\u1ed5 v\u1ea3i v\u00e0 \u0111\u1ecbnh l\u01b0\u1ee3ng v\u1ea3i thun poly<\/h3>\n<p>Thun poly c\u00f3 r\u1ea5t nhi\u1ec1u \u0111\u1ecbnh l\u01b0\u1ee3ng v\u1ea3i. Ti\u00eau bi\u1ec3u l\u00e0 h\u00e0ng d\u00e0y t\u1eeb 2m5 \u0111\u1ebfn 1m7.<\/p>\n<p>Kh\u1ed5 1m6. Tr\u1ecdng l\u01b0\u1ee3ng 1m7\/ 1 kg.<\/p>\n<ul>\n<li>Kh\u1ed5 1m6. Tr\u1ecdng l\u01b0\u1ee3ng 1m7\/ 1 kg.<\/li>\n<\/ul>\n<ul>\n<li>Kh\u1ed5 1m6. Tr\u1ecdng l\u01b0\u1ee3ng 2m\/ 1 kg.<\/li>\n<\/ul>\n<ul>\n<li>Kh\u1ed5 1m6. Tr\u1ecdng l\u01b0\u1ee3ng 2m4\/ 1 kg.<\/li>\n<\/ul>\n<ul>\n<li>Kh\u1ed5 1m6. Tr\u1ecdng l\u01b0\u1ee3ng 2m8\/ 1 kg.<\/li>\n<\/ul>\n","protected":false},"excerpt":{"rendered":"<p>V\u1ea3i thun poly l\u00e0 lo\u1ea1i v\u1ea3i thun c\u00f3 th\u00e0nh ph\u1ea7n 92% \u2013 96% l\u00e0 s\u1ee3i t\u1ed5ng h\u1ee3p polyester. Th\u00e0nh ph\u1ea7n c\u00f2n l\u1ea1i l\u00e0 s\u1ee3i spandex. V\u00ec v\u1eady t\u00f9y theo \u0111\u1ed9 co gi\u00e3n nhi\u1ec1u hay \u00edt m\u00e0 t\u1ef7 l\u1ec7 s\u1ee3i pha spandex kh\u00e1c nhau. V\u1ea3i thun poly c\u00f3 \u0111\u1eb7c \u0111i\u1ec3m g\u00ec n\u1ed5i b\u1eadc h\u01a1n so v\u1edbi &#8230;<\/p>\n","protected":false},"featured_media":157,"comment_status":"open","ping_status":"closed","template":"","meta":[],"_links":{"self":[{"href":"https:\/\/webmaibinh.com\/w\/shopvai2011\/wp-json\/wp\/v2\/product\/156"}],"collection":[{"href":"https:\/\/webmaibinh.com\/w\/shopvai2011\/wp-json\/wp\/v2\/product"}],"about":[{"href":"https:\/\/webmaibinh.com\/w\/shopvai2011\/wp-json\/wp\/v2\/types\/product"}],"replies":[{"embeddable":true,"href":"https:\/\/webmaibinh.com\/w\/shopvai2011\/wp-json\/wp\/v2\/comments?post=156"}],"wp:featuredmedia":[{"embeddable":true,"href":"https:\/\/webmaibinh.com\/w\/shopvai2011\/wp-json\/wp\/v2\/media\/157"}],"wp:attachment":[{"href":"https:\/\/webmaibinh.com\/w\/shopvai2011\/wp-json\/wp\/v2\/media?parent=156"}],"curies":[{"name":"wp","href":"https:\/\/api.w.org\/{rel}","templated":true}]}}