{"id":147,"date":"2019-09-05T16:24:02","date_gmt":"2019-09-05T09:24:02","guid":{"rendered":"http:\/\/shopvai.w2steam.com\/?post_type=product&#038;p=147"},"modified":"2019-09-05T16:24:09","modified_gmt":"2019-09-05T09:24:09","slug":"vai-ca-map-65-35-2-chieu","status":"publish","type":"product","link":"https:\/\/webmaibinh.com\/w\/shopvai2011\/s\u1ea3n ph\u1ea9m\/vai-ca-map-65-35-2-chieu\/","title":{"rendered":"V\u1ea3i c\u00e1 m\u1eadp 65\/35 2 chi\u1ec1u"},"content":{"rendered":"<p class=\"has-normal-font-size\">V\u1ea3i c\u00e1 m\u1eadp 65\/35 c\u00f2n \u0111\u01b0\u1ee3c g\u1ecdi l\u00e0 c\u00e1 m\u1eadp tici. Th\u00e0nh ph\u1ea7n ch\u00ednh bao g\u1ed3m s\u1ee3i polyester v\u00e0 s\u1ee3i cotton. V\u1edbi t\u1ef7 l\u1ec7 g\u1ed3m 35% cotton, 65% PE. Do h\u01b0\u1edbng t\u1edbi nhu c\u1ea7u may \u00e1o \u0111\u1ed3ng ph\u1ee5c c\u00f4ng nh\u00e2n gi\u00e1 r\u1ebb. N\u00ean qu\u00e1 tr\u00ecnh s\u1ea3n xu\u1ea5t \u0111\u00e3 kh\u00f4ng pha th\u00eam s\u1ee3i spandex co d\u00e3n. N\u1ebfu qu\u00fd kh\u00e1ch mu\u1ed1n v\u1ea3i co d\u00e3n 4 chi\u1ec1u th\u00ec s\u1ebd ph\u1ea3i \u0111\u1eb7t d\u1ec7t ri\u00eang.<\/p>\n<ul>\n<li>Kh\u1ed5 v\u1ea3i \u1ed1ng: 2.4m ( tr\u1ecdng l\u01b0\u1ee3ng 1.8m\/ 1kg)<\/li>\n<\/ul>\n<ul>\n<li>\u0110\u1eb7c \u0111i\u1ec3m: M\u1eaft v\u1ea3i d\u1eb9t, m\u00ecnh v\u1ea3i m\u1ec1m, h\u01a1i th\u00f4, v\u1ea3i d\u00e0y \u0111\u1ed9 b\u1ec1n v\u1ea3i cao, \u00edt co gi\u00e3n, th\u1ea5m h\u00fat m\u1ed3 h\u00f4i, ph\u00f9 h\u1ee3p v\u1edbi may \u00e1o th\u1eddi trang nam, \u0111\u1ed3ng ph\u1ee5c nh\u00e2n vi\u00ean nam VP, \u00e1o thun qu\u00e0 t\u1eb7ng. \u00c1o \u0111\u1ed3ng ph\u1ee5c c\u00f4ng nh\u00e2n, sinh vi\u00ean.<\/li>\n<li>\u01afu \u0111i\u1ec3m: M\u00ecnh v\u1ea3i \u0111\u1eb9p, m\u1ea1nh m\u1ebd ch\u1eafc ch\u1eafn. Tho\u00e1ng m\u00e1t th\u00edch h\u1ee3p lao \u0111\u1ed9ng ngo\u00e0i tr\u1eddi, c\u00f4ng x\u01b0\u1edfng.<\/li>\n<\/ul>\n","protected":false},"excerpt":{"rendered":"<p>V\u1ea3i c\u00e1 m\u1eadp 65\/35 c\u00f2n \u0111\u01b0\u1ee3c g\u1ecdi l\u00e0 c\u00e1 m\u1eadp tici. Th\u00e0nh ph\u1ea7n ch\u00ednh bao g\u1ed3m s\u1ee3i polyester v\u00e0 s\u1ee3i cotton. V\u1edbi t\u1ef7 l\u1ec7 g\u1ed3m 35% cotton, 65% PE. Do h\u01b0\u1edbng t\u1edbi nhu c\u1ea7u may \u00e1o \u0111\u1ed3ng ph\u1ee5c c\u00f4ng nh\u00e2n gi\u00e1 r\u1ebb. N\u00ean qu\u00e1 tr\u00ecnh s\u1ea3n xu\u1ea5t \u0111\u00e3 kh\u00f4ng pha th\u00eam s\u1ee3i spandex co d\u00e3n. &#8230;<\/p>\n","protected":false},"featured_media":148,"comment_status":"open","ping_status":"closed","template":"","meta":[],"_links":{"self":[{"href":"https:\/\/webmaibinh.com\/w\/shopvai2011\/wp-json\/wp\/v2\/product\/147"}],"collection":[{"href":"https:\/\/webmaibinh.com\/w\/shopvai2011\/wp-json\/wp\/v2\/product"}],"about":[{"href":"https:\/\/webmaibinh.com\/w\/shopvai2011\/wp-json\/wp\/v2\/types\/product"}],"replies":[{"embeddable":true,"href":"https:\/\/webmaibinh.com\/w\/shopvai2011\/wp-json\/wp\/v2\/comments?post=147"}],"wp:featuredmedia":[{"embeddable":true,"href":"https:\/\/webmaibinh.com\/w\/shopvai2011\/wp-json\/wp\/v2\/media\/148"}],"wp:attachment":[{"href":"https:\/\/webmaibinh.com\/w\/shopvai2011\/wp-json\/wp\/v2\/media?parent=147"}],"curies":[{"name":"wp","href":"https:\/\/api.w.org\/{rel}","templated":true}]}}