{"id":143,"date":"2019-09-05T16:21:29","date_gmt":"2019-09-05T09:21:29","guid":{"rendered":"http:\/\/shopvai.w2steam.com\/?post_type=product&#038;p=143"},"modified":"2019-09-05T16:21:29","modified_gmt":"2019-09-05T09:21:29","slug":"vai-ca-sau-poly","status":"publish","type":"product","link":"https:\/\/webmaibinh.com\/w\/shopvai2011\/s\u1ea3n ph\u1ea9m\/vai-ca-sau-poly\/","title":{"rendered":"V\u1ea3i c\u00e1 s\u1ea5u Poly"},"content":{"rendered":"<p class=\"has-normal-font-size\">V\u1ea3i C\u00e1 s\u1ea5u poly 4 chi\u1ec1u l\u00e0 s\u1ef1 k\u1ebft h\u1ee3p gi\u1eefa s\u1ee3i polyester v\u00e0 ki\u1ec3u d\u1ec7t c\u00e1 s\u1ea5u t\u1ea1o n\u00ean m\u1ed9t lo\u1ea1i v\u1ea3i m\u1edbi. Sang tr\u1ecdng v\u00e0 thanh l\u1ecbch l\u00e0 \u0111i\u1ec3m n\u1ed5i b\u1eadc c\u1ee7a lo\u1ea1i v\u1ea3i n\u00e0y. \u0110\u1ed3ng ph\u1ee5c ng\u00e2n h\u00e0ng, c\u00e1c c\u00f4ng ty chuy\u00ean nghi\u1ec7p l\u00e0 nh\u1eefng \u0111\u01a1n v\u1ecb hay l\u1ef1a ch\u1ecdn lo\u1ea1i v\u1ea3i n\u00e0y nh\u1ea5t. V\u00ec s\u1ee3i poly l\u00e0 th\u00e0nh ph\u1ea7n chi\u1ebfm ph\u1ea7n l\u1edbn n\u00ean m\u1eb7c trong m\u00f4i tr\u01b0\u1eddng b\u00ecnh th\u01b0\u1eddng s\u1ebd n\u00f3ng, v\u00e0 b\u1ee9c b\u1ed1i. V\u00ec \u0111\u1eb7c \u0111i\u1ec3m n\u00e0y n\u00ean lo\u1ea1i v\u1ea3i n\u00e0y th\u01b0\u1eddng ch\u1ec9 \u0111\u01b0\u1ee3c c\u00e1c c\u00f4ng ty v\u00e0 ng\u00e2n h\u00e0ng c\u00f3 m\u00f4i l\u00e0m vi\u1ec7c trong m\u00e1y lanh \u01b0a chu\u1ed9ng.<\/p>\n<h3>\u0110\u1eb7c t\u00ednh c\u1ee7a v\u1ea3i c\u00e1 s\u1ea5u poly<\/h3>\n<ul>\n<li>\u01afu \u0111i\u1ec3m: b\u1ec1 m\u1eb7t v\u1ea3i r\u1ea5t \u0111\u1eb9p n\u00ean l\u00ean \u00e1o s\u1ebd t\u1ea1o s\u1ef1 thanh l\u1ecbch, nh\u1eb9 nh\u00e0ng, b\u1ec1n m\u00e0u n\u00ean m\u1eb7c l\u00e2u s\u1ebd kh\u00f4ng th\u1ea5y v\u1ea3i xu\u1ed1ng s\u1eafc. Gi\u1eb7t mau kh\u00f4, kh\u00f4ng nh\u0103n, v\u1ea3i kh\u00f4ng bao gi\u1edd x\u00f9 l\u00f4ng. Gi\u00e1 th\u00e0nh t\u01b0\u01a1ng \u0111\u1ed1i r\u1ebb.<\/li>\n<\/ul>\n<ul>\n<li>Khuy\u1ebft \u0111i\u1ec3m: n\u00f3ng khi m\u1eb7c ngo\u00e0i tr\u1eddi.<\/li>\n<\/ul>\n","protected":false},"excerpt":{"rendered":"<p>V\u1ea3i C\u00e1 s\u1ea5u poly 4 chi\u1ec1u l\u00e0 s\u1ef1 k\u1ebft h\u1ee3p gi\u1eefa s\u1ee3i polyester v\u00e0 ki\u1ec3u d\u1ec7t c\u00e1 s\u1ea5u t\u1ea1o n\u00ean m\u1ed9t lo\u1ea1i v\u1ea3i m\u1edbi. Sang tr\u1ecdng v\u00e0 thanh l\u1ecbch l\u00e0 \u0111i\u1ec3m n\u1ed5i b\u1eadc c\u1ee7a lo\u1ea1i v\u1ea3i n\u00e0y. \u0110\u1ed3ng ph\u1ee5c ng\u00e2n h\u00e0ng, c\u00e1c c\u00f4ng ty chuy\u00ean nghi\u1ec7p l\u00e0 nh\u1eefng \u0111\u01a1n v\u1ecb hay l\u1ef1a ch\u1ecdn lo\u1ea1i v\u1ea3i &#8230;<\/p>\n","protected":false},"featured_media":144,"comment_status":"open","ping_status":"closed","template":"","meta":[],"_links":{"self":[{"href":"https:\/\/webmaibinh.com\/w\/shopvai2011\/wp-json\/wp\/v2\/product\/143"}],"collection":[{"href":"https:\/\/webmaibinh.com\/w\/shopvai2011\/wp-json\/wp\/v2\/product"}],"about":[{"href":"https:\/\/webmaibinh.com\/w\/shopvai2011\/wp-json\/wp\/v2\/types\/product"}],"replies":[{"embeddable":true,"href":"https:\/\/webmaibinh.com\/w\/shopvai2011\/wp-json\/wp\/v2\/comments?post=143"}],"wp:featuredmedia":[{"embeddable":true,"href":"https:\/\/webmaibinh.com\/w\/shopvai2011\/wp-json\/wp\/v2\/media\/144"}],"wp:attachment":[{"href":"https:\/\/webmaibinh.com\/w\/shopvai2011\/wp-json\/wp\/v2\/media?parent=143"}],"curies":[{"name":"wp","href":"https:\/\/api.w.org\/{rel}","templated":true}]}}