{"id":141,"date":"2019-09-05T16:20:10","date_gmt":"2019-09-05T09:20:10","guid":{"rendered":"http:\/\/shopvai.w2steam.com\/?post_type=product&#038;p=141"},"modified":"2019-09-06T16:15:35","modified_gmt":"2019-09-06T09:15:35","slug":"vai-ca-sau-tici-65-35-4-chieu","status":"publish","type":"product","link":"https:\/\/webmaibinh.com\/w\/shopvai2011\/s\u1ea3n ph\u1ea9m\/vai-ca-sau-tici-65-35-4-chieu\/","title":{"rendered":"V\u1ea3i c\u00e1 s\u1ea5u tici 65\/35 4 chi\u1ec1u"},"content":{"rendered":"<p class=\"has-normal-font-size\">V\u1ea3i c\u00e1 s\u1ea5u tici hay c\u00f2n g\u1ecdi l\u00e0 v\u1ea3i thun c\u00e1 s\u1ea5u 65\/35 4 chi\u1ec1u. L\u00e0 lo\u1ea1i v\u1ea3i chuy\u00ean d\u00f9ng may \u00e1o c\u00e1 s\u1ea5u lacoste. V\u1ea3i n\u00e0y \u0111\u01b0\u1ee3c d\u1ec7t theo d\u1ea1ng l\u01b0\u1edbi v\u1edbi m\u1eafc d\u1ec7t to h\u01a1n so v\u1edbi nh\u1eefng lo\u1ea1i v\u1ea3i cotton kh\u00e1c. Xu\u1ea5t hi\u1ec7n v\u00e0o n\u0103m 1993 t\u1ea1i Ph\u00e1p. Lo\u1ea1i v\u1ea3i n\u00e0y r\u1ea5t ph\u1ed5 bi\u1ebfn trong th\u1eddi trang cao c\u1ea5p v\u00ec \u0111\u1ed9 \u0111\u1ea7m t\u00ednh, ch\u1eefng ch\u1ea1c kh\u00f4ng k\u00e9m ph\u1ea7n sang tr\u1ecdng. H\u1ea7u h\u1ebft c\u00e1c lo\u1ea1i \u00e1o \u0111\u1ed3ng ph\u1ee5c c\u00f4ng ty, tr\u01b0\u1eddng h\u1ecdc, c\u00f4ng s\u1edf, \u0111\u1ebfn trang ph\u1ee5c c\u00f4ng nh\u00e2n \u0111\u1ec1u s\u1eed d\u1ee5ng ch\u1ea5t li\u1ec7u v\u1ea3i n\u00e0y.<\/p>\n<p class=\"has-normal-font-size\">Do lo\u1ea1i v\u1ea3i n\u00e0y g\u1eafn li\u1ec1n v\u1edbi th\u01b0\u01a1ng hi\u1ec7u n\u1ed5i ti\u1ebfng lacoste l\u00e0 ch\u00fa c\u00e1 s\u1ea5u. N\u00ean m\u1ecdi ng\u01b0\u1eddi th\u01b0\u1eddng g\u1ecdi l\u00e0 v\u1ea3i c\u00e1 s\u1ea5u.<\/p>\n<ul>\n<li>\u01afu \u0111i\u1ec3m: v\u1ea3i c\u00e1 s\u1ea5u tici c\u00f3 m\u00ecnh v\u1ea3i \u0111\u1eb9p, \u00edt x\u00f9 l\u00f4ng. Th\u1ea5m n\u01b0\u1edbc nhanh, tho\u00e1ng kh\u00ed t\u1ed1t. Gi\u00e1 v\u1eeba ph\u1ea3i, r\u1ebb h\u01a1n c\u00e1 s\u1ea5u 100% cotton. B\u00ean c\u1ea1nh \u0111\u00f3 m\u00e0u s\u1eafc \u0111a d\u1ea1ng, nhi\u1ec1u gam m\u00e0u t\u01b0\u01a1i s\u00e1ng.<\/li>\n<\/ul>\n","protected":false},"excerpt":{"rendered":"<p>V\u1ea3i c\u00e1 s\u1ea5u tici hay c\u00f2n g\u1ecdi l\u00e0 v\u1ea3i thun c\u00e1 s\u1ea5u 65\/35 4 chi\u1ec1u. L\u00e0 lo\u1ea1i v\u1ea3i chuy\u00ean d\u00f9ng may \u00e1o c\u00e1 s\u1ea5u lacoste. V\u1ea3i n\u00e0y \u0111\u01b0\u1ee3c d\u1ec7t theo d\u1ea1ng l\u01b0\u1edbi v\u1edbi m\u1eafc d\u1ec7t to h\u01a1n so v\u1edbi nh\u1eefng lo\u1ea1i v\u1ea3i cotton kh\u00e1c. Xu\u1ea5t hi\u1ec7n v\u00e0o n\u0103m 1993 t\u1ea1i Ph\u00e1p. Lo\u1ea1i v\u1ea3i n\u00e0y r\u1ea5t &#8230;<\/p>\n","protected":false},"featured_media":142,"comment_status":"open","ping_status":"closed","template":"","meta":[],"_links":{"self":[{"href":"https:\/\/webmaibinh.com\/w\/shopvai2011\/wp-json\/wp\/v2\/product\/141"}],"collection":[{"href":"https:\/\/webmaibinh.com\/w\/shopvai2011\/wp-json\/wp\/v2\/product"}],"about":[{"href":"https:\/\/webmaibinh.com\/w\/shopvai2011\/wp-json\/wp\/v2\/types\/product"}],"replies":[{"embeddable":true,"href":"https:\/\/webmaibinh.com\/w\/shopvai2011\/wp-json\/wp\/v2\/comments?post=141"}],"wp:featuredmedia":[{"embeddable":true,"href":"https:\/\/webmaibinh.com\/w\/shopvai2011\/wp-json\/wp\/v2\/media\/142"}],"wp:attachment":[{"href":"https:\/\/webmaibinh.com\/w\/shopvai2011\/wp-json\/wp\/v2\/media?parent=141"}],"curies":[{"name":"wp","href":"https:\/\/api.w.org\/{rel}","templated":true}]}}