{"id":139,"date":"2019-09-05T16:19:06","date_gmt":"2019-09-05T09:19:06","guid":{"rendered":"http:\/\/shopvai.w2steam.com\/?post_type=product&#038;p=139"},"modified":"2019-09-05T16:19:06","modified_gmt":"2019-09-05T09:19:06","slug":"vai-ca-sau-me-4-chieu","status":"publish","type":"product","link":"https:\/\/webmaibinh.com\/w\/shopvai2011\/s\u1ea3n ph\u1ea9m\/vai-ca-sau-me-4-chieu\/","title":{"rendered":"V\u1ea3i c\u00e1 s\u1ea5u m\u00e8 4 chi\u1ec1u"},"content":{"rendered":"<p>V\u1ea3i thun c\u00e1 s\u1ea5u m\u00e8 thu\u1ed9c lo\u1ea1i v\u1ea3i thun c\u00e1 s\u1ea5u \u0111\u01b0\u1ee3c d\u1ec7t theo ki\u1ec3u m\u1eaft m\u00e8 nh\u1ecf. \u0110\u00e2y l\u00e0 lo\u1ea1i v\u1ea3i ra \u0111\u1eddi v\u1edbi m\u1ee5c \u0111\u00edch qu\u1ea3ng c\u00e1o, s\u1ef1 ki\u1ec7n, \u00e1o nh\u00f3m l\u1edbp. C\u00f3 \u0111\u1ed9 m\u1ecfng h\u01a1n so v\u1edbi\u00a0c\u00e1 s\u1ea5u poly, n\u00ean tho\u00e1ng m\u00e1t h\u01a1n. Ch\u1ea5t li\u1ec7u \u0111a ph\u1ea7n l\u00e0 s\u1ee3i polyester n\u00ean r\u1ea5t th\u00edch h\u1ee3p in chuy\u1ec3n nhi\u1ec7t.<\/p>\n<ul>\n<li>\u01afu \u0111i\u1ec3m: M\u1ecfng h\u01a1n v\u00e0 m\u00e1t h\u01a1n so v\u1edbi c\u00e1 s\u1ea5u poly, m\u00e0u s\u1eafc t\u01b0\u01a1i s\u00e1ng, b\u1ec1n m\u00e0u. D\u1ec5 gi\u1eb7t mau kh\u00f4, b\u1ec1n m\u00e0u v\u00e0 r\u1ea5t kh\u00f3 nh\u0103n. \u0110\u1eb7t bi\u1ec7t kh\u00f4ng b\u1ecb x\u00f9 l\u00f4ng, gi\u00e1 th\u00e0nh r\u1ebb.<\/li>\n<li>Khuy\u1ebft \u0111i\u1ec3m: C\u00f3 th\u1ec3 b\u1ecb x\u01b0\u1edbc n\u1ebfu gi\u1eb7t b\u1eb1ng b\u00e0n ch\u1ea3i kh\u00f4ng \u0111\u00fang c\u00e1ch. N\u00f3ng h\u01a1n khi m\u1eb7c b\u00ean ngo\u00e0i tr\u1eddi so v\u1edbi c\u00e1c lo\u1ea1i v\u1ea3i thun pha.<\/li>\n<\/ul>\n","protected":false},"excerpt":{"rendered":"<p>V\u1ea3i thun c\u00e1 s\u1ea5u m\u00e8 thu\u1ed9c lo\u1ea1i v\u1ea3i thun c\u00e1 s\u1ea5u \u0111\u01b0\u1ee3c d\u1ec7t theo ki\u1ec3u m\u1eaft m\u00e8 nh\u1ecf. \u0110\u00e2y l\u00e0 lo\u1ea1i v\u1ea3i ra \u0111\u1eddi v\u1edbi m\u1ee5c \u0111\u00edch qu\u1ea3ng c\u00e1o, s\u1ef1 ki\u1ec7n, \u00e1o nh\u00f3m l\u1edbp. C\u00f3 \u0111\u1ed9 m\u1ecfng h\u01a1n so v\u1edbi\u00a0c\u00e1 s\u1ea5u poly, n\u00ean tho\u00e1ng m\u00e1t h\u01a1n. Ch\u1ea5t li\u1ec7u \u0111a ph\u1ea7n l\u00e0 s\u1ee3i polyester n\u00ean r\u1ea5t &#8230;<\/p>\n","protected":false},"featured_media":140,"comment_status":"open","ping_status":"closed","template":"","meta":[],"_links":{"self":[{"href":"https:\/\/webmaibinh.com\/w\/shopvai2011\/wp-json\/wp\/v2\/product\/139"}],"collection":[{"href":"https:\/\/webmaibinh.com\/w\/shopvai2011\/wp-json\/wp\/v2\/product"}],"about":[{"href":"https:\/\/webmaibinh.com\/w\/shopvai2011\/wp-json\/wp\/v2\/types\/product"}],"replies":[{"embeddable":true,"href":"https:\/\/webmaibinh.com\/w\/shopvai2011\/wp-json\/wp\/v2\/comments?post=139"}],"wp:featuredmedia":[{"embeddable":true,"href":"https:\/\/webmaibinh.com\/w\/shopvai2011\/wp-json\/wp\/v2\/media\/140"}],"wp:attachment":[{"href":"https:\/\/webmaibinh.com\/w\/shopvai2011\/wp-json\/wp\/v2\/media?parent=139"}],"curies":[{"name":"wp","href":"https:\/\/api.w.org\/{rel}","templated":true}]}}