{"id":135,"date":"2019-09-05T16:16:31","date_gmt":"2019-09-05T09:16:31","guid":{"rendered":"http:\/\/shopvai.w2steam.com\/?post_type=product&#038;p=135"},"modified":"2019-09-05T16:16:31","modified_gmt":"2019-09-05T09:16:31","slug":"vai-ca-sau-pe-4-chieu","status":"publish","type":"product","link":"https:\/\/webmaibinh.com\/w\/shopvai2011\/s\u1ea3n ph\u1ea9m\/vai-ca-sau-pe-4-chieu\/","title":{"rendered":"V\u1ea3i c\u00e1 s\u1ea5u Pe 4 chi\u1ec1u"},"content":{"rendered":"<p class=\"has-normal-font-size\">V\u1ea3i c\u00e1 s\u1ea5u Pe 4 chi\u1ec1u c\u00f2n g\u1ecdi l\u00e0 v\u1ea3i \u00e1o thun lacoste .L\u00e0 lo\u1ea1i v\u1ea3i d\u1ec7t theo m\u1eafc h\u00ecnh d\u1eb9p. Theo nh\u01b0 nguy\u00ean m\u1eabu v\u1ea3i lacoste c\u1ee7a Ph\u00e1p xu\u1ea5t hi\u1ec7n l\u1ea7n \u0111\u1ea7u n\u0103m 1993.<\/p>\n<p class=\"has-normal-font-size\">Lo\u1ea1i v\u1ea3i n\u00e0y ph\u1ed5 bi\u1ebfn h\u1ea7u nh\u01b0 trong c\u00f4ng s\u1edf hay \u0111\u1ebfn nh\u00e0 m\u00e1y, x\u00ed nghi\u1ec7p. D\u00f9 l\u00e0 h\u00e0ng th\u1eddi trang hay trang ph\u1ee5c \u0111\u1ed3ng ph\u1ee5c v\u1eabn to\u00e1t l\u00ean v\u1ebb m\u1ea1nh m\u1ebd, thanh tho\u00e1t \u0111\u01a1n gi\u1ea3n. Th\u00e0nh ph\u1ea7n ch\u1ee7 y\u1ebfu c\u1ee7a v\u1ea3i thun c\u00e1 s\u1ea5u PE 4 chi\u1ec1u l\u00e0 95% s\u1ee3i polyester v\u00e0 5% spandex. Do d\u1ec7t t\u1eeb s\u1ee3i polyester n\u00ean m\u00ecnh v\u1ea3i m\u1eb7c l\u00e2u ng\u00e0y s\u1ebd b\u1ecb x\u00f9 l\u00f4ng, tho\u00e1t kh\u00ed kh\u00f4ng hi\u1ec7u qu\u1ea3 nh\u01b0 s\u1ee3i cotton n\u00ean s\u1ebd n\u00f3ng h\u01a1n.<\/p>\n<ul>\n<li>\u01afu \u0111i\u1ec3m: Gi\u00e1 th\u00e0nh r\u1ebb, gam m\u00e0u t\u01b0\u01a1i s\u00e1ng, c\u00f3 h\u01a1n 60 tone m\u00e0u kh\u00e1c nhau. B\u1ec1n m\u00e0u, in chuy\u1ec3n nhi\u00eat, in decan t\u1ed1t. B\u1ec1n m\u00e0u, co gian t\u1ed1t. \u0110\u01b0\u1ee3c \u01b0a chu\u1ed9ng trong c\u1ea3 th\u1eddi trang nam v\u00e0 n\u1eef.<\/li>\n<li>Khuy\u1ebft \u0111i\u1ec3m: H\u01a1i n\u00f3ng v\u00e0 b\u1ecb x\u00f9 l\u00f4ng sau m\u1ed9t th\u1eddi gian d\u00e0i s\u1eed d\u1ee5ng.<\/li>\n<\/ul>\n","protected":false},"excerpt":{"rendered":"<p>V\u1ea3i c\u00e1 s\u1ea5u Pe 4 chi\u1ec1u c\u00f2n g\u1ecdi l\u00e0 v\u1ea3i \u00e1o thun lacoste .L\u00e0 lo\u1ea1i v\u1ea3i d\u1ec7t theo m\u1eafc h\u00ecnh d\u1eb9p. Theo nh\u01b0 nguy\u00ean m\u1eabu v\u1ea3i lacoste c\u1ee7a Ph\u00e1p xu\u1ea5t hi\u1ec7n l\u1ea7n \u0111\u1ea7u n\u0103m 1993. Lo\u1ea1i v\u1ea3i n\u00e0y ph\u1ed5 bi\u1ebfn h\u1ea7u nh\u01b0 trong c\u00f4ng s\u1edf hay \u0111\u1ebfn nh\u00e0 m\u00e1y, x\u00ed nghi\u1ec7p. D\u00f9 l\u00e0 h\u00e0ng th\u1eddi &#8230;<\/p>\n","protected":false},"featured_media":136,"comment_status":"open","ping_status":"closed","template":"","meta":[],"_links":{"self":[{"href":"https:\/\/webmaibinh.com\/w\/shopvai2011\/wp-json\/wp\/v2\/product\/135"}],"collection":[{"href":"https:\/\/webmaibinh.com\/w\/shopvai2011\/wp-json\/wp\/v2\/product"}],"about":[{"href":"https:\/\/webmaibinh.com\/w\/shopvai2011\/wp-json\/wp\/v2\/types\/product"}],"replies":[{"embeddable":true,"href":"https:\/\/webmaibinh.com\/w\/shopvai2011\/wp-json\/wp\/v2\/comments?post=135"}],"wp:featuredmedia":[{"embeddable":true,"href":"https:\/\/webmaibinh.com\/w\/shopvai2011\/wp-json\/wp\/v2\/media\/136"}],"wp:attachment":[{"href":"https:\/\/webmaibinh.com\/w\/shopvai2011\/wp-json\/wp\/v2\/media?parent=135"}],"curies":[{"name":"wp","href":"https:\/\/api.w.org\/{rel}","templated":true}]}}