{"id":123,"date":"2019-09-05T16:03:41","date_gmt":"2019-09-05T09:03:41","guid":{"rendered":"http:\/\/shopvai.w2steam.com\/?post_type=product&#038;p=123"},"modified":"2019-09-05T16:03:41","modified_gmt":"2019-09-05T09:03:41","slug":"vai-thun-tixi","status":"publish","type":"product","link":"https:\/\/webmaibinh.com\/w\/shopvai2011\/s\u1ea3n ph\u1ea9m\/vai-thun-tixi\/","title":{"rendered":"V\u1ea3i thun Tixi"},"content":{"rendered":"<p class=\"has-normal-font-size\">\u1ea3i thun tixi hay c\u00f2n g\u1ecdi l\u00e0 v\u1ea3i thun 65\/ 35 4 chi\u1ec1u. L\u00e0 lo\u1ea1i v\u1ea3i ph\u1ed5 bi\u1ebfn trong th\u1eddi trang m\u1ecdi l\u1ee9a tu\u1ed5i. T\u1eeb nh\u1eefng b\u1ed9 \u0111\u1ed3 th\u1eddi trang tr\u1ebb em \u0111\u1ebfn nh\u1eefng b\u1ed9 \u0111\u1ed3ng ph\u1ee5c h\u1ed9i nh\u00f3m, th\u1eddi trang nam n\u1eef. M\u00e0u s\u1eafc phong ph\u00fa v\u00e0 t\u01b0\u01a1i tr\u1ebb lu\u00f4n \u0111i\u1ec3m \u0111\u1eb7c tr\u01b0ng c\u1ee7a lo\u1ea1i v\u1ea3i n\u00e0y.<\/p>\n<h3>\u0110\u1eb7c \u0111i\u1ec3m v\u1ea3i thun tixi<\/h3>\n<ul>\n<li>V\u1edbi \u01b0u \u0111i\u1ec3m m\u1ec1m m\u1ea1i c\u1ee7a s\u1ee3i cotton v\u00e0 b\u1ec1n b\u1ec9 c\u1ee7a s\u1ee3i pe,<\/li>\n<li>Th\u00e0nh ph\u1ea7n ch\u1ee7 y\u1ebfu 60% s\u1ee3i PE, 35% s\u1ee3i cotton t\u1ef1 nhi\u00ean, 5% ph\u1ea7n c\u00f2n l\u1ea1i \u0111\u1ebfn t\u1eeb s\u1ee3i spandex.<\/li>\n<li>\u0110\u01b0\u1ee3c d\u1ec7t k\u1ebft h\u1ee3p t\u1eeb 3 th\u00e0nh ph\u1ea7n s\u1ee3i nh\u01b0 v\u1eady n\u00ean c\u00f3 \u01b0u \u0111i\u1ec3m r\u1ea5t t\u1ed1t x\u00e9t v\u1ec1 \u0111\u1ed9 co gi\u00e3n 4 chi\u1ec1u, b\u1ec1n m\u00e0u, tho\u00e1ng m\u00e1t.<\/li>\n<li>V\u1ec1 gi\u00e1 c\u1ea3 t\u1ed1t h\u01a1n v\u1ea3i cotton single 2 chi\u1ec1u v\u00e0 cotton single 4 chi\u1ec1u<\/li>\n<\/ul>\n<div class=\"wp-block-kadence-spacer aligncenter kt-block-spacer-_75c93e-47\"><img loading=\"lazy\" class=\"aligncenter wp-image-124 size-full\" src=\"http:\/\/shopvai.w2steam.com\/wp-content\/uploads\/2019\/09\/ao-dong-phuc-hoc-sinh.jpg\" alt=\"\" width=\"800\" height=\"533\" srcset=\"https:\/\/webmaibinh.com\/w\/shopvai2011\/wp-content\/uploads\/2019\/09\/ao-dong-phuc-hoc-sinh.jpg 800w, https:\/\/webmaibinh.com\/w\/shopvai2011\/wp-content\/uploads\/2019\/09\/ao-dong-phuc-hoc-sinh-510x340.jpg 510w, https:\/\/webmaibinh.com\/w\/shopvai2011\/wp-content\/uploads\/2019\/09\/ao-dong-phuc-hoc-sinh-300x200.jpg 300w, https:\/\/webmaibinh.com\/w\/shopvai2011\/wp-content\/uploads\/2019\/09\/ao-dong-phuc-hoc-sinh-768x512.jpg 768w\" sizes=\"(max-width: 800px) 100vw, 800px\" \/><\/div>\n<div><\/div>\n<div>Shop v\u1ea3i thun Th\u00fay Loan lu\u00f4n ch\u00fa tr\u1ecdng t\u1ea1o ra nh\u1eefng s\u1ea3n ph\u1ea9m v\u1ea3i thun ch\u1ea5t l\u01b0\u1ee3ng, gi\u00e1 c\u1ea3 t\u1ed1t nh\u1ea5t cho qu\u00fd kh\u00e1ch. Lu\u00f4n \u0111\u1ed3ng h\u00e0nh, t\u00e2n t\u00e2m ph\u1ee5c v\u1ee5, h\u1ed7 tr\u1ee3 h\u1ebft m\u00ecnh.<\/div>\n","protected":false},"excerpt":{"rendered":"<p>\u1ea3i thun tixi hay c\u00f2n g\u1ecdi l\u00e0 v\u1ea3i thun 65\/ 35 4 chi\u1ec1u. L\u00e0 lo\u1ea1i v\u1ea3i ph\u1ed5 bi\u1ebfn trong th\u1eddi trang m\u1ecdi l\u1ee9a tu\u1ed5i. T\u1eeb nh\u1eefng b\u1ed9 \u0111\u1ed3 th\u1eddi trang tr\u1ebb em \u0111\u1ebfn nh\u1eefng b\u1ed9 \u0111\u1ed3ng ph\u1ee5c h\u1ed9i nh\u00f3m, th\u1eddi trang nam n\u1eef. M\u00e0u s\u1eafc phong ph\u00fa v\u00e0 t\u01b0\u01a1i tr\u1ebb lu\u00f4n \u0111i\u1ec3m \u0111\u1eb7c tr\u01b0ng c\u1ee7a &#8230;<\/p>\n","protected":false},"featured_media":125,"comment_status":"open","ping_status":"closed","template":"","meta":[],"_links":{"self":[{"href":"https:\/\/webmaibinh.com\/w\/shopvai2011\/wp-json\/wp\/v2\/product\/123"}],"collection":[{"href":"https:\/\/webmaibinh.com\/w\/shopvai2011\/wp-json\/wp\/v2\/product"}],"about":[{"href":"https:\/\/webmaibinh.com\/w\/shopvai2011\/wp-json\/wp\/v2\/types\/product"}],"replies":[{"embeddable":true,"href":"https:\/\/webmaibinh.com\/w\/shopvai2011\/wp-json\/wp\/v2\/comments?post=123"}],"wp:featuredmedia":[{"embeddable":true,"href":"https:\/\/webmaibinh.com\/w\/shopvai2011\/wp-json\/wp\/v2\/media\/125"}],"wp:attachment":[{"href":"https:\/\/webmaibinh.com\/w\/shopvai2011\/wp-json\/wp\/v2\/media?parent=123"}],"curies":[{"name":"wp","href":"https:\/\/api.w.org\/{rel}","templated":true}]}}