{"id":121,"date":"2019-09-05T16:02:15","date_gmt":"2019-09-05T09:02:15","guid":{"rendered":"http:\/\/shopvai.w2steam.com\/?post_type=product&#038;p=121"},"modified":"2019-09-05T16:02:15","modified_gmt":"2019-09-05T09:02:15","slug":"vai-su-pe-4-chieu","status":"publish","type":"product","link":"https:\/\/webmaibinh.com\/w\/shopvai2011\/s\u1ea3n ph\u1ea9m\/vai-su-pe-4-chieu\/","title":{"rendered":"V\u1ea3i su PE 4 chi\u1ec1u"},"content":{"rendered":"<p class=\"has-normal-font-size\">V\u1ea3i thun su Pe 4 chi\u1ec1u c\u00f2n \u0111\u01b0\u1ee3c g\u1ecdi l\u00e0 Pe 4 chi\u1ec1u . L\u00e0 lo\u1ea1i v\u1ea3i ph\u1ed5 bi\u1ebfn trong th\u1eddi trang \u00e1o thun tr\u01a1n qu\u1ea3ng c\u00e1o, s\u1ef1 ki\u00ean, h\u1ed9i ngh\u1ecb. V\u1edbi th\u00e0nh ph\u1ea7n \u0111\u1ebfn 95% l\u00e0 s\u1ee3i t\u1ed5ng h\u1ee3p polyester, v\u00e0 5% s\u1ee3i spandex. Lo\u1ea1i v\u1ea3i n\u00e0y th\u00e0nh ph\u1ea7n PE chi\u1ebfm tuy\u1ec7t \u0111\u1ed1i nh\u01b0 v\u1eady n\u00ean r\u1ea5t th\u00edch h\u1ee3p in chuy\u1ec3n x\u1eed l\u00fd nhi\u1ec7t. L\u00e0 s\u1ef1 l\u1ef1a ch\u1ecdn kinh t\u1ebf v\u00e0 ph\u00f9 h\u1ee3p trong ng\u00e0nh may m\u1eb7c \u00e1o qu\u1ea3ng c\u00e1o, th\u1eddi trang gi\u00e1 r\u1ebb.<\/p>\n<ul>\n<li>\u01afu \u0111i\u1ec3m: Gi\u00e1 r\u1ebb, co gi\u00e3n 4 chi\u1ec1u, nhi\u1ec1u tone m\u00e0u t\u01b0\u01a1i s\u00e1ng. In nhi\u1ec7t, decan t\u1ed1t. Th\u00edch h\u1ee3p nh\u1eefng v\u00f9ng l\u1ea1nh, \u1ea9m.<\/li>\n<li>Khuy\u1ebft \u0111i\u1ec3m: S\u1ebd b\u1ecb x\u00f9 l\u00f4ng sau m\u1ed9t th\u1eddi gian s\u1eed d\u1ee5ng d\u00e0i. N\u1ebfu kh\u00ed h\u1eadu n\u00f3ng s\u1ebd b\u1ecb b\u1ee9c b\u1ed1i do kh\u00f4ng tho\u00e1ng kh\u00ed nh\u01b0 c\u00e1c lo\u1ea1i v\u1ea3i cotton kh\u00e1c.<\/li>\n<\/ul>\n<p>Th\u01b0\u1eddng \u0111\u01b0\u1ee3c s\u1eed d\u1ee5ng may \u00e1o ph\u00f4ng, \u00e1o l\u00f3t, kh\u0103n tr\u1ea3i b\u00e0n\u2026.<\/p>\n","protected":false},"excerpt":{"rendered":"<p>V\u1ea3i thun su Pe 4 chi\u1ec1u c\u00f2n \u0111\u01b0\u1ee3c g\u1ecdi l\u00e0 Pe 4 chi\u1ec1u . L\u00e0 lo\u1ea1i v\u1ea3i ph\u1ed5 bi\u1ebfn trong th\u1eddi trang \u00e1o thun tr\u01a1n qu\u1ea3ng c\u00e1o, s\u1ef1 ki\u00ean, h\u1ed9i ngh\u1ecb. V\u1edbi th\u00e0nh ph\u1ea7n \u0111\u1ebfn 95% l\u00e0 s\u1ee3i t\u1ed5ng h\u1ee3p polyester, v\u00e0 5% s\u1ee3i spandex. Lo\u1ea1i v\u1ea3i n\u00e0y th\u00e0nh ph\u1ea7n PE chi\u1ebfm tuy\u1ec7t \u0111\u1ed1i nh\u01b0 &#8230;<\/p>\n","protected":false},"featured_media":122,"comment_status":"open","ping_status":"closed","template":"","meta":[],"_links":{"self":[{"href":"https:\/\/webmaibinh.com\/w\/shopvai2011\/wp-json\/wp\/v2\/product\/121"}],"collection":[{"href":"https:\/\/webmaibinh.com\/w\/shopvai2011\/wp-json\/wp\/v2\/product"}],"about":[{"href":"https:\/\/webmaibinh.com\/w\/shopvai2011\/wp-json\/wp\/v2\/types\/product"}],"replies":[{"embeddable":true,"href":"https:\/\/webmaibinh.com\/w\/shopvai2011\/wp-json\/wp\/v2\/comments?post=121"}],"wp:featuredmedia":[{"embeddable":true,"href":"https:\/\/webmaibinh.com\/w\/shopvai2011\/wp-json\/wp\/v2\/media\/122"}],"wp:attachment":[{"href":"https:\/\/webmaibinh.com\/w\/shopvai2011\/wp-json\/wp\/v2\/media?parent=121"}],"curies":[{"name":"wp","href":"https:\/\/api.w.org\/{rel}","templated":true}]}}