{"id":119,"date":"2019-09-05T16:00:34","date_gmt":"2019-09-05T09:00:34","guid":{"rendered":"http:\/\/shopvai.w2steam.com\/?post_type=product&#038;p=119"},"modified":"2019-09-05T16:00:34","modified_gmt":"2019-09-05T09:00:34","slug":"vai-thun-cotton-65-35-2-chieu","status":"publish","type":"product","link":"https:\/\/webmaibinh.com\/w\/shopvai2011\/s\u1ea3n ph\u1ea9m\/vai-thun-cotton-65-35-2-chieu\/","title":{"rendered":"V\u1ea3i thun Cotton 65\/35 2 chi\u1ec1u"},"content":{"rendered":"<p class=\"has-normal-font-size\">V\u1ea3i thun cotton 65\/35 2 chi\u1ec1u l\u00e0 lo\u1ea1i v\u1ea3i chuy\u00ean d\u00f9ng \u0111\u1ec3 may \u00e1o thun c\u1ed5 tr\u00f2n. Ho\u0103c \u00e1o thun \u0111\u1ed3ng ph\u1ee5c tr\u01b0\u1eddng h\u1ecdc, h\u1ecdc sinh.<\/p>\n<p class=\"has-text-color has-very-dark-gray-color\">\u0110\u1eb7c bi\u1ec7t c\u1eeda h\u00e0ng v\u1ea3i D\u0169ng \u00c1nh c\u00f2n c\u00f3 lo\u1ea1i chuy\u00ean d\u00f9ng may \u00e1o thun th\u1ec3 d\u1ee5c h\u1ecdc sinh:<\/p>\n<p class=\"has-text-color has-vivid-red-color\">\u0110\u1ecbnh l\u01b0\u1ee3ng 65\/35 2 chi\u1ec1u \u0111\u1ecbnh l\u01b0\u1ee3ng d\u00e0y 2m6\/ 1kg. Kh\u1ed5 1m8.<\/p>\n<p>M\u1ecfng 3m \/1kg. Kh\u1ed5 1m8.<\/p>\n<h3>Th\u00e0nh ph\u1ea7n v\u1ea3i thun cotton 65\/35 2 chi\u1ec1u :<\/h3>\n<p class=\"has-normal-font-size\">V\u1ea3i cotton 65\/35 l\u00e0 s\u1ef1 k\u1ebft h\u1ee3p ho\u00e0n h\u1ea3o gi\u1eefa s\u1ee3i cotton v\u00e0 s\u1ee3i polyester. V\u1edbi 65% l\u00e0 s\u1ee3i t\u1ed5ng h\u1ee3p v\u00e0 c\u00f2n l\u1ea1i 35% l\u00e0 s\u1ee3i thi\u00ean nhi\u00ean.<\/p>\n<p class=\"has-normal-font-size\">PE (polyester).\u00a0Lo\u1ea1i v\u1ea3i n\u00e0y nh\u00ecn b\u1ec1 ngo\u00e0i b\u00f3ng m\u01b0\u1ee3t, v\u1ea3i tho\u00e1ng, co gi\u00e3n t\u1ed1t gi\u00e1 th\u1ea5p h\u01a1n cotton 100%<\/p>\n<p>Th\u00e0nh ph\u1ea7n : T\u1ec9 l\u1ec7 35 % Cotton, 65 % nilon (Poliester).<\/p>\n<h3>\u0110\u1eb7c \u0111i\u1ec3m v\u1ea3i thun 65-35 :<\/h3>\n<p class=\"has-normal-font-size\">\u0110\u1eb7c \u0111i\u1ec3m : Do c\u00f3 s\u1ee3i pha nilon (Poly) n\u00ean m\u1eb7c s\u1ebd n\u00f3ng h\u01a1n, \u00edt h\u00fat \u1ea9m nh\u01b0ng m\u00ecnh v\u1ea3i c\u00f3 c\u1ea3m gi\u00e1c m\u1ec1m m\u1ea1i h\u01a1n. Gi\u00e1 th\u00e0nh r\u1ebb, ch\u1ea5t l\u01b0\u1ee3ng t\u01b0\u01a1ng \u0111\u1ed1i, l\u00e0 l\u1ef1a ch\u1ecdn c\u1ee7a \u0111a s\u1ed1 kh\u00e1ch h\u00e0ng kh\u00f4ng y\u00eau c\u1ea7u cao v\u1ec1 ch\u1ea5t l\u01b0\u1ee3ng. \u0110\u1ec3 v\u1ea3i c\u00f3 \u0111\u1ed9 co d\u00e3n nhi\u1ec1u, ng\u01b0\u1eddi ta c\u0169ng pha th\u00eam s\u1ee3i Spandex. Hay c\u00f2n g\u1ecdi l\u00e0 v\u1ea3i\u00a0<strong>Tixi 4 Chi\u1ec1u<\/strong><\/p>\n<ul>\n<li>\u01afu \u0111i\u1ec3m : Gi\u00e1 th\u00e0nh r\u1ebb, b\u1ec1n, in nhi\u1ec7t t\u1ed1t\u2026<\/li>\n<\/ul>\n<ul>\n<li>Nh\u01b0\u1ee3c \u0111i\u1ec3m : V\u1ea3i kh\u00f4ng h\u00fat \u1ea9m nhi\u1ec1u nh\u01b0 cotton 100%, m\u1eb7c v\u00e0o n\u00f3ng, m\u00ecnh v\u1ea3i kh\u00f4ng \u0111\u1eb9p nhanh b\u1ecb x\u00f9 l\u00f4ng h\u01a1n v\u1ea3i cotton 100%<\/li>\n<\/ul>\n<p class=\"has-normal-font-size\">Cotton 65\/35 \u0111\u01b0\u1ee3c gi\u1edbi tr\u1ebb kh\u00e1 \u01b0a chu\u1ed9ng v\u00ec s\u1ef1 co gi\u1ea3n t\u1ed1t v\u00e0 gi\u00e1 th\u00e0nh ph\u1ea3i ch\u0103ng. K\u1ebft h\u1ee3p v\u1edbi c\u00e1ch d\u1ec7t m\u1ecfng \u0111\u1ec3 kh\u1eafc ph\u1ee5c t\u00ednh n\u00f3ng. Chuy\u00ean d\u00f9ng cho may \u0111\u1ed3ng ph\u1ee5c h\u1ecdc sinh, \u0111\u1ed3ng ph\u1ee5c m\u1eabu gi\u00e1o.<\/p>\n","protected":false},"excerpt":{"rendered":"<p>V\u1ea3i thun cotton 65\/35 2 chi\u1ec1u l\u00e0 lo\u1ea1i v\u1ea3i chuy\u00ean d\u00f9ng \u0111\u1ec3 may \u00e1o thun c\u1ed5 tr\u00f2n. Ho\u0103c \u00e1o thun \u0111\u1ed3ng ph\u1ee5c tr\u01b0\u1eddng h\u1ecdc, h\u1ecdc sinh. \u0110\u1eb7c bi\u1ec7t c\u1eeda h\u00e0ng v\u1ea3i D\u0169ng \u00c1nh c\u00f2n c\u00f3 lo\u1ea1i chuy\u00ean d\u00f9ng may \u00e1o thun th\u1ec3 d\u1ee5c h\u1ecdc sinh: \u0110\u1ecbnh l\u01b0\u1ee3ng 65\/35 2 chi\u1ec1u \u0111\u1ecbnh l\u01b0\u1ee3ng d\u00e0y 2m6\/ 1kg. &#8230;<\/p>\n","protected":false},"featured_media":120,"comment_status":"open","ping_status":"closed","template":"","meta":[],"_links":{"self":[{"href":"https:\/\/webmaibinh.com\/w\/shopvai2011\/wp-json\/wp\/v2\/product\/119"}],"collection":[{"href":"https:\/\/webmaibinh.com\/w\/shopvai2011\/wp-json\/wp\/v2\/product"}],"about":[{"href":"https:\/\/webmaibinh.com\/w\/shopvai2011\/wp-json\/wp\/v2\/types\/product"}],"replies":[{"embeddable":true,"href":"https:\/\/webmaibinh.com\/w\/shopvai2011\/wp-json\/wp\/v2\/comments?post=119"}],"wp:featuredmedia":[{"embeddable":true,"href":"https:\/\/webmaibinh.com\/w\/shopvai2011\/wp-json\/wp\/v2\/media\/120"}],"wp:attachment":[{"href":"https:\/\/webmaibinh.com\/w\/shopvai2011\/wp-json\/wp\/v2\/media?parent=119"}],"curies":[{"name":"wp","href":"https:\/\/api.w.org\/{rel}","templated":true}]}}