{"id":117,"date":"2019-09-05T15:58:10","date_gmt":"2019-09-05T08:58:10","guid":{"rendered":"http:\/\/shopvai.w2steam.com\/?post_type=product&#038;p=117"},"modified":"2019-09-05T15:58:10","modified_gmt":"2019-09-05T08:58:10","slug":"vai-thun-cotton-4-chieu-100","status":"publish","type":"product","link":"https:\/\/webmaibinh.com\/w\/shopvai2011\/s\u1ea3n ph\u1ea9m\/vai-thun-cotton-4-chieu-100\/","title":{"rendered":"V\u1ea3i thun Cotton 4 chi\u1ec1u 100%"},"content":{"rendered":"<p>V\u1ea3i thun cotton 100% 4 chi\u1ec1u l\u00e0 lo\u1ea1i v\u1ea3i cotton \u0111\u00e3 qua m\u1ed9t qu\u00e1 tr\u00ecnh x\u1eed l\u00fd \u0111\u1eb7c bi\u1ec7t. M\u00e0 \u1edf \u0111\u00f3 t\u1ea1o ra s\u1ef1 kh\u00e1c bi\u1ec7t v\u1ec1 b\u1ec1 m\u1eb7t h\u01a1n so v\u1edbi\u00a0<a href=\"https:\/\/vaithunanhduongvn.com\/vai-thun-cotton-100-2-chieu\/\">cotton 100% 2 chi\u1ec1u<\/a>. \u0110i\u1ec3m kh\u00e1c bi\u1ec7t so v\u1edbi lo\u1ea1i 2 chi\u1ec1u ngo\u00e0i b\u1ec1 m\u1eb7t c\u00f2n c\u00f3 th\u00e0nh ph\u1ea7n s\u1ee3i spandex. T\u00f9y theo th\u00e0nh ph\u1ea7n spandex c\u00e0ng nhi\u1ec1u th\u00ec \u0111\u1ed9 co d\u00e3n v\u00e0 h\u1ed3i l\u1ea1i c\u00e0ng cao. Th\u01b0\u1eddng t\u1ef7 l\u1ec7 spandex trong lo\u1ea1i v\u1ea3i n\u00e0y dao d\u1ed9ng t\u1eeb 3% \u0111\u1ebfn 7%.<\/p>\n<p>L\u00e0 lo\u1ea1i v\u1ea3i thu\u1ed9c d\u1ea1ng cao c\u1ea5p nh\u1ea5t trong c\u00e1c lo\u1ea1i v\u1ea3i thun.<\/p>\n<h3>\u0110\u1eb7c t\u00ednh c\u1ee7a v\u1ea3i thun cotton 4 chi\u1ec1u 100%.<\/h3>\n<div class=\"wp-block-kadence-rowlayout alignnone\">\n<div id=\"kt-layout-id_445d81-a4\" class=\"kt-row-layout-inner  kt-layout-id_445d81-a4\">\n<div class=\"kt-row-column-wrap kt-has-1-columns kt-gutter-default kt-v-gutter-default kt-row-valign-top kt-row-layout-equal kt-tab-layout-inherit kt-m-colapse-left-to-right kt-mobile-layout-row\">\n<div class=\"wp-block-kadence-column inner-column-1 kadence-column_47485b-f1\">\n<div class=\"kt-inside-inner-col\">\n<ul>\n<li><em>Tho\u00e1ng m\u00e1t, th\u1ea5m m\u1ed3 h\u00f4i: \u0111\u00e2y c\u00f3 l\u1ebd l\u00e0 \u01b0u \u0111i\u1ec3m quan tr\u1ecdng nh\u1ea5t c\u1ee7a lo\u1ea1i v\u1ea3i n\u00e0y. S\u1edf h\u1eefu th\u00e0nh ph\u1ea7n g\u1ed3m 100% l\u00e0 ch\u1ea5t li\u1ec7u cotton n\u00ean n\u00f3 mang l\u1ea1i c\u1ea3m gi\u00e1c tho\u00e1ng m\u00e1t. \u0110\u1eb7c t\u00ednh th\u1ea5m h\u00fat r\u1ea5t t\u1ed1t, tho\u00e1ng m\u00e1t l\u00e0 \u0111i\u1ec3m thu h\u00fat ng\u01b0\u1eddi d\u00f9ng nh\u1ea5t.<\/em><\/li>\n<\/ul>\n<ul>\n<li><em>Kh\u1ea3 n\u0103ng co d\u00e3n 4 chi\u1ec1u tuy\u1ec7t v\u1eddi: nh\u1edd \u01b0u \u0111i\u1ec3m c\u00f3 th\u1ec3 co d\u00e3n theo nhi\u1ec1u chi\u1ec1u m\u00e0 ng\u01b0\u1eddi m\u1eb7c s\u1ebd c\u1ea3m th\u1ea5y th\u1eadt tho\u1ea3i m\u00e1i, kh\u00f4ng h\u1ec1 b\u1ecb g\u00f2 b\u00f3.<\/em><\/li>\n<\/ul>\n<ul>\n<li><em>B\u1eaft m\u00e0u t\u1ed1t: \u0111\u1eb7c \u0111i\u1ec3m n\u00e0y c\u00f3 l\u1ebd \u0111\u01b0\u1ee3c c\u00e1c nh\u00e0 s\u1ea3n xu\u1ea5t v\u00f4 c\u00f9ng y\u00eau th\u00edch, v\u00ec d\u1ec5 d\u00e0ng in h\u1ecda ti\u1ebft l\u00ean v\u1ea3i v\u00ec ch\u1ea5t li\u1ec7u cotton b\u1eaft m\u00e0u c\u1ef1c t\u1ed1t.<\/em><\/li>\n<\/ul>\n<ul>\n<li><em>V\u1ea3i m\u1ec1m, d\u00e0y v\u00e0 \u00edt nh\u0103n: so v\u1edbi v\u1ea3i thun hai chi\u1ec1u th\u00ec v\u1ea3i cotton 4 chi\u1ec1u m\u1ec1m m\u1ea1i h\u01a1n, d\u00e0y h\u01a1n v\u00e0 \u00edt nh\u0103n h\u01a1n.<\/em><\/li>\n<\/ul>\n<div class=\"wp-block-kadence-rowlayout alignnone\">\n<div id=\"kt-layout-id_445d81-a4\" class=\"kt-row-layout-inner  kt-layout-id_445d81-a4\">\n<div class=\"kt-row-column-wrap kt-has-1-columns kt-gutter-default kt-v-gutter-default kt-row-valign-top kt-row-layout-equal kt-tab-layout-inherit kt-m-colapse-left-to-right kt-mobile-layout-row\">\n<div class=\"wp-block-kadence-column inner-column-1 kadence-column_47485b-f1\">\n<div class=\"kt-inside-inner-col\">\n<h3>\u01afu \u0111i\u1ec3m c\u1ee7a v\u1ea3i cotton 100% so v\u1edbi c\u00e1c lo\u1ea1i v\u1ea3i thun tici, pe, poly<\/h3>\n<h5>M\u1ed9t s\u1ed1 \u0111\u1eb7c \u0111i\u1ec3m n\u1ed5i b\u1eadt c\u1ee7a v\u1ea3i thun co gi\u00e3n 4 chi\u1ec1u ph\u1ea3i k\u1ec3 \u0111\u1ebfn nh\u01b0:<\/h5>\n<p class=\"has-normal-font-size\">\u2013 Kh\u1ea3 n\u0103ng h\u00fat \u1ea9m v\u00e0 th\u1ea5m m\u1ed3 h\u00f4i so v\u1edbi c\u00e1c lo\u1ea1i v\u1ea3i c\u00f3 m\u1eb7t tr\u00ean th\u1ecb tr\u01b0\u1eddng hi\u1ec7n nay. V\u1ea3i thun 4 chi\u1ec1u \u0111\u01b0\u1ee3c \u0111\u00e1nh gi\u00e1 kh\u00e1 cao trong kh\u1ea3 n\u0103ng h\u00fat \u1ea9m, th\u1ea5m m\u1ed3 h\u00f4i. \u0110\u01b0\u1ee3c l\u00e0m ch\u1ee7 y\u1ebfu t\u1eeb nh\u1eefng nguy\u00ean li\u1ec7u thi\u00ean nhi\u00ean, m\u1eb7t v\u1ea3i th\u00f4ng tho\u00e1ng. N\u00ean lu\u00f4n t\u1ea1o \u0111\u01b0\u1ee3c c\u1ea3m gi\u00e1c d\u1ec5 ch\u1ecbu v\u00e0 tho\u00e1ng m\u00e1t cho ng\u01b0\u1eddi s\u1eed d\u1ee5ng.<\/p>\n<p class=\"has-normal-font-size\">\u2013 Ch\u1ea5t v\u1ea3i co gi\u00e3n 4 chi\u1ec1u: kh\u00e1c bi\u1ec7t ho\u00e0n to\u00e0n v\u1edbi c\u00e1c lo\u1ea1i v\u1ea3i \u0111ang \u0111\u01b0\u1ee3c th\u1ecbnh h\u00e0nh tr\u00ean th\u1ecb tr\u01b0\u1eddng. Lo\u1ea1i v\u1ea3i thun 4 chi\u1ec1u c\u00f3 kh\u1ea3 n\u0103ng co gi\u00e3n theo 4 h\u01b0\u1edbng kh\u00e1c nhau. T\u1ea1o \u0111\u01b0\u1ee3c s\u1ef1\u00a0 tho\u1ea3i m\u00e1i t\u1ed1t nh\u1ea5t khi tham gia c\u00e1c ho\u1ea1t \u0111\u1ed9ng. Khi di chuy\u1ec3n c\u0169ng nh\u01b0 khi l\u00e0m vi\u1ec7c.<\/p>\n<p class=\"has-normal-font-size\">\u2013 C\u00f3 \u0111\u1ed9 b\u1ec1n qua th\u1eddi gian v\u00e0 d\u1ec5 d\u00e0ng b\u1ea3o qu\u1ea3n. V\u1edbi ch\u1ea5t li\u1ec7u m\u1ec1m m\u1ea1i, \u0111\u01b0\u1ee3c l\u00e0m b\u1eb1ng nguy\u00ean li\u1ec7u cao c\u1ea5p, ch\u1ea5t v\u1ea3i nhanh kh\u00f4, \u00edt co r\u00fat khi gi\u1eb7t. N\u00ean v\u1ea3i thun b\u1ea3o qu\u1ea3n r\u1ea5t d\u1ec5 v\u00e0 c\u00f3 \u0111\u01b0\u1ee3c \u0111\u1ed9 b\u1ec1n cao.<\/p>\n<p class=\"has-normal-font-size\">\u2013 M\u00e0u s\u1eafc \u0111a d\u1ea1ng: \u0110\u1ec3 gi\u00fap ng\u01b0\u1eddi ti\u00eau d\u00f9ng c\u00f3 \u0111\u01b0\u1ee3c s\u1ef1 l\u1ef1a ch\u1ecdn ph\u00f9 h\u1ee3p, m\u1ed7i lo\u1ea1i v\u1ea3i \u0111\u1ec1u \u0111\u01b0\u1ee3c s\u1ea3n xu\u1ea5t v\u1edbi \u0111a d\u1ea1ng c\u00e1c m\u00e0u s\u1eafc kh\u00e1c nhau. S\u1eed d\u1ee5ng c\u00f4ng ngh\u1ec7 v\u00e0 k\u1ef9 thu\u1eadt ti\u00ean ti\u1ebfn n\u00ean m\u00e0u v\u1ea3i \u0111\u1ea3m b\u1ea3o \u0111\u01b0\u1ee3c \u0111\u1ed9 t\u01b0\u01a1i t\u1eafn, b\u1ec1n m\u00e0u v\u1edbi th\u1eddi gian.<\/p>\n<h5>Quy chu\u1ea9n nghi\u00eam ng\u1eb7t khi s\u1ea3n xu\u1ea5t cotton 100% 4 chi\u1ec1u<\/h5>\n<p class=\"has-normal-font-size\">\u2013 S\u1ea3n ph\u1ea9m ch\u1ea5t l\u01b0\u1ee3ng: C\u00e1c lo\u1ea1i v\u1ea3i tr\u01b0\u1edbc khi \u0111\u01b0a \u0111\u1ebfn tay ng\u01b0\u1eddi ti\u00eau d\u00f9ng \u0111\u1ec1u tr\u1ea3i qua qu\u00e1 tr\u00ecnh ki\u1ec3m tra nghi\u00eam ng\u1eb7t, tu\u00e2n th\u1ee7 theo \u0111\u00fang c\u00e1c ti\u00eau chu\u1ea9n \u0111\u1eb7t ra. Nh\u1eb1m mang l\u1ea1i \u0111\u01b0\u1ee3c nh\u1eefng lo\u1ea1i v\u1ea3i t\u1ed1t nh\u1ea5t cho ng\u01b0\u1eddi ti\u00eau d\u00f9ng theo ti\u00eau chu\u1ea9n ch\u1ea5t l\u01b0\u1ee3ng qu\u1ed1c t\u1ebf.<\/p>\n<p class=\"has-normal-font-size\">\u2013 An to\u00e0n khi s\u1eed d\u1ee5ng. Tr\u1ea3i qua qu\u00e1 tr\u00ecnh ki\u1ec3m tra nghi\u00eam ng\u1eb7t v\u00e0 \u0111\u1ea3m b\u1ea3o \u0111\u01b0\u1ee3c c\u00e1c y\u00eau c\u1ea7u k\u1ef9 thu\u1eadt \u0111\u01b0a ra. \u0110\u1ec1u \u0111\u1ea3m b\u1ea3o \u0111\u01b0\u1ee3c s\u1ef1 s\u1ef1 an to\u00e0n cho ng\u01b0\u1eddi s\u1eed d\u1ee5ng, \u0111\u1eb7c bi\u1ec7t l\u00e0 s\u1ef1 an to\u00e0n v\u1edbi l\u00e0n da v\u00e0 s\u1ee9c kh\u1ecfe.<\/p>\n<p class=\"has-normal-font-size\">\u2013 T\u1ea1o c\u1ea3m gi\u00e1c tho\u1ea3i m\u00e1i, d\u1ec5 ch\u1ecbu ch\u1ea5t v\u1ea3i m\u1ec1m, co gi\u00e3n t\u1ed1t, th\u00f4ng tho\u00e1ng, th\u1ea5m m\u1ed3 h\u00f4i. V\u1edbi nh\u1eefng \u0111\u1eb7c \u0111i\u1ec3m n\u1ed5i b\u1eadt n\u00e0y ch\u1eafc ch\u1eafn s\u1ebd t\u1ea1o \u0111\u01b0\u1ee3c s\u1ef1 tho\u1ea3i m\u00e1i, d\u1ec5 ch\u1ecbu khi m\u1eb7c.<\/p>\n<p class=\"has-normal-font-size\">\u2013 S\u1eed d\u1ee5ng \u0111\u01b0\u1ee3c cho nhi\u1ec1u m\u1ee5c \u0111\u00edch: Coi tr\u1ecdng y\u1ebfu t\u1ed1 ch\u1ea5t l\u01b0\u1ee3ng v\u00e0 k\u1ebft c\u1ea5u c\u1ee7a t\u1eebng s\u1ee3i v\u1ea3i. V\u00ec v\u1eady m\u1ed7i lo\u1ea1i v\u1ea3i kh\u00f4ng ch\u1ec9 s\u1eed d\u1ee5ng \u0111\u01b0\u1ee3c cho m\u1ed9t m\u1ee5c \u0111\u00edch,\u00a0 m\u00e0 c\u00f3 th\u1ec3 s\u1eed d\u1ee5ng \u0111\u01b0\u1ee3c cho r\u1ea5t nhi\u1ec1u c\u00e1c m\u1ee5c \u0111\u00edch kh\u00e1c nhau. C\u00f3 th\u1ec3 may qu\u1ea7n \u00e1o \u0111i l\u00e0m, qu\u1ea7n \u00e1o m\u1eb7c \u1edf nh\u00e0, qu\u1ea7n \u00e1o \u0111i ch\u01a1i, may v\u00e1y \u0111\u1ea7m.<\/p>\n<\/div>\n<\/div>\n<\/div>\n<\/div>\n<\/div>\n<\/div>\n<\/div>\n<\/div>\n<\/div>\n<\/div>\n","protected":false},"excerpt":{"rendered":"<p>V\u1ea3i thun cotton 100% 4 chi\u1ec1u l\u00e0 lo\u1ea1i v\u1ea3i cotton \u0111\u00e3 qua m\u1ed9t qu\u00e1 tr\u00ecnh x\u1eed l\u00fd \u0111\u1eb7c bi\u1ec7t. M\u00e0 \u1edf \u0111\u00f3 t\u1ea1o ra s\u1ef1 kh\u00e1c bi\u1ec7t v\u1ec1 b\u1ec1 m\u1eb7t h\u01a1n so v\u1edbi\u00a0cotton 100% 2 chi\u1ec1u. \u0110i\u1ec3m kh\u00e1c bi\u1ec7t so v\u1edbi lo\u1ea1i 2 chi\u1ec1u ngo\u00e0i b\u1ec1 m\u1eb7t c\u00f2n c\u00f3 th\u00e0nh ph\u1ea7n s\u1ee3i spandex. T\u00f9y theo &#8230;<\/p>\n","protected":false},"featured_media":118,"comment_status":"open","ping_status":"closed","template":"","meta":[],"_links":{"self":[{"href":"https:\/\/webmaibinh.com\/w\/shopvai2011\/wp-json\/wp\/v2\/product\/117"}],"collection":[{"href":"https:\/\/webmaibinh.com\/w\/shopvai2011\/wp-json\/wp\/v2\/product"}],"about":[{"href":"https:\/\/webmaibinh.com\/w\/shopvai2011\/wp-json\/wp\/v2\/types\/product"}],"replies":[{"embeddable":true,"href":"https:\/\/webmaibinh.com\/w\/shopvai2011\/wp-json\/wp\/v2\/comments?post=117"}],"wp:featuredmedia":[{"embeddable":true,"href":"https:\/\/webmaibinh.com\/w\/shopvai2011\/wp-json\/wp\/v2\/media\/118"}],"wp:attachment":[{"href":"https:\/\/webmaibinh.com\/w\/shopvai2011\/wp-json\/wp\/v2\/media?parent=117"}],"curies":[{"name":"wp","href":"https:\/\/api.w.org\/{rel}","templated":true}]}}