{"id":115,"date":"2019-09-05T15:56:20","date_gmt":"2019-09-05T08:56:20","guid":{"rendered":"http:\/\/shopvai.w2steam.com\/?post_type=product&#038;p=115"},"modified":"2019-09-05T15:56:20","modified_gmt":"2019-09-05T08:56:20","slug":"vai-thun-cotton-100-2-chieu","status":"publish","type":"product","link":"https:\/\/webmaibinh.com\/w\/shopvai2011\/s\u1ea3n ph\u1ea9m\/vai-thun-cotton-100-2-chieu\/","title":{"rendered":"V\u1ea3i thun Cotton 100% 2 chi\u1ec1u"},"content":{"rendered":"<p>V\u1ea3i thun cotton 100% 2 chi\u1ec1u hay c\u00f2n g\u1ecdi l\u00e0 thun cotton single. L\u00e0 lo\u1ea1i v\u1ea3i cao c\u1ea5p chuy\u00ean d\u00f9ng \u0111\u1ec3 may c\u00e1c lo\u1ea1i \u00e1o thun c\u1ed5 tr\u00f2n, \u00e1o qu\u1ea7n s\u01a1 sinh. \u00c1o qu\u1ea7n tr\u1ebb em d\u01b0\u1edbi 5 tu\u1ed5i. \u0110\u01b0\u1ee3c s\u1eed d\u1ee5ng r\u1ed9ng r\u00e3i trong cu\u1ed9c s\u1ed1ng h\u1eb1ng ng\u00e0y. V\u00e0 \u0111\u1eb7c bi\u1ec7t ngo\u00e0i s\u1ef1 tho\u00e1ng m\u00e1t n\u00f3 c\u00f2n r\u1ea5t th\u00e2n thi\u1ec7n v\u1edbi m\u00f4i tr\u01b0\u1eddng.<\/p>\n<p>Nh\u01b0 c\u00e1c b\u1ea1n \u0111\u00e3 bi\u1ebft v\u1ea3i l\u00e0m t\u1eeb s\u1ee3i b\u00f4ng hay c\u00f2n g\u1ecdi l\u00e0 s\u1ee3i t\u1ef1 nhi\u00ean \u0111\u00e3 \u0111\u01b0\u1ee3c s\u1eed d\u1ee5ng ph\u1ed5 bi\u1ebfn h\u00e0ng ng\u00e0n n\u0103m tr\u01b0\u1edbc. Ngu\u1ed3n nguy\u00ean li\u1ec7u s\u1ee3i \u0111\u01b0\u1ee3c ch\u1ebf bi\u1ebfn t\u1eeb c\u00e1c v\u00f9ng c\u00f3 truy\u1ec1n th\u1ed1ng tr\u1ed3ng v\u00e0 khai th\u00e1c s\u1ee3i cotton. Nh\u01b0 \u1ea4n \u0110\u1ed9 v\u00e0 Trung Qu\u1ed1c.<\/p>\n<p>V\u1ea3i thun Cotton 100% 2 chi\u1ec1u l\u00e0 v\u1ea3i \u0111\u01b0\u1ee3c l\u00e0m t\u1eeb 100% s\u1ee3i Cotton v\u00e0 ch\u1ec9 c\u00f3 th\u1ec3 co gi\u00e3n theo 1 chi\u1ec1u nh\u1ea5t \u0111\u1ecbnh.<\/p>\n<h3>T\u00f9y theo \u0111\u1ed9 m\u1ecfng, d\u00e0y c\u1ee7a v\u1ea3i cotton m\u00e0 m\u1ee5c \u0111\u00edch s\u1eed d\u1ee5ng c\u00f3 th\u1ec3 thay \u0111\u1ed5i \u0111\u1ec3 ph\u00f9 h\u1ee3p<\/h3>\n<ul>\n<li>Kh\u1ed5 1m8, tr\u1ecdng l\u01b0\u1ee3ng 2m4, 2m7 \/ 1kg: H\u00e0ng cotton d\u00e0y, chuy\u00ean may c\u00e1c lo\u1ea1i \u00e1o thun tr\u01a1n c\u1ed5 tr\u00f2n.<\/li>\n<li>Kh\u1ed5 1m8, tr\u1ecdng l\u01b0\u1ee3ng 3m, 3m2 \/ 1kg: H\u00e0ng cotton b\u00ecnh th\u01b0\u1eddng, may c\u00e1c lo\u1ea1i \u00e1o thun th\u1eddi trang, \u0111\u1ed3 b\u1ed9 \u1edf nh\u00e0 cho tr\u1ebb em.<\/li>\n<li>Kh\u1ed5 1m8, tr\u1ecdng l\u01b0\u1ee3ng 3m4, 3m8, 4m2, 4m5 \/ 1kg: H\u00e0ng cotton s\u01a1 sinh, may c\u00e1c lo\u1ea1i \u00e1o qu\u1ea7n tr\u1ebb s\u01a1 sinh. \u0110\u1ed9 m\u1ecfng tho\u00e1ng kh\u00ed t\u1ed1t, h\u00fat \u1ea9m v\u00e0 m\u1ed3 h\u00f4i t\u1ed1t. H\u00e0ng vi\u1ec7t nam ch\u1ea5t l\u01b0\u1ee3ng \u0111\u1ea3m b\u1ea3o tuy\u1ec7t \u0111\u1ed1i.<\/li>\n<\/ul>\n<div class=\"wp-block-kadence-rowlayout alignnone\">\n<div id=\"kt-layout-id_1e2939-89\" class=\"kt-row-layout-inner  kt-layout-id_1e2939-89\">\n<div class=\"kt-row-column-wrap kt-has-1-columns kt-gutter-default kt-v-gutter-default kt-row-valign-top kt-row-layout-equal kt-tab-layout-inherit kt-m-colapse-left-to-right kt-mobile-layout-row\">\n<div class=\"wp-block-kadence-column inner-column-1 kadence-column_de408c-c9\">\n<div class=\"kt-inside-inner-col\">\n<h3>C\u00e1c th\u00e0nh ph\u1ea7n c\u1ea5u t\u1ea1o n\u00ean v\u1ea3i cotton 100% 2 chi\u1ec1u<\/h3>\n<ul>\n<li><em>Th\u00e0nh ph\u1ea7n ch\u00ednh g\u1ed3m 100% s\u1ee3i Cotton thi\u00ean nhi\u00ean. Th\u1ea5m h\u00fat m\u1ed3 h\u00f4i t\u1ed1t, gi\u1eb7t nhanh kh\u00f4 v\u00e0 c\u00f3 \u0111\u1ed9 b\u1ec1n r\u1ea5t cao.<\/em><\/li>\n<\/ul>\n<ul>\n<li><em>\u0110\u1ec3 nh\u1eadn bi\u1ebft ta c\u00f3 th\u1ec3 d\u00f9ng l\u1ef1c tay \u0111\u1ec3 k\u00e9o v\u1ea3i thun ra, n\u1ebfu thun ch\u1ec9 co gi\u00e3n \u0111\u01b0\u1ee3c \u0111\u01b0\u1ee3c chi\u1ec1u ngang ho\u1eb7c chi\u1ec1u d\u1ecdc th\u00ec \u0111\u00f3 g\u1ecdi l\u00e0 thun 2 chi\u1ec1u.<\/em><\/li>\n<\/ul>\n<ul>\n<li><em>\u0110\u1eb7c t\u00ednh v\u1ea3i: \u0111\u1ed9 b\u1ec1n cao, \u00edt b\u1ecb gi\u00e3n ho\u1eb7c ch\u1ea3y x\u1ec7 theo th\u1eddi gian. D\u1ec5 gia c\u00f4ng, gi\u00e1 th\u00e0nh r\u1ebb, ph\u00f9 h\u1ee3p v\u1edbi lo\u1ea1i \u00e1o thun tr\u01a1n. M\u00e0u s\u1eafc \u0111\u1eb9p, b\u1eaft m\u00e0u t\u1ed1t khi in hoa v\u0103n l\u00ean v\u1ea3i thun. \u0110\u1ed9 co gi\u00e3n h\u1ea1n ch\u1ebf \u0111\u00f4i khi t\u1ea1o c\u1ea3m gi\u00e1c kh\u00f4, cho ng\u01b0\u1eddi m\u1eb7c.<\/em><\/li>\n<\/ul>\n<h3><strong>C\u00f4ng d\u1ee5ng v\u1ea3i thun Cotton 100% 2 chi\u1ec1u:<\/strong><\/h3>\n<ul>\n<li><em>May \u00e1o th\u1eddi trang n\u1eef, may \u00e1o thun T-shirt, may \u00e1o qu\u1ea7n th\u1ec3 thao, may \u0111\u1ed3 ng\u1ee7, may \u0111\u1ed3 qu\u1ea3ng c\u00e1o.<\/em><\/li>\n<li><em>May h\u00e0ng th\u1eddi trang nam: may \u00e1o T-shirt Body, may \u00e1o \u0111\u1ed3ng ph\u1ee5c, th\u1eddi trang cao c\u1ea5p.<\/em><\/li>\n<li><em>May h\u00e0ng s\u01a1 sinh em b\u00e9. Qu\u1ea7n \u00e1o b\u1ed9 cotton tr\u1eafng tr\u1ebb em.<\/em><\/li>\n<\/ul>\n<\/div>\n<\/div>\n<\/div>\n<\/div>\n<\/div>\n<h3>S\u1ee3i thun cotton \u0111\u01b0\u1ee3c d\u1ec7t th\u00e0nh c\u00e1c lo\u1ea1i v\u1ea3i:<\/h3>\n<ul>\n<li class=\"has-normal-font-size\">V\u1ea3i thun tr\u01a1n cotton 100% 4 chi\u1ec1u single<\/li>\n<li class=\"has-normal-font-size\">V\u1ea3i thun cotton 65\/35 tixi 4 chi\u1ec1u<\/li>\n<li class=\"has-normal-font-size\">V\u1ea3i thun 65- 35 2 chi\u1ec1u<\/li>\n<\/ul>\n","protected":false},"excerpt":{"rendered":"<p>V\u1ea3i thun cotton 100% 2 chi\u1ec1u hay c\u00f2n g\u1ecdi l\u00e0 thun cotton single. L\u00e0 lo\u1ea1i v\u1ea3i cao c\u1ea5p chuy\u00ean d\u00f9ng \u0111\u1ec3 may c\u00e1c lo\u1ea1i \u00e1o thun c\u1ed5 tr\u00f2n, \u00e1o qu\u1ea7n s\u01a1 sinh. \u00c1o qu\u1ea7n tr\u1ebb em d\u01b0\u1edbi 5 tu\u1ed5i. \u0110\u01b0\u1ee3c s\u1eed d\u1ee5ng r\u1ed9ng r\u00e3i trong cu\u1ed9c s\u1ed1ng h\u1eb1ng ng\u00e0y. V\u00e0 \u0111\u1eb7c bi\u1ec7t ngo\u00e0i s\u1ef1 tho\u00e1ng &#8230;<\/p>\n","protected":false},"featured_media":116,"comment_status":"open","ping_status":"closed","template":"","meta":[],"_links":{"self":[{"href":"https:\/\/webmaibinh.com\/w\/shopvai2011\/wp-json\/wp\/v2\/product\/115"}],"collection":[{"href":"https:\/\/webmaibinh.com\/w\/shopvai2011\/wp-json\/wp\/v2\/product"}],"about":[{"href":"https:\/\/webmaibinh.com\/w\/shopvai2011\/wp-json\/wp\/v2\/types\/product"}],"replies":[{"embeddable":true,"href":"https:\/\/webmaibinh.com\/w\/shopvai2011\/wp-json\/wp\/v2\/comments?post=115"}],"wp:featuredmedia":[{"embeddable":true,"href":"https:\/\/webmaibinh.com\/w\/shopvai2011\/wp-json\/wp\/v2\/media\/116"}],"wp:attachment":[{"href":"https:\/\/webmaibinh.com\/w\/shopvai2011\/wp-json\/wp\/v2\/media?parent=115"}],"curies":[{"name":"wp","href":"https:\/\/api.w.org\/{rel}","templated":true}]}}