{"id":111,"date":"2019-09-05T15:52:26","date_gmt":"2019-09-05T08:52:26","guid":{"rendered":"http:\/\/shopvai.w2steam.com\/?post_type=product&#038;p=111"},"modified":"2019-09-05T15:52:26","modified_gmt":"2019-09-05T08:52:26","slug":"vai-thun-visco-deo","status":"publish","type":"product","link":"https:\/\/webmaibinh.com\/w\/shopvai2011\/s\u1ea3n ph\u1ea9m\/vai-thun-visco-deo\/","title":{"rendered":"V\u1ea3i Thun Visco \u2013 D\u1ebbo"},"content":{"rendered":"<p>V\u1ea3i thun visco hay c\u00f2n g\u1ecdi l\u00e0 thun d\u1ebbo l\u00e0 m\u1ed9t trong nh\u1eefng lo\u1ea1i v\u1ea3i th\u1eddi trang cao c\u1ea5p h\u01b0\u1edbng t\u1edbi ph\u00e1i n\u1eef. Lo\u1ea1i v\u1ea3i n\u00e0y c\u00f3 th\u00e0nh ph\u1ea7n 100% s\u1ee3i cellulose thi\u00ean nhi\u00ean. B\u1ec1 m\u1eb7t \u0111\u01b0\u1ee3c x\u1eed l\u00fd ph\u1ee7 n\u01b0\u1edbc n\u00ean t\u1ea1o c\u1ea3m gi\u00e1c m\u1ec1m m\u1ea1i v\u00e0 m\u00e1t h\u01a1n so v\u1edbi c\u00e1c lo\u1ea1i cotton kh\u00e1c. Do b\u1ec1 m\u1eb7t v\u1ea3i \u0111\u00e3 \u0111\u01b0\u1ee3c x\u1eed l\u00fd t\u1ea1o \u0111\u1ed9 m\u1ec1m n\u00ean th\u00edch h\u1ee3p th\u1eddi trang ph\u00e1i n\u1eef h\u01a1n. B\u00ean c\u1ea1nh \u0111\u00f3 c\u00f2n \u0111\u01b0\u1ee3c s\u1eed d\u1ee5ng \u0111\u1ec3 may \u0111\u1ed3 l\u00f3t nam. \u00c1o th\u1eddi trang, \u0111\u1ea7m ph\u1ee5 n\u1eef. Ngo\u00e0i ra c\u00f2n \u0111\u01b0\u1ee3c d\u00f9ng \u0111\u1ec3 thi\u1ebft k\u1ebf nh\u1eefng b\u1ed9 ch\u0103n, ra, g\u1ed1i, n\u1ec7m cao c\u1ea5p.<\/p>\n<p>Ch\u00ednh v\u00ec s\u1ef1 \u0111\u1ed9c \u0111\u00e1o \u1edf kh\u00e2u x\u1eed l\u00fd n\u00ean c\u1ea3m gi\u00e1c m\u1ec1m m\u1ea1i l\u00e0m t\u00f4n l\u00ean v\u1ebb \u0111\u1eb9p ph\u00e1i n\u1eef n\u00ean lo\u1ea1i v\u1ea3i n\u00e0y r\u1ea5t \u0111\u01b0\u1ee3c c\u00e1c ch\u1ecb em tin d\u00f9ng.<\/p>\n<h4>\u0110\u1eb7c \u0111i\u1ec3m v\u1ea3i thun visco \u2013 d\u1ebbo 100% cellulosse<\/h4>\n<ul>\n<li>\u01afu \u0111i\u1ec3m: Tho\u00e1ng kh\u00ed t\u1ed1t, m\u00e1t m\u1ebb m\u00f9a h\u00e8, th\u00e2n thi\u1ec7n v\u1edbi m\u00f4i tr\u01b0\u1eddng. M\u00e0u s\u1eafc \u0111a d\u1ea1ng, may qu\u1ea7n \u00e1o \u0111\u1ec1u \u0111\u01b0\u1ee3c. Tho\u00e1ng kh\u00ed, h\u00fat \u1ea9m t\u1ed1t n\u00ean r\u1ea5t h\u1ee3p may \u0111\u1ed3 l\u00f3t. B\u00ean c\u1ea1nh \u0111\u00f3 c\u00f2n c\u00f3 \u0111\u1eb7c t\u00ednh kh\u00e1ng khu\u1ea9n cao.<\/li>\n<li>Nh\u01b0\u1ee3c \u0111i\u1ec3m: r\u1ea5t d\u1ec5 b\u1ecb nh\u00e0u, ch\u1ecbu nhi\u1ec7t k\u00e9m. Kh\u00f4ng n\u00ean \u1ee7i tr\u1ef1c ti\u1ebfp b\u1eb1ng b\u00e0n \u1ee7i.<\/li>\n<\/ul>\n<h4><strong>Kh\u1ed5 v\u1ea3i visco \u2013 d\u1ebbo:<\/strong><\/h4>\n<ul>\n<li><strong>Kh\u1ed5: 1m7\/ (tr\u1ecdng l\u01b0\u1ee3ng 2m8\/ 1kg<\/strong>)<\/li>\n<li><strong>Kh\u1ed5<\/strong>:\u00a0<strong>1m7\/ (tr\u1ecdng l\u01b0\u1ee3ng 2m4\/ 1kg<\/strong>)<\/li>\n<\/ul>\n<p><strong>Shop v\u1ea3i thun Th\u00fay Loan hi\u1ec7n cung c\u1ea5p nhi\u1ec1u \u0111\u1ecbnh l\u01b0\u1ee3ng s\u1ea3n ph\u1ea9m, \u0111a d\u1ea1ng m\u00e0u s\u1eafc.<\/strong><\/p>\n<div class=\"wp-block-kadence-spacer aligncenter kt-block-spacer-_7665de-f6\"><\/div>\n","protected":false},"excerpt":{"rendered":"<p>V\u1ea3i thun visco hay c\u00f2n g\u1ecdi l\u00e0 thun d\u1ebbo l\u00e0 m\u1ed9t trong nh\u1eefng lo\u1ea1i v\u1ea3i th\u1eddi trang cao c\u1ea5p h\u01b0\u1edbng t\u1edbi ph\u00e1i n\u1eef. Lo\u1ea1i v\u1ea3i n\u00e0y c\u00f3 th\u00e0nh ph\u1ea7n 100% s\u1ee3i cellulose thi\u00ean nhi\u00ean. B\u1ec1 m\u1eb7t \u0111\u01b0\u1ee3c x\u1eed l\u00fd ph\u1ee7 n\u01b0\u1edbc n\u00ean t\u1ea1o c\u1ea3m gi\u00e1c m\u1ec1m m\u1ea1i v\u00e0 m\u00e1t h\u01a1n so v\u1edbi c\u00e1c lo\u1ea1i cotton &#8230;<\/p>\n","protected":false},"featured_media":112,"comment_status":"open","ping_status":"closed","template":"","meta":[],"_links":{"self":[{"href":"https:\/\/webmaibinh.com\/w\/shopvai2011\/wp-json\/wp\/v2\/product\/111"}],"collection":[{"href":"https:\/\/webmaibinh.com\/w\/shopvai2011\/wp-json\/wp\/v2\/product"}],"about":[{"href":"https:\/\/webmaibinh.com\/w\/shopvai2011\/wp-json\/wp\/v2\/types\/product"}],"replies":[{"embeddable":true,"href":"https:\/\/webmaibinh.com\/w\/shopvai2011\/wp-json\/wp\/v2\/comments?post=111"}],"wp:featuredmedia":[{"embeddable":true,"href":"https:\/\/webmaibinh.com\/w\/shopvai2011\/wp-json\/wp\/v2\/media\/112"}],"wp:attachment":[{"href":"https:\/\/webmaibinh.com\/w\/shopvai2011\/wp-json\/wp\/v2\/media?parent=111"}],"curies":[{"name":"wp","href":"https:\/\/api.w.org\/{rel}","templated":true}]}}