{"id":10,"date":"2019-09-05T09:12:24","date_gmt":"2019-09-05T02:12:24","guid":{"rendered":"http:\/\/shopvai.w2steam.com\/?page_id=10"},"modified":"2019-09-05T17:47:58","modified_gmt":"2019-09-05T10:47:58","slug":"gioi-thieu","status":"publish","type":"page","link":"https:\/\/webmaibinh.com\/w\/shopvai2011\/gioi-thieu\/","title":{"rendered":"Gi\u1edbi thi\u1ec7u"},"content":{"rendered":"<p>Ch\u00fang T\u00f4i l\u00e0 M\u1ed8T trong nh\u1eefng NH\u00c0 CUNG C\u1ea4P V\u1ea2I s\u1edbm nh\u1ea5t t\u1ea1i th\u1ecb tr\u01b0\u1eddng ch\u1ee3 T\u00e2n B\u00ecnh, v\u1edbi \u0111a d\u1ea1ng<br \/>\nc\u00e1c lo\u1ea1i m\u1eb7t h\u00e0ng v\u00e0 b\u1ec1 d\u00e0y h\u01a1n 20 n\u0103m kinh nghi\u1ec7m trong ng\u00e0nh s\u1ea3n xu\u1ea5t v\u1ea3i.<\/p>\n<p>Ch\u00fang T\u00f4i cam k\u1ebft t\u1ea5t c\u1ea3 s\u1ea3n ph\u1ea9m cung c\u1ea5p ra ngo\u00e0i th\u1ecb tr\u01b0\u1eddng \u0111\u1ec1u \u0111\u00fang ch\u1ea5t l\u01b0\u1ee3ng, \u0111\u00fang m\u1eb7t h\u00e0ng.<\/p>\n<p>H\u00e3y li\u00ean h\u1ec7 v\u1edbi ch\u00fang t\u00f4i v\u00e0 cho ch\u00fang t\u00f4i c\u01a1 h\u1ed9i \u0111\u01b0\u1ee3c ph\u1ee5c v\u1ee5 Qu\u00fd Kh\u00e1ch.<\/p>\n<p>Tr\u00e2n tr\u1ecdng c\u1ea3m \u01a1n.<\/p>\n","protected":false},"excerpt":{"rendered":"<p>Ch\u00fang T\u00f4i l\u00e0 M\u1ed8T trong nh\u1eefng NH\u00c0 CUNG C\u1ea4P V\u1ea2I s\u1edbm nh\u1ea5t t\u1ea1i th\u1ecb tr\u01b0\u1eddng ch\u1ee3 T\u00e2n B\u00ecnh, v\u1edbi \u0111a d\u1ea1ng c\u00e1c lo\u1ea1i m\u1eb7t h\u00e0ng v\u00e0 b\u1ec1 d\u00e0y h\u01a1n 20 n\u0103m kinh nghi\u1ec7m trong ng\u00e0nh s\u1ea3n xu\u1ea5t v\u1ea3i. Ch\u00fang T\u00f4i cam k\u1ebft t\u1ea5t c\u1ea3 s\u1ea3n ph\u1ea9m cung c\u1ea5p ra ngo\u00e0i th\u1ecb tr\u01b0\u1eddng \u0111\u1ec1u \u0111\u00fang ch\u1ea5t &#8230;<\/p>\n","protected":false},"author":1,"featured_media":0,"parent":0,"menu_order":0,"comment_status":"closed","ping_status":"closed","template":"page-right-sidebar.php","meta":[],"_links":{"self":[{"href":"https:\/\/webmaibinh.com\/w\/shopvai2011\/wp-json\/wp\/v2\/pages\/10"}],"collection":[{"href":"https:\/\/webmaibinh.com\/w\/shopvai2011\/wp-json\/wp\/v2\/pages"}],"about":[{"href":"https:\/\/webmaibinh.com\/w\/shopvai2011\/wp-json\/wp\/v2\/types\/page"}],"author":[{"embeddable":true,"href":"https:\/\/webmaibinh.com\/w\/shopvai2011\/wp-json\/wp\/v2\/users\/1"}],"replies":[{"embeddable":true,"href":"https:\/\/webmaibinh.com\/w\/shopvai2011\/wp-json\/wp\/v2\/comments?post=10"}],"version-history":[{"count":2,"href":"https:\/\/webmaibinh.com\/w\/shopvai2011\/wp-json\/wp\/v2\/pages\/10\/revisions"}],"predecessor-version":[{"id":238,"href":"https:\/\/webmaibinh.com\/w\/shopvai2011\/wp-json\/wp\/v2\/pages\/10\/revisions\/238"}],"wp:attachment":[{"href":"https:\/\/webmaibinh.com\/w\/shopvai2011\/wp-json\/wp\/v2\/media?parent=10"}],"curies":[{"name":"wp","href":"https:\/\/api.w.org\/{rel}","templated":true}]}}