{"id":92,"date":"2018-07-31T15:09:16","date_gmt":"2018-07-31T08:09:16","guid":{"rendered":"https:\/\/bizhostvn.com\/w\/shopthoitrang2\/?page_id=92"},"modified":"2018-08-02T15:15:29","modified_gmt":"2018-08-02T08:15:29","slug":"lien-he","status":"publish","type":"page","link":"https:\/\/webmaibinh.com\/w\/shopthoitrang2\/lien-he\/","title":{"rendered":"Li\u00ean h\u1ec7"},"content":{"rendered":"\t<section class=\"section lien-he-section\" id=\"section_195599941\">\n\t\t<div class=\"bg section-bg fill bg-fill  bg-loaded\" >\n\n\t\t\t\n\t\t\t\n\t\t\t\n\n\t\t<\/div>\n\n\t\t<div class=\"section-content relative\">\n\t\t\t\n<div class=\"row row-small\"  id=\"row-74289666\">\n\n\t<div id=\"col-1026086621\" class=\"col small-12 large-12\"  >\n\t\t<div class=\"col-inner\"  >\n\t\t\t\n\t\t\t\n<p><iframe src=\"https:\/\/www.google.com\/maps\/embed?pb=!1m18!1m12!1m3!1d3725.2130170374426!2d105.7922601142971!3d20.984096594678885!2m3!1f0!2f0!3f0!3m2!1i1024!2i768!4f13.1!3m3!1m2!1s0x3135acc6066cb537%3A0x4fc1c256d7cdb4d!2zR2l1c2VBcnQgLSBUaGnhur90IGvhur8gxJHhu5MgaOG7jWEgdsOgIHdlYnNpdGUgY2h1ecOqbiBuZ2hp4buHcA!5e0!3m2!1svi!2s!4v1533196860857\" width=\"100%\" height=\"250\" frameborder=\"0\" style=\"border:0\" allowfullscreen><\/iframe><\/p>\n\t\t<\/div>\n\t\t\t<\/div>\n\n\t\n\n\t<div id=\"col-809774928\" class=\"col medium-6 small-12 large-6\"  >\n\t\t<div class=\"col-inner\"  >\n\t\t\t\n\t\t\t\n<p><span style=\"font-size: 120%;\"><strong>Li\u00ean h\u1ec7 v\u1edbi ch\u00fang t\u00f4i<\/strong><\/span><\/p>\n<p><span style=\"font-size: 90%;\"><strong>D\u1ecaCH V\u1ee4 THI\u1ebeT K\u1ebe \u0110\u1ed2 H\u1eccA V\u00c0 WEBSITE UY T\u00cdN<br \/><\/strong><\/span><span style=\"font-size: 90%;\">webdesign.com l\u00e0 blog c\u00e1 nh\u00e2n chia s\u1ebb nh\u1eefng ki\u1ebfn th\u1ee9c \u0111\u1ed3 h\u1ecda v\u00e0 kinh nghi\u1ec7m l\u00e0m website WordPress cho t\u1ea5t c\u1ea3 m\u1ecdi ng\u01b0\u1eddi. M\u00ecnh r\u1ea5t y\u00eau th\u00edch Ngh\u1ec7 thu\u1eadt Th\u00e1nh v\u00e0 \u0110\u1ed3 h\u1ecda C\u00f4ng gi\u00e1o. R\u1ea5t mong \u0111\u01b0\u1ee3c k\u1ebft b\u1ea1n v\u1edbi \u0111\u00f4ng \u0111\u1ea3o anh em Designer g\u1ea7n xa.<\/span><\/p>\n\n\t\t<div class=\"icon-box featured-box icon-box-left text-left\"  >\n\t\t\t\t\t<div class=\"icon-box-img\" style=\"width: 22px\">\n\t\t\t\t<div class=\"icon\">\n\t\t\t\t\t<div class=\"icon-inner\" >\n\t\t\t\t\t\t<img width=\"18\" height=\"27\" src=\"https:\/\/webmaibinh.com\/w\/shopthoitrang2\/wp-content\/uploads\/2018\/08\/icon-lienhe-1.png\" class=\"attachment-medium size-medium\" alt=\"\" loading=\"lazy\" \/>\t\t\t\t\t<\/div>\n\t\t\t\t<\/div>\n\t\t\t<\/div>\n\t\t\t\t<div class=\"icon-box-text last-reset\">\n\t\t\t\t\t\t\t\t\t\n<p><span style=\"font-size: 90%;\"><strong>Tr\u1ee5 s\u1edf ch\u00ednh:<\/strong>\u00a0180 &#8211; 182 L\u00fd Ch\u00ednh Th\u1eafng, Ph\u01b0\u1eddng 9, Qu\u1eadn 3, TP H\u1ed3 Ch\u00ed Minh\u00a0<\/span><br \/><span style=\"font-size: 90%;\"><strong>Chi nh\u00e1nh:<\/strong>\u00a0T\u1ea7ng 4, s\u1ed1 01 ng\u00f5 120 Tr\u01b0\u1eddng Chinh, Thanh Xu\u00e2n , H\u00e0 N\u1ed9i<\/span><\/p>\n\t\t<\/div>\n\t<\/div>\n\t\n\t\n\t<div id=\"gap-1511079695\" class=\"gap-element clearfix\" style=\"display:block; height:auto;\">\n\t\t\n<style>\n#gap-1511079695 {\n  padding-top: 30px;\n}\n<\/style>\n\t<\/div>\n\t\n\n\t\t<div class=\"icon-box featured-box icon-box-left text-left\"  >\n\t\t\t\t\t<div class=\"icon-box-img\" style=\"width: 20px\">\n\t\t\t\t<div class=\"icon\">\n\t\t\t\t\t<div class=\"icon-inner\" >\n\t\t\t\t\t\t<img width=\"18\" height=\"26\" src=\"https:\/\/webmaibinh.com\/w\/shopthoitrang2\/wp-content\/uploads\/2018\/08\/icon-lienhe-2.png\" class=\"attachment-medium size-medium\" alt=\"\" loading=\"lazy\" \/>\t\t\t\t\t<\/div>\n\t\t\t\t<\/div>\n\t\t\t<\/div>\n\t\t\t\t<div class=\"icon-box-text last-reset\">\n\t\t\t\t\t\t\t\t\t\n<p><span style=\"font-size: 90%;\"><strong>Hotline:<\/strong>\u00a0<a href=\"tel:(024) 9865 7868\">(024) 9865 7868<\/a>\u00a0<br \/><a href=\"tel:(028) 9885 6845\">(028) 9885 6845<\/a><\/span><\/p>\n\t\t<\/div>\n\t<\/div>\n\t\n\t\n\t<div id=\"gap-1777286823\" class=\"gap-element clearfix\" style=\"display:block; height:auto;\">\n\t\t\n<style>\n#gap-1777286823 {\n  padding-top: 30px;\n}\n<\/style>\n\t<\/div>\n\t\n\n\t\t<div class=\"icon-box featured-box icon-box-left text-left\"  >\n\t\t\t\t\t<div class=\"icon-box-img\" style=\"width: 24px\">\n\t\t\t\t<div class=\"icon\">\n\t\t\t\t\t<div class=\"icon-inner\" >\n\t\t\t\t\t\t<img width=\"25\" height=\"15\" src=\"https:\/\/webmaibinh.com\/w\/shopthoitrang2\/wp-content\/uploads\/2018\/08\/icon-lienhe-3.png\" class=\"attachment-medium size-medium\" alt=\"\" loading=\"lazy\" \/>\t\t\t\t\t<\/div>\n\t\t\t\t<\/div>\n\t\t\t<\/div>\n\t\t\t\t<div class=\"icon-box-text last-reset\">\n\t\t\t\t\t\t\t\t\t\n<p><span style=\"font-size: 90%;\"><strong>Email:<\/strong>\u00a0demo@gmail.com<br \/>demo@gmail.com<\/span><\/p>\n\t\t<\/div>\n\t<\/div>\n\t\n\t\n\t\t<\/div>\n\t\t\t<\/div>\n\n\t\n\n\t<div id=\"col-1463359208\" class=\"col medium-6 small-12 large-6\"  >\n\t\t<div class=\"col-inner\"  >\n\t\t\t\n\t\t\t\n<div role=\"form\" class=\"wpcf7\" id=\"wpcf7-f942-o1\" lang=\"vi\" dir=\"ltr\">\n<div class=\"screen-reader-response\"><p role=\"status\" aria-live=\"polite\" aria-atomic=\"true\"><\/p> <ul><\/ul><\/div>\n<form action=\"\/w\/shopthoitrang2\/wp-json\/wp\/v2\/pages\/92#wpcf7-f942-o1\" method=\"post\" class=\"wpcf7-form init\" novalidate=\"novalidate\" data-status=\"init\">\n<div style=\"display: none;\">\n<input type=\"hidden\" name=\"_wpcf7\" value=\"942\" \/>\n<input type=\"hidden\" name=\"_wpcf7_version\" value=\"5.3\" \/>\n<input type=\"hidden\" name=\"_wpcf7_locale\" value=\"vi\" \/>\n<input type=\"hidden\" name=\"_wpcf7_unit_tag\" value=\"wpcf7-f942-o1\" \/>\n<input type=\"hidden\" name=\"_wpcf7_container_post\" value=\"0\" \/>\n<input type=\"hidden\" name=\"_wpcf7_posted_data_hash\" value=\"\" \/>\n<\/div>\n<p><span class=\"wpcf7-form-control-wrap text-708\"><input type=\"text\" name=\"text-708\" value=\"\" size=\"40\" class=\"wpcf7-form-control wpcf7-text wpcf7-validates-as-required\" aria-required=\"true\" aria-invalid=\"false\" placeholder=\"H\u1ecd v\u00e0 t\u00ean...\" \/><\/span><br \/>\n<span class=\"wpcf7-form-control-wrap email-639\"><input type=\"email\" name=\"email-639\" value=\"\" size=\"40\" class=\"wpcf7-form-control wpcf7-text wpcf7-email wpcf7-validates-as-email\" aria-invalid=\"false\" placeholder=\"\u0110\u1ecba ch\u1ec9 email...\" \/><\/span><br \/>\n<span class=\"wpcf7-form-control-wrap tel-626\"><input type=\"tel\" name=\"tel-626\" value=\"\" size=\"40\" class=\"wpcf7-form-control wpcf7-text wpcf7-tel wpcf7-validates-as-required wpcf7-validates-as-tel\" aria-required=\"true\" aria-invalid=\"false\" placeholder=\"S\u1ed1 \u0111i\u1ec7n tho\u1ea1i...\" \/><\/span><br \/>\n<span class=\"wpcf7-form-control-wrap textarea-429\"><textarea name=\"textarea-429\" cols=\"40\" rows=\"10\" class=\"wpcf7-form-control wpcf7-textarea\" aria-invalid=\"false\" placeholder=\"Nh\u1eadp n\u1ed9i dung li\u00ean h\u1ec7...\"><\/textarea><\/span><br \/>\n<input type=\"submit\" value=\"G\u1eedi li\u00ean h\u1ec7\" class=\"wpcf7-form-control wpcf7-submit\" \/><\/p>\n<div class=\"wpcf7-response-output\" aria-hidden=\"true\"><\/div><\/form><\/div>\n\t\t<\/div>\n\t\t\t<\/div>\n\n\t\n<\/div>\n\t\t<\/div>\n\n\t\t\n<style>\n#section_195599941 {\n  padding-top: 30px;\n  padding-bottom: 30px;\n}\n<\/style>\n\t<\/section>\n\t\n","protected":false},"excerpt":{"rendered":"","protected":false},"author":1,"featured_media":0,"parent":0,"menu_order":0,"comment_status":"closed","ping_status":"closed","template":"page-blank.php","meta":[],"_links":{"self":[{"href":"https:\/\/webmaibinh.com\/w\/shopthoitrang2\/wp-json\/wp\/v2\/pages\/92"}],"collection":[{"href":"https:\/\/webmaibinh.com\/w\/shopthoitrang2\/wp-json\/wp\/v2\/pages"}],"about":[{"href":"https:\/\/webmaibinh.com\/w\/shopthoitrang2\/wp-json\/wp\/v2\/types\/page"}],"author":[{"embeddable":true,"href":"https:\/\/webmaibinh.com\/w\/shopthoitrang2\/wp-json\/wp\/v2\/users\/1"}],"replies":[{"embeddable":true,"href":"https:\/\/webmaibinh.com\/w\/shopthoitrang2\/wp-json\/wp\/v2\/comments?post=92"}],"version-history":[{"count":0,"href":"https:\/\/webmaibinh.com\/w\/shopthoitrang2\/wp-json\/wp\/v2\/pages\/92\/revisions"}],"wp:attachment":[{"href":"https:\/\/webmaibinh.com\/w\/shopthoitrang2\/wp-json\/wp\/v2\/media?parent=92"}],"curies":[{"name":"wp","href":"https:\/\/api.w.org\/{rel}","templated":true}]}}