{"id":315,"date":"2018-08-18T09:33:10","date_gmt":"2018-08-18T02:33:10","guid":{"rendered":"https:\/\/bizhostvn.com\/w\/shopphongthuy\/?post_type=product&#038;p=315"},"modified":"2018-08-18T09:33:10","modified_gmt":"2018-08-18T02:33:10","slug":"coc-xanh-tren-dao-mau-don-fc057a","status":"publish","type":"product","link":"https:\/\/webmaibinh.com\/w\/shopphongthuy\/san-pham\/coc-xanh-tren-dao-mau-don-fc057a\/","title":{"rendered":"C\u00f3c xanh tr\u00ean \u0111\u1ea3o m\u1eabu \u0111\u01a1n FC057A"},"content":{"rendered":"<p>+ Ch\u1ea5t li\u1ec7u v\u00e0 ho\u00e0n thi\u1ec7n: Thi\u1ec1m th\u1eeb (c\u00f3c ba ch\u00e2n) xanh tr\u00ean \u0111\u1ea3o hoa m\u1eabu \u0111\u01a1n, c\u00f3 \u0111\u1ebf g\u1ed7, b\u1ed9t \u0111\u00e1 m\u00e0u cao c\u1ea5p (t\u1ea1i Vi\u1ec7t Nam).<br \/>\n+ K\u00edch th\u01b0\u1edbc (\u0111\u01b0\u1eddng k\u00ednh x cao): 30cm x 25cm<br \/>\n+ Kh\u1ed1i l\u01b0\u1ee3ng: 5kg<br \/>\n+ \u00dd ngh\u0129a: V\u01b0\u1ee3ng T\u00e0i T\u1ee9 Qu\u00fd- mang \u00fd ngh\u0129a gi\u1eef v\u00e0 nh\u1ea3 t\u00e0i l\u1ed9c cho gia ch\u1ee7, tr\u1ea5n gi\u1eef t\u00e0i l\u1ed9c, tr\u00e1nh th\u1ea5t tho\u00e1t, t\u00e0i l\u1ed9c sinh s\u00f4i th\u1ecbnh v\u01b0\u1ee3ng, mang l\u1ea1i nh\u1eefng \u0111i\u1ec1m l\u00e0nh, \u0111i\u1ec1m t\u1ed1t cho gia ch\u1ee7\u2026<br \/>\n+ C\u00e1ch s\u1eed d\u1ee5ng: \u0110\u1eb7t \u1edf b\u00e0n th\u1edd th\u1ea7n t\u00e0i, ph\u00f2ng kh\u00e1ch, c\u1eeda h\u00e0ng kinh doanh\u2026<\/p>\n","protected":false},"excerpt":{"rendered":"<p>+ \u00dd ngh\u0129a: V\u01b0\u1ee3ng T\u00e0i T\u1ee9 Qu\u00fd- mang \u00fd ngh\u0129a gi\u1eef v\u00e0 nh\u1ea3 t\u00e0i l\u1ed9c cho gia ch\u1ee7, tr\u1ea5n gi\u1eef t\u00e0i l\u1ed9c, tr\u00e1nh th\u1ea5t tho\u00e1t, t\u00e0i l\u1ed9c sinh s\u00f4i th\u1ecbnh v\u01b0\u1ee3ng, mang l\u1ea1i nh\u1eefng \u0111i\u1ec1m l\u00e0nh, \u0111i\u1ec1m t\u1ed1t cho gia ch\u1ee7\u2026<br \/>\n+ C\u00e1ch s\u1eed d\u1ee5ng: \u0110\u1eb7t \u1edf b\u00e0n th\u1edd th\u1ea7n t\u00e0i, ph\u00f2ng kh\u00e1ch, c\u1eeda h\u00e0ng kinh doanh\u2026<\/p>\n","protected":false},"featured_media":316,"comment_status":"open","ping_status":"closed","template":"","meta":[],"_links":{"self":[{"href":"https:\/\/webmaibinh.com\/w\/shopphongthuy\/wp-json\/wp\/v2\/product\/315"}],"collection":[{"href":"https:\/\/webmaibinh.com\/w\/shopphongthuy\/wp-json\/wp\/v2\/product"}],"about":[{"href":"https:\/\/webmaibinh.com\/w\/shopphongthuy\/wp-json\/wp\/v2\/types\/product"}],"replies":[{"embeddable":true,"href":"https:\/\/webmaibinh.com\/w\/shopphongthuy\/wp-json\/wp\/v2\/comments?post=315"}],"wp:featuredmedia":[{"embeddable":true,"href":"https:\/\/webmaibinh.com\/w\/shopphongthuy\/wp-json\/wp\/v2\/media\/316"}],"wp:attachment":[{"href":"https:\/\/webmaibinh.com\/w\/shopphongthuy\/wp-json\/wp\/v2\/media?parent=315"}],"curies":[{"name":"wp","href":"https:\/\/api.w.org\/{rel}","templated":true}]}}