{"id":686,"date":"2017-06-14T11:17:09","date_gmt":"2017-06-14T04:17:09","guid":{"rendered":"https:\/\/bizhostvn.com\/w\/shopnoithat\/?post_type=product&#038;p=686"},"modified":"2017-06-14T11:18:37","modified_gmt":"2017-06-14T04:18:37","slug":"bep-ga-am-kinh-kaff-kf-321","status":"publish","type":"product","link":"https:\/\/webmaibinh.com\/w\/shopnoithat\/shop\/bep-ga-am-kinh-kaff-kf-321","title":{"rendered":"B\u1ebfp ga \u00e2m k\u00ednh KAFF KF-321 ch\u1ea5t l\u01b0\u1ee3ng cao"},"content":{"rendered":"<div class=\"row row-large row-divided\"  id=\"row-2073573759\">\n\n\t<div id=\"col-1518924298\" class=\"col medium-8 small-12 large-8\"  >\n\t\t<div class=\"col-inner\"  >\n\t\t\t\n\t\t\t\n<p>B\u1ebfp ga \u00e2m k\u00ednh m\u00e0u \u0111en 02 l\u00f2 l\u1edbn,01 l\u00f2 nh\u1ecf. M\u1eb7t k\u00ednh d\u00e0y 8mm<\/p>\n<p>-H\u1ec7 th\u1ed1ng m\u00e2m chia l\u1eeda Sabaf s\u1ea3n xu\u1ea5t Italy<\/p>\n<p>-Ch\u1ebf \u0111\u1ed9 pep h\u1ea7m ti\u1ebft ki\u1ec7m gas<\/p>\n<p>-H\u1ec7 th\u1ed1ng \u1ed1ng d\u1eabn,van ng\u1eaft gas FFd t\u1ef1 \u0111\u1ed9ng ,an to\u00e0n<\/p>\n<p>-Ki\u1ec1ng gas si\u00eau b\u1ec1n<\/p>\n<p>-H\u1ec7 th\u1ed1ng \u0111\u00e1nh l\u1eeda b\u1eb1ng pin IC<\/p>\n<p>-L\u01b0\u1ee3ng gas ti\u00eau th\u1ee5 ti\u1ebft ki\u1ec7m 0,3kg\/h\/l\u00f2<\/p>\n<p>-K\u00edch th\u01b0\u1edbc m\u1eb7t k\u00ednh : 730&#215;430 mm<\/p>\n<p>-K\u00edch th\u01b0\u1edbc kho\u00e9t \u0111\u00e1 : 680x380mm<\/p>\n\t\t<\/div>\n\t\t\t<\/div>\n\n\t\n\n\t<div id=\"col-1158537876\" class=\"col medium-4 small-12 large-4\"  >\n\t\t<div class=\"col-inner\"  >\n\t\t\t\n\t\t\t\n<h3>S\u1ea3n ph\u1ea9m m\u1edbi c\u1eadp nh\u1eadt<\/h3>\n<div class=\"woocommerce columns-2 \"><div class=\"products row row-small large-columns-2 medium-columns-3 small-columns-2 has-shadow row-box-shadow-2 row-box-shadow-1-hover\">\n\n<div class=\"product-small col has-hover product type-product post-899 status-publish first instock has-post-thumbnail shipping-taxable purchasable product-type-simple\">\n\t<div class=\"col-inner\">\n\t\n<div class=\"badge-container absolute left top z-1\">\n<\/div>\n\t<div class=\"product-small box \">\n\t\t<div class=\"box-image\">\n\t\t\t<div class=\"image-fade_in_back\">\n\t\t\t\t<a href=\"https:\/\/webmaibinh.com\/w\/shopnoithat\/shop\/bo-dieu-khien-trung-tam-kg872344\">\n\t\t\t\t\t<img width=\"300\" height=\"277\" src=\"https:\/\/webmaibinh.com\/w\/shopnoithat\/wp-content\/uploads\/2017\/06\/resizeimage-1-300x277.png\" class=\"attachment-woocommerce_thumbnail size-woocommerce_thumbnail\" alt=\"\" loading=\"lazy\" \/><img width=\"300\" height=\"277\" src=\"https:\/\/webmaibinh.com\/w\/shopnoithat\/wp-content\/uploads\/2017\/06\/resizeimage-1-300x277.png\" class=\"show-on-hover absolute fill hide-for-small back-image\" alt=\"\" loading=\"lazy\" \/>\t\t\t\t<\/a>\n\t\t\t<\/div>\n\t\t\t<div class=\"image-tools is-small top right show-on-hover\">\n\t\t\t\t\t\t\t<\/div>\n\t\t\t<div class=\"image-tools is-small hide-for-small bottom left show-on-hover\">\n\t\t\t\t\t\t\t<\/div>\n\t\t\t<div class=\"image-tools grid-tools text-center hide-for-small bottom hover-slide-in show-on-hover\">\n\t\t\t\t\t\t\t<\/div>\n\t\t\t\t\t<\/div>\n\n\t\t<div class=\"box-text box-text-products text-center grid-style-2\">\n\t\t\t<div class=\"title-wrapper\"><\/div><div class=\"price-wrapper\"><\/div>\t\t<\/div>\n\t<\/div>\n\t\t<\/div>\n<\/div>\n\n<div class=\"product-small col has-hover product type-product post-712 status-publish last instock product_cat-phong-khach has-post-thumbnail shipping-taxable purchasable product-type-simple\">\n\t<div class=\"col-inner\">\n\t\n<div class=\"badge-container absolute left top z-1\">\n<\/div>\n\t<div class=\"product-small box \">\n\t\t<div class=\"box-image\">\n\t\t\t<div class=\"image-fade_in_back\">\n\t\t\t\t<a href=\"https:\/\/webmaibinh.com\/w\/shopnoithat\/shop\/bo-dieu-khien-trung-tam\">\n\t\t\t\t\t<img width=\"300\" height=\"300\" src=\"https:\/\/webmaibinh.com\/w\/shopnoithat\/wp-content\/uploads\/2017\/06\/shoe-rack-open-300x300.jpg\" class=\"attachment-woocommerce_thumbnail size-woocommerce_thumbnail\" alt=\"\" loading=\"lazy\" srcset=\"https:\/\/webmaibinh.com\/w\/shopnoithat\/wp-content\/uploads\/2017\/06\/shoe-rack-open-300x300.jpg 300w, https:\/\/webmaibinh.com\/w\/shopnoithat\/wp-content\/uploads\/2017\/06\/shoe-rack-open-100x100.jpg 100w, https:\/\/webmaibinh.com\/w\/shopnoithat\/wp-content\/uploads\/2017\/06\/shoe-rack-open-280x280.jpg 280w, https:\/\/webmaibinh.com\/w\/shopnoithat\/wp-content\/uploads\/2017\/06\/shoe-rack-open-400x400.jpg 400w, https:\/\/webmaibinh.com\/w\/shopnoithat\/wp-content\/uploads\/2017\/06\/shoe-rack-open.jpg 420w\" sizes=\"(max-width: 300px) 100vw, 300px\" \/><img width=\"300\" height=\"277\" src=\"https:\/\/webmaibinh.com\/w\/shopnoithat\/wp-content\/uploads\/2017\/06\/resizeimage-1-300x277.png\" class=\"show-on-hover absolute fill hide-for-small back-image\" alt=\"\" loading=\"lazy\" \/>\t\t\t\t<\/a>\n\t\t\t<\/div>\n\t\t\t<div class=\"image-tools is-small top right show-on-hover\">\n\t\t\t\t\t\t\t<\/div>\n\t\t\t<div class=\"image-tools is-small hide-for-small bottom left show-on-hover\">\n\t\t\t\t\t\t\t<\/div>\n\t\t\t<div class=\"image-tools grid-tools text-center hide-for-small bottom hover-slide-in show-on-hover\">\n\t\t\t\t\t\t\t<\/div>\n\t\t\t\t\t<\/div>\n\n\t\t<div class=\"box-text box-text-products text-center grid-style-2\">\n\t\t\t<div class=\"title-wrapper\"><\/div><div class=\"price-wrapper\"><\/div>\t\t<\/div>\n\t<\/div>\n\t\t<\/div>\n<\/div>\n\n<div class=\"product-small col has-hover product type-product post-710 status-publish first instock product_cat-phong-khach has-post-thumbnail shipping-taxable purchasable product-type-simple\">\n\t<div class=\"col-inner\">\n\t\n<div class=\"badge-container absolute left top z-1\">\n<\/div>\n\t<div class=\"product-small box \">\n\t\t<div class=\"box-image\">\n\t\t\t<div class=\"image-fade_in_back\">\n\t\t\t\t<a href=\"https:\/\/webmaibinh.com\/w\/shopnoithat\/shop\/thiet-bi-bat-tat-den-thong-minh-sh-d2\">\n\t\t\t\t\t<img width=\"300\" height=\"300\" src=\"https:\/\/webmaibinh.com\/w\/shopnoithat\/wp-content\/uploads\/2017\/06\/127078484912161-300x300.jpg\" class=\"attachment-woocommerce_thumbnail size-woocommerce_thumbnail\" alt=\"\" loading=\"lazy\" srcset=\"https:\/\/webmaibinh.com\/w\/shopnoithat\/wp-content\/uploads\/2017\/06\/127078484912161-300x300.jpg 300w, https:\/\/webmaibinh.com\/w\/shopnoithat\/wp-content\/uploads\/2017\/06\/127078484912161-100x100.jpg 100w, https:\/\/webmaibinh.com\/w\/shopnoithat\/wp-content\/uploads\/2017\/06\/127078484912161-280x280.jpg 280w, https:\/\/webmaibinh.com\/w\/shopnoithat\/wp-content\/uploads\/2017\/06\/127078484912161-400x400.jpg 400w, https:\/\/webmaibinh.com\/w\/shopnoithat\/wp-content\/uploads\/2017\/06\/127078484912161.jpg 446w\" sizes=\"(max-width: 300px) 100vw, 300px\" \/><img width=\"300\" height=\"250\" src=\"https:\/\/webmaibinh.com\/w\/shopnoithat\/wp-content\/uploads\/2017\/06\/shd1d2d3-300x250.jpg\" class=\"show-on-hover absolute fill hide-for-small back-image\" alt=\"\" loading=\"lazy\" \/>\t\t\t\t<\/a>\n\t\t\t<\/div>\n\t\t\t<div class=\"image-tools is-small top right show-on-hover\">\n\t\t\t\t\t\t\t<\/div>\n\t\t\t<div class=\"image-tools is-small hide-for-small bottom left show-on-hover\">\n\t\t\t\t\t\t\t<\/div>\n\t\t\t<div class=\"image-tools grid-tools text-center hide-for-small bottom hover-slide-in show-on-hover\">\n\t\t\t\t\t\t\t<\/div>\n\t\t\t\t\t<\/div>\n\n\t\t<div class=\"box-text box-text-products text-center grid-style-2\">\n\t\t\t<div class=\"title-wrapper\"><\/div><div class=\"price-wrapper\"><\/div>\t\t<\/div>\n\t<\/div>\n\t\t<\/div>\n<\/div>\n\n<div class=\"product-small col has-hover product type-product post-704 status-publish last instock product_cat-thiet-bi-bep has-post-thumbnail shipping-taxable purchasable product-type-simple\">\n\t<div class=\"col-inner\">\n\t\n<div class=\"badge-container absolute left top z-1\">\n<\/div>\n\t<div class=\"product-small box \">\n\t\t<div class=\"box-image\">\n\t\t\t<div class=\"image-fade_in_back\">\n\t\t\t\t<a href=\"https:\/\/webmaibinh.com\/w\/shopnoithat\/shop\/may-hut-mui-canzy-cz-3388-7090\">\n\t\t\t\t\t<img width=\"300\" height=\"300\" src=\"https:\/\/webmaibinh.com\/w\/shopnoithat\/wp-content\/uploads\/2017\/06\/may-khu-mui-nha-bep-sevilla-sv-3388-90-scaled-300x300.jpg\" class=\"attachment-woocommerce_thumbnail size-woocommerce_thumbnail\" alt=\"\" loading=\"lazy\" srcset=\"https:\/\/webmaibinh.com\/w\/shopnoithat\/wp-content\/uploads\/2017\/06\/may-khu-mui-nha-bep-sevilla-sv-3388-90-scaled-300x300.jpg 300w, https:\/\/webmaibinh.com\/w\/shopnoithat\/wp-content\/uploads\/2017\/06\/may-khu-mui-nha-bep-sevilla-sv-3388-90-scaled-100x100.jpg 100w, https:\/\/webmaibinh.com\/w\/shopnoithat\/wp-content\/uploads\/2017\/06\/may-khu-mui-nha-bep-sevilla-sv-3388-90-280x280.jpg 280w\" sizes=\"(max-width: 300px) 100vw, 300px\" \/><img width=\"300\" height=\"300\" src=\"https:\/\/webmaibinh.com\/w\/shopnoithat\/wp-content\/uploads\/2017\/06\/may-khu-mui-nha-bep-sevilla-sv-3388-90-scaled-300x300.jpg\" class=\"show-on-hover absolute fill hide-for-small back-image\" alt=\"\" loading=\"lazy\" srcset=\"https:\/\/webmaibinh.com\/w\/shopnoithat\/wp-content\/uploads\/2017\/06\/may-khu-mui-nha-bep-sevilla-sv-3388-90-scaled-300x300.jpg 300w, https:\/\/webmaibinh.com\/w\/shopnoithat\/wp-content\/uploads\/2017\/06\/may-khu-mui-nha-bep-sevilla-sv-3388-90-scaled-100x100.jpg 100w, https:\/\/webmaibinh.com\/w\/shopnoithat\/wp-content\/uploads\/2017\/06\/may-khu-mui-nha-bep-sevilla-sv-3388-90-280x280.jpg 280w\" sizes=\"(max-width: 300px) 100vw, 300px\" \/>\t\t\t\t<\/a>\n\t\t\t<\/div>\n\t\t\t<div class=\"image-tools is-small top right show-on-hover\">\n\t\t\t\t\t\t\t<\/div>\n\t\t\t<div class=\"image-tools is-small hide-for-small bottom left show-on-hover\">\n\t\t\t\t\t\t\t<\/div>\n\t\t\t<div class=\"image-tools grid-tools text-center hide-for-small bottom hover-slide-in show-on-hover\">\n\t\t\t\t\t\t\t<\/div>\n\t\t\t\t\t<\/div>\n\n\t\t<div class=\"box-text box-text-products text-center grid-style-2\">\n\t\t\t<div class=\"title-wrapper\"><\/div><div class=\"price-wrapper\"><\/div>\t\t<\/div>\n\t<\/div>\n\t\t<\/div>\n<\/div>\n\n<div class=\"product-small col has-hover product type-product post-702 status-publish first instock product_cat-thiet-bi-bep has-post-thumbnail shipping-taxable purchasable product-type-simple\">\n\t<div class=\"col-inner\">\n\t\n<div class=\"badge-container absolute left top z-1\">\n<\/div>\n\t<div class=\"product-small box \">\n\t\t<div class=\"box-image\">\n\t\t\t<div class=\"image-fade_in_back\">\n\t\t\t\t<a href=\"https:\/\/webmaibinh.com\/w\/shopnoithat\/shop\/may-hut-mui-giovani-g70-prs\">\n\t\t\t\t\t<img width=\"300\" height=\"300\" src=\"https:\/\/webmaibinh.com\/w\/shopnoithat\/wp-content\/uploads\/2017\/06\/giovani-300x300.jpg\" class=\"attachment-woocommerce_thumbnail size-woocommerce_thumbnail\" alt=\"\" loading=\"lazy\" srcset=\"https:\/\/webmaibinh.com\/w\/shopnoithat\/wp-content\/uploads\/2017\/06\/giovani-300x300.jpg 300w, https:\/\/webmaibinh.com\/w\/shopnoithat\/wp-content\/uploads\/2017\/06\/giovani-100x100.jpg 100w, https:\/\/webmaibinh.com\/w\/shopnoithat\/wp-content\/uploads\/2017\/06\/giovani-280x280.jpg 280w, https:\/\/webmaibinh.com\/w\/shopnoithat\/wp-content\/uploads\/2017\/06\/giovani-400x400.jpg 400w, https:\/\/webmaibinh.com\/w\/shopnoithat\/wp-content\/uploads\/2017\/06\/giovani.jpg 446w\" sizes=\"(max-width: 300px) 100vw, 300px\" \/><img width=\"300\" height=\"300\" src=\"https:\/\/webmaibinh.com\/w\/shopnoithat\/wp-content\/uploads\/2017\/06\/giovani-300x300.jpg\" class=\"show-on-hover absolute fill hide-for-small back-image\" alt=\"\" loading=\"lazy\" srcset=\"https:\/\/webmaibinh.com\/w\/shopnoithat\/wp-content\/uploads\/2017\/06\/giovani-300x300.jpg 300w, https:\/\/webmaibinh.com\/w\/shopnoithat\/wp-content\/uploads\/2017\/06\/giovani-100x100.jpg 100w, https:\/\/webmaibinh.com\/w\/shopnoithat\/wp-content\/uploads\/2017\/06\/giovani-280x280.jpg 280w, https:\/\/webmaibinh.com\/w\/shopnoithat\/wp-content\/uploads\/2017\/06\/giovani-400x400.jpg 400w, https:\/\/webmaibinh.com\/w\/shopnoithat\/wp-content\/uploads\/2017\/06\/giovani.jpg 446w\" sizes=\"(max-width: 300px) 100vw, 300px\" \/>\t\t\t\t<\/a>\n\t\t\t<\/div>\n\t\t\t<div class=\"image-tools is-small top right show-on-hover\">\n\t\t\t\t\t\t\t<\/div>\n\t\t\t<div class=\"image-tools is-small hide-for-small bottom left show-on-hover\">\n\t\t\t\t\t\t\t<\/div>\n\t\t\t<div class=\"image-tools grid-tools text-center hide-for-small bottom hover-slide-in show-on-hover\">\n\t\t\t\t\t\t\t<\/div>\n\t\t\t\t\t<\/div>\n\n\t\t<div class=\"box-text box-text-products text-center grid-style-2\">\n\t\t\t<div class=\"title-wrapper\"><\/div><div class=\"price-wrapper\"><\/div>\t\t<\/div>\n\t<\/div>\n\t\t<\/div>\n<\/div>\n\n<div class=\"product-small col has-hover product type-product post-686 status-publish last instock product_cat-thiet-bi-bep has-post-thumbnail shipping-taxable purchasable product-type-simple\">\n\t<div class=\"col-inner\">\n\t\n<div class=\"badge-container absolute left top z-1\">\n<\/div>\n\t<div class=\"product-small box \">\n\t\t<div class=\"box-image\">\n\t\t\t<div class=\"image-fade_in_back\">\n\t\t\t\t<a href=\"https:\/\/webmaibinh.com\/w\/shopnoithat\/shop\/bep-ga-am-kinh-kaff-kf-321\">\n\t\t\t\t\t<img width=\"300\" height=\"300\" src=\"https:\/\/webmaibinh.com\/w\/shopnoithat\/wp-content\/uploads\/2017\/06\/bep01-300x300.jpg\" class=\"attachment-woocommerce_thumbnail size-woocommerce_thumbnail\" alt=\"\" loading=\"lazy\" srcset=\"https:\/\/webmaibinh.com\/w\/shopnoithat\/wp-content\/uploads\/2017\/06\/bep01-300x300.jpg 300w, https:\/\/webmaibinh.com\/w\/shopnoithat\/wp-content\/uploads\/2017\/06\/bep01-100x100.jpg 100w, https:\/\/webmaibinh.com\/w\/shopnoithat\/wp-content\/uploads\/2017\/06\/bep01-280x280.jpg 280w, https:\/\/webmaibinh.com\/w\/shopnoithat\/wp-content\/uploads\/2017\/06\/bep01-400x400.jpg 400w, https:\/\/webmaibinh.com\/w\/shopnoithat\/wp-content\/uploads\/2017\/06\/bep01.jpg 446w\" sizes=\"(max-width: 300px) 100vw, 300px\" \/><img width=\"300\" height=\"300\" src=\"https:\/\/webmaibinh.com\/w\/shopnoithat\/wp-content\/uploads\/2017\/06\/bep01-300x300.jpg\" class=\"show-on-hover absolute fill hide-for-small back-image\" alt=\"\" loading=\"lazy\" srcset=\"https:\/\/webmaibinh.com\/w\/shopnoithat\/wp-content\/uploads\/2017\/06\/bep01-300x300.jpg 300w, https:\/\/webmaibinh.com\/w\/shopnoithat\/wp-content\/uploads\/2017\/06\/bep01-100x100.jpg 100w, https:\/\/webmaibinh.com\/w\/shopnoithat\/wp-content\/uploads\/2017\/06\/bep01-280x280.jpg 280w, https:\/\/webmaibinh.com\/w\/shopnoithat\/wp-content\/uploads\/2017\/06\/bep01-400x400.jpg 400w, https:\/\/webmaibinh.com\/w\/shopnoithat\/wp-content\/uploads\/2017\/06\/bep01.jpg 446w\" sizes=\"(max-width: 300px) 100vw, 300px\" \/>\t\t\t\t<\/a>\n\t\t\t<\/div>\n\t\t\t<div class=\"image-tools is-small top right show-on-hover\">\n\t\t\t\t\t\t\t<\/div>\n\t\t\t<div class=\"image-tools is-small hide-for-small bottom left show-on-hover\">\n\t\t\t\t\t\t\t<\/div>\n\t\t\t<div class=\"image-tools grid-tools text-center hide-for-small bottom hover-slide-in show-on-hover\">\n\t\t\t\t\t\t\t<\/div>\n\t\t\t\t\t<\/div>\n\n\t\t<div class=\"box-text box-text-products text-center grid-style-2\">\n\t\t\t<div class=\"title-wrapper\"><\/div><div class=\"price-wrapper\"><\/div>\t\t<\/div>\n\t<\/div>\n\t\t<\/div>\n<\/div>\n<\/div><!-- row --><\/div>\n\t\t<\/div>\n\t\t\t<\/div>\n\n\t\n<\/div>\n","protected":false},"excerpt":{"rendered":"<p>B\u1ebfp ga \u00e2m k\u00ednh m\u00e0u \u0111en 02 l\u00f2 l\u1edbn,01 l\u00f2 nh\u1ecf. M\u1eb7t k\u00ednh d\u00e0y 8mm -H\u1ec7 th\u1ed1ng m\u00e2m chia l\u1eeda Sabaf s\u1ea3n xu\u1ea5t Italy -Ch\u1ebf \u0111\u1ed9 pep h\u1ea7m ti\u1ebft ki\u1ec7m gas -H\u1ec7 th\u1ed1ng \u1ed1ng d\u1eabn,van ng\u1eaft gas FFd t\u1ef1 \u0111\u1ed9ng ,an to\u00e0n -Ki\u1ec1ng gas si\u00eau&#8230;<\/p>\n","protected":false},"featured_media":687,"comment_status":"open","ping_status":"closed","template":"","meta":[],"_links":{"self":[{"href":"https:\/\/webmaibinh.com\/w\/shopnoithat\/wp-json\/wp\/v2\/product\/686"}],"collection":[{"href":"https:\/\/webmaibinh.com\/w\/shopnoithat\/wp-json\/wp\/v2\/product"}],"about":[{"href":"https:\/\/webmaibinh.com\/w\/shopnoithat\/wp-json\/wp\/v2\/types\/product"}],"replies":[{"embeddable":true,"href":"https:\/\/webmaibinh.com\/w\/shopnoithat\/wp-json\/wp\/v2\/comments?post=686"}],"wp:featuredmedia":[{"embeddable":true,"href":"https:\/\/webmaibinh.com\/w\/shopnoithat\/wp-json\/wp\/v2\/media\/687"}],"wp:attachment":[{"href":"https:\/\/webmaibinh.com\/w\/shopnoithat\/wp-json\/wp\/v2\/media?parent=686"}],"curies":[{"name":"wp","href":"https:\/\/api.w.org\/{rel}","templated":true}]}}